{"id":15090,"date":"2021-01-25T14:12:07","date_gmt":"2021-01-25T14:12:07","guid":{"rendered":"https:\/\/taski.com\/product\/aero-bp-b-li-iyon-ve-b-plus\/"},"modified":"2021-01-25T14:12:07","modified_gmt":"2021-01-25T14:12:07","slug":"7524498-taski-aero-bp-b-li-iyon-arti-2","status":"publish","type":"product","link":"https:\/\/staging.taski.com\/tr\/urun\/7524498-taski-aero-bp-b-li-iyon-arti-2\/","title":{"rendered":"AERO BP B Li-\u0130yon ve B Plus"},"content":{"rendered":"","protected":false},"excerpt":{"rendered":"<p>Leichte Staubsauger f\u00fcr Elektro- und Batterierucks\u00e4cke<\/p>\n<h3>Hauptmerkmale<\/h3>\n<p>Dijital- und Li-Ion-Akku<br \/>\n3&#8217;\u00fc 1\/1 Funktionen &#8211; S\u0131rt \u00c7antas\u0131 \/ Wanne Vac \/ Gebl\u00e4se<br \/>\nElektro-, Pil- und Pil-Art\u0131-Modelle<\/p>\n<h3>Hauptvorteile<\/h3>\n<p>Superleicht bei weniger als 6 kg reduziert Erm\u00fcdung<br \/>\n3\/1 &#8211; S\u0131rt \u00c7antas\u0131 + Wannensauger + Einem&#8217;de Gebl\u00e4sefunktion &#8211; ein gro\u00dfartiges Preis-Leistungs-Verh\u00e4ltnis<br \/>\nEinfache Umstellung auf Batteriewannenvakuum oder Se\u00e7ene\u011fi f\u00fcr TASKI Arabalar\u0131<br \/>\nSuperleichte und hochwertige Rucksackmaterialien f\u00fcr hervorragende Ergonomie<\/p>\n<p>Das Modell B Plus bietet Fernbedienung und eine Laufzeit von 60 Minuten.<\/p>\n","protected":false},"featured_media":0,"template":"","meta":{"_acf_changed":false,"_seopress_robots_primary_cat":"","_seopress_titles_title":"","_seopress_titles_desc":"","_seopress_robots_index":"","inline_featured_image":false},"product_brand":[],"product_cat":[17],"product_tag":[],"class_list":{"0":"post-15090","1":"product","2":"type-product","3":"status-publish","5":"product_cat-accessories","7":"first","8":"instock","9":"shipping-taxable","10":"purchasable","11":"product-type-simple"},"acf":[],"_links":{"self":[{"href":"https:\/\/staging.taski.com\/tr\/wp-json\/wp\/v2\/product\/15090","targetHints":{"allow":["GET"]}}],"collection":[{"href":"https:\/\/staging.taski.com\/tr\/wp-json\/wp\/v2\/product"}],"about":[{"href":"https:\/\/staging.taski.com\/tr\/wp-json\/wp\/v2\/types\/product"}],"wp:attachment":[{"href":"https:\/\/staging.taski.com\/tr\/wp-json\/wp\/v2\/media?parent=15090"}],"wp:term":[{"taxonomy":"product_brand","embeddable":true,"href":"https:\/\/staging.taski.com\/tr\/wp-json\/wp\/v2\/product_brand?post=15090"},{"taxonomy":"product_cat","embeddable":true,"href":"https:\/\/staging.taski.com\/tr\/wp-json\/wp\/v2\/product_cat?post=15090"},{"taxonomy":"product_tag","embeddable":true,"href":"https:\/\/staging.taski.com\/tr\/wp-json\/wp\/v2\/product_tag?post=15090"}],"curies":[{"name":"wp","href":"https:\/\/api.w.org\/{rel}","templated":true}]}}