{"id":15088,"date":"2021-02-02T13:27:40","date_gmt":"2021-02-02T13:27:40","guid":{"rendered":"https:\/\/taski.com\/product\/aero-15-ve-15-plus\/"},"modified":"2021-02-02T13:27:40","modified_gmt":"2021-02-02T13:27:40","slug":"aero-15-15-arti","status":"publish","type":"product","link":"https:\/\/staging.taski.com\/tr\/urun\/aero-15-15-arti\/","title":{"rendered":"AERO 15 ve 15 Plus"},"content":{"rendered":"","protected":false},"excerpt":{"rendered":"<p>Eklenen \u00f6zelliklere ve aletlere sahip f\u0131s\u0131lt\u0131 patentli motora sahip d\u00f6rt ultra verimli ve sessiz k\u00fcvet vakumlar\u0131<\/p>\n<h3>Temel \u00d6zellikler<\/h3>\n<p>15L kapasite<br \/>\n585W F\u0131s\u0131lt\u0131 motoru<br \/>\nUltra d\u00fc\u015f\u00fck ses (50dBA)<br \/>\nAyr\u0131ca modlar ekstra \u00f6zellikler ve ara\u00e7lar i\u00e7erir<\/p>\n<h3>Temel Avantajlar<\/h3>\n<p>M\u00fckemmel temizlik sonucu ve minimum bozulma i\u00e7in s\u00fcper verimli ve sessiz<br \/>\nUltra d\u00fc\u015f\u00fck enerji t\u00fcketimi \/ d\u00fc\u015f\u00fck ses i\u00e7in f\u0131s\u0131lt\u0131 motoru<br \/>\nKullan\u0131c\u0131 konforu i\u00e7in ergonomik teleskopik t\u00fcp ve ayakla \u00e7al\u0131\u015fan a\u00e7ma\/kapama d\u00fc\u011fmesi<br \/>\nArt\u0131 modeller ekstra \u00f6zellikler i\u00e7erir &#8211; kablo sar\u0131c\u0131 ve Eco d\u00fc\u011fmesi ve yerle\u015fik ara\u00e7lar<\/p>\n","protected":false},"featured_media":5841,"template":"","meta":{"_acf_changed":false,"_seopress_robots_primary_cat":"","_seopress_titles_title":"","_seopress_titles_desc":"","_seopress_robots_index":"","inline_featured_image":false},"product_brand":[],"product_cat":[481,487],"product_tag":[],"class_list":{"0":"post-15088","1":"product","2":"type-product","3":"status-publish","4":"has-post-thumbnail","6":"product_cat-elektrikli-supurgeler","7":"product_cat-kuvet","9":"first","10":"instock","11":"shipping-taxable","12":"purchasable","13":"product-type-simple"},"acf":[],"_links":{"self":[{"href":"https:\/\/staging.taski.com\/tr\/wp-json\/wp\/v2\/product\/15088","targetHints":{"allow":["GET"]}}],"collection":[{"href":"https:\/\/staging.taski.com\/tr\/wp-json\/wp\/v2\/product"}],"about":[{"href":"https:\/\/staging.taski.com\/tr\/wp-json\/wp\/v2\/types\/product"}],"wp:featuredmedia":[{"embeddable":true,"href":"https:\/\/staging.taski.com\/tr\/wp-json\/wp\/v2\/media\/5841"}],"wp:attachment":[{"href":"https:\/\/staging.taski.com\/tr\/wp-json\/wp\/v2\/media?parent=15088"}],"wp:term":[{"taxonomy":"product_brand","embeddable":true,"href":"https:\/\/staging.taski.com\/tr\/wp-json\/wp\/v2\/product_brand?post=15088"},{"taxonomy":"product_cat","embeddable":true,"href":"https:\/\/staging.taski.com\/tr\/wp-json\/wp\/v2\/product_cat?post=15088"},{"taxonomy":"product_tag","embeddable":true,"href":"https:\/\/staging.taski.com\/tr\/wp-json\/wp\/v2\/product_tag?post=15088"}],"curies":[{"name":"wp","href":"https:\/\/api.w.org\/{rel}","templated":true}]}}