{"id":15087,"date":"2021-01-25T17:31:26","date_gmt":"2021-01-25T17:31:26","guid":{"rendered":"https:\/\/taski.com\/product\/7524777-taski-aero-up-guc-fircasi-kafasi-istege-bagli\/"},"modified":"2021-01-25T17:31:26","modified_gmt":"2021-01-25T17:31:26","slug":"taski-aero-up-guc-fircasi","status":"publish","type":"product","link":"https:\/\/staging.taski.com\/tr\/urun\/taski-aero-up-guc-fircasi\/","title":{"rendered":"7524777 TASKI AERO UP G\u00fc\u00e7 F\u0131r\u00e7as\u0131 Kafas\u0131 (iste\u011fe ba\u011fl\u0131)"},"content":{"rendered":"","protected":false},"excerpt":{"rendered":"","protected":false},"featured_media":6339,"template":"","meta":{"_acf_changed":false,"_seopress_robots_primary_cat":"","_seopress_titles_title":"","_seopress_titles_desc":"","_seopress_robots_index":"","inline_featured_image":false},"product_brand":[],"product_cat":[479],"product_tag":[],"class_list":{"0":"post-15087","1":"product","2":"type-product","3":"status-publish","4":"has-post-thumbnail","6":"product_cat-aksesuar-lar","8":"first","9":"instock","10":"shipping-taxable","11":"purchasable","12":"product-type-simple"},"acf":[],"_links":{"self":[{"href":"https:\/\/staging.taski.com\/tr\/wp-json\/wp\/v2\/product\/15087","targetHints":{"allow":["GET"]}}],"collection":[{"href":"https:\/\/staging.taski.com\/tr\/wp-json\/wp\/v2\/product"}],"about":[{"href":"https:\/\/staging.taski.com\/tr\/wp-json\/wp\/v2\/types\/product"}],"wp:featuredmedia":[{"embeddable":true,"href":"https:\/\/staging.taski.com\/tr\/wp-json\/wp\/v2\/media\/6339"}],"wp:attachment":[{"href":"https:\/\/staging.taski.com\/tr\/wp-json\/wp\/v2\/media?parent=15087"}],"wp:term":[{"taxonomy":"product_brand","embeddable":true,"href":"https:\/\/staging.taski.com\/tr\/wp-json\/wp\/v2\/product_brand?post=15087"},{"taxonomy":"product_cat","embeddable":true,"href":"https:\/\/staging.taski.com\/tr\/wp-json\/wp\/v2\/product_cat?post=15087"},{"taxonomy":"product_tag","embeddable":true,"href":"https:\/\/staging.taski.com\/tr\/wp-json\/wp\/v2\/product_tag?post=15087"}],"curies":[{"name":"wp","href":"https:\/\/api.w.org\/{rel}","templated":true}]}}