{"id":15085,"date":"2021-01-25T14:12:07","date_gmt":"2021-01-25T14:12:07","guid":{"rendered":"https:\/\/taski.com\/product\/aero-bp-b-li-iyon-ve-b-plus\/"},"modified":"2021-01-25T14:12:07","modified_gmt":"2021-01-25T14:12:07","slug":"7524498-taski-aero-bp-b-li-iyon-arti","status":"publish","type":"product","link":"https:\/\/staging.taski.com\/tr\/urun\/7524498-taski-aero-bp-b-li-iyon-arti\/","title":{"rendered":"AERO BP B Li-\u0130yon ve B Plus"},"content":{"rendered":"","protected":false},"excerpt":{"rendered":"<p>Hafif elektrikli ve pil s\u0131rt \u00e7antas\u0131 vakumlar\u0131<\/p>\n<h3>Temel \u00d6zellikler<\/h3>\n<p>Dijital ve Li-Ion pil<br \/>\n3&#8217;\u00fc 1\/1 fonksiyonlar\u0131 &#8211; s\u0131rt \u00e7antas\u0131 \/ k\u00fcvet vac \/ blower<br \/>\nElectric, Battery ve Battery Plus modelleri<\/p>\n<h3>Temel Avantajlar<\/h3>\n<p>6 kg&#8217;dan daha k\u0131sa s\u00fcper hafif, yorgunlu\u011fu azalt\u0131r<br \/>\n3&#8217;e 1 &#8211; S\u0131rt \u00e7antas\u0131 + k\u00fcvet vac + \u00fcfleyici i\u015flevi hepsi bir &#8211; b\u00fcy\u00fck de\u011fer<br \/>\nTASKI Arabalar\u0131na s\u0131\u011facak \u015fekilde kolayca pil k\u00fcveti vakuma veya se\u00e7ene\u011fe d\u00f6n\u00fc\u015ft\u00fcr\u00fcr<br \/>\nM\u00fckemmel ergonomi i\u00e7in s\u00fcper hafif ve kaliteli s\u0131rt \u00e7antas\u0131 malzemeleri<\/p>\n<p>B Plus modeli uzaktan kumanda ve 60 dakika \u00e7al\u0131\u015fma s\u00fcresi getirir.<\/p>\n","protected":false},"featured_media":4780,"template":"","meta":{"_acf_changed":false,"_seopress_robots_primary_cat":"","_seopress_titles_title":"","_seopress_titles_desc":"","_seopress_robots_index":"","inline_featured_image":false},"product_brand":[],"product_cat":[481,488],"product_tag":[],"class_list":{"0":"post-15085","1":"product","2":"type-product","3":"status-publish","4":"has-post-thumbnail","6":"product_cat-elektrikli-supurgeler","7":"product_cat-sirt-cantasi","9":"first","10":"instock","11":"shipping-taxable","12":"purchasable","13":"product-type-simple"},"acf":[],"_links":{"self":[{"href":"https:\/\/staging.taski.com\/tr\/wp-json\/wp\/v2\/product\/15085","targetHints":{"allow":["GET"]}}],"collection":[{"href":"https:\/\/staging.taski.com\/tr\/wp-json\/wp\/v2\/product"}],"about":[{"href":"https:\/\/staging.taski.com\/tr\/wp-json\/wp\/v2\/types\/product"}],"wp:featuredmedia":[{"embeddable":true,"href":"https:\/\/staging.taski.com\/tr\/wp-json\/wp\/v2\/media\/4780"}],"wp:attachment":[{"href":"https:\/\/staging.taski.com\/tr\/wp-json\/wp\/v2\/media?parent=15085"}],"wp:term":[{"taxonomy":"product_brand","embeddable":true,"href":"https:\/\/staging.taski.com\/tr\/wp-json\/wp\/v2\/product_brand?post=15085"},{"taxonomy":"product_cat","embeddable":true,"href":"https:\/\/staging.taski.com\/tr\/wp-json\/wp\/v2\/product_cat?post=15085"},{"taxonomy":"product_tag","embeddable":true,"href":"https:\/\/staging.taski.com\/tr\/wp-json\/wp\/v2\/product_tag?post=15085"}],"curies":[{"name":"wp","href":"https:\/\/api.w.org\/{rel}","templated":true}]}}