{"id":15084,"date":"2021-01-20T16:57:14","date_gmt":"2021-01-20T16:57:14","guid":{"rendered":"https:\/\/taski.com\/product\/swingo-350-b-bms-li-ion\/"},"modified":"2021-01-20T16:57:14","modified_gmt":"2021-01-20T16:57:14","slug":"swingo-350-b-bms-li-iyon","status":"publish","type":"product","link":"https:\/\/staging.taski.com\/tr\/urun\/swingo-350-b-bms-li-iyon\/","title":{"rendered":"swingo 350 B BMS Li-Ion"},"content":{"rendered":"","protected":false},"excerpt":{"rendered":"<p>Verimli rulo f\u0131r\u00e7as\u0131 ile swingo 350 k\u00f6\u015felerde ve duvarlar boyunca temizlik i\u00e7in m\u00fckemmeldir.<\/p>\n<p>Tuvaletler ve mutfaklar i\u00e7in m\u00fckemmeldir.<\/p>\n<h3>Temel \u00d6zellikler<\/h3>\n<p>10L tank kapasitesi<br \/>\n35cm \u00e7al\u0131\u015fma geni\u015fli\u011fi<br \/>\nRulo f\u0131r\u00e7a sistemi<br \/>\nElektrik\/Jel\/Li-\u0130yon pil se\u00e7enekleri<\/p>\n<h3>Temel Avantajlar<\/h3>\n<p>G\u00fcvenli temiz zeminler i\u00e7in y\u00fcksek mekanik ovma i\u015flemi ve m\u00fckemmel su \u00e7ekme<br \/>\nArmat\u00fcrler ve ba\u011flant\u0131 par\u00e7alar\u0131 alt\u0131nda ula\u015fmak i\u00e7in d\u00fc\u015f\u00fck profil<br \/>\nKenarlara kadar ve k\u00f6\u015felerde m\u00fckemmel temizlik i\u00e7in kare ve ofset<br \/>\nOperat\u00f6r g\u00fcvenli\u011fi i\u00e7in ergonomik olarak ayarlanabilir\/katlanabilir tutamak ve el korumas\u0131<br \/>\nBak\u0131m gerektirmeyen jel veya Li-Ion pil se\u00e7eneklerine sahip elektriksiz veya kablosuz yerle\u015fik \u015farj cihazlar\u0131<\/p>\n","protected":false},"featured_media":4904,"template":"","meta":{"_acf_changed":false,"_seopress_robots_primary_cat":"","_seopress_titles_title":"","_seopress_titles_desc":"","_seopress_robots_index":"","inline_featured_image":false},"product_brand":[],"product_cat":[483,485],"product_tag":[],"class_list":{"0":"post-15084","1":"product","2":"type-product","3":"status-publish","4":"has-post-thumbnail","6":"product_cat-scrubber-kurutucular","7":"product_cat-arkadan-yuruyun-2","9":"first","10":"instock","11":"shipping-taxable","12":"purchasable","13":"product-type-simple"},"acf":[],"_links":{"self":[{"href":"https:\/\/staging.taski.com\/tr\/wp-json\/wp\/v2\/product\/15084","targetHints":{"allow":["GET"]}}],"collection":[{"href":"https:\/\/staging.taski.com\/tr\/wp-json\/wp\/v2\/product"}],"about":[{"href":"https:\/\/staging.taski.com\/tr\/wp-json\/wp\/v2\/types\/product"}],"wp:featuredmedia":[{"embeddable":true,"href":"https:\/\/staging.taski.com\/tr\/wp-json\/wp\/v2\/media\/4904"}],"wp:attachment":[{"href":"https:\/\/staging.taski.com\/tr\/wp-json\/wp\/v2\/media?parent=15084"}],"wp:term":[{"taxonomy":"product_brand","embeddable":true,"href":"https:\/\/staging.taski.com\/tr\/wp-json\/wp\/v2\/product_brand?post=15084"},{"taxonomy":"product_cat","embeddable":true,"href":"https:\/\/staging.taski.com\/tr\/wp-json\/wp\/v2\/product_cat?post=15084"},{"taxonomy":"product_tag","embeddable":true,"href":"https:\/\/staging.taski.com\/tr\/wp-json\/wp\/v2\/product_tag?post=15084"}],"curies":[{"name":"wp","href":"https:\/\/api.w.org\/{rel}","templated":true}]}}