{"id":15082,"date":"2021-01-20T16:21:23","date_gmt":"2021-01-20T16:21:23","guid":{"rendered":"https:\/\/taski.com\/product\/swingo-150-b-li-ion\/"},"modified":"2021-01-20T16:21:23","modified_gmt":"2021-01-20T16:21:23","slug":"swingo-150-b-li-iyon","status":"publish","type":"product","link":"https:\/\/staging.taski.com\/tr\/urun\/swingo-150-b-li-iyon\/","title":{"rendered":"swingo 150 B Li-Ion"},"content":{"rendered":"","protected":false},"excerpt":{"rendered":"<p>Swingo 150, mekanize temizli\u011fe ilk ad\u0131m\u0131n\u0131zd\u0131r.<\/p>\n<p>Nokta temizli\u011fi ve k\u00fc\u00e7\u00fck alanlar i\u00e7in ultra kompakt dik y\u0131kay\u0131c\u0131 kurutucu.<\/p>\n<h3>Temel \u00d6zellikler<\/h3>\n<p>2.6L tank kapasitesi<br \/>\n33cm \u00e7al\u0131\u015fma geni\u015fli\u011fi<br \/>\nRollerbrush sistemi<br \/>\nElektrikli veya Li-iyon pil se\u00e7ene\u011fi<\/p>\n<h3>Temel Avantajlar<\/h3>\n<p>Kolay kullan\u0131m i\u00e7in hafif, kompakt tasar\u0131m<br \/>\nY\u00fcksek mekanik makaral\u0131 ovma i\u015flemi<br \/>\nSuyu ileri ve geri temizler ve al\u0131r<br \/>\nKolay depolama i\u00e7in k\u00fc\u00e7\u00fck ayak izi<br \/>\nElektrik veya kablo i\u00e7ermeyen Li-Ion pil modelleri<\/p>\n","protected":false},"featured_media":3705,"template":"","meta":{"_acf_changed":false,"_seopress_robots_primary_cat":"","_seopress_titles_title":"","_seopress_titles_desc":"","_seopress_robots_index":"","inline_featured_image":false},"product_brand":[],"product_cat":[483,485],"product_tag":[],"class_list":{"0":"post-15082","1":"product","2":"type-product","3":"status-publish","4":"has-post-thumbnail","6":"product_cat-scrubber-kurutucular","7":"product_cat-arkadan-yuruyun-2","9":"first","10":"instock","11":"shipping-taxable","12":"purchasable","13":"product-type-simple"},"acf":[],"_links":{"self":[{"href":"https:\/\/staging.taski.com\/tr\/wp-json\/wp\/v2\/product\/15082","targetHints":{"allow":["GET"]}}],"collection":[{"href":"https:\/\/staging.taski.com\/tr\/wp-json\/wp\/v2\/product"}],"about":[{"href":"https:\/\/staging.taski.com\/tr\/wp-json\/wp\/v2\/types\/product"}],"wp:featuredmedia":[{"embeddable":true,"href":"https:\/\/staging.taski.com\/tr\/wp-json\/wp\/v2\/media\/3705"}],"wp:attachment":[{"href":"https:\/\/staging.taski.com\/tr\/wp-json\/wp\/v2\/media?parent=15082"}],"wp:term":[{"taxonomy":"product_brand","embeddable":true,"href":"https:\/\/staging.taski.com\/tr\/wp-json\/wp\/v2\/product_brand?post=15082"},{"taxonomy":"product_cat","embeddable":true,"href":"https:\/\/staging.taski.com\/tr\/wp-json\/wp\/v2\/product_cat?post=15082"},{"taxonomy":"product_tag","embeddable":true,"href":"https:\/\/staging.taski.com\/tr\/wp-json\/wp\/v2\/product_tag?post=15082"}],"curies":[{"name":"wp","href":"https:\/\/api.w.org\/{rel}","templated":true}]}}