{"id":15081,"date":"2021-01-18T15:51:46","date_gmt":"2021-01-18T15:51:46","guid":{"rendered":"https:\/\/taski.com\/product\/7524821-taski-puskurtucu-sarj-cihazi-ab-220v\/"},"modified":"2021-01-18T15:51:46","modified_gmt":"2021-01-18T15:51:46","slug":"7524821-taski-sprayer-sarj-cihazi-eu-220v","status":"publish","type":"product","link":"https:\/\/staging.taski.com\/tr\/urun\/7524821-taski-sprayer-sarj-cihazi-eu-220v\/","title":{"rendered":"7524821 TASKI P\u00fcsk\u00fcrt\u00fcc\u00fc \u015earj Cihaz\u0131 AB 220V"},"content":{"rendered":"","protected":false},"excerpt":{"rendered":"","protected":false},"featured_media":6260,"template":"","meta":{"_acf_changed":false,"_seopress_robots_primary_cat":"","_seopress_titles_title":"","_seopress_titles_desc":"","_seopress_robots_index":"","inline_featured_image":false},"product_brand":[],"product_cat":[480],"product_tag":[],"class_list":{"0":"post-15081","1":"product","2":"type-product","3":"status-publish","4":"has-post-thumbnail","6":"product_cat-piller-ve-sarj-cihazlari","8":"first","9":"instock","10":"shipping-taxable","11":"purchasable","12":"product-type-simple"},"acf":[],"_links":{"self":[{"href":"https:\/\/staging.taski.com\/tr\/wp-json\/wp\/v2\/product\/15081","targetHints":{"allow":["GET"]}}],"collection":[{"href":"https:\/\/staging.taski.com\/tr\/wp-json\/wp\/v2\/product"}],"about":[{"href":"https:\/\/staging.taski.com\/tr\/wp-json\/wp\/v2\/types\/product"}],"wp:featuredmedia":[{"embeddable":true,"href":"https:\/\/staging.taski.com\/tr\/wp-json\/wp\/v2\/media\/6260"}],"wp:attachment":[{"href":"https:\/\/staging.taski.com\/tr\/wp-json\/wp\/v2\/media?parent=15081"}],"wp:term":[{"taxonomy":"product_brand","embeddable":true,"href":"https:\/\/staging.taski.com\/tr\/wp-json\/wp\/v2\/product_brand?post=15081"},{"taxonomy":"product_cat","embeddable":true,"href":"https:\/\/staging.taski.com\/tr\/wp-json\/wp\/v2\/product_cat?post=15081"},{"taxonomy":"product_tag","embeddable":true,"href":"https:\/\/staging.taski.com\/tr\/wp-json\/wp\/v2\/product_tag?post=15081"}],"curies":[{"name":"wp","href":"https:\/\/api.w.org\/{rel}","templated":true}]}}