{"id":15080,"date":"2021-01-18T15:47:31","date_gmt":"2021-01-18T15:47:31","guid":{"rendered":"https:\/\/taski.com\/product\/7524820-taski-puskurtucu-li-iyon-pil-18v\/"},"modified":"2021-01-18T15:47:31","modified_gmt":"2021-01-18T15:47:31","slug":"7524820-taski-puskurtucu-li-iyon-pil-18v","status":"publish","type":"product","link":"https:\/\/staging.taski.com\/tr\/urun\/7524820-taski-puskurtucu-li-iyon-pil-18v\/","title":{"rendered":"7524820 TASKI P\u00fcsk\u00fcrt\u00fcc\u00fc Li-\u0130yon Pil 18V"},"content":{"rendered":"","protected":false},"excerpt":{"rendered":"","protected":false},"featured_media":6252,"template":"","meta":{"_acf_changed":false,"_seopress_robots_primary_cat":"","_seopress_titles_title":"","_seopress_titles_desc":"","_seopress_robots_index":"","inline_featured_image":false},"product_brand":[],"product_cat":[480],"product_tag":[],"class_list":{"0":"post-15080","1":"product","2":"type-product","3":"status-publish","4":"has-post-thumbnail","6":"product_cat-piller-ve-sarj-cihazlari","8":"first","9":"instock","10":"shipping-taxable","11":"purchasable","12":"product-type-simple"},"acf":[],"_links":{"self":[{"href":"https:\/\/staging.taski.com\/tr\/wp-json\/wp\/v2\/product\/15080","targetHints":{"allow":["GET"]}}],"collection":[{"href":"https:\/\/staging.taski.com\/tr\/wp-json\/wp\/v2\/product"}],"about":[{"href":"https:\/\/staging.taski.com\/tr\/wp-json\/wp\/v2\/types\/product"}],"wp:featuredmedia":[{"embeddable":true,"href":"https:\/\/staging.taski.com\/tr\/wp-json\/wp\/v2\/media\/6252"}],"wp:attachment":[{"href":"https:\/\/staging.taski.com\/tr\/wp-json\/wp\/v2\/media?parent=15080"}],"wp:term":[{"taxonomy":"product_brand","embeddable":true,"href":"https:\/\/staging.taski.com\/tr\/wp-json\/wp\/v2\/product_brand?post=15080"},{"taxonomy":"product_cat","embeddable":true,"href":"https:\/\/staging.taski.com\/tr\/wp-json\/wp\/v2\/product_cat?post=15080"},{"taxonomy":"product_tag","embeddable":true,"href":"https:\/\/staging.taski.com\/tr\/wp-json\/wp\/v2\/product_tag?post=15080"}],"curies":[{"name":"wp","href":"https:\/\/api.w.org\/{rel}","templated":true}]}}