{"id":15072,"date":"2021-01-18T14:39:34","date_gmt":"2021-01-18T14:39:34","guid":{"rendered":"https:\/\/taski.com\/product\/7514888-filtre-kagit-torbalari-vento-15-bora12-10pc\/"},"modified":"2021-01-18T14:39:34","modified_gmt":"2021-01-18T14:39:34","slug":"7514888-filtre-kagit-torbalar-vento-15-bora12-10pc","status":"publish","type":"product","link":"https:\/\/staging.taski.com\/tr\/urun\/7514888-filtre-kagit-torbalar-vento-15-bora12-10pc\/","title":{"rendered":"7514888 Filtre ka\u011f\u0131t torbalar\u0131 Vento 15\/Bora12 10pc"},"content":{"rendered":"","protected":false},"excerpt":{"rendered":"","protected":false},"featured_media":6236,"template":"","meta":{"_acf_changed":false,"_seopress_robots_primary_cat":"","_seopress_titles_title":"","_seopress_titles_desc":"","_seopress_robots_index":"","inline_featured_image":false},"product_brand":[],"product_cat":[479],"product_tag":[],"class_list":{"0":"post-15072","1":"product","2":"type-product","3":"status-publish","4":"has-post-thumbnail","6":"product_cat-aksesuar-lar","8":"first","9":"instock","10":"shipping-taxable","11":"purchasable","12":"product-type-simple"},"acf":[],"_links":{"self":[{"href":"https:\/\/staging.taski.com\/tr\/wp-json\/wp\/v2\/product\/15072","targetHints":{"allow":["GET"]}}],"collection":[{"href":"https:\/\/staging.taski.com\/tr\/wp-json\/wp\/v2\/product"}],"about":[{"href":"https:\/\/staging.taski.com\/tr\/wp-json\/wp\/v2\/types\/product"}],"wp:featuredmedia":[{"embeddable":true,"href":"https:\/\/staging.taski.com\/tr\/wp-json\/wp\/v2\/media\/6236"}],"wp:attachment":[{"href":"https:\/\/staging.taski.com\/tr\/wp-json\/wp\/v2\/media?parent=15072"}],"wp:term":[{"taxonomy":"product_brand","embeddable":true,"href":"https:\/\/staging.taski.com\/tr\/wp-json\/wp\/v2\/product_brand?post=15072"},{"taxonomy":"product_cat","embeddable":true,"href":"https:\/\/staging.taski.com\/tr\/wp-json\/wp\/v2\/product_cat?post=15072"},{"taxonomy":"product_tag","embeddable":true,"href":"https:\/\/staging.taski.com\/tr\/wp-json\/wp\/v2\/product_tag?post=15072"}],"curies":[{"name":"wp","href":"https:\/\/api.w.org\/{rel}","templated":true}]}}