{"id":15054,"date":"2021-01-14T17:39:07","date_gmt":"2021-01-14T17:39:07","guid":{"rendered":"https:\/\/taski.com\/product\/balimat-45\/"},"modified":"2021-01-14T17:39:07","modified_gmt":"2021-01-14T17:39:07","slug":"balimat-45-2","status":"publish","type":"product","link":"https:\/\/staging.taski.com\/tr\/urun\/balimat-45-2\/","title":{"rendered":"Balimat 45"},"content":{"rendered":"","protected":false},"excerpt":{"rendered":"<p>K\u00fc\u00e7\u00fck a\u00e7\u0131k veya kapal\u0131 alanlar i\u00e7in s\u00fcp\u00fcr\u00fcc\u00fc arkas\u0131nda manuel y\u00fcr\u00fcy\u00fc\u015f<\/p>\n<h3>Temel \u00d6zellikler<\/h3>\n<p>40 L kapasite<br \/>\n47 cm f\u0131r\u00e7a<br \/>\n13 kg toplam a\u011f\u0131rl\u0131k<\/p>\n<h3>Temel Avantajlar<\/h3>\n<p>Hafif ve y\u00fcksek manevra kabiliyetine sahip<br \/>\nG\u00fc\u00e7 veya pil ihtiyac\u0131 yoktur<br \/>\nIslak ko\u015fullarda bile i\u00e7 veya d\u0131\u015f mekanlarda kullan\u0131labilir<br \/>\nGiri\u015fler ve bina \u00e7evreleri i\u00e7in idealdir<\/p>\n","protected":false},"featured_media":4623,"template":"","meta":{"_acf_changed":false,"_seopress_robots_primary_cat":"","_seopress_titles_title":"","_seopress_titles_desc":"","_seopress_robots_index":"","inline_featured_image":false},"product_brand":[],"product_cat":[153],"product_tag":[],"class_list":{"0":"post-15054","1":"product","2":"type-product","3":"status-publish","4":"has-post-thumbnail","6":"product_cat-sweepers-tr","8":"first","9":"instock","10":"shipping-taxable","11":"purchasable","12":"product-type-simple"},"acf":[],"_links":{"self":[{"href":"https:\/\/staging.taski.com\/tr\/wp-json\/wp\/v2\/product\/15054","targetHints":{"allow":["GET"]}}],"collection":[{"href":"https:\/\/staging.taski.com\/tr\/wp-json\/wp\/v2\/product"}],"about":[{"href":"https:\/\/staging.taski.com\/tr\/wp-json\/wp\/v2\/types\/product"}],"wp:featuredmedia":[{"embeddable":true,"href":"https:\/\/staging.taski.com\/tr\/wp-json\/wp\/v2\/media\/4623"}],"wp:attachment":[{"href":"https:\/\/staging.taski.com\/tr\/wp-json\/wp\/v2\/media?parent=15054"}],"wp:term":[{"taxonomy":"product_brand","embeddable":true,"href":"https:\/\/staging.taski.com\/tr\/wp-json\/wp\/v2\/product_brand?post=15054"},{"taxonomy":"product_cat","embeddable":true,"href":"https:\/\/staging.taski.com\/tr\/wp-json\/wp\/v2\/product_cat?post=15054"},{"taxonomy":"product_tag","embeddable":true,"href":"https:\/\/staging.taski.com\/tr\/wp-json\/wp\/v2\/product_tag?post=15054"}],"curies":[{"name":"wp","href":"https:\/\/api.w.org\/{rel}","templated":true}]}}