{"id":15053,"date":"2021-01-14T17:23:26","date_gmt":"2021-01-14T17:23:26","guid":{"rendered":"https:\/\/taski.com\/product\/buharli-sv4\/"},"modified":"2021-01-14T17:23:26","modified_gmt":"2021-01-14T17:23:26","slug":"buhar-sv4","status":"publish","type":"product","link":"https:\/\/staging.taski.com\/tr\/urun\/buhar-sv4\/","title":{"rendered":"Buharl\u0131 SV4"},"content":{"rendered":"","protected":false},"excerpt":{"rendered":"<h3>Temel \u00d6zellikler<\/h3>\n<p>4.5 Bar buhar + vakum<br \/>\n2.5L kapasite<br \/>\n12L geri kazan\u0131m tank\u0131<br \/>\n2100w kazan<\/p>\n<h3>Temel Avantajlar<\/h3>\n<p>Birden fazla g\u00f6rev i\u00e7in buhar ve vakum<br \/>\nG\u00fcvenli s\u00fcrekli dolum kazan\u0131 4.5 Bar bas\u0131nc\u0131<br \/>\nKapsaml\u0131 aksesuar kiti ve arabas\u0131 ile eksiksiz<\/p>\n","protected":false},"featured_media":6573,"template":"","meta":{"_acf_changed":false,"_seopress_robots_primary_cat":"","_seopress_titles_title":"","_seopress_titles_desc":"","_seopress_robots_index":"","inline_featured_image":false},"product_brand":[],"product_cat":[493,490],"product_tag":[],"class_list":{"0":"post-15053","1":"product","2":"type-product","3":"status-publish","4":"has-post-thumbnail","6":"product_cat-buhar-ve-vakum","7":"product_cat-buharli-temizleyiciler","9":"first","10":"instock","11":"shipping-taxable","12":"purchasable","13":"product-type-simple"},"acf":[],"_links":{"self":[{"href":"https:\/\/staging.taski.com\/tr\/wp-json\/wp\/v2\/product\/15053","targetHints":{"allow":["GET"]}}],"collection":[{"href":"https:\/\/staging.taski.com\/tr\/wp-json\/wp\/v2\/product"}],"about":[{"href":"https:\/\/staging.taski.com\/tr\/wp-json\/wp\/v2\/types\/product"}],"wp:featuredmedia":[{"embeddable":true,"href":"https:\/\/staging.taski.com\/tr\/wp-json\/wp\/v2\/media\/6573"}],"wp:attachment":[{"href":"https:\/\/staging.taski.com\/tr\/wp-json\/wp\/v2\/media?parent=15053"}],"wp:term":[{"taxonomy":"product_brand","embeddable":true,"href":"https:\/\/staging.taski.com\/tr\/wp-json\/wp\/v2\/product_brand?post=15053"},{"taxonomy":"product_cat","embeddable":true,"href":"https:\/\/staging.taski.com\/tr\/wp-json\/wp\/v2\/product_cat?post=15053"},{"taxonomy":"product_tag","embeddable":true,"href":"https:\/\/staging.taski.com\/tr\/wp-json\/wp\/v2\/product_tag?post=15053"}],"curies":[{"name":"wp","href":"https:\/\/api.w.org\/{rel}","templated":true}]}}