{"id":15052,"date":"2021-01-14T17:29:44","date_gmt":"2021-01-14T17:29:44","guid":{"rendered":"https:\/\/taski.com\/product\/puskurtucu-bp-15-li-iyon\/"},"modified":"2021-01-14T17:29:44","modified_gmt":"2021-01-14T17:29:44","slug":"puskurtucu-bp-15-li-iyon","status":"publish","type":"product","link":"https:\/\/staging.taski.com\/tr\/urun\/puskurtucu-bp-15-li-iyon\/","title":{"rendered":"P\u00fcsk\u00fcrt\u00fcc\u00fc BP 15 Li \u0130yon"},"content":{"rendered":"","protected":false},"excerpt":{"rendered":"<p>Kimyasal ve dezenfeksiyon \u00e7\u00f6z\u00fcmleri uygulamak i\u00e7in y\u00fcksek kaliteli Li-Ion pil s\u0131rt \u00e7antas\u0131 p\u00fcsk\u00fcrt\u00fcc\u00fc<\/p>\n<h3>Temel \u00d6zellikler<\/h3>\n<p>15 L tank kapasitesi<br \/>\n3 bar bas\u0131n\u00e7<br \/>\nLi-\u0130yon pil<\/p>\n<h3>Temel Avantajlar<\/h3>\n<p>Li-Ion pil ile tam esneklik ve \u00f6zg\u00fcrl\u00fck (4 saat \u00e7al\u0131\u015fma s\u00fcresi)<br \/>\nEn y\u00fcksek dayan\u0131kl\u0131l\u0131k i\u00e7in paslanmaz \u00e7elik boru<br \/>\nAyarlanabilir p\u00fcsk\u00fcrt\u00fcc\u00fc fonksiyonu 60-200 mikron<br \/>\nSistem, pil ve \u015farj cihaz\u0131 dahil olmak \u00fczere kullan\u0131ma haz\u0131r olarak gelir.<\/p>\n","protected":false},"featured_media":4812,"template":"","meta":{"_acf_changed":false,"_seopress_robots_primary_cat":"","_seopress_titles_title":"","_seopress_titles_desc":"","_seopress_robots_index":"","inline_featured_image":false},"product_brand":[],"product_cat":[492],"product_tag":[],"class_list":{"0":"post-15052","1":"product","2":"type-product","3":"status-publish","4":"has-post-thumbnail","6":"product_cat-puskurtme","8":"first","9":"instock","10":"shipping-taxable","11":"purchasable","12":"product-type-simple"},"acf":[],"_links":{"self":[{"href":"https:\/\/staging.taski.com\/tr\/wp-json\/wp\/v2\/product\/15052","targetHints":{"allow":["GET"]}}],"collection":[{"href":"https:\/\/staging.taski.com\/tr\/wp-json\/wp\/v2\/product"}],"about":[{"href":"https:\/\/staging.taski.com\/tr\/wp-json\/wp\/v2\/types\/product"}],"wp:featuredmedia":[{"embeddable":true,"href":"https:\/\/staging.taski.com\/tr\/wp-json\/wp\/v2\/media\/4812"}],"wp:attachment":[{"href":"https:\/\/staging.taski.com\/tr\/wp-json\/wp\/v2\/media?parent=15052"}],"wp:term":[{"taxonomy":"product_brand","embeddable":true,"href":"https:\/\/staging.taski.com\/tr\/wp-json\/wp\/v2\/product_brand?post=15052"},{"taxonomy":"product_cat","embeddable":true,"href":"https:\/\/staging.taski.com\/tr\/wp-json\/wp\/v2\/product_cat?post=15052"},{"taxonomy":"product_tag","embeddable":true,"href":"https:\/\/staging.taski.com\/tr\/wp-json\/wp\/v2\/product_tag?post=15052"}],"curies":[{"name":"wp","href":"https:\/\/api.w.org\/{rel}","templated":true}]}}