{"id":15050,"date":"2021-01-14T17:11:53","date_gmt":"2021-01-14T17:11:53","guid":{"rendered":"https:\/\/taski.com\/product\/aquamat-20\/"},"modified":"2021-01-14T17:11:53","modified_gmt":"2021-01-14T17:11:53","slug":"aquamat-20-2","status":"publish","type":"product","link":"https:\/\/staging.taski.com\/tr\/urun\/aquamat-20-2\/","title":{"rendered":"aquamat 20"},"content":{"rendered":"","protected":false},"excerpt":{"rendered":"<p>Hal\u0131lar ve d\u00f6\u015femeler i\u00e7in orta kapasiteli sprey ekstraksiyonu<\/p>\n<h3>Temel \u00d6zellikler<\/h3>\n<p>20L kapasite<br \/>\n1050w motor<br \/>\n47L\/sn emi\u015f<br \/>\nAksesuar se\u00e7imi<\/p>\n<h3>Temel Avantajlar<\/h3>\n<p>Esneklik ve \u00fcretkenlik i\u00e7in orta kapasite<br \/>\nH\u0131zl\u0131 kurutma i\u00e7in g\u00fc\u00e7l\u00fc emi\u015f<br \/>\nSpot, d\u00f6\u015feme ve kuma\u015f temizli\u011fi i\u00e7in ara\u00e7lar<\/p>\n","protected":false},"featured_media":4788,"template":"","meta":{"_acf_changed":false,"_seopress_robots_primary_cat":"","_seopress_titles_title":"","_seopress_titles_desc":"","_seopress_robots_index":"","inline_featured_image":false},"product_brand":[],"product_cat":[489,162],"product_tag":[],"class_list":{"0":"post-15050","1":"product","2":"type-product","3":"status-publish","4":"has-post-thumbnail","6":"product_cat-hali-bakimi","7":"product_cat-spray-extraction-tr","9":"first","10":"instock","11":"shipping-taxable","12":"purchasable","13":"product-type-simple"},"acf":[],"_links":{"self":[{"href":"https:\/\/staging.taski.com\/tr\/wp-json\/wp\/v2\/product\/15050","targetHints":{"allow":["GET"]}}],"collection":[{"href":"https:\/\/staging.taski.com\/tr\/wp-json\/wp\/v2\/product"}],"about":[{"href":"https:\/\/staging.taski.com\/tr\/wp-json\/wp\/v2\/types\/product"}],"wp:featuredmedia":[{"embeddable":true,"href":"https:\/\/staging.taski.com\/tr\/wp-json\/wp\/v2\/media\/4788"}],"wp:attachment":[{"href":"https:\/\/staging.taski.com\/tr\/wp-json\/wp\/v2\/media?parent=15050"}],"wp:term":[{"taxonomy":"product_brand","embeddable":true,"href":"https:\/\/staging.taski.com\/tr\/wp-json\/wp\/v2\/product_brand?post=15050"},{"taxonomy":"product_cat","embeddable":true,"href":"https:\/\/staging.taski.com\/tr\/wp-json\/wp\/v2\/product_cat?post=15050"},{"taxonomy":"product_tag","embeddable":true,"href":"https:\/\/staging.taski.com\/tr\/wp-json\/wp\/v2\/product_tag?post=15050"}],"curies":[{"name":"wp","href":"https:\/\/api.w.org\/{rel}","templated":true}]}}