{"id":15049,"date":"2021-01-14T16:57:55","date_gmt":"2021-01-14T16:57:55","guid":{"rendered":"https:\/\/taski.com\/product\/vacumat-12\/"},"modified":"2021-01-14T16:57:55","modified_gmt":"2021-01-14T16:57:55","slug":"vacumat-12-2","status":"publish","type":"product","link":"https:\/\/staging.taski.com\/tr\/urun\/vacumat-12-2\/","title":{"rendered":"vacumat 12"},"content":{"rendered":"","protected":false},"excerpt":{"rendered":"<p>Kompakt \u0131slak ve kuru vakum<\/p>\n<h3>Temel \u00d6zellikler<\/h3>\n<p>12L kapasite<br \/>\n1000w motor<br \/>\n60L\/sn emi\u015f<\/p>\n<h3>Temel Avantajlar<\/h3>\n<p>G\u00fc\u00e7l\u00fc motor m\u00fckemmel 60L\/sn emi\u015f sunar<br \/>\n\u0130yi kimyasal uyumluluk ile sa\u011flam<br \/>\nKullan\u0131m kolayl\u0131\u011f\u0131 i\u00e7in hafif ve \u00e7ok y\u00f6nl\u00fc<br \/>\nMinimum da\u011f\u0131t\u0131m i\u00e7in d\u00fc\u015f\u00fck g\u00fcr\u00fclt\u00fc (64 dBA)<\/p>\n","protected":false},"featured_media":5133,"template":"","meta":{"_acf_changed":false,"_seopress_robots_primary_cat":"","_seopress_titles_title":"","_seopress_titles_desc":"","_seopress_robots_index":"","inline_featured_image":false},"product_brand":[],"product_cat":[481,482],"product_tag":[],"class_list":{"0":"post-15049","1":"product","2":"type-product","3":"status-publish","4":"has-post-thumbnail","6":"product_cat-elektrikli-supurgeler","7":"product_cat-islak-ve-kuru","9":"first","10":"instock","11":"shipping-taxable","12":"purchasable","13":"product-type-simple"},"acf":[],"_links":{"self":[{"href":"https:\/\/staging.taski.com\/tr\/wp-json\/wp\/v2\/product\/15049","targetHints":{"allow":["GET"]}}],"collection":[{"href":"https:\/\/staging.taski.com\/tr\/wp-json\/wp\/v2\/product"}],"about":[{"href":"https:\/\/staging.taski.com\/tr\/wp-json\/wp\/v2\/types\/product"}],"wp:featuredmedia":[{"embeddable":true,"href":"https:\/\/staging.taski.com\/tr\/wp-json\/wp\/v2\/media\/5133"}],"wp:attachment":[{"href":"https:\/\/staging.taski.com\/tr\/wp-json\/wp\/v2\/media?parent=15049"}],"wp:term":[{"taxonomy":"product_brand","embeddable":true,"href":"https:\/\/staging.taski.com\/tr\/wp-json\/wp\/v2\/product_brand?post=15049"},{"taxonomy":"product_cat","embeddable":true,"href":"https:\/\/staging.taski.com\/tr\/wp-json\/wp\/v2\/product_cat?post=15049"},{"taxonomy":"product_tag","embeddable":true,"href":"https:\/\/staging.taski.com\/tr\/wp-json\/wp\/v2\/product_tag?post=15049"}],"curies":[{"name":"wp","href":"https:\/\/api.w.org\/{rel}","templated":true}]}}