{"id":15048,"date":"2021-01-14T17:08:30","date_gmt":"2021-01-14T17:08:30","guid":{"rendered":"https:\/\/taski.com\/product\/aquamat-10-1\/"},"modified":"2021-01-14T17:08:30","modified_gmt":"2021-01-14T17:08:30","slug":"aquamat-10-1-2","status":"publish","type":"product","link":"https:\/\/staging.taski.com\/tr\/urun\/aquamat-10-1-2\/","title":{"rendered":"aquamat 10.1"},"content":{"rendered":"","protected":false},"excerpt":{"rendered":"<p>Hal\u0131lar ve d\u00f6\u015femeler i\u00e7in k\u00fc\u00e7\u00fck hafif sprey ekstraksiyonu<\/p>\n<h3>Temel \u00d6zellikler<\/h3>\n<p>10L kapasite<br \/>\n12kg<br \/>\n41L\/sn emi\u015f<br \/>\nAksesuar se\u00e7imi<\/p>\n<h3>Temel Avantajlar<\/h3>\n<p>Nokta temizli\u011fi ve esneklik i\u00e7in kompakt ve hafif<br \/>\nH\u0131zl\u0131 kurutma i\u00e7in m\u00fckemmel emi\u015f<br \/>\nSpot, d\u00f6\u015feme ve kuma\u015f temizli\u011fi i\u00e7in iste\u011fe ba\u011fl\u0131 aletler<\/p>\n","protected":false},"featured_media":4786,"template":"","meta":{"_acf_changed":false,"_seopress_robots_primary_cat":"","_seopress_titles_title":"","_seopress_titles_desc":"","_seopress_robots_index":"","inline_featured_image":false},"product_brand":[],"product_cat":[489,162],"product_tag":[],"class_list":{"0":"post-15048","1":"product","2":"type-product","3":"status-publish","4":"has-post-thumbnail","6":"product_cat-hali-bakimi","7":"product_cat-spray-extraction-tr","9":"first","10":"instock","11":"shipping-taxable","12":"purchasable","13":"product-type-simple"},"acf":[],"_links":{"self":[{"href":"https:\/\/staging.taski.com\/tr\/wp-json\/wp\/v2\/product\/15048","targetHints":{"allow":["GET"]}}],"collection":[{"href":"https:\/\/staging.taski.com\/tr\/wp-json\/wp\/v2\/product"}],"about":[{"href":"https:\/\/staging.taski.com\/tr\/wp-json\/wp\/v2\/types\/product"}],"wp:featuredmedia":[{"embeddable":true,"href":"https:\/\/staging.taski.com\/tr\/wp-json\/wp\/v2\/media\/4786"}],"wp:attachment":[{"href":"https:\/\/staging.taski.com\/tr\/wp-json\/wp\/v2\/media?parent=15048"}],"wp:term":[{"taxonomy":"product_brand","embeddable":true,"href":"https:\/\/staging.taski.com\/tr\/wp-json\/wp\/v2\/product_brand?post=15048"},{"taxonomy":"product_cat","embeddable":true,"href":"https:\/\/staging.taski.com\/tr\/wp-json\/wp\/v2\/product_cat?post=15048"},{"taxonomy":"product_tag","embeddable":true,"href":"https:\/\/staging.taski.com\/tr\/wp-json\/wp\/v2\/product_tag?post=15048"}],"curies":[{"name":"wp","href":"https:\/\/api.w.org\/{rel}","templated":true}]}}