{"id":15047,"date":"2021-01-14T16:46:50","date_gmt":"2021-01-14T16:46:50","guid":{"rendered":"https:\/\/taski.com\/product\/gitmek\/"},"modified":"2021-01-14T16:46:50","modified_gmt":"2021-01-14T16:46:50","slug":"gitmek","status":"publish","type":"product","link":"https:\/\/staging.taski.com\/tr\/urun\/gitmek\/","title":{"rendered":"gitmek"},"content":{"rendered":"","protected":false},"excerpt":{"rendered":"<p>Basit, fonksiyonel ve dayan\u0131kl\u0131 k\u00fcvet vakum<\/p>\n<h3>Temel \u00d6zellikler<\/h3>\n<p>8L torba kapasitesi<br \/>\n900w motor<br \/>\n28L\/sn emi\u015f<\/p>\n<h3>Temel Avantajlar<\/h3>\n<p>Daha az etki i\u00e7in %75 geri d\u00f6n\u00fc\u015ft\u00fcr\u00fclm\u00fc\u015f malzemeden yap\u0131lm\u0131\u015ft\u0131r<br \/>\nK\u0131sa s\u00f6zle\u015fmeler veya dar b\u00fct\u00e7eler i\u00e7in d\u00fc\u015f\u00fck maliyet<br \/>\nUzak siteler i\u00e7in basit ve sa\u011flam<br \/>\nHEPA Filtresi se\u00e7ene\u011fi<\/p>\n","protected":false},"featured_media":4774,"template":"","meta":{"_acf_changed":false,"_seopress_robots_primary_cat":"","_seopress_titles_title":"","_seopress_titles_desc":"","_seopress_robots_index":"","inline_featured_image":false},"product_brand":[],"product_cat":[481,487],"product_tag":[],"class_list":{"0":"post-15047","1":"product","2":"type-product","3":"status-publish","4":"has-post-thumbnail","6":"product_cat-elektrikli-supurgeler","7":"product_cat-kuvet","9":"first","10":"instock","11":"shipping-taxable","12":"purchasable","13":"product-type-simple"},"acf":[],"_links":{"self":[{"href":"https:\/\/staging.taski.com\/tr\/wp-json\/wp\/v2\/product\/15047","targetHints":{"allow":["GET"]}}],"collection":[{"href":"https:\/\/staging.taski.com\/tr\/wp-json\/wp\/v2\/product"}],"about":[{"href":"https:\/\/staging.taski.com\/tr\/wp-json\/wp\/v2\/types\/product"}],"wp:featuredmedia":[{"embeddable":true,"href":"https:\/\/staging.taski.com\/tr\/wp-json\/wp\/v2\/media\/4774"}],"wp:attachment":[{"href":"https:\/\/staging.taski.com\/tr\/wp-json\/wp\/v2\/media?parent=15047"}],"wp:term":[{"taxonomy":"product_brand","embeddable":true,"href":"https:\/\/staging.taski.com\/tr\/wp-json\/wp\/v2\/product_brand?post=15047"},{"taxonomy":"product_cat","embeddable":true,"href":"https:\/\/staging.taski.com\/tr\/wp-json\/wp\/v2\/product_cat?post=15047"},{"taxonomy":"product_tag","embeddable":true,"href":"https:\/\/staging.taski.com\/tr\/wp-json\/wp\/v2\/product_tag?post=15047"}],"curies":[{"name":"wp","href":"https:\/\/api.w.org\/{rel}","templated":true}]}}