{"id":15044,"date":"2021-01-14T15:32:25","date_gmt":"2021-01-14T15:32:25","guid":{"rendered":"https:\/\/taski.com\/product\/jet-38\/"},"modified":"2021-01-14T15:32:25","modified_gmt":"2021-01-14T15:32:25","slug":"jet-38-50-2","status":"publish","type":"product","link":"https:\/\/staging.taski.com\/tr\/urun\/jet-38-50-2\/","title":{"rendered":"jet 38"},"content":{"rendered":"","protected":false},"excerpt":{"rendered":"<p>G\u00fc\u00e7l\u00fc 38 ikiz motor dik vakum<\/p>\n<h3>Temel \u00d6zellikler<\/h3>\n<p>Performans ve dayan\u0131kl\u0131l\u0131k i\u00e7in ikiz motorlar<br \/>\n38cm veya 50cm \u00e7al\u0131\u015fma geni\u015fli\u011fi<br \/>\nYerle\u015fik ara\u00e7lar<\/p>\n<h3>Temel Avantajlar<\/h3>\n<p>Kombine f\u0131r\u00e7a ve emi\u015f i\u00e7in iki g\u00fc\u00e7l\u00fc motor<br \/>\n\u00c7eviklik ile verimlilik i\u00e7in 38 veya 50cm geni\u015fli\u011finde \u00e7al\u0131\u015fma geni\u015fli\u011fi<br \/>\nUzun \u00f6m\u00fcr ve harika yat\u0131r\u0131m getirisi i\u00e7in dayan\u0131kl\u0131 yap\u0131<br \/>\nKenar temizli\u011fi ve y\u00fcksek seviye i\u00e7in yerle\u015fik aletler ve uzatma hortumu<\/p>\n","protected":false},"featured_media":4778,"template":"","meta":{"_acf_changed":false,"_seopress_robots_primary_cat":"","_seopress_titles_title":"","_seopress_titles_desc":"","_seopress_robots_index":"","inline_featured_image":false},"product_brand":[],"product_cat":[481,486],"product_tag":[],"class_list":{"0":"post-15044","1":"product","2":"type-product","3":"status-publish","4":"has-post-thumbnail","6":"product_cat-elektrikli-supurgeler","7":"product_cat-dik","9":"first","10":"instock","11":"shipping-taxable","12":"purchasable","13":"product-type-simple"},"acf":[],"_links":{"self":[{"href":"https:\/\/staging.taski.com\/tr\/wp-json\/wp\/v2\/product\/15044","targetHints":{"allow":["GET"]}}],"collection":[{"href":"https:\/\/staging.taski.com\/tr\/wp-json\/wp\/v2\/product"}],"about":[{"href":"https:\/\/staging.taski.com\/tr\/wp-json\/wp\/v2\/types\/product"}],"wp:featuredmedia":[{"embeddable":true,"href":"https:\/\/staging.taski.com\/tr\/wp-json\/wp\/v2\/media\/4778"}],"wp:attachment":[{"href":"https:\/\/staging.taski.com\/tr\/wp-json\/wp\/v2\/media?parent=15044"}],"wp:term":[{"taxonomy":"product_brand","embeddable":true,"href":"https:\/\/staging.taski.com\/tr\/wp-json\/wp\/v2\/product_brand?post=15044"},{"taxonomy":"product_cat","embeddable":true,"href":"https:\/\/staging.taski.com\/tr\/wp-json\/wp\/v2\/product_cat?post=15044"},{"taxonomy":"product_tag","embeddable":true,"href":"https:\/\/staging.taski.com\/tr\/wp-json\/wp\/v2\/product_tag?post=15044"}],"curies":[{"name":"wp","href":"https:\/\/api.w.org\/{rel}","templated":true}]}}