{"id":15043,"date":"2021-01-14T15:21:26","date_gmt":"2021-01-14T15:21:26","guid":{"rendered":"https:\/\/taski.com\/product\/aero-up\/"},"modified":"2021-01-14T15:21:26","modified_gmt":"2021-01-14T15:21:26","slug":"aero-up-2","status":"publish","type":"product","link":"https:\/\/staging.taski.com\/tr\/urun\/aero-up-2\/","title":{"rendered":"AERO UP"},"content":{"rendered":"","protected":false},"excerpt":{"rendered":"<p>Hal\u0131lar ve sert zeminler i\u00e7in \u00e7evik ve hafif pil dik vakum<\/p>\n<h3>Temel \u00d6zellikler<\/h3>\n<p>28cm \u00e7al\u0131\u015fma geni\u015fli\u011fi<br \/>\n5kg a\u011f\u0131rl\u0131k<br \/>\nDijital motor ve Li-Ion pil<br \/>\nZemin arac\u0131 se\u00e7enekleri<\/p>\n<h3>Temel Avantajlar<\/h3>\n<p>Li-Ion ve dijital motor teknolojileri ola\u011fan\u00fcst\u00fc performans ve hafiflik sunar<br \/>\n5kg RTU&#8217;da s\u00fcper hafiflik ameliyat yorgunlu\u011funu azalt\u0131r<br \/>\nGreta sonu\u00e7lar\u0131 i\u00e7in dijital motordan g\u00fc\u00e7l\u00fc 40L\/sn emi\u015f<br \/>\nHal\u0131lar i\u00e7in sert zemin aleti veya elektrikli f\u0131r\u00e7a se\u00e7ene\u011fi<br \/>\n1 saat \u00e7al\u0131\u015fma s\u00fcresine kadar b\u00fcy\u00fck \u00f6zerklik ve g\u00fcnd\u00fcz temizli\u011fi i\u00e7in m\u00fckemmel 90 dakika \u015farj s\u00fcresi<\/p>\n<p>&nbsp;<\/p>\n","protected":false},"featured_media":4776,"template":"","meta":{"_acf_changed":false,"_seopress_robots_primary_cat":"","_seopress_titles_title":"","_seopress_titles_desc":"","_seopress_robots_index":"","inline_featured_image":false},"product_brand":[],"product_cat":[481,486],"product_tag":[],"class_list":{"0":"post-15043","1":"product","2":"type-product","3":"status-publish","4":"has-post-thumbnail","6":"product_cat-elektrikli-supurgeler","7":"product_cat-dik","9":"first","10":"instock","11":"shipping-taxable","12":"purchasable","13":"product-type-simple"},"acf":[],"_links":{"self":[{"href":"https:\/\/staging.taski.com\/tr\/wp-json\/wp\/v2\/product\/15043","targetHints":{"allow":["GET"]}}],"collection":[{"href":"https:\/\/staging.taski.com\/tr\/wp-json\/wp\/v2\/product"}],"about":[{"href":"https:\/\/staging.taski.com\/tr\/wp-json\/wp\/v2\/types\/product"}],"wp:featuredmedia":[{"embeddable":true,"href":"https:\/\/staging.taski.com\/tr\/wp-json\/wp\/v2\/media\/4776"}],"wp:attachment":[{"href":"https:\/\/staging.taski.com\/tr\/wp-json\/wp\/v2\/media?parent=15043"}],"wp:term":[{"taxonomy":"product_brand","embeddable":true,"href":"https:\/\/staging.taski.com\/tr\/wp-json\/wp\/v2\/product_brand?post=15043"},{"taxonomy":"product_cat","embeddable":true,"href":"https:\/\/staging.taski.com\/tr\/wp-json\/wp\/v2\/product_cat?post=15043"},{"taxonomy":"product_tag","embeddable":true,"href":"https:\/\/staging.taski.com\/tr\/wp-json\/wp\/v2\/product_tag?post=15043"}],"curies":[{"name":"wp","href":"https:\/\/api.w.org\/{rel}","templated":true}]}}