{"id":15038,"date":"2021-01-07T13:49:37","date_gmt":"2021-01-07T13:49:37","guid":{"rendered":"https:\/\/taski.com\/product\/7524169-taski-pil-sarj-cihazi-seti-uni-evrensel-adaptorler\/"},"modified":"2021-01-07T13:49:37","modified_gmt":"2021-01-07T13:49:37","slug":"7524169-taski-pil-sarj-cihazi-set-uni","status":"publish","type":"product","link":"https:\/\/staging.taski.com\/tr\/urun\/7524169-taski-pil-sarj-cihazi-set-uni\/","title":{"rendered":"7524169 TASKI Pil \u015earj Cihaz\u0131 Seti UNI (evrensel adapt\u00f6rler)"},"content":{"rendered":"","protected":false},"excerpt":{"rendered":"<p>7524169 TASKI Ak\u00fc \u015earj Cihaz\u0131 Seti UNI<\/p>\n","protected":false},"featured_media":6029,"template":"","meta":{"_acf_changed":false,"_seopress_robots_primary_cat":"","_seopress_titles_title":"","_seopress_titles_desc":"","_seopress_robots_index":"","inline_featured_image":false},"product_brand":[],"product_cat":[480],"product_tag":[],"class_list":{"0":"post-15038","1":"product","2":"type-product","3":"status-publish","4":"has-post-thumbnail","6":"product_cat-piller-ve-sarj-cihazlari","8":"first","9":"instock","10":"shipping-taxable","11":"purchasable","12":"product-type-simple"},"acf":[],"_links":{"self":[{"href":"https:\/\/staging.taski.com\/tr\/wp-json\/wp\/v2\/product\/15038","targetHints":{"allow":["GET"]}}],"collection":[{"href":"https:\/\/staging.taski.com\/tr\/wp-json\/wp\/v2\/product"}],"about":[{"href":"https:\/\/staging.taski.com\/tr\/wp-json\/wp\/v2\/types\/product"}],"wp:featuredmedia":[{"embeddable":true,"href":"https:\/\/staging.taski.com\/tr\/wp-json\/wp\/v2\/media\/6029"}],"wp:attachment":[{"href":"https:\/\/staging.taski.com\/tr\/wp-json\/wp\/v2\/media?parent=15038"}],"wp:term":[{"taxonomy":"product_brand","embeddable":true,"href":"https:\/\/staging.taski.com\/tr\/wp-json\/wp\/v2\/product_brand?post=15038"},{"taxonomy":"product_cat","embeddable":true,"href":"https:\/\/staging.taski.com\/tr\/wp-json\/wp\/v2\/product_cat?post=15038"},{"taxonomy":"product_tag","embeddable":true,"href":"https:\/\/staging.taski.com\/tr\/wp-json\/wp\/v2\/product_tag?post=15038"}],"curies":[{"name":"wp","href":"https:\/\/api.w.org\/{rel}","templated":true}]}}