{"id":15030,"date":"2021-01-14T17:03:13","date_gmt":"2021-01-14T17:03:13","guid":{"rendered":"https:\/\/taski.com\/product\/vacumat-22-22t\/"},"modified":"2021-01-14T17:03:13","modified_gmt":"2021-01-14T17:03:13","slug":"vacumat-22-22t-2","status":"publish","type":"product","link":"https:\/\/staging.taski.com\/tr\/urun\/vacumat-22-22t-2\/","title":{"rendered":"vacumat 22 \/ 22T"},"content":{"rendered":"","protected":false},"excerpt":{"rendered":"<h3>Temel \u00d6zellikler<\/h3>\n<p>22L kapasite<br \/>\nG\u00fc\u00e7l\u00fc 1000w motor<br \/>\nHortum ve zemin arac\u0131 veya sabit squeegee se\u00e7enekleri<\/p>\n<h3>Temel Avantajlar<\/h3>\n<p>G\u00fc\u00e7l\u00fc motor m\u00fckemmel 60L\/sn emi\u015f sunar<br \/>\n\u0130yi kimyasal uyumluluk ile sa\u011flam<br \/>\nMinimum kesinti i\u00e7in d\u00fc\u015f\u00fck g\u00fcr\u00fclt\u00fc (64 dBA)<br \/>\nHerhangi bir alana veya \u00fcretken sabit squeegee&#8217;ye (T) ula\u015fmak i\u00e7in hortum ve zemin arac\u0131<\/p>\n","protected":false},"featured_media":5141,"template":"","meta":{"_acf_changed":false,"_seopress_robots_primary_cat":"","_seopress_titles_title":"","_seopress_titles_desc":"","_seopress_robots_index":"","inline_featured_image":false},"product_brand":[],"product_cat":[481,482],"product_tag":[],"class_list":{"0":"post-15030","1":"product","2":"type-product","3":"status-publish","4":"has-post-thumbnail","6":"product_cat-elektrikli-supurgeler","7":"product_cat-islak-ve-kuru","9":"first","10":"instock","11":"shipping-taxable","12":"purchasable","13":"product-type-simple"},"acf":[],"_links":{"self":[{"href":"https:\/\/staging.taski.com\/tr\/wp-json\/wp\/v2\/product\/15030","targetHints":{"allow":["GET"]}}],"collection":[{"href":"https:\/\/staging.taski.com\/tr\/wp-json\/wp\/v2\/product"}],"about":[{"href":"https:\/\/staging.taski.com\/tr\/wp-json\/wp\/v2\/types\/product"}],"wp:featuredmedia":[{"embeddable":true,"href":"https:\/\/staging.taski.com\/tr\/wp-json\/wp\/v2\/media\/5141"}],"wp:attachment":[{"href":"https:\/\/staging.taski.com\/tr\/wp-json\/wp\/v2\/media?parent=15030"}],"wp:term":[{"taxonomy":"product_brand","embeddable":true,"href":"https:\/\/staging.taski.com\/tr\/wp-json\/wp\/v2\/product_brand?post=15030"},{"taxonomy":"product_cat","embeddable":true,"href":"https:\/\/staging.taski.com\/tr\/wp-json\/wp\/v2\/product_cat?post=15030"},{"taxonomy":"product_tag","embeddable":true,"href":"https:\/\/staging.taski.com\/tr\/wp-json\/wp\/v2\/product_tag?post=15030"}],"curies":[{"name":"wp","href":"https:\/\/api.w.org\/{rel}","templated":true}]}}