{"id":15029,"date":"2021-01-14T15:09:31","date_gmt":"2021-01-14T15:09:31","guid":{"rendered":"https:\/\/taski.com\/product\/7516864-firca-sert-istege-bagli\/"},"modified":"2021-01-14T15:09:31","modified_gmt":"2021-01-14T15:09:31","slug":"7516864-firca-sert","status":"publish","type":"product","link":"https:\/\/staging.taski.com\/tr\/urun\/7516864-firca-sert\/","title":{"rendered":"7516864 F\u0131r\u00e7a sert (iste\u011fe ba\u011fl\u0131)"},"content":{"rendered":"","protected":false},"excerpt":{"rendered":"<p>7516864 F\u0131r\u00e7a sert (iste\u011fe ba\u011fl\u0131)<\/p>\n","protected":false},"featured_media":6081,"template":"","meta":{"_acf_changed":false,"_seopress_robots_primary_cat":"","_seopress_titles_title":"","_seopress_titles_desc":"","_seopress_robots_index":"","inline_featured_image":false},"product_brand":[],"product_cat":[479],"product_tag":[],"class_list":{"0":"post-15029","1":"product","2":"type-product","3":"status-publish","4":"has-post-thumbnail","6":"product_cat-aksesuar-lar","8":"first","9":"instock","10":"shipping-taxable","11":"purchasable","12":"product-type-simple"},"acf":[],"_links":{"self":[{"href":"https:\/\/staging.taski.com\/tr\/wp-json\/wp\/v2\/product\/15029","targetHints":{"allow":["GET"]}}],"collection":[{"href":"https:\/\/staging.taski.com\/tr\/wp-json\/wp\/v2\/product"}],"about":[{"href":"https:\/\/staging.taski.com\/tr\/wp-json\/wp\/v2\/types\/product"}],"wp:featuredmedia":[{"embeddable":true,"href":"https:\/\/staging.taski.com\/tr\/wp-json\/wp\/v2\/media\/6081"}],"wp:attachment":[{"href":"https:\/\/staging.taski.com\/tr\/wp-json\/wp\/v2\/media?parent=15029"}],"wp:term":[{"taxonomy":"product_brand","embeddable":true,"href":"https:\/\/staging.taski.com\/tr\/wp-json\/wp\/v2\/product_brand?post=15029"},{"taxonomy":"product_cat","embeddable":true,"href":"https:\/\/staging.taski.com\/tr\/wp-json\/wp\/v2\/product_cat?post=15029"},{"taxonomy":"product_tag","embeddable":true,"href":"https:\/\/staging.taski.com\/tr\/wp-json\/wp\/v2\/product_tag?post=15029"}],"curies":[{"name":"wp","href":"https:\/\/api.w.org\/{rel}","templated":true}]}}