{"id":15028,"date":"2021-01-07T13:28:24","date_gmt":"2021-01-07T13:28:24","guid":{"rendered":"https:\/\/taski.com\/product\/7524168-taski-aku-sarj-cihazi-seti-euro\/"},"modified":"2021-01-07T13:28:24","modified_gmt":"2021-01-07T13:28:24","slug":"7524168-taski-pil-sarj-cihazi-set-euro","status":"publish","type":"product","link":"https:\/\/staging.taski.com\/tr\/urun\/7524168-taski-pil-sarj-cihazi-set-euro\/","title":{"rendered":"7524168 TASKI Ak\u00fc \u015earj Cihaz\u0131 Seti Euro"},"content":{"rendered":"","protected":false},"excerpt":{"rendered":"","protected":false},"featured_media":6029,"template":"","meta":{"_acf_changed":false,"_seopress_robots_primary_cat":"","_seopress_titles_title":"","_seopress_titles_desc":"","_seopress_robots_index":"","inline_featured_image":false},"product_brand":[],"product_cat":[480],"product_tag":[],"class_list":{"0":"post-15028","1":"product","2":"type-product","3":"status-publish","4":"has-post-thumbnail","6":"product_cat-piller-ve-sarj-cihazlari","8":"first","9":"instock","10":"shipping-taxable","11":"purchasable","12":"product-type-simple"},"acf":[],"_links":{"self":[{"href":"https:\/\/staging.taski.com\/tr\/wp-json\/wp\/v2\/product\/15028","targetHints":{"allow":["GET"]}}],"collection":[{"href":"https:\/\/staging.taski.com\/tr\/wp-json\/wp\/v2\/product"}],"about":[{"href":"https:\/\/staging.taski.com\/tr\/wp-json\/wp\/v2\/types\/product"}],"wp:featuredmedia":[{"embeddable":true,"href":"https:\/\/staging.taski.com\/tr\/wp-json\/wp\/v2\/media\/6029"}],"wp:attachment":[{"href":"https:\/\/staging.taski.com\/tr\/wp-json\/wp\/v2\/media?parent=15028"}],"wp:term":[{"taxonomy":"product_brand","embeddable":true,"href":"https:\/\/staging.taski.com\/tr\/wp-json\/wp\/v2\/product_brand?post=15028"},{"taxonomy":"product_cat","embeddable":true,"href":"https:\/\/staging.taski.com\/tr\/wp-json\/wp\/v2\/product_cat?post=15028"},{"taxonomy":"product_tag","embeddable":true,"href":"https:\/\/staging.taski.com\/tr\/wp-json\/wp\/v2\/product_tag?post=15028"}],"curies":[{"name":"wp","href":"https:\/\/api.w.org\/{rel}","templated":true}]}}