{"id":15026,"date":"2021-01-15T14:11:19","date_gmt":"2021-01-15T14:11:19","guid":{"rendered":"https:\/\/taski.com\/product\/7524289-taski-aero-8-15-filtre-kagit-torbalari-10-adet\/"},"modified":"2021-01-15T14:11:19","modified_gmt":"2021-01-15T14:11:19","slug":"7524289-taski-aero-8-15-filtre-kagit-torbalar-10pc","status":"publish","type":"product","link":"https:\/\/staging.taski.com\/tr\/urun\/7524289-taski-aero-8-15-filtre-kagit-torbalar-10pc\/","title":{"rendered":"7524289 TASKI AERO 8\/15 filtre ka\u011f\u0131t torbalar\u0131 10 adet"},"content":{"rendered":"","protected":false},"excerpt":{"rendered":"","protected":false},"featured_media":6163,"template":"","meta":{"_acf_changed":false,"_seopress_robots_primary_cat":"","_seopress_titles_title":"","_seopress_titles_desc":"","_seopress_robots_index":"","inline_featured_image":false},"product_brand":[],"product_cat":[479],"product_tag":[],"class_list":{"0":"post-15026","1":"product","2":"type-product","3":"status-publish","4":"has-post-thumbnail","6":"product_cat-aksesuar-lar","8":"first","9":"instock","10":"shipping-taxable","11":"purchasable","12":"product-type-simple"},"acf":[],"_links":{"self":[{"href":"https:\/\/staging.taski.com\/tr\/wp-json\/wp\/v2\/product\/15026","targetHints":{"allow":["GET"]}}],"collection":[{"href":"https:\/\/staging.taski.com\/tr\/wp-json\/wp\/v2\/product"}],"about":[{"href":"https:\/\/staging.taski.com\/tr\/wp-json\/wp\/v2\/types\/product"}],"wp:featuredmedia":[{"embeddable":true,"href":"https:\/\/staging.taski.com\/tr\/wp-json\/wp\/v2\/media\/6163"}],"wp:attachment":[{"href":"https:\/\/staging.taski.com\/tr\/wp-json\/wp\/v2\/media?parent=15026"}],"wp:term":[{"taxonomy":"product_brand","embeddable":true,"href":"https:\/\/staging.taski.com\/tr\/wp-json\/wp\/v2\/product_brand?post=15026"},{"taxonomy":"product_cat","embeddable":true,"href":"https:\/\/staging.taski.com\/tr\/wp-json\/wp\/v2\/product_cat?post=15026"},{"taxonomy":"product_tag","embeddable":true,"href":"https:\/\/staging.taski.com\/tr\/wp-json\/wp\/v2\/product_tag?post=15026"}],"curies":[{"name":"wp","href":"https:\/\/api.w.org\/{rel}","templated":true}]}}