{"id":55086,"date":"2025-02-18T13:08:45","date_gmt":"2025-02-18T13:08:45","guid":{"rendered":"https:\/\/staging.taski.com\/urunler-yenilikler-ve-cozumler\/urunler\/kombine-yer-yikama-makineleri\/binilebilir\/"},"modified":"2025-08-25T15:52:43","modified_gmt":"2025-08-25T15:52:43","slug":"binilebilir","status":"publish","type":"page","link":"https:\/\/staging.taski.com\/tr\/urunler-yenilikler-ve-cozumler\/urunler\/kombine-yer-yikama-makineleri\/binilebilir\/","title":{"rendered":"Binilebilir"},"content":{"rendered":"<div class=\"wpb-content-wrapper\"><p>[vc_row][vc_column]\n  <div class=\"page-intro-block size-fit-image style-dark font-large\">\n         <div class=\"page-intro-block-i\">\n      <div class=\"row\">\n        <div class=\"page-intro-content\">\n            <div class=\"title-block\">\n                                     <h2><span class=\"pt\">Ride-On Scrubber Driers<\/span>TASKI y\u0131kay\u0131c\u0131 kurutucular &lt;strong&gt;, temizlikte m\u00fckemmelli\u011fin ve ola\u011fan\u00fcst\u00fc verimlili\u011fin&lt;\/strong&gt; zirvesidir.<\/h2>\n                                                 <\/div>\n            <div class=\"page-intro-image\">\n                                <div class=\"page-intro-image-alt\">\n                    \n                    <img decoding=\"async\" src=\"https:\/\/staging.taski.com\/wp-content\/uploads\/2021\/01\/XP_R-brush-deck-closeup.jpg\" alt=\"\" \/>\n\n                <\/div>\n            <\/div>\n        <\/div>\n      <\/div>\n\n\n    <\/div>\n  <\/div>\n  <div class=\"cl-fl\"><\/div>\n[\/vc_column][\/vc_row][vc_row][vc_column][vc_basic_grid post_type=&#8221;taski-products&#8221; style=&#8221;load-more&#8221; show_filter=&#8221;yes&#8221; element_width=&#8221;2&#8243; gap=&#8221;35&#8243; orderby=&#8221;menu_order&#8221; order=&#8221;ASC&#8221; filter_style=&#8221;default-less-rounded&#8221; filter_color=&#8221;orange&#8221; filter_size=&#8221;lg&#8221; item=&#8221;50527&#8243; css=&#8221;.vc_custom_1739976655556{margin-top: 20px !important;margin-bottom: 80px !important;}&#8221; max_items=&#8221;-1&#8243; items_per_page=&#8221;6&#8243; grid_id=&#8221;vc_gid:1749726275415-214cbf7f-f600-8&#8243; taxonomies=&#8221;23&#8243; filter_source=&#8221;taski_product__category&#8221; exclude_filter=&#8221;494, 20&#8243;][\/vc_column][\/vc_row][vc_row css=&#8221;.vc_custom_1606587476742{padding-top: 80px !important;padding-bottom: 95px !important;}&#8221;][vc_column]\n  <div class=\"product-description-block style-dark image-right\">\n    <div class=\"product-description-block-i\">\n        <div class=\"product-description-block-content\">\n          <div class=\"product-description-block-title\">\n                            <div class=\"pdbt-icon\"><img decoding=\"async\" src=\"https:\/\/staging.taski.com\/wp-content\/uploads\/2020\/12\/clock.png\" \/><\/div>\n                <div class=\"pdbt-text\">Operasyonel verimlilik<\/div>\n                      <\/div>\n          <div class=\"product-description-block-text\"><p>T\u00fcm TASKI ULTIMAXX ve swingo y\u0131kay\u0131c\u0131 kurutucular verimsiz zaman\u0131 ortadan kald\u0131r\u0131r. <strong>Sezgisel kontroller, kendinden ayarl\u0131 silecek ve temizlenmesi kolay sar\u0131 bak\u0131m noktalar\u0131,<\/strong> daha fazla kullan\u0131labilir temizlik s\u00fcresi sa\u011flar. Yepyeni ULTIMAXX serisi ile <strong>IntelliTouch, IntelliZone<\/strong> ve hatta benzersiz verimlilik i\u00e7in bir <strong>TWISTER d\u00fc\u011fmesi<\/strong> ile tamamen \u00f6zelle\u015ftirin. Temizlikte m\u00fckemmellik ve verimlilikte en \u00fcst seviyeye ula\u015fmak daha \u00f6nce hi\u00e7 bu kadar kolay olmam\u0131\u015ft\u0131.  <\/p>\n<\/div>\n        <\/div>\n        <div class=\"product-description-block-image\" style=\"background-image:url(https:\/\/staging.taski.com\/wp-content\/uploads\/2022\/04\/TASKI-ULTIMAXX-1900-Attachemnts_cropped.png)\">\n\n        <\/div>\n    <\/div>\n  <\/div>\n  <div class=\"cl-fl\"><\/div>\n\n  <div class=\"product-description-block style-light image-left\">\n    <div class=\"product-description-block-i\">\n        <div class=\"product-description-block-content\">\n          <div class=\"product-description-block-title\">\n                            <div class=\"pdbt-icon\"><img decoding=\"async\" src=\"https:\/\/staging.taski.com\/wp-content\/uploads\/2020\/12\/people.png\" \/><\/div>\n                <div class=\"pdbt-text\">\u0130nsanlar ve g\u00fcvenlik<\/div>\n                      <\/div>\n          <div class=\"product-description-block-text\"><p>TASKI ULTIMAXX &amp; swingo y\u0131kama makineleri kullan\u0131c\u0131 i\u00e7in <strong>ergonomik olarak tasarlanm\u0131\u015ft\u0131r<\/strong>. Ergonomik ve tamamen ayarlanabilir tutamak veya direksiyon simidi <strong>konforun garanti edildi\u011fi<\/strong> anlam\u0131na gelir. ULTIMAXX <strong>IntelliTouch<\/strong>, ortak simgelere sahip sezgisel bir dokunmatik ekran g\u00f6sterge panelidir, bu da <strong>\u00e7ok az e\u011fitim gerekti\u011fi<\/strong> anlam\u0131na gelir. E\u011fitimin gerekli oldu\u011fu durumlarda kullan\u0131c\u0131lar, video izleme ve etkile\u015fimli uygulamalara eri\u015fme olana\u011f\u0131 da dahil olmak \u00fczere bir dizi destek arac\u0131na ba\u011flanabilir. ULTIMAXX&#8217;\u0131 se\u00e7in ve EBU&#8217;yu (elektronik f\u0131r\u00e7a kald\u0131rma \u00fcnitesi) tercih edin ve f\u0131r\u00e7alara veya ped s\u00fcr\u00fcc\u00fclerine dokunmaya gerek kalmas\u0131n. Intelliscrub ve bas\u0131n\u00e7 bas\u0131nc\u0131n\u0131 se\u00e7in ve kesin olarak de\u011ferlendirin. Tam ki\u015fiselle\u015ftirme i\u00e7in <strong>IntelliZone<\/strong> &#8216;u se\u00e7in ve her seferinde ilk seferde temizlik i\u00e7in t\u00fcm parametreleri m\u00fckemmel \u015fekilde ayarlay\u0131n      <\/p>\n<\/div>\n        <\/div>\n        <div class=\"product-description-block-image\" style=\"background-image:url(https:\/\/staging.taski.com\/wp-content\/uploads\/2022\/04\/Wallchart_024.jpg)\">\n\n        <\/div>\n    <\/div>\n  <\/div>\n  <div class=\"cl-fl\"><\/div>\n\n  <div class=\"product-description-block style-light image-right\">\n    <div class=\"product-description-block-i\">\n        <div class=\"product-description-block-content\">\n          <div class=\"product-description-block-title\">\n                            <div class=\"pdbt-icon\"><img decoding=\"async\" src=\"https:\/\/staging.taski.com\/wp-content\/uploads\/2020\/12\/sustainability.svg\" \/><\/div>\n                <div class=\"pdbt-text\">S\u00fcrd\u00fcr\u00fclebilirlik<\/div>\n                      <\/div>\n          <div class=\"product-description-block-text\"><p>TASKI ULTIMAXX Performance ve swingo power modelleri, tek bir tank dolumunda <strong>daha fazla m2 kaplamak i\u00e7in IntelliFlow<\/strong> \u00f6zelli\u011fine sahiptir. <strong>IntelliDose<\/strong> ile IntelliFlow <strong>, su ve kimyasal t\u00fcketimini %70&#8217;in \u00fczerinde azaltabilir.<\/strong> <\/p>\n<\/div>\n        <\/div>\n        <div class=\"product-description-block-image\" style=\"background-image:url(https:\/\/staging.taski.com\/wp-content\/uploads\/2022\/04\/ULTIMAXX-1900-IntelliDose-PLUS.jpg)\">\n\n        <\/div>\n    <\/div>\n  <\/div>\n  <div class=\"cl-fl\"><\/div>\n\n  <div class=\"product-description-block style-dark image-left\">\n    <div class=\"product-description-block-i\">\n        <div class=\"product-description-block-content\">\n          <div class=\"product-description-block-title\">\n                            <div class=\"pdbt-icon\"><img decoding=\"async\" src=\"https:\/\/staging.taski.com\/wp-content\/uploads\/2020\/11\/globe.png\" \/><\/div>\n                <div class=\"pdbt-text\">\u0130\u015fletme sermayesi optimizasyonu<\/div>\n                      <\/div>\n          <div class=\"product-description-block-text\"><p><strong>3 kata<\/strong> kadar daha h\u0131zl\u0131 \u015farj ile <strong>IntelliPowered<\/strong> ULTIMAXX ve swingo y\u0131kay\u0131c\u0131 kurutucular, geleneksel ak\u00fcler hala \u015farjdayken her zaman kullan\u0131labilir. Yani ikinci bir makineye ihtiya\u00e7 duyulmayabilir. <strong>IntelliScrub<\/strong> \u00f6zellikli yepyeni ULTIMAXX&#8217;\u0131 se\u00e7in ve ak\u00fc \u00f6zerkli\u011finizi daha da uzat\u0131n. <strong>70<\/strong> &#8216;e kadar daha uzun. \u0130\u015fte bu ger\u00e7ek bir <strong>yat\u0131r\u0131m getirisidir<\/strong>.    <\/p>\n<\/div>\n        <\/div>\n        <div class=\"product-description-block-image\" style=\"background-image:url(https:\/\/staging.taski.com\/wp-content\/uploads\/2020\/12\/TASKI-Intellipower.png)\">\n\n        <\/div>\n    <\/div>\n  <\/div>\n  <div class=\"cl-fl\"><\/div>\n\n  <div class=\"product-description-block style-light image-right\">\n    <div class=\"product-description-block-i\">\n        <div class=\"product-description-block-content\">\n          <div class=\"product-description-block-title\">\n                            <div class=\"pdbt-icon\"><img decoding=\"async\" src=\"https:\/\/staging.taski.com\/wp-content\/uploads\/2020\/12\/tco.svg\" \/><\/div>\n                <div class=\"pdbt-text\">Toplam sahip olma maliyeti<\/div>\n                      <\/div>\n          <div class=\"product-description-block-text\"><p>TASKI ULTIMAXX ve swingo y\u0131kay\u0131c\u0131 kurutucular, sahipli\u011fin her a\u015famas\u0131nda <strong>maliyeti<\/strong> d\u00fc\u015f\u00fcrmek i\u00e7in tasarlanm\u0131\u015f ve \u00fcretilmi\u015ftir. Dikkatli se\u00e7im, <strong>daha az verimsiz zaman ve daha az ar\u0131za s\u00fcresi<\/strong> anlam\u0131na gelir. Ak\u0131ll\u0131 \u00e7\u00f6z\u00fcmler <strong>daha az enerji, su ve kimyasal<\/strong> kullan\u0131r. Daha <strong>az s\u0131kl\u0131kta ziyaret ve daha az ar\u0131za<\/strong> sayesinde daha d\u00fc\u015f\u00fck bak\u0131m maliyetleri sa\u011flan\u0131r. Uzun \u00f6m\u00fcrl\u00fc olmas\u0131 i\u00e7in tasarlanan makinelerin <strong>daha az s\u0131kl\u0131kta de\u011fi\u015ftirilmesi<\/strong> gerekir. Tamamen yeni ULTIMAXX ile tamamen ba\u011flant\u0131l\u0131 dijital ekosistem ve <strong>IntelliTouch g\u00f6sterge paneli<\/strong>, <strong>IntellTrail 2.0 ve IntelliPredict<\/strong> ile birlikte ar\u0131za s\u00fcresinin ge\u00e7mi\u015fte kald\u0131\u011f\u0131 anlam\u0131na gelir. Art\u0131k makineniz asla oyun d\u0131\u015f\u0131 kalmamal\u0131. T\u00fcm bunlar TASKI&#8217;nin <strong>en d\u00fc\u015f\u00fck toplam sahip olma maliyeti ve sizin en d\u00fc\u015f\u00fck toplam temizlik maliyetiniz<\/strong> anlam\u0131na gelir.      <\/p>\n<\/div>\n        <\/div>\n        <div class=\"product-description-block-image\" style=\"background-image:url(https:\/\/staging.taski.com\/wp-content\/uploads\/2020\/12\/tco.jpg)\">\n\n        <\/div>\n    <\/div>\n  <\/div>\n  <div class=\"cl-fl\"><\/div>\n\n  <div class=\"product-description-block style-dark image-left\">\n    <div class=\"product-description-block-i\">\n        <div class=\"product-description-block-content\">\n          <div class=\"product-description-block-title\">\n                            <div class=\"pdbt-icon\"><img decoding=\"async\" src=\"https:\/\/staging.taski.com\/wp-content\/uploads\/2020\/12\/calculator.png\" \/><\/div>\n                <div class=\"pdbt-text\">Maliyet kontrol\u00fc<\/div>\n                      <\/div>\n          <div class=\"product-description-block-text\"><p>TASKI Servis Se\u00e7enekleri <strong>ar\u0131za s\u00fcresini en aza indirir, maliyetleri d\u00fczeltir ve<\/strong> ULTIMAXX veya swingo y\u0131kay\u0131c\u0131 kurutucunuzun <strong>\u00f6mr\u00fcn\u00fc uzat\u0131r<\/strong>.<br \/>\nULTIMAXX ile<strong> IntelliPredict<\/strong> &#8216;i se\u00e7in ve motorlar, pompalar ve \u015farj cihazlar\u0131 gibi t\u00fcm elektronik par\u00e7alar\u0131 ba\u011flayan ve kontrol eden en son elektronik teknolojiye eri\u015fin. ULTIMAXX, \u00f6ng\u00f6r\u00fcc\u00fc bile\u015fen y\u00f6netimi ile proaktif bir \u00e7al\u0131\u015fma s\u00fcresi y\u00f6netim modeline ge\u00e7i\u015fi temelden de\u011fi\u015ftirecektir. Avantajdan yararlan\u0131n ve onar\u0131m faturalar\u0131n\u0131zda <strong>tipik olarak %25 tasarruf<\/strong> edin.  <\/p>\n<\/div>\n        <\/div>\n        <div class=\"product-description-block-image\" style=\"background-image:url(https:\/\/staging.taski.com\/wp-content\/uploads\/2022\/04\/Diversey-People-scaled.jpg)\">\n\n        <\/div>\n    <\/div>\n  <\/div>\n  <div class=\"cl-fl\"><\/div>\n[\/vc_column][\/vc_row][vc_row][vc_column][vc_row_inner][vc_column_inner]\n  <div class=\"three-cta-block\">\n    <div class=\"three-cta-block-i\">\n      <div class=\"row\">\n        <div class=\"three-cta-block-grid\">\n           <div class=\"three-cta-item\">\n            <div class=\"tci-i\">\n             <div class=\"tci-item-content\">\n                <h5><br \/>\nEnd\u00fcstri<br \/>\n&lt;strong&gt;\u00c7\u00f6z\u00fcmlerimize bak\u0131n&lt;\/strong&gt;<\/h5>\n                <a href=\"\/products-innovations-solutions\/\"><p>\u00dcR\u00dcNLER, <br \/> \u00c7\u00d6Z\u00dcMLER & <br \/> YEN\u0130L\u0130KLER<\/p><\/a>\n             <\/div>\n            <\/div>\n           <\/div>\n           <div class=\"three-cta-item\">\n            <div class=\"tci-i\">\n             <div class=\"tci-item-content\">\n                <h5>&lt;strong&gt;Trendler &lt;\/strong&gt;<br \/>\n&amp; haberler<\/h5>\n                <a href=\"\/news-help-contacts\/\"><p>KE\u015eFET<\/p><\/a>\n             <\/div>\n            <\/div>\n           <\/div>\n           <div class=\"three-cta-item\">\n            <div class=\"tci-i\">\n             <div class=\"tci-item-content\">\n                <h5><br \/>\nile<br \/>\nbize &lt;strong&gt;ula\u015f\u0131n&lt;\/strong&gt;<\/h5>\n                <a href=\"\/news-help-contacts\/\"><p>Ileti\u015fim<\/p><\/a>\n             <\/div>\n            <\/div>\n           <\/div>\n        <\/div>\n      <\/div>\n    <\/div>\n  <\/div>\n  <div class=\"cl-fl\"><\/div>\n[\/vc_column_inner][\/vc_row_inner][\/vc_column][\/vc_row][vc_row][vc_column][vc_column_text][\/vc_column_text][\/vc_column][\/vc_row]<\/p>\n<\/div>","protected":false},"excerpt":{"rendered":"<p>[vc_row][vc_column][\/vc_column][\/vc_row][vc_row][vc_column][vc_basic_grid post_type=&#8221;taski-products&#8221; style=&#8221;load-more&#8221; show_filter=&#8221;yes&#8221; element_width=&#8221;2&#8243; gap=&#8221;35&#8243; orderby=&#8221;menu_order&#8221; order=&#8221;ASC&#8221; filter_style=&#8221;default-less-rounded&#8221; filter_color=&#8221;orange&#8221; filter_size=&#8221;lg&#8221; item=&#8221;50527&#8243; css=&#8221;.vc_custom_1739976655556{margin-top: 20px !important;margin-bottom: 80px !important;}&#8221; max_items=&#8221;-1&#8243; items_per_page=&#8221;6&#8243; grid_id=&#8221;vc_gid:1749726275415-214cbf7f-f600-8&#8243; taxonomies=&#8221;23&#8243; filter_source=&#8221;taski_product__category&#8221; exclude_filter=&#8221;494, 20&#8243;][\/vc_column][\/vc_row][vc_row css=&#8221;.vc_custom_1606587476742{padding-top: 80px !important;padding-bottom: 95px !important;}&#8221;][vc_column][\/vc_column][\/vc_row][vc_row][vc_column][vc_row_inner][vc_column_inner][\/vc_column_inner][\/vc_row_inner][\/vc_column][\/vc_row][vc_row][vc_column][vc_column_text][\/vc_column_text][\/vc_column][\/vc_row]<\/p>\n","protected":false},"author":1,"featured_media":0,"parent":14805,"menu_order":478,"comment_status":"closed","ping_status":"closed","template":"page-products.php","meta":{"_acf_changed":false,"_seopress_robots_primary_cat":"","_seopress_titles_title":"","_seopress_titles_desc":"","_seopress_robots_index":"","inline_featured_image":false,"footnotes":""},"class_list":["post-55086","page","type-page","status-publish","hentry"],"acf":[],"_links":{"self":[{"href":"https:\/\/staging.taski.com\/tr\/wp-json\/wp\/v2\/pages\/55086","targetHints":{"allow":["GET"]}}],"collection":[{"href":"https:\/\/staging.taski.com\/tr\/wp-json\/wp\/v2\/pages"}],"about":[{"href":"https:\/\/staging.taski.com\/tr\/wp-json\/wp\/v2\/types\/page"}],"author":[{"embeddable":true,"href":"https:\/\/staging.taski.com\/tr\/wp-json\/wp\/v2\/users\/1"}],"replies":[{"embeddable":true,"href":"https:\/\/staging.taski.com\/tr\/wp-json\/wp\/v2\/comments?post=55086"}],"version-history":[{"count":1,"href":"https:\/\/staging.taski.com\/tr\/wp-json\/wp\/v2\/pages\/55086\/revisions"}],"predecessor-version":[{"id":55103,"href":"https:\/\/staging.taski.com\/tr\/wp-json\/wp\/v2\/pages\/55086\/revisions\/55103"}],"up":[{"embeddable":true,"href":"https:\/\/staging.taski.com\/tr\/wp-json\/wp\/v2\/pages\/14805"}],"wp:attachment":[{"href":"https:\/\/staging.taski.com\/tr\/wp-json\/wp\/v2\/media?parent=55086"}],"curies":[{"name":"wp","href":"https:\/\/api.w.org\/{rel}","templated":true}]}}