{"id":54928,"date":"2025-02-18T15:33:00","date_gmt":"2025-02-18T15:33:00","guid":{"rendered":"https:\/\/staging.taski.com\/urunler-yenilikler-ve-cozumler\/urunler\/tek-diskler\/yuksek-hizli-tek-diskler\/"},"modified":"2025-08-25T14:57:17","modified_gmt":"2025-08-25T14:57:17","slug":"yuksek-hizli-tek-diskler","status":"publish","type":"page","link":"https:\/\/staging.taski.com\/tr\/urunler-yenilikler-ve-cozumler\/urunler\/tek-diskler\/yuksek-hizli-tek-diskler\/","title":{"rendered":"Y\u00fcksek h\u0131zl\u0131 Tek Diskler"},"content":{"rendered":"<div class=\"wpb-content-wrapper\"><p>[vc_row][vc_column]\n  <div class=\"page-intro-block size-fit-image style-dark font-large\">\n         <div class=\"page-intro-block-i\">\n      <div class=\"row\">\n        <div class=\"page-intro-content\">\n            <div class=\"title-block\">\n                                     <h2><span class=\"pt\">High speed Single Discs<\/span>ergodisc serisi &lt;strong&gt;kalite ve g\u00fcvenilirlik&lt;\/strong&gt; a\u00e7\u0131s\u0131ndan efsanedir. Benzersiz &lt;strong&gt; tasar\u0131m, yap\u0131 ve hassasiyet.&lt;\/strong&gt;<\/h2>\n                                                 <\/div>\n            <div class=\"page-intro-image\">\n                                <div class=\"page-intro-image-alt\">\n                    \n                    <img decoding=\"async\" src=\"https:\/\/staging.taski.com\/wp-content\/uploads\/2020\/12\/DSC_0012-scaled.jpg\" alt=\"\" \/>\n\n                <\/div>\n            <\/div>\n        <\/div>\n      <\/div>\n\n\n    <\/div>\n  <\/div>\n  <div class=\"cl-fl\"><\/div>\n[\/vc_column][\/vc_row][vc_row][vc_column][vc_basic_grid post_type=&#8221;taski-products&#8221; style=&#8221;load-more&#8221; show_filter=&#8221;yes&#8221; element_width=&#8221;2&#8243; gap=&#8221;35&#8243; orderby=&#8221;menu_order&#8221; order=&#8221;ASC&#8221; filter_style=&#8221;default-less-rounded&#8221; filter_color=&#8221;orange&#8221; filter_size=&#8221;lg&#8221; item=&#8221;50527&#8243; css=&#8221;.vc_custom_1739892772348{margin-top: 20px !important;margin-bottom: 80px !important;}&#8221; max_items=&#8221;-1&#8243; items_per_page=&#8221;6&#8243; grid_id=&#8221;vc_gid:1749803774433-8246dbfd-d13f-4&#8243; taxonomies=&#8221;41&#8243; filter_source=&#8221;taski_product__category&#8221; exclude_filter=&#8221;41&#8243;][\/vc_column][\/vc_row][vc_row css=&#8221;.vc_custom_1606587476742{padding-top: 80px !important;padding-bottom: 95px !important;}&#8221;][vc_column]\n  <div class=\"product-description-block style-light image-left\">\n    <div class=\"product-description-block-i\">\n        <div class=\"product-description-block-content\">\n          <div class=\"product-description-block-title\">\n                            <div class=\"pdbt-icon\"><img decoding=\"async\" src=\"https:\/\/staging.taski.com\/wp-content\/uploads\/2020\/12\/dollar.png\" \/><\/div>\n                <div class=\"pdbt-text\">Toplam sahip olma maliyeti<\/div>\n                      <\/div>\n          <div class=\"product-description-block-text\"><p>TASKI efsanevi kalitesi ve sa\u011flaml\u0131\u011f\u0131 ergodisc serisinin basit\u00e7e devam etti\u011fi anlam\u0131na gelir.<\/p>\n<p>Ultra g\u00fcvenilir ergodisc makineleri <strong>paran\u0131n m\u00fckemmel de\u011ferini<\/strong> temsil ederek <strong>hatas\u0131z teslim<\/strong> edecektir.<\/p>\n<\/div>\n        <\/div>\n        <div class=\"product-description-block-image\" style=\"background-image:url(https:\/\/staging.taski.com\/wp-content\/uploads\/2021\/01\/Ergo-Disc_2_mediumsize-scaled.jpg)\">\n\n        <\/div>\n    <\/div>\n  <\/div>\n  <div class=\"cl-fl\"><\/div>\n\n  <div class=\"product-description-block style-dark image-right\">\n    <div class=\"product-description-block-i\">\n        <div class=\"product-description-block-content\">\n          <div class=\"product-description-block-title\">\n                            <div class=\"pdbt-icon\"><img decoding=\"async\" src=\"https:\/\/staging.taski.com\/wp-content\/uploads\/2020\/12\/clock.png\" \/><\/div>\n                <div class=\"pdbt-text\">Operasyonel verimlilik<\/div>\n                      <\/div>\n          <div class=\"product-description-block-text\"><p>Zaman para oldu\u011funda ergodiscs i\u015fi <strong>her seferinde ilk seferinde<\/strong> yapar.<\/p>\n<\/div>\n        <\/div>\n        <div class=\"product-description-block-image\" style=\"background-image:url(https:\/\/staging.taski.com\/wp-content\/uploads\/2020\/12\/single-discs.jpg)\">\n\n        <\/div>\n    <\/div>\n  <\/div>\n  <div class=\"cl-fl\"><\/div>\n\n  <div class=\"product-description-block style-light image-left\">\n    <div class=\"product-description-block-i\">\n        <div class=\"product-description-block-content\">\n          <div class=\"product-description-block-title\">\n                            <div class=\"pdbt-icon\"><img decoding=\"async\" src=\"https:\/\/staging.taski.com\/wp-content\/uploads\/2020\/12\/people.png\" \/><\/div>\n                <div class=\"pdbt-text\">\u0130nsanlar ve g\u00fcvenlik<\/div>\n                      <\/div>\n          <div class=\"product-description-block-text\"><p><strong>Ergonomik olarak<\/strong> tasarlanm\u0131\u015f el korumal\u0131 ayarlanabilir tutamak, yumu\u015fak ba\u015flang\u0131\u00e7 ve yumu\u015fak titre\u015fimli \u00e7al\u0131\u015fma <strong>ekibiniz i\u00e7in daha az yorgunluk<\/strong> anlam\u0131na gelir.<\/p>\n<\/div>\n        <\/div>\n        <div class=\"product-description-block-image\" style=\"background-image:url(https:\/\/staging.taski.com\/wp-content\/uploads\/2021\/01\/ergodisc-165-Image-4.jpg)\">\n\n        <\/div>\n    <\/div>\n  <\/div>\n  <div class=\"cl-fl\"><\/div>\n[\/vc_column][\/vc_row][vc_row][vc_column][vc_row_inner][vc_column_inner]\n  <div class=\"three-cta-block\">\n    <div class=\"three-cta-block-i\">\n      <div class=\"row\">\n        <div class=\"three-cta-block-grid\">\n           <div class=\"three-cta-item\">\n            <div class=\"tci-i\">\n             <div class=\"tci-item-content\">\n                <h5><br \/>\nEnd\u00fcstri<br \/>\n&lt;strong&gt;\u00c7\u00f6z\u00fcmlerimize bak\u0131n&lt;\/strong&gt;<\/h5>\n                <a href=\"\/products-innovations-solutions\/\"><p>\u00dcR\u00dcNLER, <br \/> \u00c7\u00d6Z\u00dcMLER & <br \/> YEN\u0130L\u0130KLER<\/p><\/a>\n             <\/div>\n            <\/div>\n           <\/div>\n           <div class=\"three-cta-item\">\n            <div class=\"tci-i\">\n             <div class=\"tci-item-content\">\n                <h5>&lt;strong&gt;En son&lt;\/strong&gt;<br \/>\nTASKI<br \/>\nyeniliklerini &lt;strong&gt;g\u00f6r\u00fcn&lt;\/strong&gt;<\/h5>\n                <a href=\"\/products-innovations-solutions\/innovations\/\"><p>YEN\u0130L\u0130KLER<\/p><\/a>\n             <\/div>\n            <\/div>\n           <\/div>\n           <div class=\"three-cta-item\">\n            <div class=\"tci-i\">\n             <div class=\"tci-item-content\">\n                <h5><br \/>\nile<br \/>\nbize &lt;strong&gt;ula\u015f\u0131n&lt;\/strong&gt;<\/h5>\n                <a href=\"\/news-help-contacts\/\"><p>Ileti\u015fim<\/p><\/a>\n             <\/div>\n            <\/div>\n           <\/div>\n        <\/div>\n      <\/div>\n    <\/div>\n  <\/div>\n  <div class=\"cl-fl\"><\/div>\n[\/vc_column_inner][\/vc_row_inner][\/vc_column][\/vc_row]<\/p>\n<\/div>","protected":false},"excerpt":{"rendered":"<p>[vc_row][vc_column][\/vc_column][\/vc_row][vc_row][vc_column][vc_basic_grid post_type=&#8221;taski-products&#8221; style=&#8221;load-more&#8221; show_filter=&#8221;yes&#8221; element_width=&#8221;2&#8243; gap=&#8221;35&#8243; orderby=&#8221;menu_order&#8221; order=&#8221;ASC&#8221; filter_style=&#8221;default-less-rounded&#8221; filter_color=&#8221;orange&#8221; filter_size=&#8221;lg&#8221; item=&#8221;50527&#8243; css=&#8221;.vc_custom_1739892772348{margin-top: 20px !important;margin-bottom: 80px !important;}&#8221; max_items=&#8221;-1&#8243; items_per_page=&#8221;6&#8243; grid_id=&#8221;vc_gid:1749803774433-8246dbfd-d13f-4&#8243; taxonomies=&#8221;41&#8243; filter_source=&#8221;taski_product__category&#8221; exclude_filter=&#8221;41&#8243;][\/vc_column][\/vc_row][vc_row css=&#8221;.vc_custom_1606587476742{padding-top: 80px !important;padding-bottom: 95px !important;}&#8221;][vc_column][\/vc_column][\/vc_row][vc_row][vc_column][vc_row_inner][vc_column_inner][\/vc_column_inner][\/vc_row_inner][\/vc_column][\/vc_row]<\/p>\n","protected":false},"author":1,"featured_media":0,"parent":14841,"menu_order":422,"comment_status":"closed","ping_status":"closed","template":"page-products.php","meta":{"_acf_changed":false,"_seopress_robots_primary_cat":"","_seopress_titles_title":"","_seopress_titles_desc":"","_seopress_robots_index":"","inline_featured_image":false,"footnotes":""},"class_list":["post-54928","page","type-page","status-publish","hentry"],"acf":[],"_links":{"self":[{"href":"https:\/\/staging.taski.com\/tr\/wp-json\/wp\/v2\/pages\/54928","targetHints":{"allow":["GET"]}}],"collection":[{"href":"https:\/\/staging.taski.com\/tr\/wp-json\/wp\/v2\/pages"}],"about":[{"href":"https:\/\/staging.taski.com\/tr\/wp-json\/wp\/v2\/types\/page"}],"author":[{"embeddable":true,"href":"https:\/\/staging.taski.com\/tr\/wp-json\/wp\/v2\/users\/1"}],"replies":[{"embeddable":true,"href":"https:\/\/staging.taski.com\/tr\/wp-json\/wp\/v2\/comments?post=54928"}],"version-history":[{"count":1,"href":"https:\/\/staging.taski.com\/tr\/wp-json\/wp\/v2\/pages\/54928\/revisions"}],"predecessor-version":[{"id":54945,"href":"https:\/\/staging.taski.com\/tr\/wp-json\/wp\/v2\/pages\/54928\/revisions\/54945"}],"up":[{"embeddable":true,"href":"https:\/\/staging.taski.com\/tr\/wp-json\/wp\/v2\/pages\/14841"}],"wp:attachment":[{"href":"https:\/\/staging.taski.com\/tr\/wp-json\/wp\/v2\/media?parent=54928"}],"curies":[{"name":"wp","href":"https:\/\/api.w.org\/{rel}","templated":true}]}}