{"id":54338,"date":"2025-02-19T14:20:41","date_gmt":"2025-02-19T14:20:41","guid":{"rendered":"https:\/\/staging.taski.com\/urunler-yenilikler-ve-cozumler\/urunler\/puskurtme\/sirt-cantasi\/"},"modified":"2025-08-25T14:20:35","modified_gmt":"2025-08-25T14:20:35","slug":"sirt-cantasi","status":"publish","type":"page","link":"https:\/\/staging.taski.com\/tr\/urunler-yenilikler-ve-cozumler\/urunler\/puskurtme\/sirt-cantasi\/","title":{"rendered":"S\u0131rt \u00c7antas\u0131"},"content":{"rendered":"<div class=\"wpb-content-wrapper\"><p>[vc_row][vc_column]\n  <div class=\"page-intro-block size-fit-image style-dark font-large\">\n         <div class=\"page-intro-block-i\">\n      <div class=\"row\">\n        <div class=\"page-intro-content\">\n            <div class=\"title-block\">\n                                     <h2><span class=\"pt\">Backpack Sprayers<\/span>BP 15 lityum ak\u00fcl\u00fc s\u0131rt tipi p\u00fcsk\u00fcrt\u00fcc\u00fc, hem k\u00fc\u00e7\u00fck hem de orta b\u00fcy\u00fckl\u00fckteki alanlar\u0131n p\u00fcsk\u00fcrt\u00fclmesinde &lt;strong&gt;hafif bir i\u015f &lt;\/strong&gt;\u00e7\u0131kar\u0131r.<\/h2>\n                                                 <\/div>\n            <div class=\"page-intro-image\">\n                                <div class=\"page-intro-image-alt\">\n                    \n                    <img decoding=\"async\" src=\"https:\/\/staging.taski.com\/wp-content\/uploads\/2020\/12\/Spray_053g1.jpg\" alt=\"\" \/>\n\n                <\/div>\n            <\/div>\n        <\/div>\n      <\/div>\n\n\n    <\/div>\n  <\/div>\n  <div class=\"cl-fl\"><\/div>\n[\/vc_column][\/vc_row][vc_row][vc_column][vc_basic_grid post_type=&#8221;taski-products&#8221; style=&#8221;load-more&#8221; show_filter=&#8221;yes&#8221; element_width=&#8221;2&#8243; gap=&#8221;35&#8243; orderby=&#8221;menu_order&#8221; order=&#8221;ASC&#8221; filter_style=&#8221;default-less-rounded&#8221; filter_color=&#8221;orange&#8221; filter_size=&#8221;lg&#8221; item=&#8221;50527&#8243; css=&#8221;.vc_custom_1739974832800{margin-top: 20px !important;margin-bottom: 80px !important;}&#8221; max_items=&#8221;-1&#8243; items_per_page=&#8221;6&#8243; grid_id=&#8221;vc_gid:1749814344126-cfdaf738-5c78-1&#8243; taxonomies=&#8221;30&#8243; filter_source=&#8221;taski_product__category&#8221; exclude_filter=&#8221;30, 52&#8243;][\/vc_column][\/vc_row][vc_row css=&#8221;.vc_custom_1606587476742{padding-top: 80px !important;padding-bottom: 95px !important;}&#8221;][vc_column]\n  <div class=\"product-description-block style-dark image-right\">\n    <div class=\"product-description-block-i\">\n        <div class=\"product-description-block-content\">\n          <div class=\"product-description-block-title\">\n                            <div class=\"pdbt-icon\"><img decoding=\"async\" src=\"https:\/\/staging.taski.com\/wp-content\/uploads\/2020\/12\/infection-prevention.svg\" \/><\/div>\n                <div class=\"pdbt-text\">Enfeksiyon \u00f6nleme<\/div>\n                      <\/div>\n          <div class=\"product-description-block-text\"><p><strong>B\u00fcy\u00fck 15L kapasiteli<\/strong> pille \u00e7al\u0131\u015fan BP 15 p\u00fcsk\u00fcrt\u00fcc\u00fc art\u0131k kimyasal ve dezenfeksiyon sol\u00fcsyonlar\u0131n\u0131 etkili ve tutarl\u0131 bir \u015fekilde uygulama olana\u011f\u0131 sunuyor.<\/p>\n<\/div>\n        <\/div>\n        <div class=\"product-description-block-image\" style=\"background-image:url(https:\/\/staging.taski.com\/wp-content\/uploads\/2021\/01\/Spray_124-scaled.jpg)\">\n\n        <\/div>\n    <\/div>\n  <\/div>\n  <div class=\"cl-fl\"><\/div>\n\n  <div class=\"product-description-block style-light image-left\">\n    <div class=\"product-description-block-i\">\n        <div class=\"product-description-block-content\">\n          <div class=\"product-description-block-title\">\n                            <div class=\"pdbt-icon\"><img decoding=\"async\" src=\"https:\/\/staging.taski.com\/wp-content\/uploads\/2020\/12\/dollar.png\" \/><\/div>\n                <div class=\"pdbt-text\">Marka ve varl\u0131k korumas\u0131<\/div>\n                      <\/div>\n          <div class=\"product-description-block-text\"><p>BP 15, <strong>60-200 mikron<\/strong> aras\u0131nda hassas bir damlac\u0131k boyutu ve deseni sa\u011flayacak \u015fekilde ayarlanabilir; bu da do\u011fruluk sa\u011flar ve kritik uygulamalar i\u00e7in size g\u00fcven verir.<\/p>\n<\/div>\n        <\/div>\n        <div class=\"product-description-block-image\" style=\"background-image:url(https:\/\/staging.taski.com\/wp-content\/uploads\/2021\/01\/Spray-fine-mist.jpg)\">\n\n        <\/div>\n    <\/div>\n  <\/div>\n  <div class=\"cl-fl\"><\/div>\n\n  <div class=\"product-description-block style-dark image-right\">\n    <div class=\"product-description-block-i\">\n        <div class=\"product-description-block-content\">\n          <div class=\"product-description-block-title\">\n                            <div class=\"pdbt-icon\"><img decoding=\"async\" src=\"https:\/\/staging.taski.com\/wp-content\/uploads\/2020\/12\/clock.png\" \/><\/div>\n                <div class=\"pdbt-text\">Operasyonel verimlilik<\/div>\n                      <\/div>\n          <div class=\"product-description-block-text\"><p>BP <strong>15, 4 saatlik pil \u00e7al\u0131\u015fma s\u00fcresi ve 15 litrelik b\u00fcy\u00fck kapasitesiyle<\/strong> s\u0131k s\u0131k yeniden doldurmaya gerek kalmadan s\u00fcrekli olarak geni\u015f alanlar\u0131 kapsayabilir.<\/p>\n<p>En geni\u015f alanlar i\u00e7in <strong>IntelliSpray<\/strong>&#8216;i d\u00fc\u015f\u00fcn\u00fcn.<\/p>\n<\/div>\n        <\/div>\n        <div class=\"product-description-block-image\" style=\"background-image:url(https:\/\/staging.taski.com\/wp-content\/uploads\/2021\/01\/Spray_126-scaled.jpg)\">\n\n        <\/div>\n    <\/div>\n  <\/div>\n  <div class=\"cl-fl\"><\/div>\n[\/vc_column][\/vc_row][vc_row][vc_column][vc_row_inner][vc_column_inner]\n  <div class=\"three-cta-block\">\n    <div class=\"three-cta-block-i\">\n      <div class=\"row\">\n        <div class=\"three-cta-block-grid\">\n           <div class=\"three-cta-item\">\n            <div class=\"tci-i\">\n             <div class=\"tci-item-content\">\n                <h5><br \/>\nEnd\u00fcstri<br \/>\n&lt;strong&gt;\u00c7\u00f6z\u00fcmlerimize bak\u0131n&lt;\/strong&gt;<\/h5>\n                <a href=\"\/products-innovations-solutions\/\"><p>\u00dcR\u00dcNLER, <br \/> \u00c7\u00d6Z\u00dcMLER & <br \/> YEN\u0130L\u0130KLER<\/p><\/a>\n             <\/div>\n            <\/div>\n           <\/div>\n           <div class=\"three-cta-item\">\n            <div class=\"tci-i\">\n             <div class=\"tci-item-content\">\n                <h5>&lt;strong&gt;En son&lt;\/strong&gt;<br \/>\nTASKI<br \/>\nyeniliklerini &lt;strong&gt;g\u00f6r\u00fcn&lt;\/strong&gt;<\/h5>\n                <a href=\"\/products-innovations-solutions\/innovations\/\"><p>DAHA FAZLA BI\u0307LGI\u0307 EDI\u0307NI\u0307N<\/p><\/a>\n             <\/div>\n            <\/div>\n           <\/div>\n           <div class=\"three-cta-item\">\n            <div class=\"tci-i\">\n             <div class=\"tci-item-content\">\n                <h5><br \/>\nile<br \/>\nbize &lt;strong&gt;ula\u015f\u0131n&lt;\/strong&gt;<\/h5>\n                <a href=\"\/news-help-contacts\/\"><p>Ileti\u015fim<\/p><\/a>\n             <\/div>\n            <\/div>\n           <\/div>\n        <\/div>\n      <\/div>\n    <\/div>\n  <\/div>\n  <div class=\"cl-fl\"><\/div>\n[\/vc_column_inner][\/vc_row_inner][\/vc_column][\/vc_row]<\/p>\n<\/div>","protected":false},"excerpt":{"rendered":"<p>[vc_row][vc_column][\/vc_column][\/vc_row][vc_row][vc_column][vc_basic_grid post_type=&#8221;taski-products&#8221; style=&#8221;load-more&#8221; show_filter=&#8221;yes&#8221; element_width=&#8221;2&#8243; gap=&#8221;35&#8243; orderby=&#8221;menu_order&#8221; order=&#8221;ASC&#8221; filter_style=&#8221;default-less-rounded&#8221; filter_color=&#8221;orange&#8221; filter_size=&#8221;lg&#8221; item=&#8221;50527&#8243; css=&#8221;.vc_custom_1739974832800{margin-top: 20px !important;margin-bottom: 80px !important;}&#8221; max_items=&#8221;-1&#8243; items_per_page=&#8221;6&#8243; grid_id=&#8221;vc_gid:1749814344126-cfdaf738-5c78-1&#8243; taxonomies=&#8221;30&#8243; filter_source=&#8221;taski_product__category&#8221; exclude_filter=&#8221;30, 52&#8243;][\/vc_column][\/vc_row][vc_row css=&#8221;.vc_custom_1606587476742{padding-top: 80px !important;padding-bottom: 95px !important;}&#8221;][vc_column][\/vc_column][\/vc_row][vc_row][vc_column][vc_row_inner][vc_column_inner][\/vc_column_inner][\/vc_row_inner][\/vc_column][\/vc_row]<\/p>\n","protected":false},"author":1,"featured_media":0,"parent":14886,"menu_order":192,"comment_status":"closed","ping_status":"closed","template":"page-products.php","meta":{"_acf_changed":false,"_seopress_robots_primary_cat":"","_seopress_titles_title":"","_seopress_titles_desc":"","_seopress_robots_index":"","inline_featured_image":false,"footnotes":""},"class_list":["post-54338","page","type-page","status-publish","hentry"],"acf":[],"_links":{"self":[{"href":"https:\/\/staging.taski.com\/tr\/wp-json\/wp\/v2\/pages\/54338","targetHints":{"allow":["GET"]}}],"collection":[{"href":"https:\/\/staging.taski.com\/tr\/wp-json\/wp\/v2\/pages"}],"about":[{"href":"https:\/\/staging.taski.com\/tr\/wp-json\/wp\/v2\/types\/page"}],"author":[{"embeddable":true,"href":"https:\/\/staging.taski.com\/tr\/wp-json\/wp\/v2\/users\/1"}],"replies":[{"embeddable":true,"href":"https:\/\/staging.taski.com\/tr\/wp-json\/wp\/v2\/comments?post=54338"}],"version-history":[{"count":10,"href":"https:\/\/staging.taski.com\/tr\/wp-json\/wp\/v2\/pages\/54338\/revisions"}],"predecessor-version":[{"id":54375,"href":"https:\/\/staging.taski.com\/tr\/wp-json\/wp\/v2\/pages\/54338\/revisions\/54375"}],"up":[{"embeddable":true,"href":"https:\/\/staging.taski.com\/tr\/wp-json\/wp\/v2\/pages\/14886"}],"wp:attachment":[{"href":"https:\/\/staging.taski.com\/tr\/wp-json\/wp\/v2\/media?parent=54338"}],"curies":[{"name":"wp","href":"https:\/\/api.w.org\/{rel}","templated":true}]}}