{"id":54295,"date":"2025-02-19T13:35:08","date_gmt":"2025-02-19T13:35:08","guid":{"rendered":"https:\/\/staging.taski.com\/urunler-yenilikler-ve-cozumler\/urunler\/robotik\/vakum\/"},"modified":"2025-08-25T14:16:21","modified_gmt":"2025-08-25T14:16:21","slug":"vakum","status":"publish","type":"page","link":"https:\/\/staging.taski.com\/tr\/urunler-yenilikler-ve-cozumler\/urunler\/robotik\/vakum\/","title":{"rendered":"Vakum"},"content":{"rendered":"<div class=\"wpb-content-wrapper\"><p>[vc_row][vc_column]\n  <div class=\"page-intro-block size-fit-image style-dark font-large\">\n         <div class=\"page-intro-block-i\">\n      <div class=\"row\">\n        <div class=\"page-intro-content\">\n            <div class=\"title-block\">\n                                     <h2><span class=\"pt\">Vacuum<\/span>Otomatik zemin temizli\u011finin yeni \u00e7a\u011f\u0131na ho\u015f geldiniz.<br \/>\n&lt;strong&gt;Ecobot&lt;\/strong&gt; ile tan\u0131\u015f\u0131n<\/h2>\n                                                 <\/div>\n            <div class=\"page-intro-image\">\n                <div class=\"embed-video-title video-responsive\"><div style=\"position:relative;\"><iframe src=\"https:\/\/player.vimeo.com\/video\/906717660?h=004281b333&amp;badge=0&amp;autopause=0&amp;autoplay=1&amp;player_id=0&amp;app_id=58479&amp;controls=0&amp;muted=1\" frameborder=\"0\" allow=\"autoplay; fullscreen; picture-in-picture\" allowfullscreen style=\"position:absolute;top:0;left:0;width:100%;height:100%;\" title=\"TASKI_GAUSIUM_BOOTH.mp4\"><\/iframe><\/div><script src=\"https:\/\/player.vimeo.com\/api\/player.js\"><\/script><\/div>                <div class=\"page-intro-image-alt\">\n                    \n                    <img decoding=\"async\" src=\"https:\/\/staging.taski.com\/wp-content\/uploads\/2023\/01\/robotics-header-scale.jpg\" alt=\"\" \/>\n\n                <\/div>\n            <\/div>\n        <\/div>\n      <\/div>\n\n\n    <\/div>\n  <\/div>\n  <div class=\"cl-fl\"><\/div>\n[\/vc_column][\/vc_row][vc_row][vc_column][vc_basic_grid post_type=&#8221;taski-products&#8221; style=&#8221;load-more&#8221; show_filter=&#8221;yes&#8221; element_width=&#8221;2&#8243; gap=&#8221;35&#8243; orderby=&#8221;menu_order&#8221; order=&#8221;ASC&#8221; filter_style=&#8221;default-less-rounded&#8221; filter_color=&#8221;orange&#8221; filter_size=&#8221;lg&#8221; item=&#8221;50527&#8243; css=&#8221;.vc_custom_1739976280973{margin-top: 20px !important;margin-bottom: 80px !important;}&#8221; max_items=&#8221;-1&#8243; items_per_page=&#8221;6&#8243; grid_id=&#8221;vc_gid:1749722188817-8f5e9573-d39f-2&#8243; taxonomies=&#8221;615&#8243; filter_source=&#8221;taski_product__category&#8221; exclude_filter=&#8221;615, 29&#8243;][\/vc_column][\/vc_row][vc_row css=&#8221;.vc_custom_1606587476742{padding-top: 80px !important;padding-bottom: 95px !important;}&#8221;][vc_column]\n  <div class=\"product-description-block style-dark image-right\">\n    <div class=\"product-description-block-i\">\n        <div class=\"product-description-block-content\">\n          <div class=\"product-description-block-title\">\n                            <div class=\"pdbt-icon\"><img decoding=\"async\" src=\"https:\/\/staging.taski.com\/wp-content\/uploads\/2020\/12\/operational-efficiency.svg\" \/><\/div>\n                <div class=\"pdbt-text\">Operasyonel verimlilik<\/div>\n                      <\/div>\n          <div class=\"product-description-block-text\"><p>TASKI otomatik temizlik makineleri, <strong>i\u015fg\u00fcc\u00fcn\u00fcz\u00fc<\/strong> daha \u00f6ncelikli g\u00f6revler i\u00e7in <strong>yeniden da\u011f\u0131tma<\/strong> f\u0131rsat\u0131 sunar.<\/p>\n<p>Zemin temizli\u011finizi otomatikle\u015ftirmek, ger\u00e7ek de\u011fer katmak i\u00e7in kaynaklar\u0131 serbest b\u0131rak\u0131r ve \u00e7al\u0131\u015fanlar\u0131n\u0131za daha <strong>\u00f6d\u00fcllendirici ve de\u011ferli g\u00f6revler<\/strong> i\u00e7in olanak sunar.<\/p>\n<\/div>\n        <\/div>\n        <div class=\"product-description-block-image\" style=\"background-image:url(https:\/\/staging.taski.com\/wp-content\/uploads\/2023\/01\/Gaussian_014-min-scaled-2.jpg)\">\n\n        <\/div>\n    <\/div>\n  <\/div>\n  <div class=\"cl-fl\"><\/div>\n\n  <div class=\"product-description-block style-light image-left\">\n    <div class=\"product-description-block-i\">\n        <div class=\"product-description-block-content\">\n          <div class=\"product-description-block-title\">\n                            <div class=\"pdbt-icon\"><img decoding=\"async\" src=\"https:\/\/staging.taski.com\/wp-content\/uploads\/2020\/12\/people-safety.svg\" \/><\/div>\n                <div class=\"pdbt-text\">Marka ve varl\u0131k korumas\u0131<\/div>\n                      <\/div>\n          <div class=\"product-description-block-text\"><p>\u0130\u015finiz ister <strong>en son yeniliklerden<\/strong> yararlanmakla ilgili olsun, ister i\u015fletmenizin i\u015f <strong>zorluklar\u0131 ve k\u0131s\u0131tlamalar\u0131<\/strong> olsun, TASKI otomatik temizlik robotlar\u0131 <strong>markan\u0131z\u0131 geli\u015ftirmek ve korumak<\/strong> i\u00e7in sonsuz olanaklar sunar.<\/p>\n<\/div>\n        <\/div>\n        <div class=\"product-description-block-image\" style=\"background-image:url(https:\/\/staging.taski.com\/wp-content\/uploads\/2023\/01\/Robot-247-scaled-2.jpg)\">\n\n        <\/div>\n    <\/div>\n  <\/div>\n  <div class=\"cl-fl\"><\/div>\n\n  <div class=\"product-description-block style-dark image-right\">\n    <div class=\"product-description-block-i\">\n        <div class=\"product-description-block-content\">\n          <div class=\"product-description-block-title\">\n                            <div class=\"pdbt-icon\"><img decoding=\"async\" src=\"https:\/\/staging.taski.com\/wp-content\/uploads\/2020\/12\/people-safety.svg\" \/><\/div>\n                <div class=\"pdbt-text\">M\u00fc\u015fteri\/misafir\/hasta deneyiminiz<\/div>\n                      <\/div>\n          <div class=\"product-description-block-text\"><p><strong>Zemin temizli\u011finin otomatikle\u015ftirilmesi<\/strong>, art\u0131k <strong>7\/24 <\/strong> yap\u0131labilece\u011fi anlam\u0131na gelir.<\/p>\n<p>Ecobot 50P ve Ecobot 40 robotlar\u0131 <strong>ihtiya\u00e7 duydu\u011funuz yerde ve zamanda temizlik<\/strong> yapar.<\/p>\n<p>Bu, k\u0131s\u0131tlamalar ne olursa olsun binan\u0131z\u0131n m\u00fc\u015fterileriniz, misafirleriniz ve halk i\u00e7in en iyi \u015fekilde g\u00f6r\u00fcnmesini sa\u011flar.<\/p>\n<\/div>\n        <\/div>\n        <div class=\"product-description-block-image\" style=\"background-image:url(https:\/\/staging.taski.com\/wp-content\/uploads\/2023\/01\/Robot-247-scaled-3.jpg)\">\n\n        <\/div>\n    <\/div>\n  <\/div>\n  <div class=\"cl-fl\"><\/div>\n\n  <div class=\"product-description-block style-light image-left\">\n    <div class=\"product-description-block-i\">\n        <div class=\"product-description-block-content\">\n          <div class=\"product-description-block-title\">\n                            <div class=\"pdbt-icon\"><img decoding=\"async\" src=\"https:\/\/staging.taski.com\/wp-content\/uploads\/2020\/12\/continuous-innovation.svg\" \/><\/div>\n                <div class=\"pdbt-text\">S\u00fcrekli \u0130novasyon<\/div>\n                      <\/div>\n          <div class=\"product-description-block-text\"><p>TASKI, 65 y\u0131l\u0131 a\u015fk\u0131n s\u00fcredir devam eden yenilik\u00e7ili\u011fi ile pazara \u00e7\u0131\u011f\u0131r a\u00e7an teknolojiler sunmaya devam edecektir.<\/p>\n<p>Ecobot 50 Pro, en yeni nesil otomatik y\u0131kay\u0131c\u0131 kurutucudur ve Ecobot 40, otomatik vakumlama potansiyelini art\u0131rmaktad\u0131r.<\/p>\n<\/div>\n        <\/div>\n        <div class=\"product-description-block-image\" style=\"background-image:url(https:\/\/staging.taski.com\/wp-content\/uploads\/2022\/12\/Gaussian_086-min-scaled.jpg)\">\n\n        <\/div>\n    <\/div>\n  <\/div>\n  <div class=\"cl-fl\"><\/div>\n\n  <div class=\"product-description-block style-dark image-right\">\n    <div class=\"product-description-block-i\">\n        <div class=\"product-description-block-content\">\n          <div class=\"product-description-block-title\">\n                            <div class=\"pdbt-icon\"><img decoding=\"async\" src=\"https:\/\/staging.taski.com\/wp-content\/uploads\/2020\/12\/people.png\" \/><\/div>\n                <div class=\"pdbt-text\">\u0130nsanlar ve g\u00fcvenlik<\/div>\n                      <\/div>\n          <div class=\"product-description-block-text\"><p>Daha az yorgunluk, daha az ar\u0131za s\u00fcresi. T\u00fcm TASKI makineleri <strong>sezgisel, kullan\u0131c\u0131y\u0131 yormadan kullan\u0131m\u0131 basit olacak<\/strong> \u015fekilde tasarlanm\u0131\u015ft\u0131r. <\/p>\n<p>Tehlikeli su d\u00f6k\u00fcnt\u00fclerini temizleyin. TASKI swingo y\u0131kay\u0131c\u0131 kurutucular patentli silecekleri ile <strong>suyun %99<\/strong>&#8216;unu toplar. <\/p>\n<p>Daha fazla temas bas\u0131nc\u0131, daha iyi hijyen. TASKI f\u0131r\u00e7al\u0131 kurutucular <strong>, daha temiz, daha kuru ve daha g\u00fcvenli zeminler i\u00e7in paspaslamaya g\u00f6re 10 kat daha fazla temas bas\u0131nc\u0131<\/strong> uygular <strong>.<\/strong> <\/p>\n<\/div>\n        <\/div>\n        <div class=\"product-description-block-image\" style=\"background-image:url(https:\/\/staging.taski.com\/wp-content\/uploads\/2023\/01\/Robot-247-scaled-4.jpg)\">\n\n        <\/div>\n    <\/div>\n  <\/div>\n  <div class=\"cl-fl\"><\/div>\n[\/vc_column][\/vc_row][vc_row][vc_column][vc_row_inner][vc_column_inner]\n  <div class=\"three-cta-block\">\n    <div class=\"three-cta-block-i\">\n      <div class=\"row\">\n        <div class=\"three-cta-block-grid\">\n           <div class=\"three-cta-item\">\n            <div class=\"tci-i\">\n             <div class=\"tci-item-content\">\n                <h5><br \/>\nEnd\u00fcstri<br \/>\n&lt;strong&gt;\u00c7\u00f6z\u00fcmlerimize bak\u0131n&lt;\/strong&gt;<\/h5>\n                <a href=\"\/products-innovations-solutions\/\"><p>\u00dcR\u00dcNLER, <br \/> \u00c7\u00d6Z\u00dcMLER & <br \/> YEN\u0130L\u0130KLER<\/p><\/a>\n             <\/div>\n            <\/div>\n           <\/div>\n           <div class=\"three-cta-item\">\n            <div class=\"tci-i\">\n             <div class=\"tci-item-content\">\n                <h5>&lt;strong&gt;En son&lt;\/strong&gt;<br \/>\nTASKI<br \/>\nyeniliklerini &lt;strong&gt;g\u00f6r\u00fcn&lt;\/strong&gt;<\/h5>\n                <a href=\"\/products-innovations-solutions\/innovations\/\"><p>Yenilikler<\/p><\/a>\n             <\/div>\n            <\/div>\n           <\/div>\n           <div class=\"three-cta-item\">\n            <div class=\"tci-i\">\n             <div class=\"tci-item-content\">\n                <h5><br \/>\nile<br \/>\nbize &lt;strong&gt;ula\u015f\u0131n&lt;\/strong&gt;<\/h5>\n                <a href=\"\/news-help-contacts\/ask-paul-contact\/\"><p>Ileti\u015fim<\/p><\/a>\n             <\/div>\n            <\/div>\n           <\/div>\n        <\/div>\n      <\/div>\n    <\/div>\n  <\/div>\n  <div class=\"cl-fl\"><\/div>\n[\/vc_column_inner][\/vc_row_inner][\/vc_column][\/vc_row]<\/p>\n<\/div>","protected":false},"excerpt":{"rendered":"<p>[vc_row][vc_column][\/vc_column][\/vc_row][vc_row][vc_column][vc_basic_grid post_type=&#8221;taski-products&#8221; style=&#8221;load-more&#8221; show_filter=&#8221;yes&#8221; element_width=&#8221;2&#8243; gap=&#8221;35&#8243; orderby=&#8221;menu_order&#8221; order=&#8221;ASC&#8221; filter_style=&#8221;default-less-rounded&#8221; filter_color=&#8221;orange&#8221; filter_size=&#8221;lg&#8221; item=&#8221;50527&#8243; css=&#8221;.vc_custom_1739976280973{margin-top: 20px !important;margin-bottom: 80px !important;}&#8221; max_items=&#8221;-1&#8243; items_per_page=&#8221;6&#8243; grid_id=&#8221;vc_gid:1749722188817-8f5e9573-d39f-2&#8243; taxonomies=&#8221;615&#8243; filter_source=&#8221;taski_product__category&#8221; exclude_filter=&#8221;615, 29&#8243;][\/vc_column][\/vc_row][vc_row css=&#8221;.vc_custom_1606587476742{padding-top: 80px !important;padding-bottom: 95px !important;}&#8221;][vc_column][\/vc_column][\/vc_row][vc_row][vc_column][vc_row_inner][vc_column_inner][\/vc_column_inner][\/vc_row_inner][\/vc_column][\/vc_row]<\/p>\n","protected":false},"author":1,"featured_media":0,"parent":14710,"menu_order":171,"comment_status":"closed","ping_status":"closed","template":"page-products.php","meta":{"_acf_changed":false,"_seopress_robots_primary_cat":"","_seopress_titles_title":"","_seopress_titles_desc":"","_seopress_robots_index":"","inline_featured_image":false,"footnotes":""},"class_list":["post-54295","page","type-page","status-publish","hentry"],"acf":[],"_links":{"self":[{"href":"https:\/\/staging.taski.com\/tr\/wp-json\/wp\/v2\/pages\/54295","targetHints":{"allow":["GET"]}}],"collection":[{"href":"https:\/\/staging.taski.com\/tr\/wp-json\/wp\/v2\/pages"}],"about":[{"href":"https:\/\/staging.taski.com\/tr\/wp-json\/wp\/v2\/types\/page"}],"author":[{"embeddable":true,"href":"https:\/\/staging.taski.com\/tr\/wp-json\/wp\/v2\/users\/1"}],"replies":[{"embeddable":true,"href":"https:\/\/staging.taski.com\/tr\/wp-json\/wp\/v2\/comments?post=54295"}],"version-history":[{"count":10,"href":"https:\/\/staging.taski.com\/tr\/wp-json\/wp\/v2\/pages\/54295\/revisions"}],"predecessor-version":[{"id":54332,"href":"https:\/\/staging.taski.com\/tr\/wp-json\/wp\/v2\/pages\/54295\/revisions\/54332"}],"up":[{"embeddable":true,"href":"https:\/\/staging.taski.com\/tr\/wp-json\/wp\/v2\/pages\/14710"}],"wp:attachment":[{"href":"https:\/\/staging.taski.com\/tr\/wp-json\/wp\/v2\/media?parent=54295"}],"curies":[{"name":"wp","href":"https:\/\/api.w.org\/{rel}","templated":true}]}}