{"id":54209,"date":"2025-02-19T11:06:53","date_gmt":"2025-02-19T11:06:53","guid":{"rendered":"https:\/\/staging.taski.com\/urunler-yenilikler-ve-cozumler\/urunler\/elektrikli-supurgeler\/dik-elektrikli-supurgeler\/"},"modified":"2025-08-25T14:04:27","modified_gmt":"2025-08-25T14:04:27","slug":"dik-elektrikli-supurgeler","status":"publish","type":"page","link":"https:\/\/staging.taski.com\/tr\/urunler-yenilikler-ve-cozumler\/urunler\/elektrikli-supurgeler\/dik-elektrikli-supurgeler\/","title":{"rendered":"Dik Elektrikli S\u00fcp\u00fcrgeler"},"content":{"rendered":"<div class=\"wpb-content-wrapper\"><p>[vc_row][vc_column]\n  <div class=\"page-intro-block size-fit-image style-dark font-large\">\n         <div class=\"page-intro-block-i\">\n      <div class=\"row\">\n        <div class=\"page-intro-content\">\n            <div class=\"title-block\">\n                                     <h2><span class=\"pt\">Upright Vacuum Cleaners<\/span>&lt;strong&gt;En yeni dijital motor ve lityum pil teknolojilerini&lt;\/strong&gt; kullanan modeller dahil.<\/h2>\n                                                 <\/div>\n            <div class=\"page-intro-image\">\n                                <div class=\"page-intro-image-alt\">\n                    \n                    <img decoding=\"async\" src=\"https:\/\/staging.taski.com\/wp-content\/uploads\/2024\/06\/AERO-UP-38B-800x800-1.png\" alt=\"\" \/>\n\n                <\/div>\n            <\/div>\n        <\/div>\n      <\/div>\n\n\n    <\/div>\n  <\/div>\n  <div class=\"cl-fl\"><\/div>\n[\/vc_column][\/vc_row][vc_row][vc_column][vc_basic_grid post_type=&#8221;taski-products&#8221; style=&#8221;load-more&#8221; show_filter=&#8221;yes&#8221; element_width=&#8221;2&#8243; gap=&#8221;35&#8243; orderby=&#8221;menu_order&#8221; order=&#8221;ASC&#8221; filter_style=&#8221;default-less-rounded&#8221; filter_color=&#8221;orange&#8221; filter_size=&#8221;lg&#8221; item=&#8221;50527&#8243; css=&#8221;.vc_custom_1739963190677{margin-top: 20px !important;margin-bottom: 80px !important;}&#8221; max_items=&#8221;-1&#8243; items_per_page=&#8221;6&#8243; grid_id=&#8221;vc_gid:1749804091852-fdcf4e67-9e4f-8&#8243; taxonomies=&#8221;46&#8243; filter_source=&#8221;taski_product__category&#8221;][\/vc_column][\/vc_row][vc_row css=&#8221;.vc_custom_1609780983622{padding-bottom: 95px !important;}&#8221;][vc_column]\n  <div class=\"product-description-block style-light image-left\">\n    <div class=\"product-description-block-i\">\n        <div class=\"product-description-block-content\">\n          <div class=\"product-description-block-title\">\n                            <div class=\"pdbt-icon\"><img decoding=\"async\" src=\"https:\/\/staging.taski.com\/wp-content\/uploads\/2020\/12\/operational-efficiency.svg\" \/><\/div>\n                <div class=\"pdbt-text\">Operasyonel verimlilik<\/div>\n                      <\/div>\n          <div class=\"product-description-block-text\"><p>TASKI AERO Li-Ion ak\u00fcl\u00fc s\u00fcp\u00fcrgeler, geleneksel s\u00fcp\u00fcrgelere g\u00f6re <strong>%70<\/strong> &#8216;e kadar <strong>daha fazla verimlilik<\/strong> sa\u011flayabilir.<\/p>\n<p>Bu k\u00fc\u00e7\u00fck y\u00fckseltme <strong>b\u00fcy\u00fck bir fark<\/strong> yaratabilir.<\/p>\n<\/div>\n        <\/div>\n        <div class=\"product-description-block-image\" style=\"background-image:url(https:\/\/staging.taski.com\/wp-content\/uploads\/2021\/01\/Backpack-vacuum-scaled.jpg)\">\n\n        <\/div>\n    <\/div>\n  <\/div>\n  <div class=\"cl-fl\"><\/div>\n\n  <div class=\"product-description-block style-dark image-right\">\n    <div class=\"product-description-block-i\">\n        <div class=\"product-description-block-content\">\n          <div class=\"product-description-block-title\">\n                            <div class=\"pdbt-icon\"><img decoding=\"async\" src=\"https:\/\/staging.taski.com\/wp-content\/uploads\/2021\/02\/brand-protection-white.png\" \/><\/div>\n                <div class=\"pdbt-text\">Marka ve varl\u0131k korumas\u0131<\/div>\n                      <\/div>\n          <div class=\"product-description-block-text\"><p><strong>\u0130lk izlenimler \u00f6nemlidir.<\/strong><\/p>\n<p>Hal\u0131n\u0131z ve sert zeminleriniz pahal\u0131 bir varl\u0131kt\u0131r.<\/p>\n<p>AERO, Jet &amp; Vacumat s\u00fcp\u00fcrgeler bina kuma\u015f\u0131n\u0131z\u0131n<strong> daha uzun s\u00fcre temiz g\u00f6r\u00fcnmesini<\/strong> sa\u011flar ve erken de\u011fi\u015fimin \u00f6nlenmesine yard\u0131mc\u0131 olur.<\/p>\n<\/div>\n        <\/div>\n        <div class=\"product-description-block-image\" style=\"background-image:url(https:\/\/staging.taski.com\/wp-content\/uploads\/2021\/01\/Tub-vacuum-scaled.jpg)\">\n\n        <\/div>\n    <\/div>\n  <\/div>\n  <div class=\"cl-fl\"><\/div>\n[\/vc_column][\/vc_row][vc_row][vc_column][vc_row_inner][vc_column_inner]\n  <div class=\"three-cta-block\">\n    <div class=\"three-cta-block-i\">\n      <div class=\"row\">\n        <div class=\"three-cta-block-grid\">\n           <div class=\"three-cta-item\">\n            <div class=\"tci-i\">\n             <div class=\"tci-item-content\">\n                <h5><br \/>\nEnd\u00fcstri<br \/>\n&lt;strong&gt;\u00c7\u00f6z\u00fcmlerimize bak\u0131n&lt;\/strong&gt;<\/h5>\n                <a href=\"\/products-innovations-solutions\/innovations\/\"><p>YEN\u0130L\u0130KLER<\/p><\/a>\n             <\/div>\n            <\/div>\n           <\/div>\n           <div class=\"three-cta-item\">\n            <div class=\"tci-i\">\n             <div class=\"tci-item-content\">\n                <h5>&lt;strong&gt;En son&lt;\/strong&gt;<br \/>\nTASKI<br \/>\nyeniliklerini &lt;strong&gt;g\u00f6r\u00fcn&lt;\/strong&gt;<\/h5>\n                <a href=\"\/shop\/\"><p>TASKI<br \/>MA\u011eAZAM<\/p><\/a>\n             <\/div>\n            <\/div>\n           <\/div>\n           <div class=\"three-cta-item\">\n            <div class=\"tci-i\">\n             <div class=\"tci-item-content\">\n                <h5><br \/>\nile<br \/>\nbize &lt;strong&gt;ula\u015f\u0131n&lt;\/strong&gt;<\/h5>\n                <a href=\"\/news-help-contacts\/\"><p>Ileti\u015fim<\/p><\/a>\n             <\/div>\n            <\/div>\n           <\/div>\n        <\/div>\n      <\/div>\n    <\/div>\n  <\/div>\n  <div class=\"cl-fl\"><\/div>\n[\/vc_column_inner][\/vc_row_inner][\/vc_column][\/vc_row]<\/p>\n<\/div>","protected":false},"excerpt":{"rendered":"<p>[vc_row][vc_column][\/vc_column][\/vc_row][vc_row][vc_column][vc_basic_grid post_type=&#8221;taski-products&#8221; style=&#8221;load-more&#8221; show_filter=&#8221;yes&#8221; element_width=&#8221;2&#8243; gap=&#8221;35&#8243; orderby=&#8221;menu_order&#8221; order=&#8221;ASC&#8221; filter_style=&#8221;default-less-rounded&#8221; filter_color=&#8221;orange&#8221; filter_size=&#8221;lg&#8221; item=&#8221;50527&#8243; css=&#8221;.vc_custom_1739963190677{margin-top: 20px !important;margin-bottom: 80px !important;}&#8221; max_items=&#8221;-1&#8243; items_per_page=&#8221;6&#8243; grid_id=&#8221;vc_gid:1749804091852-fdcf4e67-9e4f-8&#8243; taxonomies=&#8221;46&#8243; filter_source=&#8221;taski_product__category&#8221;][\/vc_column][\/vc_row][vc_row css=&#8221;.vc_custom_1609780983622{padding-bottom: 95px !important;}&#8221;][vc_column][\/vc_column][\/vc_row][vc_row][vc_column][vc_row_inner][vc_column_inner][\/vc_column_inner][\/vc_row_inner][\/vc_column][\/vc_row]<\/p>\n","protected":false},"author":1,"featured_media":0,"parent":14873,"menu_order":325,"comment_status":"closed","ping_status":"closed","template":"page-products.php","meta":{"_acf_changed":false,"_seopress_robots_primary_cat":"","_seopress_titles_title":"","_seopress_titles_desc":"","_seopress_robots_index":"","inline_featured_image":false,"footnotes":""},"class_list":["post-54209","page","type-page","status-publish","hentry"],"acf":[],"_links":{"self":[{"href":"https:\/\/staging.taski.com\/tr\/wp-json\/wp\/v2\/pages\/54209","targetHints":{"allow":["GET"]}}],"collection":[{"href":"https:\/\/staging.taski.com\/tr\/wp-json\/wp\/v2\/pages"}],"about":[{"href":"https:\/\/staging.taski.com\/tr\/wp-json\/wp\/v2\/types\/page"}],"author":[{"embeddable":true,"href":"https:\/\/staging.taski.com\/tr\/wp-json\/wp\/v2\/users\/1"}],"replies":[{"embeddable":true,"href":"https:\/\/staging.taski.com\/tr\/wp-json\/wp\/v2\/comments?post=54209"}],"version-history":[{"count":10,"href":"https:\/\/staging.taski.com\/tr\/wp-json\/wp\/v2\/pages\/54209\/revisions"}],"predecessor-version":[{"id":54246,"href":"https:\/\/staging.taski.com\/tr\/wp-json\/wp\/v2\/pages\/54209\/revisions\/54246"}],"up":[{"embeddable":true,"href":"https:\/\/staging.taski.com\/tr\/wp-json\/wp\/v2\/pages\/14873"}],"wp:attachment":[{"href":"https:\/\/staging.taski.com\/tr\/wp-json\/wp\/v2\/media?parent=54209"}],"curies":[{"name":"wp","href":"https:\/\/api.w.org\/{rel}","templated":true}]}}