{"id":3844,"date":"2021-02-04T17:07:02","date_gmt":"2021-02-04T17:07:02","guid":{"rendered":"https:\/\/taski.com\/taski-uygulamasi-2\/"},"modified":"2021-07-26T12:26:46","modified_gmt":"2021-07-26T12:26:46","slug":"taski-app","status":"publish","type":"page","link":"https:\/\/staging.taski.com\/tr\/taski-app\/","title":{"rendered":"TASKI Uygulamas\u0131"},"content":{"rendered":"<div class=\"wpb-content-wrapper\"><p>[vc_row][vc_column]\n  <div class=\"page-intro-block size-fit-image style-light font-large\">\n         <div class=\"page-intro-block-i\">\n      <div class=\"row\">\n        <div class=\"page-intro-content\">\n            <div class=\"title-block\">\n                                     <h2>TASKI Uygulamas\u0131n\u0131 indirin<\/h2>\n                    <p>TASKI ile ilgili her \u015feye telefonunuz ve tabletinizle eri\u015fin.<\/p>\n<p><strong>\u00d6nemli \u00f6zelliklerinden baz\u0131lar\u0131:<\/strong><br \/>\n\u00dcr\u00fcnler ve Yenilikler<br \/>\nBasit Makine Se\u00e7ici<br \/>\nSekt\u00f6r Sayfalar\u0131<br \/>\nVideo \/ \u00d6\u011frenme b\u00f6l\u00fcm\u00fc<br \/>\nTASKI QR<br \/>\nDiversey Oturum A\u00e7ma<\/p>\n<p>\u0130htiyac\u0131n\u0131z olan her \u015fey parmaklar\u0131n\u0131z\u0131n ucunda<\/p>\n                             <\/div>\n            <div class=\"page-intro-image\">\n                                <div class=\"page-intro-image-alt\">\n                    \n                    <img decoding=\"async\" src=\"https:\/\/staging.taski.com\/wp-content\/uploads\/2020\/12\/electronic-tools-1.jpg\" alt=\"\" \/>\n\n                <\/div>\n            <\/div>\n        <\/div>\n      <\/div>\n\n\n    <\/div>\n  <\/div>\n  <div class=\"cl-fl\"><\/div>\n[\/vc_column][\/vc_row][vc_row css=&#8221;.vc_custom_1612459281641{padding-top: 90px !important;padding-bottom: 70px !important;}&#8221;][vc_column width=&#8221;1\/4&#8243;][\/vc_column][vc_column width=&#8221;1\/4&#8243;][vc_single_image image=&#8221;3850&#8243; img_size=&#8221;full&#8221; onclick=&#8221;custom_link&#8221; img_link_target=&#8221;_blank&#8221; link=&#8221;https:\/\/itunes.apple.com\/gb\/app\/taski-intelligent-solutions\/id1015012577?mt=8&#8243; el_class=&#8221;app-button&#8221;][\/vc_column][vc_column width=&#8221;1\/4&#8243;][vc_single_image image=&#8221;3852&#8243; img_size=&#8221;full&#8221; onclick=&#8221;custom_link&#8221; img_link_target=&#8221;_blank&#8221; link=&#8221;https:\/\/play.google.com\/store\/apps\/details?id=cubera.ch.taski&amp;hl=en&#8221; el_class=&#8221;google-button&#8221;][\/vc_column][vc_column width=&#8221;1\/4&#8243;][\/vc_column][\/vc_row][vc_row][vc_column]\n  <div class=\"page-description-block style-dark\">\n    <div class=\"page-description-block-i\">\n      <div class=\"row\">\n        <div class=\"page-description-content\">\n          <\/div><\/div><\/div><\/div><\/p>\n<h2>TASKI Uygulamas\u0131, TASKI&#8217;nin, sizler d\u00fc\u015f\u00fcn\u00fclerek olu\u015fturulmu\u015f elektronik ara\u00e7lar\u0131ndan sadece biridir.<br \/>\n<strong>TASKI Uygulamas\u0131\/ TASKI Se\u00e7ici \/ IntelliTrail Analiti\u011fi \/ Uzaktan Rehberlik<\/strong><\/h2>\n<\/div>\n      \n    \n  \n  <div class=\"cl-fl\"><\/div>\n[\/vc_column][\/vc_row][vc_row][vc_column]\n  <div class=\"three-cta-block\">\n    <div class=\"three-cta-block-i\">\n      <div class=\"row\">\n        <div class=\"three-cta-block-grid\">\n           <div class=\"three-cta-item\">\n            <div class=\"tci-i\">\n             <div class=\"tci-item-content\">\n                <h5>Sekt\u00f6r<br \/>\n\u00c7\u00f6z\u00fcmlerimizi<br \/>\n<strong>g\u00f6r\u00fcn<\/strong><\/h5>\n                <a href=\"\/products-innovations-solutions\/\"><p>\u00dcR\u00dcNLER, <br \/> \u00c7\u00d6Z\u00dcMLER & <br \/> YEN\u0130L\u0130KLER<\/p><\/a>\n             <\/div>\n            <\/div>\n           <\/div>\n           <div class=\"three-cta-item\">\n            <div class=\"tci-i\">\n             <div class=\"tci-item-content\">\n                <h5><strong>En son<\/strong><br \/>\nTASKI<br \/>\nyeniliklerini g\u00f6r\u00fcn<\/h5>\n                <a href=\"\/shop\/\"><p>DAHA FAZLA<br \/>\nB\u0130LG\u0130<br \/>\nALIN<\/p><\/a>\n             <\/div>\n            <\/div>\n           <\/div>\n           <div class=\"three-cta-item\">\n            <div class=\"tci-i\">\n             <div class=\"tci-item-content\">\n                <h5>Bizimle<br \/>\n<strong>ileti\u015fime<br \/>\nge\u00e7in<\/strong><\/h5>\n                <a href=\"\/news-help-contacts\/\"><p>Ileti\u015fim<\/p><\/a>\n             <\/div>\n            <\/div>\n           <\/div>\n        <\/div>\n      <\/div>\n    <\/div>\n  <\/div>\n  <div class=\"cl-fl\"><\/div>\n[\/vc_column][\/vc_row]\n","protected":false},"excerpt":{"rendered":"<p>[vc_row][vc_column][\/vc_column][\/vc_row][vc_row css=&#8221;.vc_custom_1612459281641{padding-top: 90px !important;padding-bottom: 70px !important;}&#8221;][vc_column width=&#8221;1\/4&#8243;][\/vc_column][vc_column width=&#8221;1\/4&#8243;][vc_single_image image=&#8221;3850&#8243; img_size=&#8221;full&#8221; onclick=&#8221;custom_link&#8221; img_link_target=&#8221;_blank&#8221; link=&#8221;https:\/\/itunes.apple.com\/gb\/app\/taski-intelligent-solutions\/id1015012577?mt=8&#8243; el_class=&#8221;app-button&#8221;][\/vc_column][vc_column width=&#8221;1\/4&#8243;][vc_single_image image=&#8221;3852&#8243; img_size=&#8221;full&#8221; onclick=&#8221;custom_link&#8221; img_link_target=&#8221;_blank&#8221; link=&#8221;https:\/\/play.google.com\/store\/apps\/details?id=cubera.ch.taski&amp;hl=en&#8221; el_class=&#8221;google-button&#8221;][\/vc_column][vc_column width=&#8221;1\/4&#8243;][\/vc_column][\/vc_row][vc_row][vc_column][\/vc_column][\/vc_row][vc_row][vc_column][\/vc_column][\/vc_row]<\/p>\n","protected":false},"author":1,"featured_media":0,"parent":0,"menu_order":115,"comment_status":"closed","ping_status":"closed","template":"","meta":{"_acf_changed":false,"_seopress_robots_primary_cat":"","_seopress_titles_title":"","_seopress_titles_desc":"","_seopress_robots_index":"","inline_featured_image":false,"footnotes":""},"class_list":["post-3844","page","type-page","status-publish","hentry"],"acf":[],"_links":{"self":[{"href":"https:\/\/staging.taski.com\/tr\/wp-json\/wp\/v2\/pages\/3844","targetHints":{"allow":["GET"]}}],"collection":[{"href":"https:\/\/staging.taski.com\/tr\/wp-json\/wp\/v2\/pages"}],"about":[{"href":"https:\/\/staging.taski.com\/tr\/wp-json\/wp\/v2\/types\/page"}],"author":[{"embeddable":true,"href":"https:\/\/staging.taski.com\/tr\/wp-json\/wp\/v2\/users\/1"}],"replies":[{"embeddable":true,"href":"https:\/\/staging.taski.com\/tr\/wp-json\/wp\/v2\/comments?post=3844"}],"version-history":[{"count":0,"href":"https:\/\/staging.taski.com\/tr\/wp-json\/wp\/v2\/pages\/3844\/revisions"}],"wp:attachment":[{"href":"https:\/\/staging.taski.com\/tr\/wp-json\/wp\/v2\/media?parent=3844"}],"curies":[{"name":"wp","href":"https:\/\/api.w.org\/{rel}","templated":true}]}}