{"id":3697,"date":"2020-11-30T13:30:29","date_gmt":"2020-11-30T13:30:29","guid":{"rendered":"https:\/\/taski.com\/shop-2\/"},"modified":"2021-05-14T10:18:46","modified_gmt":"2021-05-14T10:18:46","slug":"magazam","status":"publish","type":"page","link":"https:\/\/staging.taski.com\/tr\/magazam\/","title":{"rendered":"TASKI MA\u011eAZAM"},"content":{"rendered":"<div class=\"wpb-content-wrapper\"><p>[vc_row][vc_column]\n  <div class=\"shop-home-header\">\n    <div class=\"row\">\n        <h2>Find your Ultimate cleaning machines<\/h2>\n    <\/div>\n  <\/div>\n\n  <div class=\"shop-home-grid-block\">\n    <div class=\"row\">\n        <div class=\"shop-home-grid\">\n            <div class=\"shop-home-content\">\n              <div class=\"shop-home-content-grid\">\n                      <div class=\"shop-home-content-grid-item\"><a href=\"https:\/\/staging.taski.com\/tr\/urun-kategori\/elektrikli-supurgeler\/\"><div class=\"front\"><div class=\"img\"><img decoding=\"async\" src=\"https:\/\/staging.taski.com\/wp-content\/uploads\/2024\/11\/Copy-of-Copy-of-Aero_8_Flexx_026-1_crop-scaled-1.jpg\" \/><\/div><div class=\"title\">Elektrikli S\u00fcp\u00fcrgeler<\/div><\/div><\/a><\/div><div class=\"shop-home-content-grid-item\"><a href=\"https:\/\/staging.taski.com\/tr\/urun-kategori\/scrubber-kurutucular\/\"><div class=\"front\"><div class=\"img\"><img decoding=\"async\" src=\"https:\/\/staging.taski.com\/wp-content\/uploads\/2021\/01\/7516212_TASKI_swingo150-5.png\" \/><\/div><div class=\"title\">Scrubber Kurutucular<\/div><\/div><\/a><\/div><div class=\"shop-home-content-grid-item\"><a href=\"https:\/\/staging.taski.com\/tr\/urun-kategori\/hali-bakimi\/\"><div class=\"front\"><div class=\"img\"><img decoding=\"async\" src=\"https:\/\/staging.taski.com\/wp-content\/uploads\/2021\/01\/TASKI-aquamat-10.1_picture-7.png\" \/><\/div><div class=\"title\">Hal\u0131 Bak\u0131m\u0131<\/div><\/div><\/a><\/div><div class=\"shop-home-content-grid-item\"><a href=\"https:\/\/staging.taski.com\/tr\/urun-kategori\/buharli-temizleyiciler\/\"><div class=\"front\"><div class=\"img\"><img decoding=\"async\" src=\"https:\/\/staging.taski.com\/wp-content\/uploads\/2024\/11\/sv4final-2.png\" \/><\/div><div class=\"title\">Buharl\u0131 Temizleyiciler<\/div><\/div><\/a><\/div><div class=\"shop-home-content-grid-item\"><a href=\"https:\/\/staging.taski.com\/tr\/urun-kategori\/puskurtme\/\"><div class=\"front\"><div class=\"img\"><img decoding=\"async\" src=\"https:\/\/staging.taski.com\/wp-content\/uploads\/2024\/11\/Sprayer15-image4-recut-final.png\" \/><\/div><div class=\"title\">P\u00fcsk\u00fcrtme<\/div><\/div><\/a><\/div><div class=\"shop-home-content-grid-item\"><a href=\"https:\/\/staging.taski.com\/tr\/urun-kategori\/sweepers-tr\/\"><div class=\"front\"><div class=\"img\"><img decoding=\"async\" src=\"https:\/\/staging.taski.com\/wp-content\/uploads\/2024\/11\/Balimat_1600_015_scale-1-1.png\" \/><\/div><div class=\"title\">S\u00fcp\u00fcr\u00fcc\u00fcler<\/div><\/div><\/a><\/div>              <\/div>\n            <\/div>\n\n        <\/div>\n    <\/div>\n  <\/div>\n\n\n\n\n  <div class=\"cl-fl\"><\/div>\n[\/vc_column][\/vc_row]<\/p>\n<\/div>","protected":false},"excerpt":{"rendered":"<p>[vc_row][vc_column][\/vc_column][\/vc_row]<\/p>\n","protected":false},"author":1,"featured_media":0,"parent":0,"menu_order":659,"comment_status":"closed","ping_status":"closed","template":"","meta":{"_acf_changed":false,"_seopress_robots_primary_cat":"","_seopress_titles_title":"","_seopress_titles_desc":"","_seopress_robots_index":"","inline_featured_image":false,"footnotes":""},"class_list":["post-3697","page","type-page","status-publish","hentry"],"acf":[],"_links":{"self":[{"href":"https:\/\/staging.taski.com\/tr\/wp-json\/wp\/v2\/pages\/3697","targetHints":{"allow":["GET"]}}],"collection":[{"href":"https:\/\/staging.taski.com\/tr\/wp-json\/wp\/v2\/pages"}],"about":[{"href":"https:\/\/staging.taski.com\/tr\/wp-json\/wp\/v2\/types\/page"}],"author":[{"embeddable":true,"href":"https:\/\/staging.taski.com\/tr\/wp-json\/wp\/v2\/users\/1"}],"replies":[{"embeddable":true,"href":"https:\/\/staging.taski.com\/tr\/wp-json\/wp\/v2\/comments?post=3697"}],"version-history":[{"count":0,"href":"https:\/\/staging.taski.com\/tr\/wp-json\/wp\/v2\/pages\/3697\/revisions"}],"wp:attachment":[{"href":"https:\/\/staging.taski.com\/tr\/wp-json\/wp\/v2\/media?parent=3697"}],"curies":[{"name":"wp","href":"https:\/\/api.w.org\/{rel}","templated":true}]}}