{"id":14894,"date":"2020-11-28T18:32:41","date_gmt":"2020-11-28T18:32:41","guid":{"rendered":"https:\/\/taski.com\/tesis-yonetimi-2\/"},"modified":"2020-11-28T18:32:41","modified_gmt":"2020-11-28T18:32:41","slug":"tesis-yonetimi-2","status":"publish","type":"page","link":"https:\/\/staging.taski.com\/tr\/tesis-yonetimi-2\/","title":{"rendered":"Tesis Y\u00f6netimi"},"content":{"rendered":"","protected":false},"excerpt":{"rendered":"<p>Operasyonel verimlilik ve maliyet kontrol\u00fc sa\u011flayan FM ve bina hizmeti sekt\u00f6r\u00fc i\u00e7in TASKI makine \u00e7\u00f6z\u00fcmleri<\/p>\n","protected":false},"author":1,"featured_media":0,"parent":0,"menu_order":537,"comment_status":"closed","ping_status":"closed","template":"","meta":{"_acf_changed":false,"_seopress_robots_primary_cat":"","_seopress_titles_title":"","_seopress_titles_desc":"","_seopress_robots_index":"","inline_featured_image":false,"footnotes":""},"class_list":["post-14894","page","type-page","status-publish","hentry"],"acf":[],"_links":{"self":[{"href":"https:\/\/staging.taski.com\/tr\/wp-json\/wp\/v2\/pages\/14894","targetHints":{"allow":["GET"]}}],"collection":[{"href":"https:\/\/staging.taski.com\/tr\/wp-json\/wp\/v2\/pages"}],"about":[{"href":"https:\/\/staging.taski.com\/tr\/wp-json\/wp\/v2\/types\/page"}],"author":[{"embeddable":true,"href":"https:\/\/staging.taski.com\/tr\/wp-json\/wp\/v2\/users\/1"}],"replies":[{"embeddable":true,"href":"https:\/\/staging.taski.com\/tr\/wp-json\/wp\/v2\/comments?post=14894"}],"version-history":[{"count":0,"href":"https:\/\/staging.taski.com\/tr\/wp-json\/wp\/v2\/pages\/14894\/revisions"}],"wp:attachment":[{"href":"https:\/\/staging.taski.com\/tr\/wp-json\/wp\/v2\/media?parent=14894"}],"curies":[{"name":"wp","href":"https:\/\/api.w.org\/{rel}","templated":true}]}}