{"id":14879,"date":"2020-12-13T13:21:25","date_gmt":"2020-12-13T13:21:25","guid":{"rendered":"https:\/\/taski.com\/urunler-yenilikler-ve-cozumler\/urunler\/buharli-temizleyiciler\/"},"modified":"2021-07-26T15:22:16","modified_gmt":"2021-07-26T15:22:16","slug":"buharli-temizleyiciler","status":"publish","type":"page","link":"https:\/\/staging.taski.com\/tr\/urunler-yenilikler-ve-cozumler\/urunler\/buharli-temizleyiciler\/","title":{"rendered":"Buharl\u0131 Temizleyiciler"},"content":{"rendered":"<div class=\"wpb-content-wrapper\"><p>[vc_row][vc_column]\n  <div class=\"page-intro-block size-fit-image style-dark font-large\">\n         <div class=\"page-intro-block-i\">\n      <div class=\"row\">\n        <div class=\"page-intro-content\">\n            <div class=\"title-block\">\n                                     <h2><span class=\"pt\">Buharl\u0131 Temizleyiciler<\/span><strong>Yo\u011fun ve a\u011f\u0131r kirler i\u00e7in, y\u00fcksek bas\u0131n\u00e7l\u0131 ve y\u00fcksek s\u0131cakl\u0131kl\u0131 kuru <\/strong> buharl\u0131 temizleyiciler.<\/h2>\n                                                 <\/div>\n            <div class=\"page-intro-image\">\n                                <div class=\"page-intro-image-alt\">\n                    \n                    <img decoding=\"async\" src=\"https:\/\/staging.taski.com\/wp-content\/uploads\/2020\/12\/Steam.jpg\" alt=\"\" \/>\n\n                <\/div>\n            <\/div>\n        <\/div>\n      <\/div>\n\n\n    <\/div>\n  <\/div>\n  <div class=\"cl-fl\"><\/div>\n[\/vc_column][\/vc_row][vc_row css=&#8221;.vc_custom_1607709989392{background-color: #fafafa !important;}&#8221;][vc_column]\n  <div class=\"product-carousel-block\" style=\"\">\n    <div class=\"product-carousel-block-i\">\n\n             <div class=\"product-carousel-filter\">T\u00fcre g\u00f6re filtre uygula &ndash; <a href=\"#\" class=\"active\" data-category=\"*\">T\u00fcm<\/a> | <a href=\"#\" class=\"\" data-category=\"sadece-buhar\">Sadece Buhar<\/a> | <a href=\"#\" class=\"\" data-category=\"buhar-ve-vakum\">Buhar ve vakum<\/a> | <a href=\"#\" class=\"\" data-category=\"buhar-vakum-ve-deterjan\">Buhar, vakum ve deterjan<\/a><\/div>\n     \n     <div class=\"product-carousel-wrapper\">\n      <div class=\"row\">\n       <div class=\"taski-carousel-holder\">\n        <div class=\"product-carousel owl-carousel owl-theme\" id=\"product-carousel\">\n\n           \n            <div class=\"item product-slide sadece-buhar steam-cleaners-tr\">\n              <div class=\"its-i\">\n                <div class=\"media-w\">\n                    <div class=\"image\">\n                      <div class=\"image-i\">\n                                                    <img decoding=\"async\" src=\"https:\/\/staging.taski.com\/wp-content\/uploads\/2020\/12\/Steam-SO4-Image-left2-e1610359683675.jpg\" \/>\n                                              <\/div>\n                    <\/div>\n                <\/div>\n                <div class=\"text\">\n                    <div class=\"title\">Steam SO4<\/div>\n                    <p>S\u00fcrekli kazan dolumu ile profesyonel buhar makinesi<\/p>                    <div class=\"prod-page-view\"><a href=\"https:\/\/staging.taski.com\/tr\/taski-products\/buhar-so4\/\" class=\"button\">\u00dcr\u00fcn\u00fc G\u00f6r\u00fcnt\u00fcle<\/a><\/div>\n                <\/div>\n              <\/div>\n\n\n\n            <\/div>\n\n              \n            <div class=\"item product-slide buhar-ve-vakum steam-cleaners-tr\">\n              <div class=\"its-i\">\n                <div class=\"media-w\">\n                    <div class=\"image\">\n                      <div class=\"image-i\">\n                                                    <img decoding=\"async\" src=\"https:\/\/staging.taski.com\/wp-content\/uploads\/2020\/12\/Dampfgeraet_016-v1.jpg\" \/>\n                                              <\/div>\n                    <\/div>\n                <\/div>\n                <div class=\"text\">\n                    <div class=\"title\">Steam SV4<\/div>\n                    <p>S\u00fcrekli kazan dolumu ve \u00e7oklu g\u00f6rev i\u00e7in ilave vakum fonksiyonu ile profesyonel buhar makinesi<\/p>                    <div class=\"prod-page-view\"><a href=\"https:\/\/staging.taski.com\/tr\/taski-products\/buharli-sv4\/\" class=\"button\">\u00dcr\u00fcn\u00fc G\u00f6r\u00fcnt\u00fcle<\/a><\/div>\n                <\/div>\n              <\/div>\n\n\n\n            <\/div>\n\n              \n            <div class=\"item product-slide sadece-buhar steam-cleaners-tr\">\n              <div class=\"its-i\">\n                <div class=\"media-w\">\n                    <div class=\"image\">\n                      <div class=\"image-i\">\n                                                    <img decoding=\"async\" src=\"https:\/\/staging.taski.com\/wp-content\/uploads\/2020\/12\/SO8-Right-Hand-Brand-Taski-v1.jpg\" \/>\n                                              <\/div>\n                    <\/div>\n                <\/div>\n                <div class=\"text\">\n                    <div class=\"title\">Steam SO8<\/div>\n                    <p>Devaml\u0131 buhar veren 8 Bar y\u00fcksek bas\u0131n\u00e7l\u0131 buhar makines\u0131<\/p>                    <div class=\"prod-page-view\"><a href=\"https:\/\/staging.taski.com\/tr\/taski-products\/buhar-so8\/\" class=\"button\">\u00dcr\u00fcn\u00fc G\u00f6r\u00fcnt\u00fcle<\/a><\/div>\n                <\/div>\n              <\/div>\n\n\n\n            <\/div>\n\n              \n            <div class=\"item product-slide buhar-vakum-ve-deterjan steam-cleaners-tr\">\n              <div class=\"its-i\">\n                <div class=\"media-w\">\n                    <div class=\"image\">\n                      <div class=\"image-i\">\n                                                    <img decoding=\"async\" src=\"https:\/\/staging.taski.com\/wp-content\/uploads\/2020\/12\/Steam-SDV8-image-leftv4.jpg\" \/>\n                                              <\/div>\n                    <\/div>\n                <\/div>\n                <div class=\"text\">\n                    <div class=\"title\">Steam SDV8<\/div>\n                    <p>\u00c7oklu g\u00f6rev i\u00e7in ilave vakum ve deterjan \u00f6zelliklerine sahip 8 Bar y\u00fcksek bas\u0131n\u00e7l\u0131 buharl\u0131 makine<\/p>                    <div class=\"prod-page-view\"><a href=\"https:\/\/staging.taski.com\/tr\/taski-products\/buharli-sdv8\/\" class=\"button\">\u00dcr\u00fcn\u00fc G\u00f6r\u00fcnt\u00fcle<\/a><\/div>\n                <\/div>\n              <\/div>\n\n\n\n            <\/div>\n\n              \n\n\n        <\/div>\n        <div id=\"product-carousel-storage\" style=\"display:none !important; height:0;\">\n                       <div class=\"item product-slide sadece-buhar steam-cleaners-tr\">\n              <div class=\"its-i\">\n                <div class=\"media-w\">\n                    <div class=\"image\">\n                      <div class=\"image-i\">\n                                                    <img decoding=\"async\" src=\"https:\/\/staging.taski.com\/wp-content\/uploads\/2020\/12\/Steam-SO4-Image-left2-e1610359683675.jpg\" \/>\n                                              <\/div>\n                    <\/div>\n                <\/div>\n                <div class=\"text\">\n                    <div class=\"title\">Steam SO4<\/div>\n                    <p>S\u00fcrekli kazan dolumu ile profesyonel buhar makinesi<\/p>                    <div class=\"prod-page-view\"><a href=\"https:\/\/staging.taski.com\/tr\/taski-products\/buhar-so4\/\" class=\"button\">\u00dcr\u00fcn\u00fc G\u00f6r\u00fcnt\u00fcle<\/a><\/div>\n                <\/div>\n              <\/div>\n            <\/div>\n                          <div class=\"item product-slide buhar-ve-vakum steam-cleaners-tr\">\n              <div class=\"its-i\">\n                <div class=\"media-w\">\n                    <div class=\"image\">\n                      <div class=\"image-i\">\n                                                    <img decoding=\"async\" src=\"https:\/\/staging.taski.com\/wp-content\/uploads\/2020\/12\/Dampfgeraet_016-v1.jpg\" \/>\n                                              <\/div>\n                    <\/div>\n                <\/div>\n                <div class=\"text\">\n                    <div class=\"title\">Steam SV4<\/div>\n                    <p>S\u00fcrekli kazan dolumu ve \u00e7oklu g\u00f6rev i\u00e7in ilave vakum fonksiyonu ile profesyonel buhar makinesi<\/p>                    <div class=\"prod-page-view\"><a href=\"https:\/\/staging.taski.com\/tr\/taski-products\/buharli-sv4\/\" class=\"button\">\u00dcr\u00fcn\u00fc G\u00f6r\u00fcnt\u00fcle<\/a><\/div>\n                <\/div>\n              <\/div>\n            <\/div>\n                          <div class=\"item product-slide sadece-buhar steam-cleaners-tr\">\n              <div class=\"its-i\">\n                <div class=\"media-w\">\n                    <div class=\"image\">\n                      <div class=\"image-i\">\n                                                    <img decoding=\"async\" src=\"https:\/\/staging.taski.com\/wp-content\/uploads\/2020\/12\/SO8-Right-Hand-Brand-Taski-v1.jpg\" \/>\n                                              <\/div>\n                    <\/div>\n                <\/div>\n                <div class=\"text\">\n                    <div class=\"title\">Steam SO8<\/div>\n                    <p>Devaml\u0131 buhar veren 8 Bar y\u00fcksek bas\u0131n\u00e7l\u0131 buhar makines\u0131<\/p>                    <div class=\"prod-page-view\"><a href=\"https:\/\/staging.taski.com\/tr\/taski-products\/buhar-so8\/\" class=\"button\">\u00dcr\u00fcn\u00fc G\u00f6r\u00fcnt\u00fcle<\/a><\/div>\n                <\/div>\n              <\/div>\n            <\/div>\n                          <div class=\"item product-slide buhar-vakum-ve-deterjan steam-cleaners-tr\">\n              <div class=\"its-i\">\n                <div class=\"media-w\">\n                    <div class=\"image\">\n                      <div class=\"image-i\">\n                                                    <img decoding=\"async\" src=\"https:\/\/staging.taski.com\/wp-content\/uploads\/2020\/12\/Steam-SDV8-image-leftv4.jpg\" \/>\n                                              <\/div>\n                    <\/div>\n                <\/div>\n                <div class=\"text\">\n                    <div class=\"title\">Steam SDV8<\/div>\n                    <p>\u00c7oklu g\u00f6rev i\u00e7in ilave vakum ve deterjan \u00f6zelliklerine sahip 8 Bar y\u00fcksek bas\u0131n\u00e7l\u0131 buharl\u0131 makine<\/p>                    <div class=\"prod-page-view\"><a href=\"https:\/\/staging.taski.com\/tr\/taski-products\/buharli-sdv8\/\" class=\"button\">\u00dcr\u00fcn\u00fc G\u00f6r\u00fcnt\u00fcle<\/a><\/div>\n                <\/div>\n              <\/div>\n            <\/div>\n                      <\/div>\n\n        <div class=\"product-carousel-navigation\">\n          <div class=\"nav-left\">\n            <a href=\"#\"><i class=\"fa fa-chevron-left\"><\/i><\/a>\n          <\/div>\n          <div class=\"nav-description\">\n\n          <\/div>\n          <div class=\"nav-right\">\n            <a href=\"#\"><i class=\"fa fa-chevron-right\"><\/i><\/a>\n          <\/div>\n        <\/div>\n       <\/div>\n      <\/div>\n     <\/div>\n\n\n\n\n   <\/div>\n  <\/div>\n  <div class=\"cl-fl\"><\/div>\n[\/vc_column][\/vc_row][vc_row css=&#8221;.vc_custom_1606587476742{padding-top: 80px !important;padding-bottom: 95px !important;}&#8221;][vc_column]\n  <div class=\"product-description-block style-dark image-right\">\n    <div class=\"product-description-block-i\">\n        <div class=\"product-description-block-content\">\n          <div class=\"product-description-block-title\">\n                            <div class=\"pdbt-icon\"><img decoding=\"async\" src=\"https:\/\/staging.taski.com\/wp-content\/uploads\/2020\/12\/infection-prevention.svg\" \/><\/div>\n                <div class=\"pdbt-text\">Daha iyi m\u00fc\u015fteri\/misafir\/hasta deneyimi<\/div>\n                      <\/div>\n          <div class=\"product-description-block-text\"><p>Steam SV4, hal\u0131lar ve kuma\u015flar \u00fczerinde de kullan\u0131lmak \u00fczere <strong>derinlemesine temizlik ve leke temizli\u011fi <\/strong> i\u00e7in m\u00fckemmeldir.<\/p>\n<p>Zemin, hal\u0131, dikey veya yatay y\u00fczeyler ve ba\u015fka nereyi temizliyor olursan\u0131z olun, <strong>TASKI Steam di\u011fer makinelerin temizleyemedi\u011fi veya ula\u015famad\u0131\u011f\u0131 yerlere kadar eri\u015fir.<\/strong><\/p>\n<\/div>\n        <\/div>\n        <div class=\"product-description-block-image\" style=\"background-image:url(https:\/\/staging.taski.com\/wp-content\/uploads\/2021\/01\/Steam-fabric-scaled.jpg)\">\n\n        <\/div>\n    <\/div>\n  <\/div>\n  <div class=\"cl-fl\"><\/div>\n\n  <div class=\"product-description-block style-light image-left\">\n    <div class=\"product-description-block-i\">\n        <div class=\"product-description-block-content\">\n          <div class=\"product-description-block-title\">\n                            <div class=\"pdbt-icon\"><img decoding=\"async\" src=\"https:\/\/staging.taski.com\/wp-content\/uploads\/2020\/12\/infection-prevention.svg\" \/><\/div>\n                <div class=\"pdbt-text\">Enfeksiyon \u00f6nleme<\/div>\n                      <\/div>\n          <div class=\"product-description-block-text\"><p><strong>150 dereceye varan<\/strong> kazan s\u0131cakl\u0131\u011f\u0131 ve <strong> temas noktas\u0131nda 80 dereceye varan<\/strong> s\u0131cakl\u0131k sayesinde, SV4 \u00e7ok y\u00fcksek s\u0131cakl\u0131kta termal dezenfeksiyon sa\u011flar.<\/p>\n<\/div>\n        <\/div>\n        <div class=\"product-description-block-image\" style=\"background-image:url(https:\/\/staging.taski.com\/wp-content\/uploads\/2021\/01\/Steam-disinfection.jpg)\">\n\n        <\/div>\n    <\/div>\n  <\/div>\n  <div class=\"cl-fl\"><\/div>\n\n  <div class=\"product-description-block style-dark image-right\">\n    <div class=\"product-description-block-i\">\n        <div class=\"product-description-block-content\">\n          <div class=\"product-description-block-title\">\n                            <div class=\"pdbt-icon\"><img decoding=\"async\" src=\"https:\/\/staging.taski.com\/wp-content\/uploads\/2020\/12\/people-safety.svg\" \/><\/div>\n                <div class=\"pdbt-text\">Markan\u0131z\u0131 ve varl\u0131klar\u0131n\u0131z\u0131 koruyun<\/div>\n                      <\/div>\n          <div class=\"product-description-block-text\"><p><strong>\u0130\u015fletmenizin<\/strong> kuma\u015f malzemeleri, en pahal\u0131 varl\u0131klar\u0131n\u0131zdan biridir.<\/p>\n<p>TASKI Steam, <strong>y\u00fcksek hijyen standartlar\u0131n\u0131z\u0131<\/strong> korumak i\u00e7in <strong>y\u00fcksek s\u0131cakl\u0131kta derinlemesine temizlik ve dezenfeksiyon<\/strong> sa\u011flar.<\/p>\n<\/div>\n        <\/div>\n        <div class=\"product-description-block-image\" style=\"background-image:url(https:\/\/staging.taski.com\/wp-content\/uploads\/2021\/01\/Steam-washrooms.jpg)\">\n\n        <\/div>\n    <\/div>\n  <\/div>\n  <div class=\"cl-fl\"><\/div>\n[\/vc_column][\/vc_row][vc_row][vc_column][vc_row_inner][vc_column_inner]\n  <div class=\"three-cta-block\">\n    <div class=\"three-cta-block-i\">\n      <div class=\"row\">\n        <div class=\"three-cta-block-grid\">\n           <div class=\"three-cta-item\">\n            <div class=\"tci-i\">\n             <div class=\"tci-item-content\">\n                <h5>Sekt\u00f6r<br \/>\n\u00c7\u00f6z\u00fcmlerimizi<br \/>\n<strong>g\u00f6r\u00fcn<\/strong><\/h5>\n                <a href=\"\/products-innovations-solutions\/\"><p>\u00dcR\u00dcNLER, <br \/> \u00c7\u00d6Z\u00dcMLER & <br \/> YEN\u0130L\u0130KLER<\/p><\/a>\n             <\/div>\n            <\/div>\n           <\/div>\n           <div class=\"three-cta-item\">\n            <div class=\"tci-i\">\n             <div class=\"tci-item-content\">\n                <h5><strong>En son<\/strong><br \/>\nTASKI<br \/>\nyeniliklerini g\u00f6r\u00fcn<\/h5>\n                <a href=\"\/shop\/\"><p>TASKI<br \/>MA\u011eAZAM<\/p><\/a>\n             <\/div>\n            <\/div>\n           <\/div>\n           <div class=\"three-cta-item\">\n            <div class=\"tci-i\">\n             <div class=\"tci-item-content\">\n                <h5>Bizimle<br \/>\n<strong>ileti\u015fime<br \/>\nge\u00e7in<\/strong><\/h5>\n                <a href=\"\/news-help-contacts\/\"><p>Ileti\u015fim<\/p><\/a>\n             <\/div>\n            <\/div>\n           <\/div>\n        <\/div>\n      <\/div>\n    <\/div>\n  <\/div>\n  <div class=\"cl-fl\"><\/div>\n[\/vc_column_inner][\/vc_row_inner][\/vc_column][\/vc_row]<\/p>\n<\/div>","protected":false},"excerpt":{"rendered":"<p>[vc_row][vc_column][\/vc_column][\/vc_row][vc_row css=&#8221;.vc_custom_1607709989392{background-color: #fafafa !important;}&#8221;][vc_column][\/vc_column][\/vc_row][vc_row css=&#8221;.vc_custom_1606587476742{padding-top: 80px !important;padding-bottom: 95px !important;}&#8221;][vc_column][\/vc_column][\/vc_row][vc_row][vc_column][vc_row_inner][vc_column_inner][\/vc_column_inner][\/vc_row_inner][\/vc_column][\/vc_row]<\/p>\n","protected":false},"author":1,"featured_media":0,"parent":14785,"menu_order":212,"comment_status":"closed","ping_status":"closed","template":"page-products.php","meta":{"_acf_changed":false,"_seopress_robots_primary_cat":"","_seopress_titles_title":"","_seopress_titles_desc":"","_seopress_robots_index":"","inline_featured_image":false,"footnotes":""},"class_list":["post-14879","page","type-page","status-publish","hentry"],"acf":[],"_links":{"self":[{"href":"https:\/\/staging.taski.com\/tr\/wp-json\/wp\/v2\/pages\/14879","targetHints":{"allow":["GET"]}}],"collection":[{"href":"https:\/\/staging.taski.com\/tr\/wp-json\/wp\/v2\/pages"}],"about":[{"href":"https:\/\/staging.taski.com\/tr\/wp-json\/wp\/v2\/types\/page"}],"author":[{"embeddable":true,"href":"https:\/\/staging.taski.com\/tr\/wp-json\/wp\/v2\/users\/1"}],"replies":[{"embeddable":true,"href":"https:\/\/staging.taski.com\/tr\/wp-json\/wp\/v2\/comments?post=14879"}],"version-history":[{"count":0,"href":"https:\/\/staging.taski.com\/tr\/wp-json\/wp\/v2\/pages\/14879\/revisions"}],"up":[{"embeddable":true,"href":"https:\/\/staging.taski.com\/tr\/wp-json\/wp\/v2\/pages\/14785"}],"wp:attachment":[{"href":"https:\/\/staging.taski.com\/tr\/wp-json\/wp\/v2\/media?parent=14879"}],"curies":[{"name":"wp","href":"https:\/\/api.w.org\/{rel}","templated":true}]}}