{"id":14874,"date":"2020-12-13T13:08:40","date_gmt":"2020-12-13T13:08:40","guid":{"rendered":"https:\/\/taski.com\/urunler-yenilikler-ve-cozumler\/urunler\/hali-bakimi\/"},"modified":"2021-07-26T20:25:45","modified_gmt":"2021-07-26T20:25:45","slug":"hali-bakimi","status":"publish","type":"page","link":"https:\/\/staging.taski.com\/tr\/urunler-yenilikler-ve-cozumler\/urunler\/hali-bakimi\/","title":{"rendered":"Hal\u0131 Bak\u0131m\u0131 Makineleri"},"content":{"rendered":"<div class=\"wpb-content-wrapper\"><p>[vc_row][vc_column]\n  <div class=\"page-intro-block size-fit-image style-dark font-large\">\n         <div class=\"page-intro-block-i\">\n      <div class=\"row\">\n        <div class=\"page-intro-content\">\n            <div class=\"title-block\">\n                                     <h2><span class=\"pt\">Hal\u0131 Bak\u0131m\u0131 Makineleri<\/span>Aquamat ve Procarpet makineleri, s\u0131n\u0131f\u0131n\u0131n en iyi temizlik sonu\u00e7lar\u0131n\u0131 sunmak i\u00e7in <strong>\u00fcst\u00fcn derinlemesine temizlik ve ola\u011fan\u00fcst\u00fc kurutmay\u0131<\/strong> bir araya getirir.<\/h2>\n                                                 <\/div>\n            <div class=\"page-intro-image\">\n                                <div class=\"page-intro-image-alt\">\n                    \n                    <img decoding=\"async\" src=\"https:\/\/staging.taski.com\/wp-content\/uploads\/2020\/12\/T2C0596-1-scaled.jpg\" alt=\"\" \/>\n\n                <\/div>\n            <\/div>\n        <\/div>\n      <\/div>\n\n\n    <\/div>\n  <\/div>\n  <div class=\"cl-fl\"><\/div>\n[\/vc_column][\/vc_row][vc_row css=&#8221;.vc_custom_1607709989392{background-color: #fafafa !important;}&#8221;][vc_column]\n  <div class=\"product-carousel-block\" style=\"\">\n    <div class=\"product-carousel-block-i\">\n\n             <div class=\"product-carousel-filter\">T\u00fcre g\u00f6re filtre uygula &ndash; <a href=\"#\" class=\"active\" data-category=\"*\">T\u00fcm<\/a> | <a href=\"#\" class=\"\" data-category=\"sprey-puskurtme-emme\">Sprey p\u00fcsk\u00fcrtme-emme<\/a> | <a href=\"#\" class=\"\" data-category=\"sprey-firca-puskurtme-emme\">Sprey\/f\u0131r\u00e7a p\u00fcsk\u00fcrtme emme<\/a><\/div>\n     \n     <div class=\"product-carousel-wrapper\">\n      <div class=\"row\">\n       <div class=\"taski-carousel-holder\">\n        <div class=\"product-carousel owl-carousel owl-theme\" id=\"product-carousel\">\n\n           \n            <div class=\"item product-slide sprey-puskurtme-emme carpet-care-tr\">\n              <div class=\"its-i\">\n                <div class=\"media-w\">\n                    <div class=\"image\">\n                      <div class=\"image-i\">\n                                                    <img decoding=\"async\" src=\"https:\/\/staging.taski.com\/wp-content\/uploads\/2020\/12\/8003290_aquamat-10-1.jpg\" \/>\n                                              <\/div>\n                    <\/div>\n                <\/div>\n                <div class=\"text\">\n                    <div class=\"title\">aquamat 10.1<\/div>\n                    <p>Hal\u0131lar ve d\u00f6\u015femeler i\u00e7in k\u00fc\u00e7\u00fck hafif ve sprey ekstraksiyonu<\/p>                    <div class=\"prod-page-view\"><a href=\"https:\/\/staging.taski.com\/tr\/taski-products\/aquamat-10-1\/\" class=\"button\">\u00dcr\u00fcn\u00fc G\u00f6r\u00fcnt\u00fcle<\/a><\/div>\n                <\/div>\n              <\/div>\n\n\n\n            <\/div>\n\n              \n            <div class=\"item product-slide sprey-puskurtme-emme carpet-care-tr\">\n              <div class=\"its-i\">\n                <div class=\"media-w\">\n                    <div class=\"image\">\n                      <div class=\"image-i\">\n                                                    <img decoding=\"async\" src=\"https:\/\/staging.taski.com\/wp-content\/uploads\/2020\/12\/8003450_aquamat20-1.jpg\" \/>\n                                              <\/div>\n                    <\/div>\n                <\/div>\n                <div class=\"text\">\n                    <div class=\"title\">aquamat 20<\/div>\n                    <p>Hal\u0131lar ve d\u00f6\u015femeler i\u00e7in orta kapasiteli sprey ekstraksiyonu<\/p>                    <div class=\"prod-page-view\"><a href=\"https:\/\/staging.taski.com\/tr\/taski-products\/aquamat-20\/\" class=\"button\">\u00dcr\u00fcn\u00fc G\u00f6r\u00fcnt\u00fcle<\/a><\/div>\n                <\/div>\n              <\/div>\n\n\n\n            <\/div>\n\n              \n            <div class=\"item product-slide sprey-firca-puskurtme-emme carpet-care-tr\">\n              <div class=\"its-i\">\n                <div class=\"media-w\">\n                    <div class=\"image\">\n                      <div class=\"image-i\">\n                                                    <img decoding=\"async\" src=\"https:\/\/staging.taski.com\/wp-content\/uploads\/2020\/12\/procarpet-30.jpg\" \/>\n                                              <\/div>\n                    <\/div>\n                <\/div>\n                <div class=\"text\">\n                    <div class=\"title\">procarpet 30<\/div>\n                    <p>A\u011f\u0131r hizmet tipi temizlik i\u00e7in hal\u0131 p\u00fcsk\u00fcrtme-emme\/kaps\u00fclleme ikilisi <\/p>                    <div class=\"prod-page-view\"><a href=\"https:\/\/staging.taski.com\/tr\/taski-products\/procarpet-30\/\" class=\"button\">\u00dcr\u00fcn\u00fc G\u00f6r\u00fcnt\u00fcle<\/a><\/div>\n                <\/div>\n              <\/div>\n\n\n\n            <\/div>\n\n              \n            <div class=\"item product-slide sprey-firca-puskurtme-emme carpet-care-tr\">\n              <div class=\"its-i\">\n                <div class=\"media-w\">\n                    <div class=\"image\">\n                      <div class=\"image-i\">\n                                                    <img decoding=\"async\" src=\"https:\/\/staging.taski.com\/wp-content\/uploads\/2020\/12\/procarpet-45_re-o.jpg\" \/>\n                                              <\/div>\n                    <\/div>\n                <\/div>\n                <div class=\"text\">\n                    <div class=\"title\">procarpet 45<\/div>\n                    <p>Geni\u015f alanlar\u0131n a\u011f\u0131r hizmet tipi temizli\u011fi i\u00e7in b\u00fcy\u00fck 2'si 1 arada \u00e7ift hal\u0131 \u00e7\u0131karma\/kaps\u00fclleme<\/p>                    <div class=\"prod-page-view\"><a href=\"https:\/\/staging.taski.com\/tr\/taski-products\/procarpet-45\/\" class=\"button\">\u00dcr\u00fcn\u00fc G\u00f6r\u00fcnt\u00fcle<\/a><\/div>\n                <\/div>\n              <\/div>\n\n\n\n            <\/div>\n\n              \n\n\n        <\/div>\n        <div id=\"product-carousel-storage\" style=\"display:none !important; height:0;\">\n                       <div class=\"item product-slide sprey-puskurtme-emme carpet-care-tr\">\n              <div class=\"its-i\">\n                <div class=\"media-w\">\n                    <div class=\"image\">\n                      <div class=\"image-i\">\n                                                    <img decoding=\"async\" src=\"https:\/\/staging.taski.com\/wp-content\/uploads\/2020\/12\/8003290_aquamat-10-1.jpg\" \/>\n                                              <\/div>\n                    <\/div>\n                <\/div>\n                <div class=\"text\">\n                    <div class=\"title\">aquamat 10.1<\/div>\n                    <p>Hal\u0131lar ve d\u00f6\u015femeler i\u00e7in k\u00fc\u00e7\u00fck hafif ve sprey ekstraksiyonu<\/p>                    <div class=\"prod-page-view\"><a href=\"https:\/\/staging.taski.com\/tr\/taski-products\/aquamat-10-1\/\" class=\"button\">\u00dcr\u00fcn\u00fc G\u00f6r\u00fcnt\u00fcle<\/a><\/div>\n                <\/div>\n              <\/div>\n            <\/div>\n                          <div class=\"item product-slide sprey-puskurtme-emme carpet-care-tr\">\n              <div class=\"its-i\">\n                <div class=\"media-w\">\n                    <div class=\"image\">\n                      <div class=\"image-i\">\n                                                    <img decoding=\"async\" src=\"https:\/\/staging.taski.com\/wp-content\/uploads\/2020\/12\/8003450_aquamat20-1.jpg\" \/>\n                                              <\/div>\n                    <\/div>\n                <\/div>\n                <div class=\"text\">\n                    <div class=\"title\">aquamat 20<\/div>\n                    <p>Hal\u0131lar ve d\u00f6\u015femeler i\u00e7in orta kapasiteli sprey ekstraksiyonu<\/p>                    <div class=\"prod-page-view\"><a href=\"https:\/\/staging.taski.com\/tr\/taski-products\/aquamat-20\/\" class=\"button\">\u00dcr\u00fcn\u00fc G\u00f6r\u00fcnt\u00fcle<\/a><\/div>\n                <\/div>\n              <\/div>\n            <\/div>\n                          <div class=\"item product-slide sprey-firca-puskurtme-emme carpet-care-tr\">\n              <div class=\"its-i\">\n                <div class=\"media-w\">\n                    <div class=\"image\">\n                      <div class=\"image-i\">\n                                                    <img decoding=\"async\" src=\"https:\/\/staging.taski.com\/wp-content\/uploads\/2020\/12\/procarpet-30.jpg\" \/>\n                                              <\/div>\n                    <\/div>\n                <\/div>\n                <div class=\"text\">\n                    <div class=\"title\">procarpet 30<\/div>\n                    <p>A\u011f\u0131r hizmet tipi temizlik i\u00e7in hal\u0131 p\u00fcsk\u00fcrtme-emme\/kaps\u00fclleme ikilisi <\/p>                    <div class=\"prod-page-view\"><a href=\"https:\/\/staging.taski.com\/tr\/taski-products\/procarpet-30\/\" class=\"button\">\u00dcr\u00fcn\u00fc G\u00f6r\u00fcnt\u00fcle<\/a><\/div>\n                <\/div>\n              <\/div>\n            <\/div>\n                          <div class=\"item product-slide sprey-firca-puskurtme-emme carpet-care-tr\">\n              <div class=\"its-i\">\n                <div class=\"media-w\">\n                    <div class=\"image\">\n                      <div class=\"image-i\">\n                                                    <img decoding=\"async\" src=\"https:\/\/staging.taski.com\/wp-content\/uploads\/2020\/12\/procarpet-45_re-o.jpg\" \/>\n                                              <\/div>\n                    <\/div>\n                <\/div>\n                <div class=\"text\">\n                    <div class=\"title\">procarpet 45<\/div>\n                    <p>Geni\u015f alanlar\u0131n a\u011f\u0131r hizmet tipi temizli\u011fi i\u00e7in b\u00fcy\u00fck 2'si 1 arada \u00e7ift hal\u0131 \u00e7\u0131karma\/kaps\u00fclleme<\/p>                    <div class=\"prod-page-view\"><a href=\"https:\/\/staging.taski.com\/tr\/taski-products\/procarpet-45\/\" class=\"button\">\u00dcr\u00fcn\u00fc G\u00f6r\u00fcnt\u00fcle<\/a><\/div>\n                <\/div>\n              <\/div>\n            <\/div>\n                      <\/div>\n\n        <div class=\"product-carousel-navigation\">\n          <div class=\"nav-left\">\n            <a href=\"#\"><i class=\"fa fa-chevron-left\"><\/i><\/a>\n          <\/div>\n          <div class=\"nav-description\">\n\n          <\/div>\n          <div class=\"nav-right\">\n            <a href=\"#\"><i class=\"fa fa-chevron-right\"><\/i><\/a>\n          <\/div>\n        <\/div>\n       <\/div>\n      <\/div>\n     <\/div>\n\n\n\n\n   <\/div>\n  <\/div>\n  <div class=\"cl-fl\"><\/div>\n[\/vc_column][\/vc_row][vc_row css=&#8221;.vc_custom_1606587476742{padding-top: 80px !important;padding-bottom: 95px !important;}&#8221;][vc_column]\n  <div class=\"product-description-block style-dark image-right\">\n    <div class=\"product-description-block-i\">\n        <div class=\"product-description-block-content\">\n          <div class=\"product-description-block-title\">\n                            <div class=\"pdbt-icon\"><img decoding=\"async\" src=\"https:\/\/staging.taski.com\/wp-content\/uploads\/2021\/02\/people-safety-white.png\" \/><\/div>\n                <div class=\"pdbt-text\">Daha iyi m\u00fc\u015fteri\/misafir\/hasta deneyimi<\/div>\n                      <\/div>\n          <div class=\"product-description-block-text\"><p>TASKI Procarpet serisinin <strong>derin temizleyici f\u0131r\u00e7a etkisi<\/strong> ve <strong>g\u00fc\u00e7l\u00fc \u00e7ift vakum<\/strong>\u00a0noktalar\u0131, <strong>misafirlerinizin, m\u00fc\u015fterilerinizin ve hastalar\u0131n\u0131z\u0131n fark edecekleri m\u00fckemmel temizli\u011fi sunar.<\/strong><\/p>\n<\/div>\n        <\/div>\n        <div class=\"product-description-block-image\" style=\"background-image:url(https:\/\/staging.taski.com\/wp-content\/uploads\/2021\/01\/Carpet-extraction-scaled.jpg)\">\n\n        <\/div>\n    <\/div>\n  <\/div>\n  <div class=\"cl-fl\"><\/div>\n\n  <div class=\"product-description-block style-light image-left\">\n    <div class=\"product-description-block-i\">\n        <div class=\"product-description-block-content\">\n          <div class=\"product-description-block-title\">\n                            <div class=\"pdbt-icon\"><img decoding=\"async\" src=\"https:\/\/staging.taski.com\/wp-content\/uploads\/2020\/12\/brand-protection.svg\" \/><\/div>\n                <div class=\"pdbt-text\">Markan\u0131z\u0131 ve varl\u0131klar\u0131n\u0131z\u0131 koruyun<\/div>\n                      <\/div>\n          <div class=\"product-description-block-text\"><p>K\u00fc\u00e7\u00fck bir lekeyle hemen ilgilenmek, <strong>kal\u0131c\u0131, \u00e7irkin bir<\/strong>\u00a0lekeye d\u00f6n\u00fc\u015fmesini \u00f6nler.<\/p>\n<p>Kullan\u0131m\u0131 kolay ve hafif TASKI Aquamat <strong>dakikalar i\u00e7inde haz\u0131r<\/strong> olur.<\/p>\n<p>Misafirleriniz, m\u00fc\u015fterileriniz ve hastalar\u0131n\u0131z\u0131n hi\u00e7 haberi olmayacak.<\/p>\n<\/div>\n        <\/div>\n        <div class=\"product-description-block-image\" style=\"background-image:url(https:\/\/staging.taski.com\/wp-content\/uploads\/2021\/01\/Spot-cleaning-scaled.jpg)\">\n\n        <\/div>\n    <\/div>\n  <\/div>\n  <div class=\"cl-fl\"><\/div>\n\n  <div class=\"product-description-block style-dark image-right\">\n    <div class=\"product-description-block-i\">\n        <div class=\"product-description-block-content\">\n          <div class=\"product-description-block-title\">\n                            <div class=\"pdbt-icon\"><img decoding=\"async\" src=\"https:\/\/staging.taski.com\/wp-content\/uploads\/2020\/11\/globe.png\" \/><\/div>\n                <div class=\"pdbt-text\">\u0130\u015fletme sermayesi optimizasyonu<\/div>\n                      <\/div>\n          <div class=\"product-description-block-text\"><p>D\u0131\u015far\u0131dan temin edilen hal\u0131 temizli\u011fine <strong>neden \u00e7ok para \u00f6deyesiniz<\/strong>?<\/p>\n<p>TASKI hal\u0131 temizleme makineniz, genellikle <strong>12 aydan daha k\u0131sa bir s\u00fcre i\u00e7inde yapt\u0131\u011f\u0131n\u0131z yat\u0131r\u0131m\u0131n kar\u015f\u0131l\u0131\u011f\u0131n\u0131 verir.<\/strong><\/p>\n<\/div>\n        <\/div>\n        <div class=\"product-description-block-image\" style=\"background-image:url(https:\/\/staging.taski.com\/wp-content\/uploads\/2021\/01\/Carpet-extraction-2-scaled.jpg)\">\n\n        <\/div>\n    <\/div>\n  <\/div>\n  <div class=\"cl-fl\"><\/div>\n[\/vc_column][\/vc_row][vc_row][vc_column][vc_row_inner][vc_column_inner]\n  <div class=\"three-cta-block\">\n    <div class=\"three-cta-block-i\">\n      <div class=\"row\">\n        <div class=\"three-cta-block-grid\">\n           <div class=\"three-cta-item\">\n            <div class=\"tci-i\">\n             <div class=\"tci-item-content\">\n                <h5>Sekt\u00f6r<br \/>\n\u00c7\u00f6z\u00fcmlerimizi<br \/>\n<strong>g\u00f6r\u00fcn<\/strong><\/h5>\n                <a href=\"\/products-innovations-solutions\/\"><p>\u00dcR\u00dcNLER, <br \/> \u00c7\u00d6Z\u00dcMLER & <br \/> YEN\u0130L\u0130KLER<\/p><\/a>\n             <\/div>\n            <\/div>\n           <\/div>\n           <div class=\"three-cta-item\">\n            <div class=\"tci-i\">\n             <div class=\"tci-item-content\">\n                <h5><strong>En son<\/strong><br \/>\nTASKI<br \/>\nyeniliklerini g\u00f6r\u00fcn<\/h5>\n                <a href=\"\/shop\/\"><p>TASKI<br \/>MA\u011eAZAM<\/p><\/a>\n             <\/div>\n            <\/div>\n           <\/div>\n           <div class=\"three-cta-item\">\n            <div class=\"tci-i\">\n             <div class=\"tci-item-content\">\n                <h5>Bizimle<br \/>\n<strong>ileti\u015fime<br \/>\nge\u00e7in<\/strong><\/h5>\n                <a href=\"\/news-help-contacts\/\"><p>Ileti\u015fim<\/p><\/a>\n             <\/div>\n            <\/div>\n           <\/div>\n        <\/div>\n      <\/div>\n    <\/div>\n  <\/div>\n  <div class=\"cl-fl\"><\/div>\n[\/vc_column_inner][\/vc_row_inner][\/vc_column][\/vc_row]<\/p>\n<\/div>","protected":false},"excerpt":{"rendered":"<p>[vc_row][vc_column][\/vc_column][\/vc_row][vc_row css=&#8221;.vc_custom_1607709989392{background-color: #fafafa !important;}&#8221;][vc_column][\/vc_column][\/vc_row][vc_row css=&#8221;.vc_custom_1606587476742{padding-top: 80px !important;padding-bottom: 95px !important;}&#8221;][vc_column][\/vc_column][\/vc_row][vc_row][vc_column][vc_row_inner][vc_column_inner][\/vc_column_inner][\/vc_row_inner][\/vc_column][\/vc_row]<\/p>\n","protected":false},"author":1,"featured_media":0,"parent":14785,"menu_order":280,"comment_status":"closed","ping_status":"closed","template":"page-products.php","meta":{"_acf_changed":false,"_seopress_robots_primary_cat":"","_seopress_titles_title":"","_seopress_titles_desc":"","_seopress_robots_index":"","inline_featured_image":false,"footnotes":""},"class_list":["post-14874","page","type-page","status-publish","hentry"],"acf":[],"_links":{"self":[{"href":"https:\/\/staging.taski.com\/tr\/wp-json\/wp\/v2\/pages\/14874","targetHints":{"allow":["GET"]}}],"collection":[{"href":"https:\/\/staging.taski.com\/tr\/wp-json\/wp\/v2\/pages"}],"about":[{"href":"https:\/\/staging.taski.com\/tr\/wp-json\/wp\/v2\/types\/page"}],"author":[{"embeddable":true,"href":"https:\/\/staging.taski.com\/tr\/wp-json\/wp\/v2\/users\/1"}],"replies":[{"embeddable":true,"href":"https:\/\/staging.taski.com\/tr\/wp-json\/wp\/v2\/comments?post=14874"}],"version-history":[{"count":0,"href":"https:\/\/staging.taski.com\/tr\/wp-json\/wp\/v2\/pages\/14874\/revisions"}],"up":[{"embeddable":true,"href":"https:\/\/staging.taski.com\/tr\/wp-json\/wp\/v2\/pages\/14785"}],"wp:attachment":[{"href":"https:\/\/staging.taski.com\/tr\/wp-json\/wp\/v2\/media?parent=14874"}],"curies":[{"name":"wp","href":"https:\/\/api.w.org\/{rel}","templated":true}]}}