{"id":14864,"date":"2020-12-05T13:20:18","date_gmt":"2020-12-05T13:20:18","guid":{"rendered":"https:\/\/taski.com\/neden-taski\/uzman-tavsiyesi\/hali-bakim-uzmanligi\/"},"modified":"2021-08-06T13:07:45","modified_gmt":"2021-08-06T13:07:45","slug":"hali-bakim-uzmanligi","status":"publish","type":"page","link":"https:\/\/staging.taski.com\/tr\/neden-taski\/uzman-tavsiyesi\/hali-bakim-uzmanligi\/","title":{"rendered":"Hal\u0131 Bak\u0131m Uzmanl\u0131\u011f\u0131"},"content":{"rendered":"<div class=\"wpb-content-wrapper\"><p>[vc_row][vc_column]\n  <div class=\"main-banner-block full-width content-video-no\" style=\"background-image:url(https:\/\/staging.taski.com\/wp-content\/uploads\/2020\/12\/virtual-carpet-care-expert-1.jpg);\">\n         <div class=\"main-banner-block-i\">\n      <div class=\"row\">\n       <div class=\"mbb-fl\">\n        <div class=\"main-banner-block-content\">\n            <h2>Hal\u0131 ve kuma\u015f y\u00fczeyleri s\u0131k s\u0131k temizlik ve bak\u0131ma ihtiya\u00e7 duyar.<br \/>\nTASKI uzmanlar\u0131, hal\u0131lar\u0131n\u0131z ve kuma\u015flar\u0131n\u0131z i\u00e7in en iyi \u00fcr\u00fcnler hakk\u0131nda en iyi uygulama ve tavsiyelerde yard\u0131mc\u0131 olmak i\u00e7in buradalar.<\/h2>\n            <div class=\"button-wrapper\">\n                        <\/div>\n        <\/div>\n               <\/div>\n      <\/div>\n\n\n    <\/div>\n  <\/div>\n  <div class=\"cl-fl\"><\/div>\n[\/vc_column][\/vc_row][vc_row][vc_column]\n  <div class=\"page-description-block style-dark\">\n    <div class=\"page-description-block-i\">\n      <div class=\"row\">\n        <div class=\"page-description-content\">\n          <p>[page_description_block]<\/p>\n<h2>Sanal hal\u0131 bak\u0131m uzman\u0131<\/h2>\n<p><img alt=\"\" loading=\"lazy\" decoding=\"async\" class=\"size-medium wp-image-2676 alignnone\" src=\"https:\/\/taski.com\/wp-content\/uploads\/2021\/01\/CarpetedStairs-300x200.jpg\" alt=\"\" width=\"300\" height=\"200\" \/><\/p>\n<p><strong>Vakumlama<\/strong><\/p>\n<p>Toprakaj\u0131n % 80&#8217;i giri\u015finden bir binaya girer. Giri\u015f matla\u015fman\u0131n \u00f6nemini asla unutmay\u0131n. Temizlik m\u00fckemmelli\u011fi i\u00e7in her zaman bir TASKI dik elektrikli s\u00fcp\u00fcrge se\u00e7in, vakum ve mekanik f\u0131r\u00e7a eyleminin kombinasyonu daha \u00fcst\u00fcnd\u00fcr.<\/p>\n<p><img alt=\"\" loading=\"lazy\" decoding=\"async\" class=\"size-medium wp-image-2319 alignnone\" src=\"https:\/\/taski.com\/wp-content\/uploads\/2020\/12\/HOSPITALITY_21_CARPET_VACUUM_CLEANING-200x300.jpg\" alt=\"\" width=\"200\" height=\"300\" \/><\/p>\n<p>Merdivenlerde ve ta\u015f\u0131ma temizli\u011finde g\u00fcvenlik ve \u00fcretkenlik i\u00e7in TASKI s\u0131rt tipi elektrikli s\u00fcp\u00fcrgeyi tercih etti.<\/p>\n<p><img alt=\"\" loading=\"lazy\" decoding=\"async\" class=\"size-medium wp-image-2352 alignnone\" src=\"https:\/\/taski.com\/wp-content\/uploads\/2020\/12\/TASKI-Aero-Up-Still-7-1-300x169.jpg\" alt=\"\" width=\"300\" height=\"169\" \/><\/p>\n<p><strong>HEPA Filtreleri<\/strong><\/p>\n<p>En iyi uygulama, i\u00e7 mekan hava kalitesini art\u0131ran ve k\u00fc\u00e7\u00fck partik\u00fcllerin ve kirleticilerin% 99,95&#8217;ini filtreleyen TASKI HEPA H13 Filtrelerini kullanmakt\u0131r.<\/p>\n<p><img alt=\"\" loading=\"lazy\" decoding=\"async\" class=\"size-medium wp-image-2645 alignnone\" src=\"https:\/\/taski.com\/wp-content\/uploads\/2020\/12\/AERO-HEPA-Filter_Scenic2-300x300.png\" alt=\"\" width=\"300\" height=\"300\" srcset=\"https:\/\/staging.taski.com\/wp-content\/uploads\/2020\/12\/AERO-HEPA-Filter_Scenic2-300x300.png 300w, https:\/\/staging.taski.com\/wp-content\/uploads\/2020\/12\/AERO-HEPA-Filter_Scenic2-100x100.png 100w, https:\/\/staging.taski.com\/wp-content\/uploads\/2020\/12\/AERO-HEPA-Filter_Scenic2-600x600.png 600w, https:\/\/staging.taski.com\/wp-content\/uploads\/2020\/12\/AERO-HEPA-Filter_Scenic2.png 800w\" sizes=\"auto, (max-width: 300px) 100vw, 300px\" \/><\/p>\n<p><strong>Ara temizlik<\/strong><\/p>\n<p>TASKI procarpet kaps\u00fclleme, hal\u0131lar\u0131 \u0131slak ve odalar\u0131 hareketsiz b\u0131rakmadan hal\u0131lar\u0131 temizlemek i\u00e7in kuru k\u00f6p\u00fck kullan\u0131r. 1 saatten daha k\u0131sa bir s\u00fcrede kuru TASKI kaps\u00fclleme, ihtiya\u00e7 duyuldu\u011funda veya y\u0131l boyunca d\u00fczenli bir temizlik program\u0131n\u0131n bir par\u00e7as\u0131 oldu\u011funda giri\u015fler, koridorlar ve trafik \u015feritleri i\u00e7in m\u00fckemmel bir y\u00f6ntemdir. TASKI K\u00f6p\u00fck jenerat\u00f6r\u00fc ve hal\u0131 kayma\u011f\u0131 pedleri ile TASKI ergodisc kullanan kuru k\u00f6p\u00fck, hal\u0131lar\u0131n \u00fcst y\u00fczeyini hafif\u00e7e temizlemek i\u00e7in de kullan\u0131labilir ve dakikalar i\u00e7inde kurur.<\/p>\n<p><strong><img alt=\"\" loading=\"lazy\" decoding=\"async\" class=\"size-medium wp-image-1879 alignnone\" src=\"https:\/\/taski.com\/wp-content\/uploads\/2021\/01\/Carpet-extraction-300x200.jpg\" alt=\"\" width=\"300\" height=\"200\" \/><\/strong><\/p>\n<p><strong>Periyodik temizlik<\/strong><\/p>\n<p>TASKI procarpet makineleri ayr\u0131ca hal\u0131lar\u0131n ve baz\u0131 sa\u011flam kuma\u015flar\u0131n so\u011fuk su ekstraksiyonu ile derin \u015fampuanlanmas\u0131 i\u00e7in de kullan\u0131lmaktad\u0131r. TASKI Kuru Buharl\u0131 temizleyici, kan\u0131tlanm\u0131\u015f temizlik ve sanitasyon i\u00e7in y\u00fcksek bas\u0131n\u00e7l\u0131, y\u00fcksek s\u0131cakl\u0131kta buhar sa\u011flar. TASKI ergodisc &amp; k\u00f6p\u00fck jenerat\u00f6rleri, derin t\u00fcy temizli\u011fi i\u00e7in TASKI kuru k\u00f6p\u00fck \u015fampuan\u0131 ve yumu\u015fak \u015fampuan f\u0131r\u00e7as\u0131 ile de kullan\u0131labilir<br \/>\n\u00e7\u0131karman\u0131n m\u00fcmk\u00fcn olmad\u0131\u011f\u0131 durumlarda.<\/p>\n<p><strong><img alt=\"\" loading=\"lazy\" decoding=\"async\" class=\"alignnone size-medium wp-image-2356\" src=\"https:\/\/taski.com\/wp-content\/uploads\/2020\/12\/Carpet-extraction-2-300x200.jpg\" alt=\"\" width=\"300\" height=\"200\" \/><\/strong><\/p>\n<p><strong>Daha fazla uzman tavsiyesi i\u00e7in Hal\u0131 Bak\u0131m Bro\u015f\u00fcr\u00fcm\u00fcz\u00fc veya Teknik \u0130ncelemelerimizi indirin. Veya Diversey Carpet Care kimyasallar\u0131 hakk\u0131nda daha ayr\u0131nt\u0131l\u0131 bilgi i\u00e7in <a href=\"https:\/\/diversey.com\/en\/solutions\/floor-care\/carpet-care\">buraya t\u0131klay\u0131n<\/a><\/strong><\/p>\n        <\/div>\n      <\/div>\n    <\/div>\n  <\/div>\n  <div class=\"cl-fl\"><\/div>\n[\/vc_column][\/vc_row][vc_row css=&#8221;.vc_custom_1607164076720{padding-top: 90px !important;padding-bottom: 190px !important;}&#8221;][vc_column][vc_column_text css=&#8221;.vc_custom_1608052634412{padding-bottom: 90px !important;}&#8221;]<\/p>\n<h2 style=\"text-align: center;\">Indirme<\/h2>\n<p>[\/vc_column_text][vc_row_inner css=&#8221;.vc_custom_1607161003581{padding-bottom: 50px !important;}&#8221;][vc_column_inner width=&#8221;1\/3&#8243;]  <div class=\"feature-icon-w\">\n    <div class=\"feature-icon-i\">\n     <a href=\"https:\/\/taski.com\/wp-content\/uploads\/2020\/12\/Carpet-Care-Brochure.pdf\" target=\"_blank\">       <div class=\"feature-tbl\">\n        <div class=\"feature-cell image-cell\">\n          <img decoding=\"async\" class=\"aligncenter size-full\" alt=\"\" src=\"https:\/\/staging.taski.com\/wp-content\/uploads\/2020\/12\/icon-document.png\"\/>\n        <\/div>\n        <div class=\"feature-cell description-cell\">\n          <p>Hal\u0131 Bak\u0131m Bro\u015f\u00fcr\u00fc<\/p>\n        <\/div>\n       <\/div>\n        <\/a>       <div class=\"cl-fl\"><\/div>\n    <\/div>\n  <\/div>\n[\/vc_column_inner][vc_column_inner width=&#8221;1\/3&#8243;]  <div class=\"feature-icon-w\">\n    <div class=\"feature-icon-i\">\n     <a href=\"https:\/\/taski.com\/wp-content\/uploads\/2020\/12\/Carpet-Care-COVID-19.pdf\" target=\"_blank\">       <div class=\"feature-tbl\">\n        <div class=\"feature-cell image-cell\">\n          <img decoding=\"async\" class=\"aligncenter size-full\" alt=\"\" src=\"https:\/\/staging.taski.com\/wp-content\/uploads\/2020\/12\/icon-document.png\"\/>\n        <\/div>\n        <div class=\"feature-cell description-cell\">\n          <p>Carpet Care &amp; COVID 19 Brochure<\/p>\n        <\/div>\n       <\/div>\n        <\/a>       <div class=\"cl-fl\"><\/div>\n    <\/div>\n  <\/div>\n[\/vc_column_inner][vc_column_inner width=&#8221;1\/3&#8243;]  <div class=\"feature-icon-w\">\n    <div class=\"feature-icon-i\">\n     <a href=\"https:\/\/taski.com\/wp-content\/uploads\/2020\/12\/HEPA-Filter-Brochure.pdf\" target=\"_blank\">       <div class=\"feature-tbl\">\n        <div class=\"feature-cell image-cell\">\n          <img decoding=\"async\" class=\"aligncenter size-full\" alt=\"\" src=\"https:\/\/staging.taski.com\/wp-content\/uploads\/2020\/12\/icon-document.png\"\/>\n        <\/div>\n        <div class=\"feature-cell description-cell\">\n          <p>HEPA Filtration Brochure<\/p>\n        <\/div>\n       <\/div>\n        <\/a>       <div class=\"cl-fl\"><\/div>\n    <\/div>\n  <\/div>\n[\/vc_column_inner][\/vc_row_inner][vc_row_inner][vc_column_inner width=&#8221;1\/3&#8243;]  <div class=\"feature-icon-w\">\n    <div class=\"feature-icon-i\">\n     <a href=\"https:\/\/taski.com\/wp-content\/uploads\/2020\/12\/AERO-Vacuum-IAQ-Whitepaper.pdf\" target=\"_blank\">       <div class=\"feature-tbl\">\n        <div class=\"feature-cell image-cell\">\n          <img decoding=\"async\" class=\"aligncenter size-full\" alt=\"\" src=\"https:\/\/staging.taski.com\/wp-content\/uploads\/2020\/12\/icon-document.png\"\/>\n        <\/div>\n        <div class=\"feature-cell description-cell\">\n          <p>AERO Vacuum Indoor Air Quality Whitepaper<\/p>\n        <\/div>\n       <\/div>\n        <\/a>       <div class=\"cl-fl\"><\/div>\n    <\/div>\n  <\/div>\n[\/vc_column_inner][vc_column_inner width=&#8221;1\/3&#8243;]  <div class=\"feature-icon-w\">\n    <div class=\"feature-icon-i\">\n     <a href=\"https:\/\/taski.com\/wp-content\/uploads\/2020\/12\/AERO-Vacuum-Day-Time-Cleaning-Whitepaper.pdf\" target=\"_blank\">       <div class=\"feature-tbl\">\n        <div class=\"feature-cell image-cell\">\n          <img decoding=\"async\" class=\"aligncenter size-full\" alt=\"\" src=\"https:\/\/staging.taski.com\/wp-content\/uploads\/2020\/12\/icon-document.png\"\/>\n        <\/div>\n        <div class=\"feature-cell description-cell\">\n          <p>AERO Vacuum Day Time Cleaning Whitepaper<\/p>\n        <\/div>\n       <\/div>\n        <\/a>       <div class=\"cl-fl\"><\/div>\n    <\/div>\n  <\/div>\n[\/vc_column_inner][vc_column_inner width=&#8221;1\/3&#8243;]  <div class=\"feature-icon-w\">\n    <div class=\"feature-icon-i\">\n     <a href=\"https:\/\/taski.com\/wp-content\/uploads\/2020\/12\/Day-Time-Cleaning-Brochure-.pdf\" target=\"_blank\">       <div class=\"feature-tbl\">\n        <div class=\"feature-cell image-cell\">\n          <img decoding=\"async\" class=\"aligncenter size-full\" alt=\"\" src=\"https:\/\/staging.taski.com\/wp-content\/uploads\/2020\/12\/icon-document.png\"\/>\n        <\/div>\n        <div class=\"feature-cell description-cell\">\n          <p>Day Time Cleaning Brochure<\/p>\n        <\/div>\n       <\/div>\n        <\/a>       <div class=\"cl-fl\"><\/div>\n    <\/div>\n  <\/div>\n[\/vc_column_inner][\/vc_row_inner][\/vc_column][\/vc_row][vc_row css=&#8221;.vc_custom_1607327415736{background-color: #fafafa !important;}&#8221;][vc_column]\n  <div class=\"two-cta-block\">\n    <div class=\"two-cta-block-i\">\n      <div class=\"row\">\n        <div class=\"two-cta-block-grid\">\n           <div class=\"two-cta-item\">\n            <div class=\"tci-i\">\n             <div class=\"tci-item-content\">\n                <h5><strong>Want to get in touch or<\/strong> see our Industry white papers<\/h5>\n                <a href=\"\/news-help-contacts\/ask-paul-contact\/\"><p>CONTACT US<\/p><\/a>\n             <\/div>\n            <\/div>\n           <\/div>\n           <div class=\"two-cta-item\">\n            <div class=\"tci-i\">\n             <div class=\"tci-item-content\">\n                <h5>Got a question? <strong>Check out our FAQs<\/strong> or get in contact with one of our experts.<\/h5>\n                <a href=\"\/faq\/\"><p>FAQ's<\/p><\/a>\n             <\/div>\n            <\/div>\n           <\/div>\n        <\/div>\n      <\/div>\n    <\/div>\n  <\/div>\n  <div class=\"cl-fl\"><\/div>\n[\/vc_column][\/vc_row]<\/p>\n<\/div>","protected":false},"excerpt":{"rendered":"<p>Hal\u0131lar ve kuma\u015f y\u00fczeylerin s\u0131k temizlenmesi ve bak\u0131mlar\u0131n\u0131n sa\u011flanmas\u0131 gerekir. TASKI uzmanlar\u0131, hal\u0131lar\u0131n\u0131z ve kuma\u015flar\u0131n\u0131z i\u00e7in en iyi uygulama ve en iyi \u00fcr\u00fcnlerle ilgili tavsiyelerle yard\u0131ma haz\u0131rd\u0131r.<\/p>\n","protected":false},"author":1,"featured_media":4756,"parent":14766,"menu_order":671,"comment_status":"closed","ping_status":"closed","template":"","meta":{"_acf_changed":false,"_seopress_robots_primary_cat":"","_seopress_titles_title":"","_seopress_titles_desc":"","_seopress_robots_index":"","inline_featured_image":false,"footnotes":""},"class_list":["post-14864","page","type-page","status-publish","has-post-thumbnail","hentry"],"acf":[],"_links":{"self":[{"href":"https:\/\/staging.taski.com\/tr\/wp-json\/wp\/v2\/pages\/14864","targetHints":{"allow":["GET"]}}],"collection":[{"href":"https:\/\/staging.taski.com\/tr\/wp-json\/wp\/v2\/pages"}],"about":[{"href":"https:\/\/staging.taski.com\/tr\/wp-json\/wp\/v2\/types\/page"}],"author":[{"embeddable":true,"href":"https:\/\/staging.taski.com\/tr\/wp-json\/wp\/v2\/users\/1"}],"replies":[{"embeddable":true,"href":"https:\/\/staging.taski.com\/tr\/wp-json\/wp\/v2\/comments?post=14864"}],"version-history":[{"count":0,"href":"https:\/\/staging.taski.com\/tr\/wp-json\/wp\/v2\/pages\/14864\/revisions"}],"up":[{"embeddable":true,"href":"https:\/\/staging.taski.com\/tr\/wp-json\/wp\/v2\/pages\/14766"}],"wp:featuredmedia":[{"embeddable":true,"href":"https:\/\/staging.taski.com\/tr\/wp-json\/wp\/v2\/media\/4756"}],"wp:attachment":[{"href":"https:\/\/staging.taski.com\/tr\/wp-json\/wp\/v2\/media?parent=14864"}],"curies":[{"name":"wp","href":"https:\/\/api.w.org\/{rel}","templated":true}]}}