{"id":14863,"date":"2020-12-05T13:21:31","date_gmt":"2020-12-05T13:21:31","guid":{"rendered":"https:\/\/taski.com\/neden-taski\/uzman-tavsiyesi\/gunahkarin-cemberi\/"},"modified":"2021-08-06T09:47:19","modified_gmt":"2021-08-06T09:47:19","slug":"sinner-cemberi","status":"publish","type":"page","link":"https:\/\/staging.taski.com\/tr\/neden-taski\/uzman-tavsiyesi\/sinner-cemberi\/","title":{"rendered":"Temizlik \u00c7emberi"},"content":{"rendered":"<div class=\"wpb-content-wrapper\"><p>[vc_row][vc_column]\n  <div class=\"main-banner-block full-width content-video-no\" style=\"background-image:url(https:\/\/staging.taski.com\/wp-content\/uploads\/2021\/01\/TASKI-Twister-image.png);\">\n         <div class=\"main-banner-block-i\">\n      <div class=\"row\">\n       <div class=\"mbb-fl\">\n        <div class=\"main-banner-block-content\">\n            <h2>Sinner \u00c7emberi ya da temizlik \u00e7emberi,<br \/>\nd\u00f6rt temel fakt\u00f6rden olu\u015fur:<br \/>\nMekanik + Kimyasal + S\u0131cakl\u0131k + Zaman<\/h2>\n            <div class=\"button-wrapper\">\n                        <\/div>\n        <\/div>\n               <\/div>\n      <\/div>\n\n\n    <\/div>\n  <\/div>\n  <div class=\"cl-fl\"><\/div>\n[\/vc_column][\/vc_row][vc_row][vc_column]\n  <div class=\"page-description-block style-dark\">\n    <div class=\"page-description-block-i\">\n      <div class=\"row\">\n        <div class=\"page-description-content\">\n          <\/div><\/div><\/div><\/div><\/p>\n<h2>Temizlikte m\u00fckemmeliyet i\u00e7in makineler, kimyasallar ve ara\u00e7lar\u0131n tam sinerjilerini sunuyoruz<\/h2>\n<p>Ger\u00e7ekten eksiksiz ve en iyi temizlik program\u0131n\u0131 sunmak i\u00e7in, i\u015fi yapacak en iyi ara\u00e7lara ihtiyac\u0131n\u0131z var. Sadece Diversey size makine, ara\u00e7 ve kimyasallardan olu\u015fan benzersiz paketi sunar.<\/p>\n<p><strong>Diversey Kimyasallar\u0131:<\/strong><br \/>\nDiversey zemin ve hal\u0131 bak\u0131m kimyasallar\u0131, ola\u011fan\u00fcst\u00fc temizlik sonu\u00e7lar\u0131 sunar ve d\u00fcnya \u00e7ap\u0131nda bulunabilir.<\/p>\n<p><img alt=\"\" loading=\"lazy\" decoding=\"async\" class=\"wp-image-2670 alignnone\" src=\"https:\/\/taski.com\/wp-content\/uploads\/2021\/01\/Chemical-image-1-300x200.jpg\" alt=\"\" width=\"512\" height=\"341\" \/><\/p>\n<p><strong>Diversey Zemin Bak\u0131m\u0131 Kimyasallar\u0131 hakk\u0131nda ayr\u0131nt\u0131l\u0131 bilgi i\u00e7in <a href=\"https:\/\/diversey.com\/en\/solutions\/floor-care\">buraya t\u0131klay\u0131n.<\/a><\/strong><\/p>\n<p><strong>Diversey Temizlik Ara\u00e7lar\u0131:<\/strong><br \/>\nDiversey\u2019nin son teknoloji temizlik ekipman\u0131 aras\u0131nda Twister elmas pedler, Americo geleneksel pedler ve Jonmaster ultra mikrofiber bez yer al\u0131r.<\/p>\n<p><img alt=\"\" loading=\"lazy\" decoding=\"async\" class=\"wp-image-2672 alignnone\" src=\"https:\/\/taski.com\/wp-content\/uploads\/2021\/01\/Twister-2-300x243.png\" alt=\"\" width=\"512\" height=\"415\" \/><\/p>\n<p><strong>Diversey Temizleme Ara\u00e7lar\u0131 hakk\u0131nda ayr\u0131nt\u0131l\u0131 bilgi i\u00e7in <a href=\"https:\/\/diversey.com\/en\/solutions\/building-care\/cleaning-tools\">buraya t\u0131klay\u0131n.<\/a><\/strong><\/p>\n<p><strong>Twister hakk\u0131nda ayr\u0131nt\u0131l\u0131 bilgi i\u00e7in <a href=\"https:\/\/diversey.com\/en\/solutions\/floor-care\/twister\">buraya t\u0131klay\u0131n.<\/a><\/strong><\/p>\n        <\/div>\n      \n    \n  \n  <div class=\"cl-fl\"><\/div>\n[\/vc_column][\/vc_row][vc_row css=&#8221;.vc_custom_1607164076720{padding-top: 90px !important;padding-bottom: 190px !important;}&#8221;][vc_column][vc_column_text css=&#8221;.vc_custom_1608052576991{padding-bottom: 90px !important;}&#8221;]\n<h2 style=\"text-align: center;\">\u0130ndirilecek Dosyalar<\/h2>\n<p>[\/vc_column_text][vc_row_inner css=&#8221;.vc_custom_1607161003581{padding-bottom: 50px !important;}&#8221;][vc_column_inner width=&#8221;1\/3&#8243;]  <div class=\"feature-icon-w\">\n    <div class=\"feature-icon-i\">\n     <a href=\"https:\/\/taski.com\/wp-content\/uploads\/2020\/12\/Machanical-Cleaning-Brochure.pdf\" target=\"_blank\">       <div class=\"feature-tbl\">\n        <div class=\"feature-cell image-cell\">\n          <img decoding=\"async\" class=\"aligncenter size-full\" alt=\"\" src=\"https:\/\/staging.taski.com\/wp-content\/uploads\/2020\/12\/icon-document.png\"\/>\n        <\/div>\n        <div class=\"feature-cell description-cell\">\n          <p>Mekanik Temizleme Bro\u015f\u00fcr\u00fc<\/p>\n        <\/div>\n       <\/div>\n        <\/a>       <div class=\"cl-fl\"><\/div>\n    <\/div>\n  <\/div>\n[\/vc_column_inner][vc_column_inner width=&#8221;1\/3&#8243;]  <div class=\"feature-icon-w\">\n    <div class=\"feature-icon-i\">\n     <a href=\"https:\/\/taski.com\/wp-content\/uploads\/2020\/12\/TASKI-Twister-Brochure.pdf\" target=\"_blank\">       <div class=\"feature-tbl\">\n        <div class=\"feature-cell image-cell\">\n          <img decoding=\"async\" class=\"aligncenter size-full\" alt=\"\" src=\"https:\/\/staging.taski.com\/wp-content\/uploads\/2020\/12\/icon-document.png\"\/>\n        <\/div>\n        <div class=\"feature-cell description-cell\">\n          <p>TASKI ve Twister Bro\u015f\u00fcr\u00fc<\/p>\n        <\/div>\n       <\/div>\n        <\/a>       <div class=\"cl-fl\"><\/div>\n    <\/div>\n  <\/div>\n[\/vc_column_inner][vc_column_inner width=&#8221;1\/3&#8243;][\/vc_column_inner][\/vc_row_inner][\/vc_column][\/vc_row][vc_row css=&#8221;.vc_custom_1607327415736{background-color: #fafafa !important;}&#8221;][vc_column]\n  <div class=\"two-cta-block\">\n    <div class=\"two-cta-block-i\">\n      <div class=\"row\">\n        <div class=\"two-cta-block-grid\">\n           <div class=\"two-cta-item\">\n            <div class=\"tci-i\">\n             <div class=\"tci-item-content\">\n                <h5><strong>\u0130leti\u015fim kurmak veya<\/strong> Sekt\u00f6r raporlar\u0131m\u0131z\u0131 g\u00f6rmek i\u00e7in<\/h5>\n                <a href=\"\/news-help-contacts\/ask-paul-contact\/\"><p>B\u0130ZE ULA\u015eIN<\/p><\/a>\n             <\/div>\n            <\/div>\n           <\/div>\n           <div class=\"two-cta-item\">\n            <div class=\"tci-i\">\n             <div class=\"tci-item-content\">\n                <h5>Sorunuz mu var?<br \/>\n<strong>SSS\u2019\u0131m\u0131za g\u00f6z at\u0131n<\/strong> veya uzmanlar\u0131m\u0131zdan biriyle ileti\u015fim kurun<\/h5>\n                <a href=\"\/faq\/\"><p>SSS<\/p><\/a>\n             <\/div>\n            <\/div>\n           <\/div>\n        <\/div>\n      <\/div>\n    <\/div>\n  <\/div>\n  <div class=\"cl-fl\"><\/div>\n[\/vc_column][\/vc_row]<\/p>\n","protected":false},"excerpt":{"rendered":"<p>TASKI ve Diversey olarak temizlik ve hijyenin t\u00fcm y\u00f6nlerini ger\u00e7ekten anl\u0131yoruz. Kapsaml\u0131 portf\u00f6y\u00fcm\u00fcz, eksiksiz hijyen orta\u011f\u0131n\u0131z olmak i\u00e7in ideal konumda oldu\u011fumuzu g\u00f6steriyor.<\/p>\n","protected":false},"author":1,"featured_media":5924,"parent":14766,"menu_order":412,"comment_status":"closed","ping_status":"closed","template":"","meta":{"_acf_changed":false,"_seopress_robots_primary_cat":"","_seopress_titles_title":"","_seopress_titles_desc":"","_seopress_robots_index":"","inline_featured_image":false,"footnotes":""},"class_list":["post-14863","page","type-page","status-publish","has-post-thumbnail","hentry"],"acf":[],"_links":{"self":[{"href":"https:\/\/staging.taski.com\/tr\/wp-json\/wp\/v2\/pages\/14863","targetHints":{"allow":["GET"]}}],"collection":[{"href":"https:\/\/staging.taski.com\/tr\/wp-json\/wp\/v2\/pages"}],"about":[{"href":"https:\/\/staging.taski.com\/tr\/wp-json\/wp\/v2\/types\/page"}],"author":[{"embeddable":true,"href":"https:\/\/staging.taski.com\/tr\/wp-json\/wp\/v2\/users\/1"}],"replies":[{"embeddable":true,"href":"https:\/\/staging.taski.com\/tr\/wp-json\/wp\/v2\/comments?post=14863"}],"version-history":[{"count":0,"href":"https:\/\/staging.taski.com\/tr\/wp-json\/wp\/v2\/pages\/14863\/revisions"}],"up":[{"embeddable":true,"href":"https:\/\/staging.taski.com\/tr\/wp-json\/wp\/v2\/pages\/14766"}],"wp:featuredmedia":[{"embeddable":true,"href":"https:\/\/staging.taski.com\/tr\/wp-json\/wp\/v2\/media\/5924"}],"wp:attachment":[{"href":"https:\/\/staging.taski.com\/tr\/wp-json\/wp\/v2\/media?parent=14863"}],"curies":[{"name":"wp","href":"https:\/\/api.w.org\/{rel}","templated":true}]}}