{"id":14861,"date":"2020-12-05T13:19:51","date_gmt":"2020-12-05T13:19:51","guid":{"rendered":"https:\/\/taski.com\/neden-taski\/uzman-tavsiyesi\/zemin-bakimi-uzmanligi\/"},"modified":"2022-09-14T15:47:31","modified_gmt":"2022-09-14T15:47:31","slug":"zemin-bakimi-uzmanligi","status":"publish","type":"page","link":"https:\/\/staging.taski.com\/tr\/neden-taski\/uzman-tavsiyesi\/zemin-bakimi-uzmanligi\/","title":{"rendered":"Zemin Bak\u0131m\u0131 Uzmanl\u0131\u011f\u0131"},"content":{"rendered":"<div class=\"wpb-content-wrapper\"><p>[vc_row][vc_column]\n  <div class=\"main-banner-block full-width content-video-no\" style=\"background-image:url(https:\/\/staging.taski.com\/wp-content\/uploads\/2020\/12\/virtual-floor-care-expert-1.jpg);\">\n         <div class=\"main-banner-block-i\">\n      <div class=\"row\">\n       <div class=\"mbb-fl\">\n        <div class=\"main-banner-block-content\">\n            <h2>TASKI'de makinelerimizi sat\u0131n al\u0131rken kendi kat bak\u0131m uzman\u0131n\u0131z\u0131 \u00fccretsiz olarak al\u0131rs\u0131n\u0131z! Ultimate temizleme makinelerinin sinerjilerinden son teknoloji zemin bak\u0131m kimyasallar\u0131yla yararlanaca\u011f\u0131z.<\/h2>\n            <div class=\"button-wrapper\">\n                        <\/div>\n        <\/div>\n               <\/div>\n      <\/div>\n\n\n    <\/div>\n  <\/div>\n  <div class=\"cl-fl\"><\/div>\n[\/vc_column][\/vc_row][vc_row][vc_column]\n  <div class=\"page-description-block style-dark\">\n    <div class=\"page-description-block-i\">\n      <div class=\"row\">\n        <div class=\"page-description-content\">\n          <p>\n[page_description_block]<\/p>\n<h2>Sanal Zemin Bak\u0131m Uzman\u0131<\/h2>\n<p>\u0130lk izlenimler say\u0131l\u0131r. Herhangi bir binan\u0131n yap\u0131 kuma\u015f\u0131 sahibi hakk\u0131nda her \u015feyi s\u00f6yler. Baz\u0131lar\u0131 en y\u00fcksek kaliteye, en l\u00fckse ve tipik olarak en pahal\u0131 yap\u0131 malzemelerine milyonlarca dolar harc\u0131yor.<\/p>\n<p><img alt=\"\" loading=\"lazy\" decoding=\"async\" class=\"alignnone wp-image-6286\" src=\"https:\/\/taski.com\/wp-content\/uploads\/2021\/01\/Airport_Hallway_Flooring1-1.jpg\" alt=\"\" width=\"300\" height=\"201\" srcset=\"https:\/\/staging.taski.com\/wp-content\/uploads\/2021\/01\/Airport_Hallway_Flooring1-1.jpg 1200w, https:\/\/staging.taski.com\/wp-content\/uploads\/2021\/01\/Airport_Hallway_Flooring1-1-600x402.jpg 600w\" sizes=\"auto, (max-width: 300px) 100vw, 300px\" \/><img alt=\"\" loading=\"lazy\" decoding=\"async\" class=\"alignnone wp-image-6288\" src=\"https:\/\/taski.com\/wp-content\/uploads\/2021\/01\/Marmorboden.jpg\" alt=\"\" width=\"302\" height=\"202\" srcset=\"https:\/\/staging.taski.com\/wp-content\/uploads\/2021\/01\/Marmorboden.jpg 1694w, https:\/\/staging.taski.com\/wp-content\/uploads\/2021\/01\/Marmorboden-600x401.jpg 600w\" sizes=\"auto, (max-width: 302px) 100vw, 302px\" \/><img alt=\"\" loading=\"lazy\" decoding=\"async\" class=\"alignnone wp-image-6290\" src=\"https:\/\/taski.com\/wp-content\/uploads\/2021\/01\/Hotelpool-scaled.jpg\" alt=\"\" width=\"302\" height=\"200\" srcset=\"https:\/\/staging.taski.com\/wp-content\/uploads\/2021\/01\/Hotelpool-scaled.jpg 2560w, https:\/\/staging.taski.com\/wp-content\/uploads\/2021\/01\/Hotelpool-scaled-600x398.jpg 600w\" sizes=\"auto, (max-width: 302px) 100vw, 302px\" \/><\/p>\n<p>Zemin y\u00fczeyleri bir binan\u0131n y\u00fczeylerinin \u00e7o\u011funu olu\u015fturabilir, ancak genellikle temizlik s\u00fcresinin sadece d\u00f6rtte biri zeminleri ve hal\u0131lar\u0131 temizlemek i\u00e7in harcan\u0131r. G\u00f6rsel olarak zeminler temizlik izlenimi \u00fczerinde b\u00fcy\u00fck bir etki yapar.<\/p>\n<p><img alt=\"\" loading=\"lazy\" decoding=\"async\" class=\"alignnone wp-image-6267\" src=\"https:\/\/taski.com\/wp-content\/uploads\/2021\/01\/Transport-needs-image.jpg\" alt=\"\" width=\"377\" height=\"212\" srcset=\"https:\/\/staging.taski.com\/wp-content\/uploads\/2021\/01\/Transport-needs-image.jpg 800w, https:\/\/staging.taski.com\/wp-content\/uploads\/2021\/01\/Transport-needs-image-600x338.jpg 600w\" sizes=\"auto, (max-width: 377px) 100vw, 377px\" \/><img alt=\"\" loading=\"lazy\" decoding=\"async\" class=\"alignnone wp-image-6161\" src=\"https:\/\/taski.com\/wp-content\/uploads\/2021\/01\/TASKI_IntelliSpray-hotel-lobby-scaled.jpg\" alt=\"\" width=\"318\" height=\"213\" srcset=\"https:\/\/staging.taski.com\/wp-content\/uploads\/2021\/01\/TASKI_IntelliSpray-hotel-lobby-scaled.jpg 2560w, https:\/\/staging.taski.com\/wp-content\/uploads\/2021\/01\/TASKI_IntelliSpray-hotel-lobby-scaled-600x400.jpg 600w\" sizes=\"auto, (max-width: 318px) 100vw, 318px\" \/><img alt=\"\" loading=\"lazy\" decoding=\"async\" class=\"alignnone wp-image-4337\" src=\"https:\/\/taski.com\/wp-content\/uploads\/2020\/11\/hospitality.jpg\" alt=\"\" width=\"211\" height=\"211\" srcset=\"https:\/\/staging.taski.com\/wp-content\/uploads\/2020\/11\/hospitality.jpg 290w, https:\/\/staging.taski.com\/wp-content\/uploads\/2020\/11\/hospitality-100x100.jpg 100w\" sizes=\"auto, (max-width: 211px) 100vw, 211px\" \/><\/p>\n<p>Bununla birlikte, daha da \u00f6nemlisi temizlik, tuvaletlerde, mutfaklarda, g\u0131da haz\u0131rlama alanlar\u0131nda ve sa\u011fl\u0131k hizmetlerinde klinik alanlarda g\u00fcvenlik ve hijyeni art\u0131rabilir.<\/p>\n<p><img alt=\"\" loading=\"lazy\" decoding=\"async\" class=\"alignnone wp-image-4334\" src=\"https:\/\/taski.com\/wp-content\/uploads\/2020\/11\/food-service.jpg\" alt=\"\" width=\"306\" height=\"306\" srcset=\"https:\/\/staging.taski.com\/wp-content\/uploads\/2020\/11\/food-service.jpg 290w, https:\/\/staging.taski.com\/wp-content\/uploads\/2020\/11\/food-service-100x100.jpg 100w\" sizes=\"auto, (max-width: 306px) 100vw, 306px\" \/><img alt=\"\" loading=\"lazy\" decoding=\"async\" class=\"alignnone wp-image-5823\" src=\"https:\/\/taski.com\/wp-content\/uploads\/2021\/01\/swingo150B-image-3-300x300.jpg\" alt=\"\" width=\"305\" height=\"305\" srcset=\"https:\/\/staging.taski.com\/wp-content\/uploads\/2021\/01\/swingo150B-image-3-300x300.jpg 300w, https:\/\/staging.taski.com\/wp-content\/uploads\/2021\/01\/swingo150B-image-3-100x100.jpg 100w, https:\/\/staging.taski.com\/wp-content\/uploads\/2021\/01\/swingo150B-image-3-600x600.jpg 600w, https:\/\/staging.taski.com\/wp-content\/uploads\/2021\/01\/swingo150B-image-3.jpg 1800w\" sizes=\"auto, (max-width: 305px) 100vw, 305px\" \/><img alt=\"\" loading=\"lazy\" decoding=\"async\" class=\"alignnone wp-image-4336\" src=\"https:\/\/taski.com\/wp-content\/uploads\/2020\/11\/healthcare-acute.jpg\" alt=\"\" width=\"306\" height=\"306\" srcset=\"https:\/\/staging.taski.com\/wp-content\/uploads\/2020\/11\/healthcare-acute.jpg 290w, https:\/\/staging.taski.com\/wp-content\/uploads\/2020\/11\/healthcare-acute-100x100.jpg 100w\" sizes=\"auto, (max-width: 306px) 100vw, 306px\" \/><\/p>\n<p>TASKI zemin bak\u0131m sistemleri, en s\u0131k\u0131 hijyen ve g\u00fcvenlik seviyelerini sunmak i\u00e7in \u00fcretilmi\u015ftir.<\/p>\n<p><strong>Daha fazla uzman tavsiyesi i\u00e7in Kat Bak\u0131m Rehberimizi veya Teknik \u0130ncelemelerimizi indirin. Veya Diversey Floor Care kimyasallar\u0131 hakk\u0131nda daha ayr\u0131nt\u0131l\u0131 bilgi i\u00e7in <a href=\"https:\/\/diversey.com\/en\/solutions\/floor-care\">buraya t\u0131klay\u0131n.<\/a><\/strong><\/p>\n        <\/div>\n      <\/div>\n    <\/div>\n  <\/div>\n  <div class=\"cl-fl\"><\/div>\n[\/page_description_block][\/vc_column][\/vc_row][vc_row css=&#8221;.vc_custom_1607164076720{padding-top: 90px !important;padding-bottom: 190px !important;}&#8221;][vc_column][vc_column_text css=&#8221;.vc_custom_1608052812509{padding-bottom: 90px !important;}&#8221;]<\/p>\n<h2 style=\"text-align: center;\">Indirme<\/h2>\n<p>[\/vc_column_text][vc_row_inner css=&#8221;.vc_custom_1607161003581{padding-bottom: 50px !important;}&#8221;][vc_column_inner width=&#8221;1\/3&#8243;]  <div class=\"feature-icon-w\">\n    <div class=\"feature-icon-i\">\n     <a href=\"https:\/\/taski.com\/wp-content\/uploads\/2020\/12\/Floor-Care-Brochure.pdf\" target=\"_blank\">       <div class=\"feature-tbl\">\n        <div class=\"feature-cell image-cell\">\n          <img decoding=\"async\" class=\"aligncenter size-full\" alt=\"\" src=\"https:\/\/staging.taski.com\/wp-content\/uploads\/2020\/12\/icon-document.png\"\/>\n        <\/div>\n        <div class=\"feature-cell description-cell\">\n          <p>Floor Care Brochure<\/p>\n        <\/div>\n       <\/div>\n        <\/a>       <div class=\"cl-fl\"><\/div>\n    <\/div>\n  <\/div>\n[\/vc_column_inner][vc_column_inner width=&#8221;1\/3&#8243;]  <div class=\"feature-icon-w\">\n    <div class=\"feature-icon-i\">\n     <a href=\"https:\/\/taski.com\/wp-content\/uploads\/2020\/12\/TASKI-Twister-Brochure.pdf\" target=\"_blank\">       <div class=\"feature-tbl\">\n        <div class=\"feature-cell image-cell\">\n          <img decoding=\"async\" class=\"aligncenter size-full\" alt=\"\" src=\"https:\/\/staging.taski.com\/wp-content\/uploads\/2020\/12\/icon-document.png\"\/>\n        <\/div>\n        <div class=\"feature-cell description-cell\">\n          <p>TASKI &amp; Twister Brochure<\/p>\n        <\/div>\n       <\/div>\n        <\/a>       <div class=\"cl-fl\"><\/div>\n    <\/div>\n  <\/div>\n[\/vc_column_inner][vc_column_inner width=&#8221;1\/3&#8243;]  <div class=\"feature-icon-w\">\n    <div class=\"feature-icon-i\">\n     <a href=\"https:\/\/taski.com\/wp-content\/uploads\/2020\/12\/Day-Time-Cleaning-Brochure-.pdf\" target=\"_blank\">       <div class=\"feature-tbl\">\n        <div class=\"feature-cell image-cell\">\n          <img decoding=\"async\" class=\"aligncenter size-full\" alt=\"\" src=\"https:\/\/staging.taski.com\/wp-content\/uploads\/2020\/12\/icon-document.png\"\/>\n        <\/div>\n        <div class=\"feature-cell description-cell\">\n          <p>Day Time Cleaning Brochure<\/p>\n        <\/div>\n       <\/div>\n        <\/a>       <div class=\"cl-fl\"><\/div>\n    <\/div>\n  <\/div>\n[\/vc_column_inner][\/vc_row_inner][\/vc_column][\/vc_row][vc_row css=&#8221;.vc_custom_1607327415736{background-color: #fafafa !important;}&#8221;][vc_column]\n  <div class=\"two-cta-block\">\n    <div class=\"two-cta-block-i\">\n      <div class=\"row\">\n        <div class=\"two-cta-block-grid\">\n           <div class=\"two-cta-item\">\n            <div class=\"tci-i\">\n             <div class=\"tci-item-content\">\n                <h5><strong>Want to get in touch or<\/strong> see our Industry white papers<\/h5>\n                <a href=\"\/news-help-contacts\/ask-paul-contact\/\"><p>CONTACT US<\/p><\/a>\n             <\/div>\n            <\/div>\n           <\/div>\n           <div class=\"two-cta-item\">\n            <div class=\"tci-i\">\n             <div class=\"tci-item-content\">\n                <h5>Got a question? <strong>Check out our FAQs<\/strong> or get in contact with one of our experts.<\/h5>\n                <a href=\"\/faq\/\"><p>FAQ's<\/p><\/a>\n             <\/div>\n            <\/div>\n           <\/div>\n        <\/div>\n      <\/div>\n    <\/div>\n  <\/div>\n  <div class=\"cl-fl\"><\/div>\n[\/vc_column][\/vc_row]<\/p>\n<\/div>","protected":false},"excerpt":{"rendered":"<p>TASKI\u2019de makinelerimizden birini sat\u0131n ald\u0131\u011f\u0131n\u0131zda, zemin bak\u0131m\u0131 uzmanl\u0131\u011f\u0131n\u0131 \u00fccretsiz olarak alabilirsiniz. \u00dcST\u00dcN temizleme makinelerinin sinerjilerini son teknoloji zemin bak\u0131m\u0131 kimyasallar\u0131yla birlikte kullanaca\u011f\u0131z.<\/p>\n","protected":false},"author":1,"featured_media":4754,"parent":14766,"menu_order":666,"comment_status":"closed","ping_status":"closed","template":"","meta":{"_acf_changed":false,"_seopress_robots_primary_cat":"","_seopress_titles_title":"","_seopress_titles_desc":"","_seopress_robots_index":"","inline_featured_image":false,"footnotes":""},"class_list":["post-14861","page","type-page","status-publish","has-post-thumbnail","hentry"],"acf":[],"_links":{"self":[{"href":"https:\/\/staging.taski.com\/tr\/wp-json\/wp\/v2\/pages\/14861","targetHints":{"allow":["GET"]}}],"collection":[{"href":"https:\/\/staging.taski.com\/tr\/wp-json\/wp\/v2\/pages"}],"about":[{"href":"https:\/\/staging.taski.com\/tr\/wp-json\/wp\/v2\/types\/page"}],"author":[{"embeddable":true,"href":"https:\/\/staging.taski.com\/tr\/wp-json\/wp\/v2\/users\/1"}],"replies":[{"embeddable":true,"href":"https:\/\/staging.taski.com\/tr\/wp-json\/wp\/v2\/comments?post=14861"}],"version-history":[{"count":0,"href":"https:\/\/staging.taski.com\/tr\/wp-json\/wp\/v2\/pages\/14861\/revisions"}],"up":[{"embeddable":true,"href":"https:\/\/staging.taski.com\/tr\/wp-json\/wp\/v2\/pages\/14766"}],"wp:featuredmedia":[{"embeddable":true,"href":"https:\/\/staging.taski.com\/tr\/wp-json\/wp\/v2\/media\/4754"}],"wp:attachment":[{"href":"https:\/\/staging.taski.com\/tr\/wp-json\/wp\/v2\/media?parent=14861"}],"curies":[{"name":"wp","href":"https:\/\/api.w.org\/{rel}","templated":true}]}}