{"id":14855,"date":"2020-12-05T13:17:51","date_gmt":"2020-12-05T13:17:51","guid":{"rendered":"https:\/\/taski.com\/neden-taski\/uzman-tavsiyesi\/mekanik-temizlik\/"},"modified":"2021-05-16T09:56:36","modified_gmt":"2021-05-16T09:56:36","slug":"mekanik-temizlik","status":"publish","type":"page","link":"https:\/\/staging.taski.com\/tr\/neden-taski\/uzman-tavsiyesi\/mekanik-temizlik\/","title":{"rendered":"Mekanik Temizlik"},"content":{"rendered":"<div class=\"wpb-content-wrapper\"><p>[vc_row][vc_column]\n  <div class=\"main-banner-block full-width content-video-no\" style=\"background-image:url(https:\/\/staging.taski.com\/wp-content\/uploads\/2020\/12\/FOODSERVICE_5_SWINGO-1-1-1.jpg);\">\n         <div class=\"main-banner-block-i\">\n      <div class=\"row\">\n       <div class=\"mbb-fl\">\n        <div class=\"main-banner-block-content\">\n            <h2>Temizli\u011fin ge\u00e7irdi\u011fi evrimin neresindesiniz?<br \/>\n\u0130\u015fte makinelerin paspaslamadan daha iyi olmas\u0131n\u0131n en b\u00fcy\u00fck nedenleri...<\/h2>\n            <div class=\"button-wrapper\">\n                        <\/div>\n        <\/div>\n               <\/div>\n      <\/div>\n\n\n    <\/div>\n  <\/div>\n  <div class=\"cl-fl\"><\/div>\n[\/vc_column][\/vc_row][vc_row][vc_column]\n  <div class=\"page-description-block style-dark\">\n    <div class=\"page-description-block-i\">\n      <div class=\"row\">\n        <div class=\"page-description-content\">\n          <\/div><\/div><\/div><\/div><\/p>\n<h2>Mekanik Temizlik<\/h2>\n<p>\u00dcst\u00fcn temizlik sonu\u00e7lar\u0131 elde etmek isteyenler i\u00e7in, paspaslamaya k\u0131yasla mekanik temizleme <strong>temizlik m\u00fckemmeliyeti <\/strong> elde etme konusunda her a\u00e7\u0131ndan \u00fcst\u00fcnd\u00fcr.<\/p>\n<p>&nbsp;<\/p>\n<p>\u2713 Daha y\u00fcksek h\u0131z: Temizlik de\u011ferli zaman\u0131n\u0131z\u0131n daha az\u0131n\u0131 al\u0131r, b\u00f6ylece <strong><\/strong><strong>daha riskli veya daha de\u011ferli temizlik g\u00f6revlerine odaklanabilirsiniz.<\/strong><\/p>\n<p><img alt=\"\" loading=\"lazy\" decoding=\"async\" class=\"alignnone wp-image-2990\" src=\"https:\/\/taski.com\/wp-content\/uploads\/2021\/01\/More-productive-image-300x96.png\" alt=\"\" width=\"701\" height=\"224\" \/><\/p>\n<p>\u2713 \u00dcst\u00fcn temizlik sonucu: Makineler daha iyi temizlik sonucu i\u00e7in <strong>10 kat daha fazla temizleme bas\u0131nc\u0131<\/strong> uygular, daha h\u0131zl\u0131 \u00e7al\u0131\u015f\u0131r ve zeminleri daha iyi kurular. Hepsi <strong>tek bir otomatik i\u015flemde.<\/strong><\/p>\n<p><img alt=\"\" loading=\"lazy\" decoding=\"async\" class=\"alignnone wp-image-2988\" src=\"https:\/\/taski.com\/wp-content\/uploads\/2021\/01\/Cleaner-floors-image-300x97.png\" alt=\"\" width=\"699\" height=\"226\" \/><\/p>\n<p>\u2713 Daha g\u00fcvenli: Makineler, \u00e7al\u0131\u015fma ortam\u0131n\u0131z\u0131 daha g\u00fcvenli h\u00e2le getirir. Makineler, \u0131slak paspaslamaya k\u0131yasla <strong>%65 daha fazla suyu giderir<\/strong>. <strong><\/strong><strong>Daha az su = daha az kayma riski.<\/strong><\/p>\n<p><img alt=\"\" loading=\"lazy\" decoding=\"async\" class=\"alignnone wp-image-2989\" src=\"https:\/\/taski.com\/wp-content\/uploads\/2021\/01\/Safer-Floors-image-300x99.png\" alt=\"\" width=\"700\" height=\"231\" \/><\/p>\n<p>\u2713 Hijyenik: Makineler \u00e7al\u0131\u015fma ortam\u0131n\u0131z\u0131 daha hijyenik h\u00e2le getirir. Makineler,  <strong>5 kat daha fazla kirlilik giderir.<\/strong> <strong><\/strong><strong>Daha az kirlilik = daha az mikrop.<\/strong><\/p>\n<p>&nbsp;<\/p>\n<p>\u2713 \u00c7al\u0131\u015fanlar\u0131n\u0131z i\u00e7in daha iyi: Makineler, \u00e7al\u0131\u015fanlar i\u00e7in <strong>daha ergonomik ve daha az yorucudur<\/strong>. \u00dcstelik \u00e7al\u0131\u015f\u0131rken makinelere binmeyi tercih edebilirler!<\/p>\n<p>&nbsp;<\/p>\n<p>\u2713 Daha d\u00fc\u015f\u00fck maliyetler ve daha az at\u0131k: Makineler daha az su ve kimyasal kullan\u0131r. <strong>Daha g\u00fcvenli + daha d\u00fc\u015f\u00fck maliyetli = kesinlikle \u00e7ok daha iyi!<\/strong><\/p>\n        <\/div>\n      \n    \n  \n  <div class=\"cl-fl\"><\/div>\n[\/vc_column][\/vc_row][vc_row css=&#8221;.vc_custom_1607164076720{padding-top: 90px !important;padding-bottom: 190px !important;}&#8221;][vc_column][vc_column_text css=&#8221;.vc_custom_1608052861471{padding-bottom: 90px !important;}&#8221;]\n<h2 style=\"text-align: center;\">\u0130ndirilecek Dosyalar<\/h2>\n<p>[\/vc_column_text][vc_row_inner css=&#8221;.vc_custom_1607161003581{padding-bottom: 50px !important;}&#8221;][vc_column_inner width=&#8221;1\/3&#8243;]  <div class=\"feature-icon-w\">\n    <div class=\"feature-icon-i\">\n     <a href=\"https:\/\/taski.com\/wp-content\/uploads\/2020\/12\/Machanical-Cleaning-Brochure.pdf\" target=\"_blank\">       <div class=\"feature-tbl\">\n        <div class=\"feature-cell image-cell\">\n          <img decoding=\"async\" class=\"aligncenter size-full\" alt=\"\" src=\"https:\/\/staging.taski.com\/wp-content\/uploads\/2020\/12\/icon-document.png\"\/>\n        <\/div>\n        <div class=\"feature-cell description-cell\">\n          <p>Mekanik Temizleme Bro\u015f\u00fcr\u00fc<\/p>\n        <\/div>\n       <\/div>\n        <\/a>       <div class=\"cl-fl\"><\/div>\n    <\/div>\n  <\/div>\n[\/vc_column_inner][vc_column_inner width=&#8221;1\/3&#8243;]  <div class=\"feature-icon-w\">\n    <div class=\"feature-icon-i\">\n     <a href=\"https:\/\/taski.com\/wp-content\/uploads\/2020\/12\/Day-Time-Cleaning-Brochure-.pdf\" target=\"_blank\">       <div class=\"feature-tbl\">\n        <div class=\"feature-cell image-cell\">\n          <img decoding=\"async\" class=\"aligncenter size-full\" alt=\"\" src=\"https:\/\/staging.taski.com\/wp-content\/uploads\/2020\/12\/icon-document.png\"\/>\n        <\/div>\n        <div class=\"feature-cell description-cell\">\n          <p>G\u00fcnd\u00fcz Temizli\u011fi Bro\u015f\u00fcr\u00fc<\/p>\n        <\/div>\n       <\/div>\n        <\/a>       <div class=\"cl-fl\"><\/div>\n    <\/div>\n  <\/div>\n[\/vc_column_inner][\/vc_row_inner][\/vc_column][\/vc_row][vc_row css=&#8221;.vc_custom_1607327415736{background-color: #fafafa !important;}&#8221;][vc_column]\n  <div class=\"two-cta-block\">\n    <div class=\"two-cta-block-i\">\n      <div class=\"row\">\n        <div class=\"two-cta-block-grid\">\n           <div class=\"two-cta-item\">\n            <div class=\"tci-i\">\n             <div class=\"tci-item-content\">\n                <h5><strong>\u0130leti\u015fim kurmak veya<\/strong> Sekt\u00f6r raporlar\u0131m\u0131z\u0131 g\u00f6rmek i\u00e7in<\/h5>\n                <a href=\"\/news-help-contacts\/ask-paul-contact\/\"><p>B\u0130ZE ULA\u015eIN<\/p><\/a>\n             <\/div>\n            <\/div>\n           <\/div>\n           <div class=\"two-cta-item\">\n            <div class=\"tci-i\">\n             <div class=\"tci-item-content\">\n                <h5>Sorunuz mu var?<br \/>\n<strong>SSS b\u00f6l\u00fcm\u00fcm\u00fcze g\u00f6z at\u0131n<\/strong><\/h5>\n                <a href=\"\/faq\/\"><p>SSS<\/p><\/a>\n             <\/div>\n            <\/div>\n           <\/div>\n        <\/div>\n      <\/div>\n    <\/div>\n  <\/div>\n  <div class=\"cl-fl\"><\/div>\n[\/vc_column][\/vc_row]<\/p>\n","protected":false},"excerpt":{"rendered":"<p>Temizli\u011fin ge\u00e7irdi\u011fi evrimin neresindesiniz?<br \/>\n\u0130\u015fte makinelerin paspaslamadan daha iyi olmas\u0131n\u0131n en b\u00fcy\u00fck nedenleri&#8230;<\/p>\n","protected":false},"author":1,"featured_media":4899,"parent":14766,"menu_order":679,"comment_status":"closed","ping_status":"closed","template":"","meta":{"_acf_changed":false,"_seopress_robots_primary_cat":"","_seopress_titles_title":"","_seopress_titles_desc":"","_seopress_robots_index":"","inline_featured_image":false,"footnotes":""},"class_list":["post-14855","page","type-page","status-publish","has-post-thumbnail","hentry"],"acf":[],"_links":{"self":[{"href":"https:\/\/staging.taski.com\/tr\/wp-json\/wp\/v2\/pages\/14855","targetHints":{"allow":["GET"]}}],"collection":[{"href":"https:\/\/staging.taski.com\/tr\/wp-json\/wp\/v2\/pages"}],"about":[{"href":"https:\/\/staging.taski.com\/tr\/wp-json\/wp\/v2\/types\/page"}],"author":[{"embeddable":true,"href":"https:\/\/staging.taski.com\/tr\/wp-json\/wp\/v2\/users\/1"}],"replies":[{"embeddable":true,"href":"https:\/\/staging.taski.com\/tr\/wp-json\/wp\/v2\/comments?post=14855"}],"version-history":[{"count":0,"href":"https:\/\/staging.taski.com\/tr\/wp-json\/wp\/v2\/pages\/14855\/revisions"}],"up":[{"embeddable":true,"href":"https:\/\/staging.taski.com\/tr\/wp-json\/wp\/v2\/pages\/14766"}],"wp:featuredmedia":[{"embeddable":true,"href":"https:\/\/staging.taski.com\/tr\/wp-json\/wp\/v2\/media\/4899"}],"wp:attachment":[{"href":"https:\/\/staging.taski.com\/tr\/wp-json\/wp\/v2\/media?parent=14855"}],"curies":[{"name":"wp","href":"https:\/\/api.w.org\/{rel}","templated":true}]}}