{"id":14849,"date":"2020-12-05T13:17:25","date_gmt":"2020-12-05T13:17:25","guid":{"rendered":"https:\/\/taski.com\/neden-taski\/uzman-tavsiyesi\/guncel-trendler-ve-en-iyi-uygulama\/"},"modified":"2021-08-06T12:59:35","modified_gmt":"2021-08-06T12:59:35","slug":"guncel-trendler-ve-en-iyi-uygulama","status":"publish","type":"page","link":"https:\/\/staging.taski.com\/tr\/neden-taski\/uzman-tavsiyesi\/guncel-trendler-ve-en-iyi-uygulama\/","title":{"rendered":"G\u00fcncel Trendler ve En \u0130yi Uygulamalar"},"content":{"rendered":"<div class=\"wpb-content-wrapper\"><p>[vc_row][vc_column]\n  <div class=\"main-banner-block full-width content-video-no\" style=\"background-image:url(https:\/\/staging.taski.com\/wp-content\/uploads\/2020\/12\/current-trends.jpg);\">\n         <div class=\"main-banner-block-i\">\n      <div class=\"row\">\n       <div class=\"mbb-fl\">\n        <div class=\"main-banner-block-content\">\n            <h2>En yeni sekt\u00f6r e\u011filimleri ve en iyi uygulamalar hakk\u0131nda daha fazla bilgi al\u0131n. COVID-19 hakk\u0131nda uzman tavsiyesi ve g\u00fcnl\u00fck temizli\u011finden hijyen standartlar\u0131n\u0131 d\u00f6n\u00fc\u015ft\u00fcrmeye kadar her konuda bilgi alabilirsiniz.<\/h2>\n            <div class=\"button-wrapper\">\n                        <\/div>\n        <\/div>\n               <\/div>\n      <\/div>\n\n\n    <\/div>\n  <\/div>\n  <div class=\"cl-fl\"><\/div>\n[\/vc_column][\/vc_row][vc_row][vc_column]\n  <div class=\"page-description-block style-dark\">\n    <div class=\"page-description-block-i\">\n      <div class=\"row\">\n        <div class=\"page-description-content\">\n          <\/div><\/div><\/div><\/div><\/p>\n<h2>Mevcut Trendler ve En \u0130yi Uygulamalar<\/h2>\n<h3>Mega Trendler:<\/h3>\n<p><strong><img alt=\"\" loading=\"lazy\" decoding=\"async\" class=\"alignnone wp-image-2724\" src=\"https:\/\/taski.com\/wp-content\/uploads\/2021\/01\/TASKI_IntelliSpray-hotel-lobby-300x200.jpg\" alt=\"\" width=\"500\" height=\"333\" \/><\/strong><\/p>\n<p><strong>COVID-19 Pandemisi<\/strong><br \/>\nTASKI\u2019de, pandemiden dolay\u0131 temizlik ve hijyenle ilgili ya\u015fad\u0131\u011f\u0131m\u0131z zorluklar konusunda size yard\u0131mc\u0131 olmak i\u00e7in bir dizi ileti\u015fim materyali haz\u0131rlad\u0131k. Hal\u0131 bak\u0131m\u0131 ile birlikte i\u00e7 mek\u00e2n hava kalitesine ili\u015fkin a\u015fa\u011f\u0131daki en iyi uygulama d\u00f6k\u00fcmanlar\u0131 indirin ve Uzman Tavsiyesindeki di\u011fer sayfalar\u0131na g\u00f6z at\u0131n. COVID-19\u2019a kar\u015f\u0131 m\u00fccadelede \u00f6d\u00fcll\u00fc yeni ara\u00e7lar <strong>IntelliSpray, BP 15 Sprey Makineleri ve Buharl\u0131 Temizleyicileri <\/strong>\u00a0ke\u015ffedin.<\/p>\n<p><strong><img alt=\"\" loading=\"lazy\" decoding=\"async\" class=\"alignnone wp-image-1766\" src=\"https:\/\/taski.com\/wp-content\/uploads\/2020\/12\/85288_Reduced-cost.jpg\" alt=\"\" width=\"500\" height=\"500\" srcset=\"https:\/\/staging.taski.com\/wp-content\/uploads\/2020\/12\/85288_Reduced-cost.jpg 294w, https:\/\/staging.taski.com\/wp-content\/uploads\/2020\/12\/85288_Reduced-cost-100x100.jpg 100w\" sizes=\"auto, (max-width: 500px) 100vw, 500px\" \/><\/strong><\/p>\n<p><strong>\u0130\u015fletme maliyetini azalt\u0131n<\/strong><br \/>\nTemizlik maliyetini azaltmak i\u00e7in, temizlik s\u00fcre\u00e7leri d\u00f6n\u00fc\u015f\u00fcmden ge\u00e7iyor. Yeni s\u00f6zle\u015fmeler genellikle son m\u00fc\u015fteriyle maliyet payla\u015f\u0131m\u0131n\u0131 gerektirir. TASKI\u2019nin uzmanl\u0131\u011f\u0131 ve yenilikleri, \u00f6nemli ve \u00f6l\u00e7\u00fclebilir tasarruflar sunmak i\u00e7in tasarlanm\u0131\u015ft\u0131r.<\/p>\n<p><strong><img alt=\"\" loading=\"lazy\" decoding=\"async\" class=\"alignnone wp-image-1891\" src=\"https:\/\/taski.com\/wp-content\/uploads\/2020\/12\/85288_Results.jpg\" alt=\"\" width=\"500\" height=\"500\" srcset=\"https:\/\/staging.taski.com\/wp-content\/uploads\/2020\/12\/85288_Results.jpg 296w, https:\/\/staging.taski.com\/wp-content\/uploads\/2020\/12\/85288_Results-100x100.jpg 100w\" sizes=\"auto, (max-width: 500px) 100vw, 500px\" \/><\/strong><\/p>\n<p><strong>Sonu\u00e7 odakl\u0131 temizlik<\/strong><br \/>\nBinalar daha az veya daha farkl\u0131 \u015fekilde kullan\u0131l\u0131rken, sekt\u00f6rde daha esnek leke temizli\u011fi veya daha az s\u0131kl\u0131kta temizli\u011fe ge\u00e7i\u015f ya\u015fan\u0131yor. TASKI\u2019nin uzmanl\u0131\u011f\u0131n\u0131n yan\u0131 s\u0131ra IntelliTrail ve SmartView gibi yenilikleri, bu de\u011fi\u015fikli\u011fi yapman\u0131za yard\u0131m edecek ara\u00e7lar sunar.<\/p>\n<p><strong><img alt=\"\" loading=\"lazy\" decoding=\"async\" class=\"alignnone wp-image-975\" src=\"https:\/\/taski.com\/wp-content\/uploads\/2020\/12\/FOODSERVICE_5_SWINGO-1-1-1-300x194.jpg\" alt=\"\" width=\"500\" height=\"324\" \/><\/strong><\/p>\n<p><strong>Temizli\u011fin makinele\u015fmesi<\/strong><br \/>\nMakinele\u015fme herkes i\u00e7in mant\u0131kl\u0131d\u0131r. Ancak en k\u00fc\u00e7\u00fck makineler bile paspaslaman\u0131n basitlik, rahatl\u0131k ve \u00e7evikli\u011fini sunmal\u0131d\u0131r. TASKI\u2019nin lityum bataryal\u0131 mikro kombine yer y\u0131kama makineleri\u0131, art\u0131k herkesin paspaslamadan uzakla\u015fabilece\u011fi anlam\u0131na gelir.<\/p>\n<p><strong><img alt=\"\" loading=\"lazy\" decoding=\"async\" class=\"alignnone wp-image-1936\" src=\"https:\/\/taski.com\/wp-content\/uploads\/2021\/01\/Robot-productivity-300x200.jpg\" alt=\"\" width=\"500\" height=\"333\" \/><\/strong><\/p>\n<p><strong>Otonom temizlik<\/strong><br \/>\n\u0130\u015f g\u00fcc\u00fcn\u00fcn azl\u0131\u011f\u0131 ve maliyetinin yan\u0131 s\u0131ra ya\u015flanmakta olan n\u00fcfus, gelecekte otonom temizli\u011fe ge\u00e7i\u015fte ana fakt\u00f6rleridir. Otomasyon ayr\u0131ca t\u00fcm sekt\u00f6r modelini de etkileyecektir. TASKI, temizlik sekt\u00f6r\u00fcndeki bu devrime \u00f6nc\u00fcl\u00fck etmi\u015ftir.<\/p>\n<p>En yeni habeler i\u00e7in <a href=\"\/news-help-contacts\/\">Haberler, \u0130leti\u015fim ve Yard\u0131m sayfalar\u0131m\u0131z\u0131<\/a> ziyaret edin.<\/p>\n        <\/div>\n      \n    \n  \n  <div class=\"cl-fl\"><\/div>\n[\/vc_column][\/vc_row][vc_row css=&#8221;.vc_custom_1607164076720{padding-top: 90px !important;padding-bottom: 190px !important;}&#8221;][vc_column][vc_column_text css=&#8221;.vc_custom_1608052975519{padding-bottom: 90px !important;}&#8221;]\n<h2 style=\"text-align: center;\">\u0130ndirilecek Dosyalar<\/h2>\n<p>[\/vc_column_text][vc_row_inner css=&#8221;.vc_custom_1607161003581{padding-bottom: 50px !important;}&#8221;][vc_column_inner width=&#8221;1\/3&#8243;]  <div class=\"feature-icon-w\">\n    <div class=\"feature-icon-i\">\n     <a href=\"https:\/\/taski.com\/wp-content\/uploads\/2020\/12\/Cleaning-Machine-Cleaning-Disinfection-Guide.pdf\" target=\"_blank\">       <div class=\"feature-tbl\">\n        <div class=\"feature-cell image-cell\">\n          <img decoding=\"async\" class=\"aligncenter size-full\" alt=\"\" src=\"https:\/\/staging.taski.com\/wp-content\/uploads\/2020\/12\/icon-document.png\"\/>\n        <\/div>\n        <div class=\"feature-cell description-cell\">\n          <p>Temizlik Makineleri ve COVID 19 - Temizlik ve Dezenfeksiyon Rehberi<\/p>\n        <\/div>\n       <\/div>\n        <\/a>       <div class=\"cl-fl\"><\/div>\n    <\/div>\n  <\/div>\n[\/vc_column_inner][vc_column_inner width=&#8221;1\/3&#8243;]  <div class=\"feature-icon-w\">\n    <div class=\"feature-icon-i\">\n     <a href=\"https:\/\/taski.com\/wp-content\/uploads\/2020\/12\/Cleaning-Machine-Cleaning-Disinfection-Infographic.pdf\" target=\"_blank\">       <div class=\"feature-tbl\">\n        <div class=\"feature-cell image-cell\">\n          <img decoding=\"async\" class=\"aligncenter size-full\" alt=\"\" src=\"https:\/\/staging.taski.com\/wp-content\/uploads\/2020\/12\/icon-document.png\"\/>\n        <\/div>\n        <div class=\"feature-cell description-cell\">\n          <p>Temizlik Makineleri ve COVID 19 - Temizlik ve Dezenfeksiyon Rehberi<\/p>\n        <\/div>\n       <\/div>\n        <\/a>       <div class=\"cl-fl\"><\/div>\n    <\/div>\n  <\/div>\n[\/vc_column_inner][vc_column_inner width=&#8221;1\/3&#8243;]  <div class=\"feature-icon-w\">\n    <div class=\"feature-icon-i\">\n     <a href=\"https:\/\/taski.com\/wp-content\/uploads\/2020\/12\/Vacuum-COVID-19-Cleaning-Disinfection-Guide.pdf\" target=\"_blank\">       <div class=\"feature-tbl\">\n        <div class=\"feature-cell image-cell\">\n          <img decoding=\"async\" class=\"aligncenter size-full\" alt=\"\" src=\"https:\/\/staging.taski.com\/wp-content\/uploads\/2020\/12\/icon-document.png\"\/>\n        <\/div>\n        <div class=\"feature-cell description-cell\">\n          <p>Vakum Makineleri ve COVID 19 - Temizlik ve Dezenfeksiyon Rehberi<\/p>\n        <\/div>\n       <\/div>\n        <\/a>       <div class=\"cl-fl\"><\/div>\n    <\/div>\n  <\/div>\n[\/vc_column_inner][\/vc_row_inner][vc_row_inner][vc_column_inner width=&#8221;1\/3&#8243;]  <div class=\"feature-icon-w\">\n    <div class=\"feature-icon-i\">\n     <a href=\"https:\/\/taski.com\/wp-content\/uploads\/2020\/12\/Vacuum-COVID-19-Cleaning-Disinfection-Infographic.pdf\" target=\"_blank\">       <div class=\"feature-tbl\">\n        <div class=\"feature-cell image-cell\">\n          <img decoding=\"async\" class=\"aligncenter size-full\" alt=\"\" src=\"https:\/\/staging.taski.com\/wp-content\/uploads\/2020\/12\/icon-document.png\"\/>\n        <\/div>\n        <div class=\"feature-cell description-cell\">\n          <p>Vakum Makineleri ve COVID 19 - Temizlik ve Dezenfeksiyon Rehberi<\/p>\n        <\/div>\n       <\/div>\n        <\/a>       <div class=\"cl-fl\"><\/div>\n    <\/div>\n  <\/div>\n[\/vc_column_inner][vc_column_inner width=&#8221;1\/3&#8243;]  <div class=\"feature-icon-w\">\n    <div class=\"feature-icon-i\">\n     <a href=\"https:\/\/taski.com\/wp-content\/uploads\/2020\/12\/AERO-Vacuum-IAQ-Whitepaper.pdf\" target=\"_blank\">       <div class=\"feature-tbl\">\n        <div class=\"feature-cell image-cell\">\n          <img decoding=\"async\" class=\"aligncenter size-full\" alt=\"\" src=\"https:\/\/staging.taski.com\/wp-content\/uploads\/2020\/12\/icon-document.png\"\/>\n        <\/div>\n        <div class=\"feature-cell description-cell\">\n          <p>Vakum Makineleri \u0130\u00e7 Mek\u00e2n Hava Kalitesi Raporu<\/p>\n        <\/div>\n       <\/div>\n        <\/a>       <div class=\"cl-fl\"><\/div>\n    <\/div>\n  <\/div>\n[\/vc_column_inner][vc_column_inner width=&#8221;1\/3&#8243;]  <div class=\"feature-icon-w\">\n    <div class=\"feature-icon-i\">\n     <a href=\"https:\/\/taski.com\/wp-content\/uploads\/2020\/12\/AERO-Vacuum-Energy-Whitepaper.pdf\" target=\"_blank\">       <div class=\"feature-tbl\">\n        <div class=\"feature-cell image-cell\">\n          <img decoding=\"async\" class=\"aligncenter size-full\" alt=\"\" src=\"https:\/\/staging.taski.com\/wp-content\/uploads\/2020\/12\/icon-document.png\"\/>\n        <\/div>\n        <div class=\"feature-cell description-cell\">\n          <p>Vakum Makineleri Enerji Tasarufu Raporu<\/p>\n        <\/div>\n       <\/div>\n        <\/a>       <div class=\"cl-fl\"><\/div>\n    <\/div>\n  <\/div>\n[\/vc_column_inner][\/vc_row_inner][vc_row_inner][vc_column_inner width=&#8221;1\/3&#8243;]  <div class=\"feature-icon-w\">\n    <div class=\"feature-icon-i\">\n     <a href=\"https:\/\/taski.com\/wp-content\/uploads\/2020\/12\/AERO-Vacuum-Day-Time-Cleaning-Whitepaper.pdf\" target=\"_blank\">       <div class=\"feature-tbl\">\n        <div class=\"feature-cell image-cell\">\n          <img decoding=\"async\" class=\"aligncenter size-full\" alt=\"\" src=\"https:\/\/staging.taski.com\/wp-content\/uploads\/2020\/12\/icon-document.png\"\/>\n        <\/div>\n        <div class=\"feature-cell description-cell\">\n          <p>Vakum Makineleri ile G\u00fcnl\u00fck Temizlik Raporu<\/p>\n        <\/div>\n       <\/div>\n        <\/a>       <div class=\"cl-fl\"><\/div>\n    <\/div>\n  <\/div>\n[\/vc_column_inner][vc_column_inner width=&#8221;1\/3&#8243;]  <div class=\"feature-icon-w\">\n    <div class=\"feature-icon-i\">\n     <a href=\"https:\/\/taski.com\/wp-content\/uploads\/2021\/04\/Back-to-work_Reopening.pdf\" target=\"_blank\">       <div class=\"feature-tbl\">\n        <div class=\"feature-cell image-cell\">\n          <img decoding=\"async\" class=\"aligncenter size-full\" alt=\"\" src=\"https:\/\/staging.taski.com\/wp-content\/uploads\/2020\/12\/icon-document.png\"\/>\n        <\/div>\n        <div class=\"feature-cell description-cell\">\n          <p>Ofise geri d\u00f6n\u00fc\u015f m\u00fc?<\/p>\n        <\/div>\n       <\/div>\n        <\/a>       <div class=\"cl-fl\"><\/div>\n    <\/div>\n  <\/div>\n[\/vc_column_inner][vc_column_inner width=&#8221;1\/3&#8243;][\/vc_column_inner][\/vc_row_inner][\/vc_column][\/vc_row][vc_row css=&#8221;.vc_custom_1607327415736{background-color: #fafafa !important;}&#8221;][vc_column]\n  <div class=\"two-cta-block\">\n    <div class=\"two-cta-block-i\">\n      <div class=\"row\">\n        <div class=\"two-cta-block-grid\">\n           <div class=\"two-cta-item\">\n            <div class=\"tci-i\">\n             <div class=\"tci-item-content\">\n                <h5><strong>\u0130leti\u015fim kurmak veya<\/strong><br \/>\nSekt\u00f6r raporlar\u0131m\u0131z\u0131 g\u00f6rmek i\u00e7in<\/h5>\n                <a href=\"\/news-help-contacts\/ask-paul-contact\/\"><p>B\u0130ZE ULA\u015eIN<\/p><\/a>\n             <\/div>\n            <\/div>\n           <\/div>\n           <div class=\"two-cta-item\">\n            <div class=\"tci-i\">\n             <div class=\"tci-item-content\">\n                <h5>Sorunuz mu var?<br \/>\n<strong>SSS b\u00f6l\u00fcm\u00fcm\u00fcze g\u00f6z at\u0131n<\/strong> veya uzmanlar\u0131m\u0131zdan biriyle ileti\u015fim kurun<\/h5>\n                <a href=\"\/faq\/\"><p>SSS<\/p><\/a>\n             <\/div>\n            <\/div>\n           <\/div>\n        <\/div>\n      <\/div>\n    <\/div>\n  <\/div>\n  <div class=\"cl-fl\"><\/div>\n[\/vc_column][\/vc_row]<\/p>\n","protected":false},"excerpt":{"rendered":"<p>TASKI ve Diversey birlikte sekt\u00f6rde temizlik ve hijyen m\u00fckemmeliyetine dair yetkin markalar olarak tan\u0131nmaktad\u0131rlar. TASKI\u2019de uzmanlar\u0131m\u0131z her zaman yard\u0131ma haz\u0131rd\u0131r.<\/p>\n","protected":false},"author":1,"featured_media":4745,"parent":14766,"menu_order":669,"comment_status":"closed","ping_status":"closed","template":"","meta":{"_acf_changed":false,"_seopress_robots_primary_cat":"","_seopress_titles_title":"","_seopress_titles_desc":"","_seopress_robots_index":"","inline_featured_image":false,"footnotes":""},"class_list":["post-14849","page","type-page","status-publish","has-post-thumbnail","hentry"],"acf":[],"_links":{"self":[{"href":"https:\/\/staging.taski.com\/tr\/wp-json\/wp\/v2\/pages\/14849","targetHints":{"allow":["GET"]}}],"collection":[{"href":"https:\/\/staging.taski.com\/tr\/wp-json\/wp\/v2\/pages"}],"about":[{"href":"https:\/\/staging.taski.com\/tr\/wp-json\/wp\/v2\/types\/page"}],"author":[{"embeddable":true,"href":"https:\/\/staging.taski.com\/tr\/wp-json\/wp\/v2\/users\/1"}],"replies":[{"embeddable":true,"href":"https:\/\/staging.taski.com\/tr\/wp-json\/wp\/v2\/comments?post=14849"}],"version-history":[{"count":0,"href":"https:\/\/staging.taski.com\/tr\/wp-json\/wp\/v2\/pages\/14849\/revisions"}],"up":[{"embeddable":true,"href":"https:\/\/staging.taski.com\/tr\/wp-json\/wp\/v2\/pages\/14766"}],"wp:featuredmedia":[{"embeddable":true,"href":"https:\/\/staging.taski.com\/tr\/wp-json\/wp\/v2\/media\/4745"}],"wp:attachment":[{"href":"https:\/\/staging.taski.com\/tr\/wp-json\/wp\/v2\/media?parent=14849"}],"curies":[{"name":"wp","href":"https:\/\/api.w.org\/{rel}","templated":true}]}}