{"id":14847,"date":"2020-12-05T13:16:40","date_gmt":"2020-12-05T13:16:40","guid":{"rendered":"https:\/\/taski.com\/neden-taski\/uzman-tavsiyesi\/elektronik-araclar\/"},"modified":"2021-07-28T06:31:50","modified_gmt":"2021-07-28T06:31:50","slug":"elektronik-araclar","status":"publish","type":"page","link":"https:\/\/staging.taski.com\/tr\/neden-taski\/uzman-tavsiyesi\/elektronik-araclar\/","title":{"rendered":"Elektronik Ara\u00e7lar"},"content":{"rendered":"<div class=\"wpb-content-wrapper\"><p>[vc_row][vc_column]\n  <div class=\"main-banner-block full-width content-video-no\" style=\"background-image:url(https:\/\/staging.taski.com\/wp-content\/uploads\/2020\/12\/electronic-tools-1.jpg);\">\n         <div class=\"main-banner-block-i\">\n      <div class=\"row\">\n       <div class=\"mbb-fl\">\n        <div class=\"main-banner-block-content\">\n            <h2>Elektronik ara\u00e7lar\u0131m\u0131z, parma\u011f\u0131n\u0131z\u0131n bir dokunu\u015fuyla kendi uzman\u0131n\u0131z olabilmenizi sa\u011flar.<br \/>\n<strong>TASKI Makine Se\u00e7me Mod\u00fcl\u00fc \/TASKI Uygulamas\u0131\/ IntelliTrail Analytics \/ Uzaktan Rehberlik<\/strong><\/h2>\n            <div class=\"button-wrapper\">\n                        <\/div>\n        <\/div>\n               <\/div>\n      <\/div>\n\n\n    <\/div>\n  <\/div>\n  <div class=\"cl-fl\"><\/div>\n[\/vc_column][\/vc_row][vc_row][vc_column]\n  <div class=\"page-description-block style-dark\">\n    <div class=\"page-description-block-i\">\n      <div class=\"row\">\n        <div class=\"page-description-content\">\n          <\/div><\/div><\/div><\/div><\/p>\n<h2>Elektronik Ara\u00e7lar<\/h2>\n<p><strong><img alt=\"\" loading=\"lazy\" decoding=\"async\" class=\"alignnone wp-image-1246\" src=\"https:\/\/taski.com\/wp-content\/uploads\/2020\/12\/fleet-management-300x204.jpg\" alt=\"\" width=\"500\" height=\"340\" \/><\/strong><\/p>\n<p><strong>TASKI Makine Se\u00e7me Mod\u00fcl\u00fc<\/strong><br \/>\nM\u00fckemmel makine se\u00e7imini modellemek i\u00e7in son derece geli\u015fmi\u015f bir ara\u00e7t\u0131r ve \u00fcstelik Toplam Sahip Olma Maliyetinizi hesaplar. <a href=\"\/taski-selector\/\">TASKI Makine Se\u00e7me Mod\u00fcl\u00fc<\/a>\u00a0i\u00e7in buraya t\u0131klay\u0131n.<\/p>\n<p><strong><img alt=\"\" loading=\"lazy\" decoding=\"async\" class=\"alignnone wp-image-676\" src=\"https:\/\/taski.com\/wp-content\/uploads\/2020\/12\/electronic-tools-1-300x169.jpg\" alt=\"\" width=\"500\" height=\"282\" \/><\/strong><\/p>\n<p><strong>TASKI Uygulamas\u0131<\/strong><br \/>\nTASKI ile ilgili neredeyse her \u015feye telefonunuz ve tabletinizden eri\u015fin. <a href=\"\/taski-app\/\">TASKI Uygulamas\u0131n\u0131<\/a> indirmek i\u00e7in buraya t\u0131klay\u0131n.<\/p>\n<p><strong><img alt=\"\" loading=\"lazy\" decoding=\"async\" class=\"alignnone wp-image-520\" src=\"https:\/\/taski.com\/wp-content\/uploads\/2020\/12\/internet-of-clean-300x300.jpg\" alt=\"\" width=\"500\" height=\"500\" srcset=\"https:\/\/staging.taski.com\/wp-content\/uploads\/2020\/12\/internet-of-clean-300x300.jpg 300w, https:\/\/staging.taski.com\/wp-content\/uploads\/2020\/12\/internet-of-clean-100x100.jpg 100w, https:\/\/staging.taski.com\/wp-content\/uploads\/2020\/12\/internet-of-clean.jpg 600w\" sizes=\"auto, (max-width: 500px) 100vw, 500px\" \/><\/strong><\/p>\n<p><strong>TASKI IntelliTrail<\/strong><br \/>\nBir makine filo y\u00f6netimi uzman\u0131 olman\u0131za yard\u0131m eden elektronik bir analiz arac\u0131. <a href=\"\/intelligent-solution\/intellitrail\/\">IntelliTrail<\/a> i\u00e7in buraya t\u0131klay\u0131n.<\/p>\n<p><strong><img alt=\"\" loading=\"lazy\" decoding=\"async\" class=\"alignnone wp-image-526\" src=\"https:\/\/taski.com\/wp-content\/uploads\/2020\/12\/taski-helps-300x300.jpg\" alt=\"\" width=\"500\" height=\"500\" srcset=\"https:\/\/staging.taski.com\/wp-content\/uploads\/2020\/12\/taski-helps-300x300.jpg 300w, https:\/\/staging.taski.com\/wp-content\/uploads\/2020\/12\/taski-helps-100x100.jpg 100w, https:\/\/staging.taski.com\/wp-content\/uploads\/2020\/12\/taski-helps.jpg 400w\" sizes=\"auto, (max-width: 500px) 100vw, 500px\" \/><\/strong><\/p>\n<p><strong>Uzaktan Rehberlik<\/strong><br \/>\nUzmanlar\u0131m\u0131z\u0131n bizzat orada olamad\u0131\u011f\u0131 zamanlar i\u00e7indir. Uzmanlar\u0131m\u0131z, ger\u00e7ek zamanl\u0131 olarak sorunlar\u0131 uzaktan tespit edebilir ve \u00e7\u00f6zebilirler.<\/p>\n        <\/div>\n      \n    \n  \n  <div class=\"cl-fl\"><\/div>\n[\/vc_column][\/vc_row][vc_row css=&#8221;.vc_custom_1607164076720{padding-top: 90px !important;padding-bottom: 190px !important;}&#8221;][vc_column][vc_column_text css=&#8221;.vc_custom_1608053090976{padding-bottom: 90px !important;}&#8221;]\n<h2 style=\"text-align: center;\">\u0130ndirilecek Dosyalar<\/h2>\n<p>[\/vc_column_text][vc_row_inner css=&#8221;.vc_custom_1607161003581{padding-bottom: 50px !important;}&#8221;][vc_column_inner width=&#8221;1\/3&#8243;]  <div class=\"feature-icon-w\">\n    <div class=\"feature-icon-i\">\n     <a href=\"https:\/\/taski.com\/wp-content\/uploads\/2020\/12\/Remote-Guidance-Brochure.pdf\" target=\"_blank\">       <div class=\"feature-tbl\">\n        <div class=\"feature-cell image-cell\">\n          <img decoding=\"async\" class=\"aligncenter size-full\" alt=\"\" src=\"https:\/\/staging.taski.com\/wp-content\/uploads\/2020\/12\/icon-document.png\"\/>\n        <\/div>\n        <div class=\"feature-cell description-cell\">\n          <p>Uzaktan Rehberlik Bro\u015f\u00fcr\u00fc<\/p>\n        <\/div>\n       <\/div>\n        <\/a>       <div class=\"cl-fl\"><\/div>\n    <\/div>\n  <\/div>\n[\/vc_column_inner][\/vc_row_inner][\/vc_column][\/vc_row][vc_row css=&#8221;.vc_custom_1607327415736{background-color: #fafafa !important;}&#8221;][vc_column]\n  <div class=\"two-cta-block\">\n    <div class=\"two-cta-block-i\">\n      <div class=\"row\">\n        <div class=\"two-cta-block-grid\">\n           <div class=\"two-cta-item\">\n            <div class=\"tci-i\">\n             <div class=\"tci-item-content\">\n                <h5><strong>\u0130leti\u015fim kurmak veya<\/strong> Sekt\u00f6r raporlar\u0131m\u0131z\u0131 g\u00f6rmek i\u00e7in<\/h5>\n                <a href=\"\/contacts-contact\/\"><p>B\u0130ZE ULA\u015eIN<\/p><\/a>\n             <\/div>\n            <\/div>\n           <\/div>\n           <div class=\"two-cta-item\">\n            <div class=\"tci-i\">\n             <div class=\"tci-item-content\">\n                <h5>Sorunuz mu var?<br \/>\n<strong>SSS b\u00f6l\u00fcm\u00fcm\u00fcze g\u00f6z at\u0131n<\/strong> veya<br \/>\nuzmanlar\u0131m\u0131zdan biriyle ileti\u015fim kurun<\/h5>\n                <a href=\"\/faq\/\"><p>SSS<\/p><\/a>\n             <\/div>\n            <\/div>\n           <\/div>\n        <\/div>\n      <\/div>\n    <\/div>\n  <\/div>\n  <div class=\"cl-fl\"><\/div>\n[\/vc_column][\/vc_row]<\/p>\n","protected":false},"excerpt":{"rendered":"<p>Elektronik ara\u00e7lar, parma\u011f\u0131n\u0131z\u0131n bir dokunu\u015fuyla kendi uzman\u0131n\u0131z olabilmenizi sa\u011flar.<br \/>\nTASKI Se\u00e7ici \/TASKI Uygulamas\u0131\/ IntelliTrail Analytics \/ Uzaktan Rehberlik<\/p>\n","protected":false},"author":1,"featured_media":4747,"parent":14766,"menu_order":664,"comment_status":"closed","ping_status":"closed","template":"","meta":{"_acf_changed":false,"_seopress_robots_primary_cat":"","_seopress_titles_title":"","_seopress_titles_desc":"","_seopress_robots_index":"","inline_featured_image":false,"footnotes":""},"class_list":["post-14847","page","type-page","status-publish","has-post-thumbnail","hentry"],"acf":[],"_links":{"self":[{"href":"https:\/\/staging.taski.com\/tr\/wp-json\/wp\/v2\/pages\/14847","targetHints":{"allow":["GET"]}}],"collection":[{"href":"https:\/\/staging.taski.com\/tr\/wp-json\/wp\/v2\/pages"}],"about":[{"href":"https:\/\/staging.taski.com\/tr\/wp-json\/wp\/v2\/types\/page"}],"author":[{"embeddable":true,"href":"https:\/\/staging.taski.com\/tr\/wp-json\/wp\/v2\/users\/1"}],"replies":[{"embeddable":true,"href":"https:\/\/staging.taski.com\/tr\/wp-json\/wp\/v2\/comments?post=14847"}],"version-history":[{"count":0,"href":"https:\/\/staging.taski.com\/tr\/wp-json\/wp\/v2\/pages\/14847\/revisions"}],"up":[{"embeddable":true,"href":"https:\/\/staging.taski.com\/tr\/wp-json\/wp\/v2\/pages\/14766"}],"wp:featuredmedia":[{"embeddable":true,"href":"https:\/\/staging.taski.com\/tr\/wp-json\/wp\/v2\/media\/4747"}],"wp:attachment":[{"href":"https:\/\/staging.taski.com\/tr\/wp-json\/wp\/v2\/media?parent=14847"}],"curies":[{"name":"wp","href":"https:\/\/api.w.org\/{rel}","templated":true}]}}