{"id":14846,"date":"2020-12-05T13:15:42","date_gmt":"2020-12-05T13:15:42","guid":{"rendered":"https:\/\/taski.com\/neden-taski\/uzman-tavsiyesi\/uzmanlarimiz\/"},"modified":"2021-07-28T06:44:44","modified_gmt":"2021-07-28T06:44:44","slug":"uzmanlarimiz","status":"publish","type":"page","link":"https:\/\/staging.taski.com\/tr\/neden-taski\/uzman-tavsiyesi\/uzmanlarimiz\/","title":{"rendered":"Uzmanlar\u0131m\u0131z"},"content":{"rendered":"<div class=\"wpb-content-wrapper\"><p>[vc_row][vc_column]\n  <div class=\"main-banner-block full-width content-video-no\" style=\"background-image:url(https:\/\/staging.taski.com\/wp-content\/uploads\/2020\/12\/our-experts-1.jpg);\">\n         <div class=\"main-banner-block-i\">\n      <div class=\"row\">\n       <div class=\"mbb-fl\">\n        <div class=\"main-banner-block-content\">\n            <h2>Uzman dan\u0131\u015fmanlar\u0131m\u0131z sizin uzman temizlik dan\u0131\u015fmanlar\u0131n\u0131zd\u0131r.<br \/>\nDan\u0131\u015fmaya dayal\u0131 yakla\u015f\u0131m\u0131m\u0131z, size en iyi uzman ve uygun tavsiyeyi sunar.<\/h2>\n            <div class=\"button-wrapper\">\n                        <\/div>\n        <\/div>\n               <\/div>\n      <\/div>\n\n\n    <\/div>\n  <\/div>\n  <div class=\"cl-fl\"><\/div>\n[\/vc_column][\/vc_row][vc_row][vc_column]\n  <div class=\"page-description-block style-dark\">\n    <div class=\"page-description-block-i\">\n      <div class=\"row\">\n        <div class=\"page-description-content\">\n          <\/div><\/div><\/div><\/div><\/p>\n<h2>Uzmanlar\u0131m\u0131z<\/h2>\n<ul>\n<li>Tecr\u00fcbeli uzmanlardan olu\u015fan \u00e7ok yetkin bir ekip<\/li>\n<li>\u00c7apraz portf\u00f6y bilgi birikimi: Kimyasallar, temizlik ara\u00e7 &amp; ekipmanlar\u0131 ve makineler<\/li>\n<li>Sekt\u00f6rde de\u011fer g\u00f6ren ve onaylanan uzmanlar<\/li>\n<li>En iyi uygulamalar\u0131n ve trendlerin de payla\u015f\u0131m\u0131 ile Global Destek<\/li>\n<li>Temizlik m\u00fckemmeliyeti konusunda hassasiyet<\/li>\n<li>En yeni uygulama uzmanl\u0131\u011f\u0131<\/li>\n<li>M\u00fc\u015fterilerin de\u011fi\u015fiklik yapabilmelerine yard\u0131m eden IntelliTrail gibi son teknoloji ara\u00e7lar<\/li>\n<li>M\u00fc\u015fterilere yard\u0131m etmek i\u00e7in ak\u0131ll\u0131 temizlik ve IntelliTrail Analytics denetim ara\u00e7lar\u0131<\/li>\n<li>Bizzat yan\u0131n\u0131zda olamad\u0131\u011f\u0131m\u0131zda bile yard\u0131m ve rehberlik sunabilmemizi sa\u011flayan Uzaktan Rehberlik ara\u00e7lar\u0131.<br \/>\n<img alt=\"\" loading=\"lazy\" decoding=\"async\" class=\"alignnone wp-image-518\" src=\"https:\/\/taski.com\/wp-content\/uploads\/2020\/12\/expert-advice-300x300.jpg\" alt=\"\" width=\"280\" height=\"280\" srcset=\"https:\/\/staging.taski.com\/wp-content\/uploads\/2020\/12\/expert-advice-300x300.jpg 300w, https:\/\/staging.taski.com\/wp-content\/uploads\/2020\/12\/expert-advice-100x100.jpg 100w, https:\/\/staging.taski.com\/wp-content\/uploads\/2020\/12\/expert-advice.jpg 600w\" sizes=\"auto, (max-width: 280px) 100vw, 280px\" \/><img alt=\"\" loading=\"lazy\" decoding=\"async\" class=\"alignnone wp-image-50\" src=\"https:\/\/taski.com\/wp-content\/uploads\/2020\/11\/why-taski-300x271.jpg\" alt=\"\" width=\"310\" height=\"280\" \/><img alt=\"\" loading=\"lazy\" decoding=\"async\" class=\"alignnone wp-image-529\" src=\"https:\/\/taski.com\/wp-content\/uploads\/2020\/12\/taski-supports-300x300.jpg\" alt=\"\" width=\"280\" height=\"280\" srcset=\"https:\/\/staging.taski.com\/wp-content\/uploads\/2020\/12\/taski-supports-300x300.jpg 300w, https:\/\/staging.taski.com\/wp-content\/uploads\/2020\/12\/taski-supports-100x100.jpg 100w, https:\/\/staging.taski.com\/wp-content\/uploads\/2020\/12\/taski-supports.jpg 400w\" sizes=\"auto, (max-width: 280px) 100vw, 280px\" \/><\/li>\n<\/ul>\n<p>Bir sorunuz mu var? \u0130leti\u015fim sayfas\u0131n\u0131 ziyaret ederseniz uzmanlar\u0131m\u0131z size yard\u0131mc\u0131 olmaktan memnuniyet duyacakt\u0131r.<\/p>\n        <\/div>\n      \n    \n  \n  <div class=\"cl-fl\"><\/div>\n[\/vc_column][\/vc_row][vc_row css=&#8221;.vc_custom_1607164076720{padding-top: 90px !important;padding-bottom: 190px !important;}&#8221;][vc_column][vc_column_text css=&#8221;.vc_custom_1608052459912{padding-bottom: 90px !important;}&#8221;]\n<h2 style=\"text-align: center;\">\u0130ndirilecek Dosyalar<\/h2>\n<p>[\/vc_column_text][vc_row_inner css=&#8221;.vc_custom_1607161003581{padding-bottom: 50px !important;}&#8221;][vc_column_inner width=&#8221;1\/3&#8243;]  <div class=\"feature-icon-w\">\n    <div class=\"feature-icon-i\">\n     <a href=\"https:\/\/taski.com\/wp-content\/uploads\/2020\/12\/Remote-Guidance-Brochure.pdf\" target=\"_blank\">       <div class=\"feature-tbl\">\n        <div class=\"feature-cell image-cell\">\n          <img decoding=\"async\" class=\"aligncenter size-full\" alt=\"\" src=\"https:\/\/staging.taski.com\/wp-content\/uploads\/2020\/12\/icon-document.png\"\/>\n        <\/div>\n        <div class=\"feature-cell description-cell\">\n          <p>Uzaktan Rehberlik<\/p>\n        <\/div>\n       <\/div>\n        <\/a>       <div class=\"cl-fl\"><\/div>\n    <\/div>\n  <\/div>\n[\/vc_column_inner][vc_column_inner width=&#8221;1\/3&#8243;][\/vc_column_inner][vc_column_inner width=&#8221;1\/3&#8243;][\/vc_column_inner][\/vc_row_inner][vc_row_inner][vc_column_inner width=&#8221;1\/3&#8243;][\/vc_column_inner][vc_column_inner width=&#8221;1\/3&#8243;][\/vc_column_inner][vc_column_inner width=&#8221;1\/3&#8243;][\/vc_column_inner][\/vc_row_inner][\/vc_column][\/vc_row][vc_row css=&#8221;.vc_custom_1607327415736{background-color: #fafafa !important;}&#8221;][vc_column]\n  <div class=\"two-cta-block\">\n    <div class=\"two-cta-block-i\">\n      <div class=\"row\">\n        <div class=\"two-cta-block-grid\">\n           <div class=\"two-cta-item\">\n            <div class=\"tci-i\">\n             <div class=\"tci-item-content\">\n                <h5><strong>\u0130leti\u015fim kurmak veya<\/strong> Sekt\u00f6r raporlar\u0131m\u0131z\u0131 g\u00f6rmek i\u00e7in<\/h5>\n                <a href=\"\/news-help-contacts\/ask-paul-contact\/\"><p>B\u0130ZE ULA\u015eIN<\/p><\/a>\n             <\/div>\n            <\/div>\n           <\/div>\n           <div class=\"two-cta-item\">\n            <div class=\"tci-i\">\n             <div class=\"tci-item-content\">\n                <h5><strong>SSS\u2019\u0131m\u0131za g\u00f6z at\u0131n<\/strong> veya<br \/>\nuzmanlar\u0131m\u0131zdan biriyle ileti\u015fim kurun<\/h5>\n                <a href=\"\/faq\/\"><p>SSS<\/p><\/a>\n             <\/div>\n            <\/div>\n           <\/div>\n        <\/div>\n      <\/div>\n    <\/div>\n  <\/div>\n  <div class=\"cl-fl\"><\/div>\n[\/vc_column][\/vc_row]<\/p>\n","protected":false},"excerpt":{"rendered":"<p>Kendi uzman temizlik dan\u0131\u015fmanlar\u0131n\u0131z. Dan\u0131\u015fmaya dayal\u0131 yakla\u015f\u0131m\u0131m\u0131z, en iyi uzman tavsiyesini sunar.<\/p>\n","protected":false},"author":1,"featured_media":4743,"parent":14766,"menu_order":668,"comment_status":"closed","ping_status":"closed","template":"","meta":{"_acf_changed":false,"_seopress_robots_primary_cat":"","_seopress_titles_title":"","_seopress_titles_desc":"","_seopress_robots_index":"","inline_featured_image":false,"footnotes":""},"class_list":["post-14846","page","type-page","status-publish","has-post-thumbnail","hentry"],"acf":[],"_links":{"self":[{"href":"https:\/\/staging.taski.com\/tr\/wp-json\/wp\/v2\/pages\/14846","targetHints":{"allow":["GET"]}}],"collection":[{"href":"https:\/\/staging.taski.com\/tr\/wp-json\/wp\/v2\/pages"}],"about":[{"href":"https:\/\/staging.taski.com\/tr\/wp-json\/wp\/v2\/types\/page"}],"author":[{"embeddable":true,"href":"https:\/\/staging.taski.com\/tr\/wp-json\/wp\/v2\/users\/1"}],"replies":[{"embeddable":true,"href":"https:\/\/staging.taski.com\/tr\/wp-json\/wp\/v2\/comments?post=14846"}],"version-history":[{"count":0,"href":"https:\/\/staging.taski.com\/tr\/wp-json\/wp\/v2\/pages\/14846\/revisions"}],"up":[{"embeddable":true,"href":"https:\/\/staging.taski.com\/tr\/wp-json\/wp\/v2\/pages\/14766"}],"wp:featuredmedia":[{"embeddable":true,"href":"https:\/\/staging.taski.com\/tr\/wp-json\/wp\/v2\/media\/4743"}],"wp:attachment":[{"href":"https:\/\/staging.taski.com\/tr\/wp-json\/wp\/v2\/media?parent=14846"}],"curies":[{"name":"wp","href":"https:\/\/api.w.org\/{rel}","templated":true}]}}