{"id":14835,"date":"2020-11-30T16:24:35","date_gmt":"2020-11-30T16:24:35","guid":{"rendered":"https:\/\/taski.com\/neden-taski\/pazarlariniz-ve-sektorleriniz\/tasima\/"},"modified":"2021-08-06T08:59:44","modified_gmt":"2021-08-06T08:59:44","slug":"nakliye","status":"publish","type":"page","link":"https:\/\/staging.taski.com\/tr\/neden-taski\/pazarlariniz-ve-sektorleriniz\/nakliye\/","title":{"rendered":"Ula\u015f\u0131m"},"content":{"rendered":"<div class=\"wpb-content-wrapper\"><p>[vc_row][vc_column]\n  <div class=\"page-intro-block size-fit-image style-dark font-large\">\n         <div class=\"page-intro-block-i\">\n      <div class=\"row\">\n        <div class=\"page-intro-content\">\n            <div class=\"title-block\">\n                                     <h2><span class=\"pt\">Ula\u015f\u0131m<\/span>Tesislerinizin ve ara\u00e7lar\u0131n\u0131z\u0131n <strong>verimli<\/strong> \u00e7al\u0131\u015fmay\u0131 s\u00fcrd\u00fcrmesini, ama ayn\u0131 zamanda <strong>temiz, g\u00fcvenli ve hijyenik <\/strong>olmalar\u0131n\u0131 sa\u011flaman\u0131z m\u0131 gerekiyor?<br \/>\nTASKI yard\u0131m edebilir.<\/h2>\n                                                 <\/div>\n            <div class=\"page-intro-image\">\n                                <div class=\"page-intro-image-alt\">\n                    \n                    <img decoding=\"async\" src=\"https:\/\/staging.taski.com\/wp-content\/uploads\/2020\/11\/transports.jpg\" alt=\"\" \/>\n\n                <\/div>\n            <\/div>\n        <\/div>\n      <\/div>\n\n\n    <\/div>\n  <\/div>\n  <div class=\"cl-fl\"><\/div>\n[\/vc_column][\/vc_row][vc_row css=&#8221;.vc_custom_1606587476742{padding-top: 80px !important;padding-bottom: 95px !important;}&#8221;][vc_column][vc_row_inner][vc_column_inner]\n  <div class=\"page-video-block\">\n    <div class=\"page-video-block-i\">\n      <div class=\"row\">\n        <div class=\"page-video-block-content\">\n            <div class=\"title-block\">\n                 <h2>Ya\u015fad\u0131\u011f\u0131n\u0131z en b\u00fcy\u00fck zorluklar neler?<\/h2>\n            <\/div>\n            <div class=\"page-video-image\">\n                \n              <a href=\"#\" class=\"video-player-link\" data-video-id=\"485944825\" data-src=\"https:\/\/player.vimeo.com\/video\/485944825\">\n                <img decoding=\"async\" src=\"https:\/\/staging.taski.com\/wp-content\/uploads\/2021\/01\/Transport-needs-image.jpg\" alt=\"Ya\u015fad\u0131\u011f\u0131n\u0131z en b\u00fcy\u00fck zorluklar neler? Image\" \/>\n\n     <div class=\"page-video-video-abs\"><div class=\"video-embed\"><iframe loading=\"lazy\" id=\"\" src=\"\" width=\"100%\" height=\"100%\" frameborder=\"0\" style=\"position:absolute;top:0;left:0;width:100%;height:100%;\"   allow=\"autoplay; fullscreen\" muted webkitallowfullscreen mozallowfullscreen allowfullscreen><\/iframe><\/div><\/div>              <\/a>\n            <\/div>\n        <\/div>\n      <\/div>\n\n\n    <\/div>\n  <\/div>\n  <div class=\"cl-fl\"><\/div>\n[\/vc_column_inner][\/vc_row_inner][\/vc_column][\/vc_row][vc_row][vc_column]\n  <div class=\"taski-carousel-block \" style=\"\">\n    <div class=\"taski-carousel-block-i\">\n\n      <div class=\"taski-carousel-title\"><p>Sekt\u00f6r\u00fcn\u00fcz\u00fcn ihtiya\u00e7lar\u0131n\u0131 anl\u0131yoruz<\/p><\/div>\n      <div class=\"row\">\n       <div class=\"taski-carousel-holder\">\n        <div class=\"taski-carousel owl-carousel owl-theme\" id=\"taski-carousel\">\n                                    <div class=\"item taski-slide\">\n                            <div class=\"its-i\">\n                <div class=\"media-w\">\n                    <div class=\"image\">\n                      <div class=\"image-i\">\n                        <img decoding=\"async\" src=\"https:\/\/staging.taski.com\/wp-content\/uploads\/2020\/12\/customer-experience.svg\" \/>\n                      <\/div>\n                    <\/div>\n                <\/div>\n                <div class=\"text\">\n                    <div class=\"title\">M\u00fc\u015fteri deneyimi<\/div>\n                    <p>M\u00fc\u015fterilerinize g\u00fcvenli ve rahat bir deneyim ya\u015fat\u0131n. Daha temiz, daha g\u00fcvenli zeminler ve daha iyi hava kalitesi i\u00e7in <strong>Li-Ion ak\u00fcl\u00fc kombine yer y\u0131kama makinelerimize g\u00f6z at\u0131n ve HEPA filtrelere ge\u00e7in.<\/strong>.<\/p>\n                                    <\/div>\n              <\/div>\n                          <\/div>\n            <div class=\"item taski-slide\">\n                            <div class=\"its-i\">\n                <div class=\"media-w\">\n                    <div class=\"image\">\n                      <div class=\"image-i\">\n                        <img decoding=\"async\" src=\"https:\/\/staging.taski.com\/wp-content\/uploads\/2020\/12\/people-safety.svg\" \/>\n                      <\/div>\n                    <\/div>\n                <\/div>\n                <div class=\"text\">\n                    <div class=\"title\">\u0130nsanlar ve G\u00fcvenlik<\/div>\n                    <p>Daha temiz, daha g\u00fcvenli, daha hijyenik tuvalet ve mutfak zeminleri i\u00e7in paspaslardan<strong> Li-Ion ak\u00fcl\u00fc en yeni mikro kombine yer y\u0131kama makinelerimize<\/strong> ge\u00e7in.<\/p>\n                                    <\/div>\n              <\/div>\n                          <\/div>\n            <div class=\"item taski-slide\">\n                            <div class=\"its-i\">\n                <div class=\"media-w\">\n                    <div class=\"image\">\n                      <div class=\"image-i\">\n                        <img decoding=\"async\" src=\"https:\/\/staging.taski.com\/wp-content\/uploads\/2020\/12\/operational-efficiency.svg\" \/>\n                      <\/div>\n                    <\/div>\n                <\/div>\n                <div class=\"text\">\n                    <div class=\"title\">\u0130\u015fletme Verimlili\u011fi<\/div>\n                    <p>Yenilik, \u00fcst\u00fcn verimlilik ve filo y\u00f6netimiyle i\u015fletme verimlili\u011fini art\u0131r\u0131n. Makineye binmek yerine neden y\u00fcr\u00fcyesiniz ki? <strong>2\u2019si 1 arada yenili\u011fimiz IntelliSweep gibi en yeni binicili ve \u00fczerinde ayakta durulabilir makinelerimize<\/strong> g\u00f6z at\u0131n.<\/p>\n                                    <\/div>\n              <\/div>\n                          <\/div>\n            <div class=\"item taski-slide\">\n                            <div class=\"its-i\">\n                <div class=\"media-w\">\n                    <div class=\"image\">\n                      <div class=\"image-i\">\n                        <img decoding=\"async\" src=\"https:\/\/staging.taski.com\/wp-content\/uploads\/2020\/12\/brand-protection.svg\" \/>\n                      <\/div>\n                    <\/div>\n                <\/div>\n                <div class=\"text\">\n                    <div class=\"title\">\u0130\u015fletmenizi ve Markan\u0131z\u0131 Koruyun<\/div>\n                    <p>\u0130nsanlar\u0131 etkileyip g\u00fcvenli\u011fini sa\u011flarken markan\u0131z\u0131 koruyun. Hijyen standartlar\u0131n\u0131 art\u0131rmak i\u00e7in, \u00f6d\u00fcll\u00fc <strong>IntelliSpray yenili\u011fimize<\/strong> g\u00f6z at\u0131n. Ara\u00e7 temizli\u011fi i\u00e7in <strong>mikro bataryal\u0131 makinelerimize ve buharl\u0131 temizleyicilerimize<\/strong> g\u00f6z at\u0131n.<\/p>\n                                    <\/div>\n              <\/div>\n                          <\/div>\n            <div class=\"item taski-slide\">\n                            <div class=\"its-i\">\n                <div class=\"media-w\">\n                    <div class=\"image\">\n                      <div class=\"image-i\">\n                        <img decoding=\"async\" src=\"https:\/\/staging.taski.com\/wp-content\/uploads\/2020\/12\/sustainability.svg\" \/>\n                      <\/div>\n                    <\/div>\n                <\/div>\n                <div class=\"text\">\n                    <div class=\"title\">S\u00fcrd\u00fcr\u00fclebilirlik<\/div>\n                    <p>S\u00fcrd\u00fcr\u00fclebilirlik hedeflerinize varmak i\u00e7in t\u00fcketimlerinizi %76\u2019ya varan oranda azalt\u0131n. <strong>Ak\u0131ll\u0131 \u00c7\u00f6z\u00fcmlerimize g\u00f6z at\u0131n.<\/strong> Enerji, su ve kimyasal kullan\u0131m\u0131 ve at\u0131\u011f\u0131 azaltmak \u00fczere tasarlanm\u0131\u015f teknolojiler.<\/p>\n                                    <\/div>\n              <\/div>\n                          <\/div>\n                    <\/div>\n\n        <div class=\"taski-carousel-navigation\">\n          <div class=\"nav-left\">\n            <a href=\"#\"><i class=\"fa fa-chevron-left\"><\/i><\/a>\n          <\/div>\n          <div class=\"nav-description\">\n\n          <\/div>\n          <div class=\"nav-right\">\n            <a href=\"#\"><i class=\"fa fa-chevron-right\"><\/i><\/a>\n          <\/div>\n        <\/div>\n       <\/div>\n      <\/div>\n   <\/div>\n  <\/div>\n  <div class=\"cl-fl\"><\/div>\n[\/vc_column][\/vc_row][vc_row css=&#8221;.vc_custom_1606653988515{padding-top: 80px !important;padding-bottom: 80px !important;background-color: #505050 !important;}&#8221;][vc_column][vc_row_inner][vc_column_inner]\n  <div class=\"testimonials-block\">\n    <div class=\"testimonials-block-i\">\n      <div class=\"row\">\n        <div class=\"title-block\">\n            <h2>M\u00fc\u015fterilerimiz neler s\u00f6yl\u00fcyor?<\/h2>\n        <\/div>\n\n        <div class=\"testimonials-grid\">\n           <div class=\"testimonial-item\">\n            <div class=\"ti-i\">\n             <img decoding=\"async\" src=\"https:\/\/staging.taski.com\/wp-content\/uploads\/2020\/11\/testimonial-1.jpg\" alt=\"Image\" \/>\n             <div class=\"test-item-content\">\n                <div class=\"test-item-title\">D\u00fcnyan\u0131n en yo\u011fun havaliman\u0131 merkezlerinden biri, Trip Advisor puan\u0131n\u0131 y\u00fckseltmek istedi, bu y\u00fczden ortaklar\u0131na dan\u0131\u015ft\u0131.<br \/>\nZemin bak\u0131m\u0131 i\u00e7in orta\u011f\u0131 TASKI\u2019ydi.<\/div>\n                <div class=\"test-item-text\"><p>\u201dKilometrelerce uzanan sert zeminlerimizin en iyi \u015fekilde g\u00f6r\u00fcnmesini sa\u011flamak sonsuz bir i\u015ftir. Orta\u011f\u0131m\u0131z TASKI, Twister'a ge\u00e7memize yard\u0131mc\u0131 oldu, iki hafta sonra d\u00f6n\u00fc\u015f\u00fcm inan\u0131lmazd\u0131. Zaten Trip Advisor puanlar\u0131m\u0131z bunu g\u00f6steriyor ve di\u011fer \u00f6nlemler m\u00fc\u015fterilerimizin deneyimini iyile\u015ftiriyor.\u201c<\/p><\/div>\n             <\/div>\n            <\/div>\n           <\/div>\n           <div class=\"testimonial-item\">\n            <div class=\"ti-i\">\n             <img decoding=\"async\" src=\"https:\/\/staging.taski.com\/wp-content\/uploads\/2020\/11\/testimonial-2.jpg\" alt=\"Image\" \/>\n             <div class=\"test-item-content\">\n                <div class=\"test-item-title\">Diversey kimyasallar\u0131n\u0131 kullanmakta olan \u00fcnl\u00fc bir havayolu, TASKI\u2019ye bir u\u00e7a\u011f\u0131 g\u00fcvenle nas\u0131l daha h\u0131zl\u0131 temizleyebilece\u011fini sordu.<\/div>\n                <div class=\"test-item-text\"><p>\u201cU\u00e7aklar\u0131m\u0131zda y\u0131llard\u0131r kablolu, s\u0131rtta ta\u015f\u0131nabilir vakumlu makineler kullan\u0131yoruz. Bataryal\u0131 bir modele ge\u00e7erek verimlili\u011fi %40 art\u0131rabilece\u011fimize dair hi\u00e7bir fikrimiz yoktu. TASKI\u2019nin AERO BP modeli daha da hafif ve kullan\u0131\u015fl\u0131 bir uzaktan kumandaya sahip. Kablosuz bir model kullanmak \u00e7ok daha g\u00fcvenli.\u201d<\/p><\/div>\n             <\/div>\n            <\/div>\n           <\/div>\n           <div class=\"testimonial-item\">\n            <div class=\"ti-i\">\n             <img decoding=\"async\" src=\"https:\/\/staging.taski.com\/wp-content\/uploads\/2020\/11\/testimonial-3.jpg\" alt=\"Image\" \/>\n             <div class=\"test-item-content\">\n                <div class=\"test-item-title\">Avrupa\u2019n\u0131n ba\u015fkentlerinden birindeki \u00e7ok yo\u011fun bir tren istasyonu, TASKI\u2019ye <strong> temizli\u011fe harcanan s\u00fcreden tasarruf etmenin <\/strong> yollar\u0131n\u0131 sordu.<\/div>\n                <div class=\"test-item-text\"><p>\u201cTASKI, t\u00fcm s\u00fcre\u00e7lerimize bakt\u0131 ve basit ama \u00f6zel bir \u00e7\u00f6z\u00fcm buldu. TASKI\u2019nin iki operasyonu bir arada sunan IntelliSweep yenili\u011fini test ettik. \u015eimdi platformlar\u0131m\u0131z\u0131 \u00f6nceden s\u00fcp\u00fcrmeyi ortadan kald\u0131rarak %30 zaman kazan\u0131yoruz. \u015eimdi bu s\u00fcreyi tabelalar\u0131 temizlemek ve m\u00fc\u015fteri tuvaletlerini kontrol etmek i\u00e7in kullan\u0131yoruz.\u201d<\/p><\/div>\n             <\/div>\n            <\/div>\n           <\/div>\n\n        <\/div>\n\n      <\/div>\n    <\/div>\n  <\/div>\n  <div class=\"cl-fl\"><\/div>\n[\/vc_column_inner][\/vc_row_inner][\/vc_column][\/vc_row][vc_row][vc_column][vc_column_text]<\/p>\n<h2 style=\"text-align: center;\">Sekt\u00f6r bro\u015f\u00fcrlerimizi ve \u00fcr\u00fcn k\u0131lavuzlar\u0131m\u0131z\u0131 indirin<\/h2>\n<p>[\/vc_column_text][\/vc_column][\/vc_row][vc_row][vc_column width=&#8221;1\/3&#8243;]  <div class=\"feature-icon-w\">\n    <div class=\"feature-icon-i\">\n     <a href=\"https:\/\/taski.com\/wp-content\/uploads\/2021\/01\/Transport-Sector-Brochure.pdf\" target=\"_blank\">       <div class=\"feature-tbl\">\n        <div class=\"feature-cell image-cell\">\n          <img decoding=\"async\" class=\"aligncenter size-full\" alt=\"\" src=\"https:\/\/staging.taski.com\/wp-content\/uploads\/2020\/12\/icon-document.png\"\/>\n        <\/div>\n        <div class=\"feature-cell description-cell\">\n          <p>Nakliye Sekt\u00f6r\u00fc Bro\u015f\u00fcr\u00fc<\/p>\n        <\/div>\n       <\/div>\n        <\/a>       <div class=\"cl-fl\"><\/div>\n    <\/div>\n  <\/div>\n[\/vc_column][vc_column width=&#8221;1\/3&#8243;]  <div class=\"feature-icon-w\">\n    <div class=\"feature-icon-i\">\n            <div class=\"feature-tbl\">\n        <div class=\"feature-cell image-cell\">\n          <img decoding=\"async\" class=\"aligncenter size-full\" alt=\"\" src=\"https:\/\/staging.taski.com\/wp-content\/uploads\/2020\/12\/icon-document.png\"\/>\n        <\/div>\n        <div class=\"feature-cell description-cell\">\n          <p>Nakliye Kullan\u0131lacak \u00dcr\u00fcn \u00c7izelgesi<\/p>\n        <\/div>\n       <\/div>\n               <div class=\"cl-fl\"><\/div>\n    <\/div>\n  <\/div>\n[\/vc_column][vc_column width=&#8221;1\/3&#8243;][\/vc_column][\/vc_row][vc_row][vc_column][vc_row_inner][vc_column_inner]\n  <div class=\"three-cta-block\">\n    <div class=\"three-cta-block-i\">\n      <div class=\"row\">\n        <div class=\"three-cta-block-grid\">\n           <div class=\"three-cta-item\">\n            <div class=\"tci-i\">\n             <div class=\"tci-item-content\">\n                <h5><strong>Daha <\/strong><br \/>fazlas\u0131 <br \/>-i\u00e7in             <\/h5>\n                <a href=\"\/products-innovations-solutions\/\"><p>\u00dcR\u00dcNLER, <br \/> \u00c7\u00d6Z\u00dcMLER & <br \/> YEN\u0130L\u0130KLER<\/p><\/a>\n             <\/div>\n            <\/div>\n           <\/div>\n           <div class=\"three-cta-item\">\n            <div class=\"tci-i\">\n             <div class=\"tci-item-content\">\n                <h5><strong>Sat\u0131n <\/strong><br \/>almak m\u0131 <br \/>istiyorsunuz?<\/h5>\n                <a href=\"\/shop\/\"><p>TASKI<br \/>MA\u011eAZAM<\/p><\/a>\n             <\/div>\n            <\/div>\n           <\/div>\n           <div class=\"three-cta-item\">\n            <div class=\"tci-i\">\n             <div class=\"tci-item-content\">\n                <h5><strong>Bizimle <\/strong><br \/>ileti\u015fime <br \/>ge\u00e7in<\/h5>\n                <a href=\"\/news-help-contacts\/\"><p>Ileti\u015fim<\/p><\/a>\n             <\/div>\n            <\/div>\n           <\/div>\n        <\/div>\n      <\/div>\n    <\/div>\n  <\/div>\n  <div class=\"cl-fl\"><\/div>\n[\/vc_column_inner][\/vc_row_inner][\/vc_column][\/vc_row]<\/p>\n<\/div>","protected":false},"excerpt":{"rendered":"<p>TASKI makine \u00e7\u00f6z\u00fcmleri, binan\u0131z\u0131n bak\u0131m\u0131n\u0131 yapar, markan\u0131z\u0131 korur ve kamu g\u00fcvenli\u011fi sa\u011flar <\/p>\n","protected":false},"author":1,"featured_media":4559,"parent":14763,"menu_order":624,"comment_status":"closed","ping_status":"closed","template":"","meta":{"_acf_changed":false,"_seopress_robots_primary_cat":"","_seopress_titles_title":"","_seopress_titles_desc":"","_seopress_robots_index":"","inline_featured_image":false,"footnotes":""},"class_list":["post-14835","page","type-page","status-publish","has-post-thumbnail","hentry"],"acf":[],"_links":{"self":[{"href":"https:\/\/staging.taski.com\/tr\/wp-json\/wp\/v2\/pages\/14835","targetHints":{"allow":["GET"]}}],"collection":[{"href":"https:\/\/staging.taski.com\/tr\/wp-json\/wp\/v2\/pages"}],"about":[{"href":"https:\/\/staging.taski.com\/tr\/wp-json\/wp\/v2\/types\/page"}],"author":[{"embeddable":true,"href":"https:\/\/staging.taski.com\/tr\/wp-json\/wp\/v2\/users\/1"}],"replies":[{"embeddable":true,"href":"https:\/\/staging.taski.com\/tr\/wp-json\/wp\/v2\/comments?post=14835"}],"version-history":[{"count":0,"href":"https:\/\/staging.taski.com\/tr\/wp-json\/wp\/v2\/pages\/14835\/revisions"}],"up":[{"embeddable":true,"href":"https:\/\/staging.taski.com\/tr\/wp-json\/wp\/v2\/pages\/14763"}],"wp:featuredmedia":[{"embeddable":true,"href":"https:\/\/staging.taski.com\/tr\/wp-json\/wp\/v2\/media\/4559"}],"wp:attachment":[{"href":"https:\/\/staging.taski.com\/tr\/wp-json\/wp\/v2\/media?parent=14835"}],"curies":[{"name":"wp","href":"https:\/\/api.w.org\/{rel}","templated":true}]}}