{"id":14829,"date":"2020-11-30T16:22:37","date_gmt":"2020-11-30T16:22:37","guid":{"rendered":"https:\/\/taski.com\/neden-taski\/pazarlariniz-ve-sektorleriniz\/uretim\/"},"modified":"2021-08-06T09:20:34","modified_gmt":"2021-08-06T09:20:34","slug":"uretim","status":"publish","type":"page","link":"https:\/\/staging.taski.com\/tr\/neden-taski\/pazarlariniz-ve-sektorleriniz\/uretim\/","title":{"rendered":"\u00dcretim"},"content":{"rendered":"<div class=\"wpb-content-wrapper\"><p>[vc_row][vc_column]\n  <div class=\"page-intro-block size-fit-image style-dark font-large\">\n         <div class=\"page-intro-block-i\">\n      <div class=\"row\">\n        <div class=\"page-intro-content\">\n            <div class=\"title-block\">\n                                     <h2><span class=\"pt\">\u00dcretim<\/span>Tesisinizin <strong>temizli\u011fini ve g\u00fcvenli\u011fini sa\u011flarken maliyetleri en aza indirmeniz ve kontrol alt\u0131nda tutman\u0131z<\/strong> m\u0131 gerekiyor?<br \/>\nTASKI yard\u0131m edebilir.<\/h2>\n                                                 <\/div>\n            <div class=\"page-intro-image\">\n                                <div class=\"page-intro-image-alt\">\n                    \n                    <img decoding=\"async\" src=\"https:\/\/staging.taski.com\/wp-content\/uploads\/2020\/11\/manufacturing.jpg\" alt=\"\" \/>\n\n                <\/div>\n            <\/div>\n        <\/div>\n      <\/div>\n\n\n    <\/div>\n  <\/div>\n  <div class=\"cl-fl\"><\/div>\n[\/vc_column][\/vc_row][vc_row css=&#8221;.vc_custom_1606587476742{padding-top: 80px !important;padding-bottom: 95px !important;}&#8221;][vc_column][vc_row_inner][vc_column_inner]\n  <div class=\"page-video-block\">\n    <div class=\"page-video-block-i\">\n      <div class=\"row\">\n        <div class=\"page-video-block-content\">\n            <div class=\"title-block\">\n                 <h2>Ya\u015fad\u0131\u011f\u0131n\u0131z en b\u00fcy\u00fck zorluklar neler?<\/h2>\n            <\/div>\n            <div class=\"page-video-image\">\n                \n              <a href=\"#\" class=\"video-player-link\" data-video-id=\"485944886\" data-src=\"https:\/\/player.vimeo.com\/video\/485944886\">\n                <img decoding=\"async\" src=\"https:\/\/staging.taski.com\/wp-content\/uploads\/2021\/01\/Manufacturing-need-image.jpg\" alt=\"Ya\u015fad\u0131\u011f\u0131n\u0131z en b\u00fcy\u00fck zorluklar neler? Image\" \/>\n\n     <div class=\"page-video-video-abs\"><div class=\"video-embed\"><iframe loading=\"lazy\" id=\"\" src=\"\" width=\"100%\" height=\"100%\" frameborder=\"0\" style=\"position:absolute;top:0;left:0;width:100%;height:100%;\"   allow=\"autoplay; fullscreen\" muted webkitallowfullscreen mozallowfullscreen allowfullscreen><\/iframe><\/div><\/div>              <\/a>\n            <\/div>\n        <\/div>\n      <\/div>\n\n\n    <\/div>\n  <\/div>\n  <div class=\"cl-fl\"><\/div>\n[\/vc_column_inner][\/vc_row_inner][\/vc_column][\/vc_row][vc_row][vc_column]\n  <div class=\"taski-carousel-block \" style=\"\">\n    <div class=\"taski-carousel-block-i\">\n\n      <div class=\"taski-carousel-title\"><p>Sekt\u00f6r\u00fcn\u00fcz\u00fcn ihtiya\u00e7lar\u0131n\u0131 anl\u0131yoruz.<\/p><\/div>\n      <div class=\"row\">\n       <div class=\"taski-carousel-holder\">\n        <div class=\"taski-carousel owl-carousel owl-theme\" id=\"taski-carousel\">\n                                    <div class=\"item taski-slide\">\n                            <div class=\"its-i\">\n                <div class=\"media-w\">\n                    <div class=\"image\">\n                      <div class=\"image-i\">\n                        <img decoding=\"async\" src=\"https:\/\/staging.taski.com\/wp-content\/uploads\/2020\/12\/operational-efficiency.svg\" \/>\n                      <\/div>\n                    <\/div>\n                <\/div>\n                <div class=\"text\">\n                    <div class=\"title\">\u0130\u015fletme Verimlili\u011fi<\/div>\n                    <p>\u0130\u015fletme verimlili\u011fini art\u0131r\u0131n ve temizli\u011fe daha az s\u00fcre harcay\u0131n. 2\u2019si 1 arada <strong>IntelliSweep yenili\u011fimizi<\/strong> ke\u015ffedin. Bir ge\u00e7i\u015fte s\u00fcp\u00fcrerek ve ovarak %30 zaman tasarrufu sa\u011flar.<\/p>\n                                    <\/div>\n              <\/div>\n                          <\/div>\n            <div class=\"item taski-slide\">\n                            <div class=\"its-i\">\n                <div class=\"media-w\">\n                    <div class=\"image\">\n                      <div class=\"image-i\">\n                        <img decoding=\"async\" src=\"https:\/\/staging.taski.com\/wp-content\/uploads\/2020\/12\/people-safety.svg\" \/>\n                      <\/div>\n                    <\/div>\n                <\/div>\n                <div class=\"text\">\n                    <div class=\"title\">\u0130nsanlar ve G\u00fcvenlik<\/div>\n                    <p>Hijyeni iyile\u015ftirin ve zeminlerinizin g\u00fcvenli olmas\u0131n\u0131 sa\u011flay\u0131n. <strong>TASKI yer s\u00fcp\u00fcrme makineleri ve ovalay\u0131c\u0131 kurutucular <\/strong>daha g\u00fcvenli, daha temiz zeminler i\u00e7in tek ge\u00e7i\u015fte temizlemek \u00fczere tasarlanm\u0131\u015ft\u0131r.<\/p>\n                                    <\/div>\n              <\/div>\n                          <\/div>\n            <div class=\"item taski-slide\">\n                            <div class=\"its-i\">\n                <div class=\"media-w\">\n                    <div class=\"image\">\n                      <div class=\"image-i\">\n                        <img decoding=\"async\" src=\"https:\/\/staging.taski.com\/wp-content\/uploads\/2020\/12\/profitable-growth.svg\" \/>\n                      <\/div>\n                    <\/div>\n                <\/div>\n                <div class=\"text\">\n                    <div class=\"title\">Kazan\u00e7l\u0131 B\u00fcy\u00fcme<\/div>\n                    \n                                    <\/div>\n              <\/div>\n                          <\/div>\n            <div class=\"item taski-slide\">\n                            <div class=\"its-i\">\n                <div class=\"media-w\">\n                    <div class=\"image\">\n                      <div class=\"image-i\">\n                        <img decoding=\"async\" src=\"https:\/\/staging.taski.com\/wp-content\/uploads\/2020\/12\/working-capital-optimisation.svg\" \/>\n                      <\/div>\n                    <\/div>\n                <\/div>\n                <div class=\"text\">\n                    <div class=\"title\">\u0130\u015fletme Sermayesi Optimizasyonu<\/div>\n                    <p>Ak\u0131ll\u0131 yat\u0131r\u0131m yap\u0131n. Daha fazla kazan\u00e7 sa\u011flay\u0131n. Yat\u0131r\u0131m getirinizi y\u00fckseltin ve paran\u0131z\u0131n kar\u015f\u0131l\u0131\u011f\u0131n\u0131 daha \u00e7abuk al\u0131n. Yat\u0131r\u0131m getirinizi nas\u0131l en y\u00fcksek d\u00fczeye \u00e7\u0131karabilece\u011finizi g\u00f6rmek i\u00e7in <strong>2\u2019si 1 arada yenili\u011fimiz IntelliSweep gibi en yeni binicili ve \u00fczerinde ayakta durulabilir makinelerimize<\/strong> g\u00f6z at\u0131n.<\/p>\n                                    <\/div>\n              <\/div>\n                          <\/div>\n            <div class=\"item taski-slide\">\n                            <div class=\"its-i\">\n                <div class=\"media-w\">\n                    <div class=\"image\">\n                      <div class=\"image-i\">\n                        <img decoding=\"async\" src=\"https:\/\/staging.taski.com\/wp-content\/uploads\/2020\/12\/cost-control.svg\" \/>\n                      <\/div>\n                    <\/div>\n                <\/div>\n                <div class=\"text\">\n                    <div class=\"title\">Maliyet Kontrol\u00fc<\/div>\n                    \n                                    <\/div>\n              <\/div>\n                          <\/div>\n                    <\/div>\n\n        <div class=\"taski-carousel-navigation\">\n          <div class=\"nav-left\">\n            <a href=\"#\"><i class=\"fa fa-chevron-left\"><\/i><\/a>\n          <\/div>\n          <div class=\"nav-description\">\n\n          <\/div>\n          <div class=\"nav-right\">\n            <a href=\"#\"><i class=\"fa fa-chevron-right\"><\/i><\/a>\n          <\/div>\n        <\/div>\n       <\/div>\n      <\/div>\n   <\/div>\n  <\/div>\n  <div class=\"cl-fl\"><\/div>\n[\/vc_column][\/vc_row][vc_row css=&#8221;.vc_custom_1606653988515{padding-top: 80px !important;padding-bottom: 80px !important;background-color: #505050 !important;}&#8221;][vc_column][vc_row_inner][vc_column_inner]\n  <div class=\"testimonials-block\">\n    <div class=\"testimonials-block-i\">\n      <div class=\"row\">\n        <div class=\"title-block\">\n            <h2>M\u00fc\u015fterilerimiz neler s\u00f6yl\u00fcyor?<\/h2>\n        <\/div>\n\n        <div class=\"testimonials-grid\">\n           <div class=\"testimonial-item\">\n            <div class=\"ti-i\">\n             <img decoding=\"async\" src=\"https:\/\/staging.taski.com\/wp-content\/uploads\/2020\/11\/testimonial-1.jpg\" alt=\"Image\" \/>\n             <div class=\"test-item-content\">\n                <div class=\"test-item-title\">Elektronik \u00fcretiminin \u00e7ok y\u00fcksek maliyetleri var ve \u00e7ok y\u00fcksek hijyen standartlar\u0131yla \u00e7al\u0131\u015f\u0131yoruz. <strong>Sadece TASKI m\u00fckemmel \u00e7\u00f6z\u00fcm\u00fc sunmak i\u00e7in gerekli uzmanl\u0131\u011fa sahip.<\/strong><\/div>\n                <div class=\"test-item-text\"><p>\u201cKay\u0131p \u00fcretim ve ba\u015far\u0131s\u0131z kalite kontrole burada hi\u00e7 tahamm\u00fcl\u00fcm\u00fcz yok. TASKI uzmanlar\u0131, makine ve kimyasal\u0131 bir arada sunan tek ge\u00e7i\u015fli bir temizlik program\u0131 olu\u015fturdular. Ayr\u0131ca \u00f6zel bir anti-statik Diversey temizleme kimyasal\u0131na ve HEPA filtrelere ge\u00e7tik.<\/p><\/div>\n             <\/div>\n            <\/div>\n           <\/div>\n           <div class=\"testimonial-item\">\n            <div class=\"ti-i\">\n             <img decoding=\"async\" src=\"https:\/\/staging.taski.com\/wp-content\/uploads\/2020\/11\/testimonial-2.jpg\" alt=\"Image\" \/>\n             <div class=\"test-item-content\">\n                <div class=\"test-item-title\">Personelin de\u011fi\u015fim oran\u0131 bir sorundu. TASKI, <strong>bir m\u00fchendislik \u00fcreticisinin verimlili\u011fi art\u0131rmas\u0131na yard\u0131m etti<\/strong>, ayr\u0131ca temizlik i\u015fini daha kolay ve daha rahat h\u00e2le getirdi.<\/div>\n                <div class=\"test-item-text\"><p>\u201c\u00dcretim hatt\u0131m\u0131z\u0131n pek g\u00fczel bir yer olmad\u0131\u011f\u0131n\u0131 biliyoruz ve temizlik personelinin i\u015fe devam etmesini sa\u011flamak bir sorundu. Binicili ovalay\u0131c\u0131 kurutuculara ge\u00e7i\u015f yapt\u0131k ve personelimiz art\u0131k rahat ve g\u00fcven i\u00e7inde oturabiliyor. Binicili makinelerle sa\u011flad\u0131\u011f\u0131m\u0131z zaman tasarrufu sayesinde art\u0131k personelimiz daha uzun s\u00fcre ara verebiliyor, yani herkes i\u00e7in kazan\u00e7l\u0131 oldu.<\/p><\/div>\n             <\/div>\n            <\/div>\n           <\/div>\n           <div class=\"testimonial-item\">\n            <div class=\"ti-i\">\n             <img decoding=\"async\" src=\"https:\/\/staging.taski.com\/wp-content\/uploads\/2020\/11\/testimonial-3.jpg\" alt=\"Image\" \/>\n             <div class=\"test-item-content\">\n                <div class=\"test-item-title\">7\/24 \u00e7al\u0131\u015fan bir \u00fcretim hatt\u0131na sahip bir binada, temizlik s\u00fcrecin \u00e7ok \u00f6nemli bir par\u00e7as\u0131yd\u0131. Ancak, \u0130skandinavya\u2019daki g\u0131da fabrikas\u0131n\u0131n <strong>h\u0131zl\u0131 temizli\u011fin yeni yollar\u0131n\u0131 <\/strong> bulmas\u0131 gerekiyordu.<\/div>\n                <div class=\"test-item-text\"><p>\u201cGeriye d\u00f6n\u00fcp bakt\u0131\u011f\u0131m\u0131zda, bu \u00e7ok barizdi. TASKI sahaya geldi ve \u015funu s\u00f6yledi: \u201cMakineye binmek yerine neden y\u00fcr\u00fcyesiniz ki?\u201d \u00dczerinde ayakta durulabilir bir makineye ge\u00e7erek zemin temizleme s\u00fcremizi %30 k\u0131saltt\u0131k. Bu m\u00fckemmel bir \u00e7\u00f6z\u00fcmd\u00fc. \u00c7evik olacak kadar k\u00fc\u00e7\u00fckt\u00fc, ama \u00e7ok daha h\u0131zl\u0131 temizliyordu. \u00dcstelik ayn\u0131 temizlik deposuna s\u0131\u011fd\u0131\u201d.<\/p><\/div>\n             <\/div>\n            <\/div>\n           <\/div>\n\n        <\/div>\n\n      <\/div>\n    <\/div>\n  <\/div>\n  <div class=\"cl-fl\"><\/div>\n[\/vc_column_inner][\/vc_row_inner][\/vc_column][\/vc_row][vc_row][vc_column][vc_column_text]<\/p>\n<h2 style=\"text-align: center;\">Sekt\u00f6r bro\u015f\u00fcrlerimizi ve \u00fcr\u00fcn k\u0131lavuzlar\u0131m\u0131z\u0131 indirin<\/h2>\n<p>[\/vc_column_text][\/vc_column][\/vc_row][vc_row][vc_column width=&#8221;1\/3&#8243;]  <div class=\"feature-icon-w\">\n    <div class=\"feature-icon-i\">\n     <a href=\"https:\/\/taski.com\/wp-content\/uploads\/2021\/01\/Manufacturing-Sector-Brochure.pdf\" target=\"_blank\">       <div class=\"feature-tbl\">\n        <div class=\"feature-cell image-cell\">\n          <img decoding=\"async\" class=\"aligncenter size-full\" alt=\"\" src=\"https:\/\/staging.taski.com\/wp-content\/uploads\/2020\/12\/icon-document.png\"\/>\n        <\/div>\n        <div class=\"feature-cell description-cell\">\n          <p>\u00dcretim<br \/>\nSekt\u00f6r\u00fc<br \/>\nBro\u015f\u00fcr\u00fc<\/p>\n        <\/div>\n       <\/div>\n        <\/a>       <div class=\"cl-fl\"><\/div>\n    <\/div>\n  <\/div>\n[\/vc_column][vc_column width=&#8221;1\/3&#8243;]  <div class=\"feature-icon-w\">\n    <div class=\"feature-icon-i\">\n            <div class=\"feature-tbl\">\n        <div class=\"feature-cell image-cell\">\n          <img decoding=\"async\" class=\"aligncenter size-full\" alt=\"\" src=\"https:\/\/staging.taski.com\/wp-content\/uploads\/2020\/12\/icon-document.png\"\/>\n        <\/div>\n        <div class=\"feature-cell description-cell\">\n          <p>\u00dcretim Kullan\u0131lacak \u00dcr\u00fcn \u00c7izelgesi<\/p>\n        <\/div>\n       <\/div>\n               <div class=\"cl-fl\"><\/div>\n    <\/div>\n  <\/div>\n[\/vc_column][vc_column width=&#8221;1\/3&#8243;][\/vc_column][\/vc_row][vc_row][vc_column][vc_row_inner][vc_column_inner]\n  <div class=\"three-cta-block\">\n    <div class=\"three-cta-block-i\">\n      <div class=\"row\">\n        <div class=\"three-cta-block-grid\">\n           <div class=\"three-cta-item\">\n            <div class=\"tci-i\">\n             <div class=\"tci-item-content\">\n                <h5><strong>Daha <\/strong><br \/>fazlas\u0131 <br \/>-i\u00e7in             <\/h5>\n                <a href=\"\/products-innovations-solutions\/\"><p>\u00dcR\u00dcNLER, <br \/> \u00c7\u00d6Z\u00dcMLER & <br \/> YEN\u0130L\u0130KLER<\/p><\/a>\n             <\/div>\n            <\/div>\n           <\/div>\n           <div class=\"three-cta-item\">\n            <div class=\"tci-i\">\n             <div class=\"tci-item-content\">\n                <h5><strong>Sat\u0131n <\/strong><br \/>almak m\u0131 <br \/>istiyorsunuz?<\/h5>\n                <a href=\"\/shop\/\"><p>TASKI<br \/>MA\u011eAZAM<\/p><\/a>\n             <\/div>\n            <\/div>\n           <\/div>\n           <div class=\"three-cta-item\">\n            <div class=\"tci-i\">\n             <div class=\"tci-item-content\">\n                <h5><strong>Bizimle <\/strong><br \/>ileti\u015fime <br \/>ge\u00e7in<\/h5>\n                <a href=\"\/news-help-contacts\/\"><p>Ileti\u015fim<\/p><\/a>\n             <\/div>\n            <\/div>\n           <\/div>\n        <\/div>\n      <\/div>\n    <\/div>\n  <\/div>\n  <div class=\"cl-fl\"><\/div>\n[\/vc_column_inner][\/vc_row_inner][\/vc_column][\/vc_row]<\/p>\n<\/div>","protected":false},"excerpt":{"rendered":"<p>TASKI makine \u00e7\u00f6z\u00fcmleri, i\u015fletmeniz i\u00e7in aksamay\u0131 en aza indirir ve maliyetleri kontrol alt\u0131nda tutman\u0131za yard\u0131m eder<\/p>\n","protected":false},"author":1,"featured_media":4558,"parent":14763,"menu_order":640,"comment_status":"closed","ping_status":"closed","template":"","meta":{"_acf_changed":false,"_seopress_robots_primary_cat":"","_seopress_titles_title":"","_seopress_titles_desc":"","_seopress_robots_index":"","inline_featured_image":false,"footnotes":""},"class_list":["post-14829","page","type-page","status-publish","has-post-thumbnail","hentry"],"acf":[],"_links":{"self":[{"href":"https:\/\/staging.taski.com\/tr\/wp-json\/wp\/v2\/pages\/14829","targetHints":{"allow":["GET"]}}],"collection":[{"href":"https:\/\/staging.taski.com\/tr\/wp-json\/wp\/v2\/pages"}],"about":[{"href":"https:\/\/staging.taski.com\/tr\/wp-json\/wp\/v2\/types\/page"}],"author":[{"embeddable":true,"href":"https:\/\/staging.taski.com\/tr\/wp-json\/wp\/v2\/users\/1"}],"replies":[{"embeddable":true,"href":"https:\/\/staging.taski.com\/tr\/wp-json\/wp\/v2\/comments?post=14829"}],"version-history":[{"count":0,"href":"https:\/\/staging.taski.com\/tr\/wp-json\/wp\/v2\/pages\/14829\/revisions"}],"up":[{"embeddable":true,"href":"https:\/\/staging.taski.com\/tr\/wp-json\/wp\/v2\/pages\/14763"}],"wp:featuredmedia":[{"embeddable":true,"href":"https:\/\/staging.taski.com\/tr\/wp-json\/wp\/v2\/media\/4558"}],"wp:attachment":[{"href":"https:\/\/staging.taski.com\/tr\/wp-json\/wp\/v2\/media?parent=14829"}],"curies":[{"name":"wp","href":"https:\/\/api.w.org\/{rel}","templated":true}]}}