{"id":14827,"date":"2020-11-30T16:15:23","date_gmt":"2020-11-30T16:15:23","guid":{"rendered":"https:\/\/taski.com\/neden-taski\/pazarlariniz-ve-sektorleriniz\/devlet-ve-egitim\/"},"modified":"2021-08-06T08:41:38","modified_gmt":"2021-08-06T08:41:38","slug":"kamu-ve-egitim","status":"publish","type":"page","link":"https:\/\/staging.taski.com\/tr\/neden-taski\/pazarlariniz-ve-sektorleriniz\/kamu-ve-egitim\/","title":{"rendered":"Kamu ve E\u011fitim Kurumlar\u0131"},"content":{"rendered":"<div class=\"wpb-content-wrapper\"><p>[vc_row][vc_column]\n  <div class=\"page-intro-block size-fit-image style-dark font-large\">\n         <div class=\"page-intro-block-i\">\n      <div class=\"row\">\n        <div class=\"page-intro-content\">\n            <div class=\"title-block\">\n                                     <h2><span class=\"pt\">Kamu ve E\u011fitim Kurumlar\u0131<\/span>Tesisinizi verimli bir \u015fekilde <strong>temizlemeniz ve bak\u0131m\u0131n\u0131 yapman\u0131z, <\/strong> ayn\u0131 zamanda halk\u0131n\u0131 <strong>sa\u011fl\u0131\u011f\u0131n\u0131 ve g\u00fcvenli\u011fini de<\/strong>koruman\u0131z m\u0131 gerekiyor?<br \/>\nTASKI yard\u0131m edebilir.<\/h2>\n                                                 <\/div>\n            <div class=\"page-intro-image\">\n                                <div class=\"page-intro-image-alt\">\n                    \n                    <img decoding=\"async\" src=\"https:\/\/staging.taski.com\/wp-content\/uploads\/2020\/11\/government-education.jpg\" alt=\"\" \/>\n\n                <\/div>\n            <\/div>\n        <\/div>\n      <\/div>\n\n\n    <\/div>\n  <\/div>\n  <div class=\"cl-fl\"><\/div>\n[\/vc_column][\/vc_row][vc_row css=&#8221;.vc_custom_1606587476742{padding-top: 80px !important;padding-bottom: 95px !important;}&#8221;][vc_column][vc_row_inner][vc_column_inner]\n  <div class=\"page-video-block\">\n    <div class=\"page-video-block-i\">\n      <div class=\"row\">\n        <div class=\"page-video-block-content\">\n            <div class=\"title-block\">\n                 <h2>Ya\u015fad\u0131\u011f\u0131n\u0131z en b\u00fcy\u00fck zorluklar neler?<\/h2>\n            <\/div>\n            <div class=\"page-video-image\">\n                \n              <a href=\"#\" class=\"video-player-link\" data-video-id=\"485944650\" data-src=\"https:\/\/player.vimeo.com\/video\/485944650\">\n                <img decoding=\"async\" src=\"https:\/\/staging.taski.com\/wp-content\/uploads\/2021\/01\/GE-need-image.jpg\" alt=\"Ya\u015fad\u0131\u011f\u0131n\u0131z en b\u00fcy\u00fck zorluklar neler? Image\" \/>\n\n     <div class=\"page-video-video-abs\"><div class=\"video-embed\"><iframe loading=\"lazy\" id=\"\" src=\"\" width=\"100%\" height=\"100%\" frameborder=\"0\" style=\"position:absolute;top:0;left:0;width:100%;height:100%;\"   allow=\"autoplay; fullscreen\" muted webkitallowfullscreen mozallowfullscreen allowfullscreen><\/iframe><\/div><\/div>              <\/a>\n            <\/div>\n        <\/div>\n      <\/div>\n\n\n    <\/div>\n  <\/div>\n  <div class=\"cl-fl\"><\/div>\n[\/vc_column_inner][\/vc_row_inner][\/vc_column][\/vc_row][vc_row][vc_column]\n  <div class=\"taski-carousel-block \" style=\"\">\n    <div class=\"taski-carousel-block-i\">\n\n      <div class=\"taski-carousel-title\"><p>Sekt\u00f6r\u00fcn\u00fcz\u00fcn ihtiya\u00e7lar\u0131n\u0131 anl\u0131yoruz<\/p><\/div>\n      <div class=\"row\">\n       <div class=\"taski-carousel-holder\">\n        <div class=\"taski-carousel owl-carousel owl-theme\" id=\"taski-carousel\">\n                                    <div class=\"item taski-slide\">\n                            <div class=\"its-i\">\n                <div class=\"media-w\">\n                    <div class=\"image\">\n                      <div class=\"image-i\">\n                        <img decoding=\"async\" src=\"https:\/\/staging.taski.com\/wp-content\/uploads\/2020\/12\/sustainability.svg\" \/>\n                      <\/div>\n                    <\/div>\n                <\/div>\n                <div class=\"text\">\n                    <div class=\"title\">S\u00fcrd\u00fcr\u00fclebilirlik<\/div>\n                    <p>S\u00fcrd\u00fcr\u00fclebilirlik hedeflerinize varmak i\u00e7in t\u00fcketimlerinizi %76\u2019ya varan oranda azalt\u0131n. <strong>Ak\u0131ll\u0131 \u00c7\u00f6z\u00fcmlerimize g\u00f6z at\u0131n.<\/strong> Enerji, su, kimyasal ve at\u0131\u011f\u0131 azaltmak i\u00e7in tasarlanm\u0131\u015f teknolojiler ve \u00fcr\u00fcnleri inceleyin.<\/p>\n                                    <\/div>\n              <\/div>\n                          <\/div>\n            <div class=\"item taski-slide\">\n                            <div class=\"its-i\">\n                <div class=\"media-w\">\n                    <div class=\"image\">\n                      <div class=\"image-i\">\n                        <img decoding=\"async\" src=\"https:\/\/staging.taski.com\/wp-content\/uploads\/2020\/12\/operational-efficiency.svg\" \/>\n                      <\/div>\n                    <\/div>\n                <\/div>\n                <div class=\"text\">\n                    <div class=\"title\">\u0130\u015fletme Verimlili\u011fi<\/div>\n                    <p>Yenilik, \u00fcst\u00fcn verimlilik ve filo y\u00f6netimiyle i\u015fletme verimlili\u011fini art\u0131r\u0131n. <strong>IntelliTrail takip ve IntelliTrail Analytics filo y\u00f6netimi ara\u00e7lar\u0131m\u0131za<\/strong> g\u00f6z at\u0131n.<\/p>\n                                    <\/div>\n              <\/div>\n                          <\/div>\n            <div class=\"item taski-slide\">\n                            <div class=\"its-i\">\n                <div class=\"media-w\">\n                    <div class=\"image\">\n                      <div class=\"image-i\">\n                        <img decoding=\"async\" src=\"https:\/\/staging.taski.com\/wp-content\/uploads\/2020\/12\/cost-control.svg\" \/>\n                      <\/div>\n                    <\/div>\n                <\/div>\n                <div class=\"text\">\n                    <div class=\"title\">Maliyet Kontrol\u00fc<\/div>\n                    <p>Yenilik, \u00fcst\u00fcn verimlilik ve filo y\u00f6netimiyle i\u015fletme verimlili\u011fini art\u0131r\u0131n. Esnek <strong>finans ve hizmet<\/strong> se\u00e7eneklerimize, ayr\u0131ca <strong>IntelliTrail<\/strong> arac\u0131m\u0131za g\u00f6z at\u0131n.<\/p>\n                                    <\/div>\n              <\/div>\n                          <\/div>\n            <div class=\"item taski-slide\">\n                            <div class=\"its-i\">\n                <div class=\"media-w\">\n                    <div class=\"image\">\n                      <div class=\"image-i\">\n                        <img decoding=\"async\" src=\"https:\/\/staging.taski.com\/wp-content\/uploads\/2020\/12\/cost-control.svg\" \/>\n                      <\/div>\n                    <\/div>\n                <\/div>\n                <div class=\"text\">\n                    <div class=\"title\">\u0130nsanlar ve G\u00fcvenlik<\/div>\n                    <p>Ekibinizi ve tesisinizi daha iyi i\u00e7 mekan hava kalitesi, hijyenik ve kuru zeminler ile koruyun. <strong>IntelliSpray ve HEPA filtrelere<\/strong> g\u00f6z at\u0131n. B\u00fcy\u00fck etki yaratan iki de\u011fi\u015fiklik.<\/p>\n                                    <\/div>\n              <\/div>\n                          <\/div>\n            <div class=\"item taski-slide\">\n                            <div class=\"its-i\">\n                <div class=\"media-w\">\n                    <div class=\"image\">\n                      <div class=\"image-i\">\n                        <img decoding=\"async\" src=\"https:\/\/staging.taski.com\/wp-content\/uploads\/2020\/12\/asset-protection.svg\" \/>\n                      <\/div>\n                    <\/div>\n                <\/div>\n                <div class=\"text\">\n                    <div class=\"title\">Varl\u0131klar\u0131n\u0131z\u0131 Koruyun<\/div>\n                    <p>Tesisiniz de\u011ferli. G\u00f6r\u00fcn\u00fcm\u00fc iyile\u015ftirirken varl\u0131klar\u0131n\u0131z\u0131 koruyun. <strong>TASKI Swingo kombine yer y\u0131kama makineleri ve Twister elmas pedler, <\/strong> ister kimyasal ile kullan\u0131n ister kullanmay\u0131n, tek ge\u00e7i\u015fte benzersiz temizlik sunar.<\/p>\n                                    <\/div>\n              <\/div>\n                          <\/div>\n                    <\/div>\n\n        <div class=\"taski-carousel-navigation\">\n          <div class=\"nav-left\">\n            <a href=\"#\"><i class=\"fa fa-chevron-left\"><\/i><\/a>\n          <\/div>\n          <div class=\"nav-description\">\n\n          <\/div>\n          <div class=\"nav-right\">\n            <a href=\"#\"><i class=\"fa fa-chevron-right\"><\/i><\/a>\n          <\/div>\n        <\/div>\n       <\/div>\n      <\/div>\n   <\/div>\n  <\/div>\n  <div class=\"cl-fl\"><\/div>\n[\/vc_column][\/vc_row][vc_row css=&#8221;.vc_custom_1606653988515{padding-top: 80px !important;padding-bottom: 80px !important;background-color: #505050 !important;}&#8221;][vc_column][vc_row_inner][vc_column_inner]\n  <div class=\"testimonials-block\">\n    <div class=\"testimonials-block-i\">\n      <div class=\"row\">\n        <div class=\"title-block\">\n            <h2>M\u00fc\u015fterilerimiz neler s\u00f6yl\u00fcyor?<\/h2>\n        <\/div>\n\n        <div class=\"testimonials-grid\">\n           <div class=\"testimonial-item\">\n            <div class=\"ti-i\">\n             <img decoding=\"async\" src=\"https:\/\/staging.taski.com\/wp-content\/uploads\/2020\/11\/testimonial-1.jpg\" alt=\"Image\" \/>\n             <div class=\"test-item-content\">\n                <div class=\"test-item-title\">Almanya\u2019da bir \u00fcniversitenin s\u00fcrd\u00fcr\u00fclebilirlik bask\u0131lar\u0131na yan\u0131t vermesi gerekti. <strong>T\u00fcketimlerine odaklanan TASKI yard\u0131mc\u0131 oldu.<\/strong><\/div>\n                <div class=\"test-item-text\"><p>\u201c TASKI Makine Se\u00e7me Mod\u00fcl\u00fc ve Diversey\u2019nin ToolBox\u2019\u0131n\u0131 kullanararak TASKI makinelerine ve Twister pedlere ge\u00e7tikten sonra ne kadar enerji ve su tasarrufu yapt\u0131\u011f\u0131m\u0131z\u0131 bile g\u00f6sterebildik. Bu sayede y\u0131ll\u0131k karbon ayak izi azaltma oran\u0131m\u0131z\u0131 art\u0131rd\u0131k\u201d.<\/p><\/div>\n             <\/div>\n            <\/div>\n           <\/div>\n           <div class=\"testimonial-item\">\n            <div class=\"ti-i\">\n             <img decoding=\"async\" src=\"https:\/\/staging.taski.com\/wp-content\/uploads\/2020\/11\/testimonial-2.jpg\" alt=\"Image\" \/>\n             <div class=\"test-item-content\">\n                <div class=\"test-item-title\">Londra\u2019n\u0131n en eski kamu tesislerinden birinin ya\u015fad\u0131\u011f\u0131 b\u00fcy\u00fck zorluk, <strong>kuma\u015f\u0131 paha bi\u00e7ilmez olan y\u00fczy\u0131llarca y\u0131ll\u0131k bir bina i\u00e7in bir temizlik program\u0131 sunmakt\u0131.<\/strong><\/div>\n                <div class=\"test-item-text\"><p>\u201cSadece Diversey bana prestijli binam\u0131z\u0131n emin ellerde oldu\u011funa dair g\u00fcven verebildi. Diversey\u2019nin teknik uzmanlar\u0131, kimyasallardan olu\u015fan bir \u00e7\u00f6z\u00fcm geli\u015ftirdi ve TASKI makineleri, kamuya zarar ve risk olu\u015fturmadan binalar\u0131m\u0131z\u0131n bak\u0131m\u0131n\u0131 sa\u011flad\u0131. Bizi g\u00fcnde binlerce ki\u015fi ziyaret ederken endi\u015felerimizden biri giderilmi\u015f oldu\u201d.<\/p><\/div>\n             <\/div>\n            <\/div>\n           <\/div>\n           <div class=\"testimonial-item\">\n            <div class=\"ti-i\">\n             <img decoding=\"async\" src=\"https:\/\/staging.taski.com\/wp-content\/uploads\/2020\/11\/testimonial-3.jpg\" alt=\"Image\" \/>\n             <div class=\"test-item-content\">\n                <div class=\"test-item-title\">\u015eehrin i\u00e7indeki \u00e7ok b\u00fcy\u00fck bir okul, personelini elde tutma konusunda b\u00fcy\u00fck sorunlar ya\u015f\u0131yordu. <strong>Temizli\u011fi mekanikle\u015ftirmek zordu.<\/strong> \u00c7al\u0131\u015fanlar \u00f6nceki makinelerinin a\u011f\u0131r ve kullanmas\u0131 zor oldu\u011funu d\u00fc\u015f\u00fcn\u00fcyordu.<\/div>\n                <div class=\"test-item-text\"><p>\u201cEkibimiz yeni TASKI makinelerini \u00e7ok seviyor. Bu makinelerin kullan\u0131m\u0131n\u0131n kolay oldu\u011funu d\u00fc\u015f\u00fcn\u00fcyorlar ve ayn\u0131 kontrollere sahip bir makineden di\u011ferine ge\u00e7mekten memnunlar. Tank\u0131 doldurup bo\u015faltmak art\u0131k onlara hat\u0131rlatmak zorunda kald\u0131\u011f\u0131m\u0131z bir i\u015f de\u011fil.<\/p><\/div>\n             <\/div>\n            <\/div>\n           <\/div>\n\n        <\/div>\n\n      <\/div>\n    <\/div>\n  <\/div>\n  <div class=\"cl-fl\"><\/div>\n[\/vc_column_inner][\/vc_row_inner][\/vc_column][\/vc_row][vc_row][vc_column][vc_column_text]<\/p>\n<h2 style=\"text-align: center;\">Sekt\u00f6r bro\u015f\u00fcrlerimizi ve \u00fcr\u00fcn k\u0131lavuzlar\u0131m\u0131z\u0131 indirin<\/h2>\n<p>[\/vc_column_text][\/vc_column][\/vc_row][vc_row][vc_column width=&#8221;1\/3&#8243;]  <div class=\"feature-icon-w\">\n    <div class=\"feature-icon-i\">\n     <a href=\"https:\/\/taski.com\/wp-content\/uploads\/2021\/01\/Government-Education-Sector-Brochure.pdf\" target=\"_blank\">       <div class=\"feature-tbl\">\n        <div class=\"feature-cell image-cell\">\n          <img decoding=\"async\" class=\"aligncenter size-full\" alt=\"\" src=\"https:\/\/staging.taski.com\/wp-content\/uploads\/2020\/12\/icon-document.png\"\/>\n        <\/div>\n        <div class=\"feature-cell description-cell\">\n          <p>Kamu ve E\u011fitim Sekt\u00f6r\u00fc<br \/>\nBro\u015f\u00fcr\u00fc<\/p>\n        <\/div>\n       <\/div>\n        <\/a>       <div class=\"cl-fl\"><\/div>\n    <\/div>\n  <\/div>\n[\/vc_column][vc_column width=&#8221;1\/3&#8243;]  <div class=\"feature-icon-w\">\n    <div class=\"feature-icon-i\">\n            <div class=\"feature-tbl\">\n        <div class=\"feature-cell image-cell\">\n          <img decoding=\"async\" class=\"aligncenter size-full\" alt=\"\" src=\"https:\/\/staging.taski.com\/wp-content\/uploads\/2020\/12\/icon-document.png\"\/>\n        <\/div>\n        <div class=\"feature-cell description-cell\">\n          <p>Kamu ve E\u011fitim Sekt\u00f6r\u00fc<br \/>\nKullan\u0131lacak \u00dcr\u00fcn \u00c7izelgesi<\/p>\n        <\/div>\n       <\/div>\n               <div class=\"cl-fl\"><\/div>\n    <\/div>\n  <\/div>\n[\/vc_column][vc_column width=&#8221;1\/3&#8243;][\/vc_column][\/vc_row][vc_row][vc_column][vc_row_inner][vc_column_inner]\n  <div class=\"three-cta-block\">\n    <div class=\"three-cta-block-i\">\n      <div class=\"row\">\n        <div class=\"three-cta-block-grid\">\n           <div class=\"three-cta-item\">\n            <div class=\"tci-i\">\n             <div class=\"tci-item-content\">\n                <h5><strong>Daha <\/strong><br \/>fazlas\u0131 <br \/>-i\u00e7in             <\/h5>\n                <a href=\"\/products-innovations-solutions\/\"><p>\u00dcR\u00dcNLER, <br \/> \u00c7\u00d6Z\u00dcMLER & <br \/> YEN\u0130L\u0130KLER<\/p><\/a>\n             <\/div>\n            <\/div>\n           <\/div>\n           <div class=\"three-cta-item\">\n            <div class=\"tci-i\">\n             <div class=\"tci-item-content\">\n                <h5><strong>Sat\u0131n <\/strong><br \/>almak m\u0131 <br \/>istiyorsunuz?<\/h5>\n                <a href=\"\/shop\/\"><p>TASKI<br \/>MA\u011eAZAM<\/p><\/a>\n             <\/div>\n            <\/div>\n           <\/div>\n           <div class=\"three-cta-item\">\n            <div class=\"tci-i\">\n             <div class=\"tci-item-content\">\n                <h5><strong>Bizimle <\/strong><br \/>ileti\u015fime <br \/>ge\u00e7in<\/h5>\n                <a href=\"\/news-help-contacts\/\"><p>Ileti\u015fim<\/p><\/a>\n             <\/div>\n            <\/div>\n           <\/div>\n        <\/div>\n      <\/div>\n    <\/div>\n  <\/div>\n  <div class=\"cl-fl\"><\/div>\n[\/vc_column_inner][\/vc_row_inner][\/vc_column][\/vc_row][vc_row][vc_column][\/vc_column][\/vc_row]<\/p>\n<\/div>","protected":false},"excerpt":{"rendered":"<p>TASKI makine \u00e7\u00f6z\u00fcmleri, binan\u0131z\u0131n bak\u0131m\u0131n\u0131 yaparken kamu g\u00fcvenli\u011fini sa\u011flar <\/p>\n","protected":false},"author":1,"featured_media":52970,"parent":14763,"menu_order":616,"comment_status":"closed","ping_status":"closed","template":"","meta":{"_acf_changed":false,"_seopress_robots_primary_cat":"","_seopress_titles_title":"","_seopress_titles_desc":"","_seopress_robots_index":"","inline_featured_image":false,"footnotes":""},"class_list":["post-14827","page","type-page","status-publish","has-post-thumbnail","hentry"],"acf":[],"_links":{"self":[{"href":"https:\/\/staging.taski.com\/tr\/wp-json\/wp\/v2\/pages\/14827","targetHints":{"allow":["GET"]}}],"collection":[{"href":"https:\/\/staging.taski.com\/tr\/wp-json\/wp\/v2\/pages"}],"about":[{"href":"https:\/\/staging.taski.com\/tr\/wp-json\/wp\/v2\/types\/page"}],"author":[{"embeddable":true,"href":"https:\/\/staging.taski.com\/tr\/wp-json\/wp\/v2\/users\/1"}],"replies":[{"embeddable":true,"href":"https:\/\/staging.taski.com\/tr\/wp-json\/wp\/v2\/comments?post=14827"}],"version-history":[{"count":0,"href":"https:\/\/staging.taski.com\/tr\/wp-json\/wp\/v2\/pages\/14827\/revisions"}],"up":[{"embeddable":true,"href":"https:\/\/staging.taski.com\/tr\/wp-json\/wp\/v2\/pages\/14763"}],"wp:featuredmedia":[{"embeddable":true,"href":"https:\/\/staging.taski.com\/tr\/wp-json\/wp\/v2\/media\/52970"}],"wp:attachment":[{"href":"https:\/\/staging.taski.com\/tr\/wp-json\/wp\/v2\/media?parent=14827"}],"curies":[{"name":"wp","href":"https:\/\/api.w.org\/{rel}","templated":true}]}}