{"id":14822,"date":"2020-11-30T16:02:46","date_gmt":"2020-11-30T16:02:46","guid":{"rendered":"https:\/\/taski.com\/neden-taski\/pazarlariniz-ve-sektorleriniz\/misafirperver-ligi\/"},"modified":"2021-08-06T08:19:00","modified_gmt":"2021-08-06T08:19:00","slug":"konukseverlik","status":"publish","type":"page","link":"https:\/\/staging.taski.com\/tr\/neden-taski\/pazarlariniz-ve-sektorleriniz\/konukseverlik\/","title":{"rendered":"Konaklama"},"content":{"rendered":"<div class=\"wpb-content-wrapper\"><p>[vc_row][vc_column]\n  <div class=\"page-intro-block size-fit-image style-dark font-large\">\n         <div class=\"page-intro-block-i\">\n      <div class=\"row\">\n        <div class=\"page-intro-content\">\n            <div class=\"title-block\">\n                                     <h2><span class=\"pt\">Konaklama<\/span><strong>Misafirlerinizin deneyimini iyile\u015ftirmeye ve <\/strong><strong>markan\u0131z\u0131n hijyen standartlar\u0131n\u0131<\/strong> art\u0131rmaya ihtiyac\u0131n\u0131z m\u0131 var?<br \/>\nTASKI yard\u0131m edebilir.<\/h2>\n                                                 <\/div>\n            <div class=\"page-intro-image\">\n                                <div class=\"page-intro-image-alt\">\n                    \n                    <img decoding=\"async\" src=\"https:\/\/staging.taski.com\/wp-content\/uploads\/2021\/01\/HOSPITALITY_12_FLOOR_CLEANING-1.jpg\" alt=\"\" \/>\n\n                <\/div>\n            <\/div>\n        <\/div>\n      <\/div>\n\n\n    <\/div>\n  <\/div>\n  <div class=\"cl-fl\"><\/div>\n[\/vc_column][\/vc_row][vc_row css=&#8221;.vc_custom_1606587476742{padding-top: 80px !important;padding-bottom: 95px !important;}&#8221;][vc_column][vc_row_inner][vc_column_inner]\n  <div class=\"page-video-block\">\n    <div class=\"page-video-block-i\">\n      <div class=\"row\">\n        <div class=\"page-video-block-content\">\n            <div class=\"title-block\">\n                 <h2>Ya\u015fad\u0131\u011f\u0131n\u0131z en b\u00fcy\u00fck zorluklar neler?<\/h2>\n            <\/div>\n            <div class=\"page-video-image\">\n                \n              <a href=\"#\" class=\"video-player-link\" data-video-id=\"485944451\" data-src=\"https:\/\/player.vimeo.com\/video\/485944451\">\n                <img decoding=\"async\" src=\"https:\/\/staging.taski.com\/wp-content\/uploads\/2021\/01\/Hospitality-needs-image.jpg\" alt=\"Ya\u015fad\u0131\u011f\u0131n\u0131z en b\u00fcy\u00fck zorluklar neler? Image\" \/>\n\n     <div class=\"page-video-video-abs\"><div class=\"video-embed\"><iframe loading=\"lazy\" id=\"\" src=\"\" width=\"100%\" height=\"100%\" frameborder=\"0\" style=\"position:absolute;top:0;left:0;width:100%;height:100%;\"   allow=\"autoplay; fullscreen\" muted webkitallowfullscreen mozallowfullscreen allowfullscreen><\/iframe><\/div><\/div>              <\/a>\n            <\/div>\n        <\/div>\n      <\/div>\n\n\n    <\/div>\n  <\/div>\n  <div class=\"cl-fl\"><\/div>\n[\/vc_column_inner][\/vc_row_inner][\/vc_column][\/vc_row][vc_row css=&#8221;.vc_custom_1608033524076{padding-top: 80px !important;padding-bottom: 80px !important;background-color: #ffffff !important;}&#8221;][vc_column]\n  <div class=\"taski-carousel-block \" style=\"\">\n    <div class=\"taski-carousel-block-i\">\n\n      <div class=\"taski-carousel-title\"><p>Sekt\u00f6r\u00fcn\u00fcz\u00fcn ihtiya\u00e7lar\u0131n\u0131 anl\u0131yoruz<\/p><\/div>\n      <div class=\"row\">\n       <div class=\"taski-carousel-holder\">\n        <div class=\"taski-carousel owl-carousel owl-theme\" id=\"taski-carousel\">\n                                    <div class=\"item taski-slide\">\n                            <div class=\"its-i\">\n                <div class=\"media-w\">\n                    <div class=\"image\">\n                      <div class=\"image-i\">\n                        <img decoding=\"async\" src=\"https:\/\/staging.taski.com\/wp-content\/uploads\/2020\/12\/sustainability.svg\" \/>\n                      <\/div>\n                    <\/div>\n                <\/div>\n                <div class=\"text\">\n                    <div class=\"title\">S\u00fcrd\u00fcr\u00fclebilirlik<\/div>\n                    <p>S\u00fcrd\u00fcr\u00fclebilirlik hedeflerinize varmak i\u00e7in t\u00fcketimlerinizi %76\u2019ya varan oranda azalt\u0131n. <strong>Ak\u0131ll\u0131 \u00c7\u00f6z\u00fcmlerimize g\u00f6z at\u0131n.<\/strong> Daha az enerji, su, kimyasal ve at\u0131k i\u00e7in tasarlanm\u0131\u015f teknolojiler ve \u00fcr\u00fcnler.<\/p>\n                                    <\/div>\n              <\/div>\n                          <\/div>\n            <div class=\"item taski-slide\">\n                            <div class=\"its-i\">\n                <div class=\"media-w\">\n                    <div class=\"image\">\n                      <div class=\"image-i\">\n                        <img decoding=\"async\" src=\"https:\/\/staging.taski.com\/wp-content\/uploads\/2020\/12\/people-safety.svg\" \/>\n                      <\/div>\n                    <\/div>\n                <\/div>\n                <div class=\"text\">\n                    <div class=\"title\">\u0130nsanlar ve G\u00fcvenlik<\/div>\n                    <p>Ekibinizi ve misafirlerinizi daha iyi hijyen, i\u00e7 mekan hava kalitesi ve daha g\u00fcvenli zeminlerle koruyun. HEPA filtrelere ve <strong>TASKI ak\u00fcl\u00fc kombine yer y\u0131kama makinelerimizi kullanmaya ba\u015flay\u0131n<\/strong> ge\u00e7in. Daha iyi hava kalitesi ve daha g\u00fcvenli, daha hijyenik zeminler i\u00e7in iki basit de\u011fi\u015fiklik.<\/p>\n                                    <\/div>\n              <\/div>\n                          <\/div>\n            <div class=\"item taski-slide\">\n                            <div class=\"its-i\">\n                <div class=\"media-w\">\n                    <div class=\"image\">\n                      <div class=\"image-i\">\n                        <img decoding=\"async\" src=\"https:\/\/staging.taski.com\/wp-content\/uploads\/2020\/12\/customer-experience.svg\" \/>\n                      <\/div>\n                    <\/div>\n                <\/div>\n                <div class=\"text\">\n                    <div class=\"title\">Misafir Deneyimi<\/div>\n                    <p>Misafirlerinize unutulmaz bir deneyim ya\u015fat\u0131n. En yeni <strong>kablosuz Li-Ion ak\u00fcl\u00fc vakum makinelerimiz ve kombine yer y\u0131kama makinelerimiz<\/strong> ile temizli\u011fe daha az, misafirlerinize daha fazla zaman ay\u0131r\u0131n.<\/p>\n                                    <\/div>\n              <\/div>\n                          <\/div>\n            <div class=\"item taski-slide\">\n                            <div class=\"its-i\">\n                <div class=\"media-w\">\n                    <div class=\"image\">\n                      <div class=\"image-i\">\n                        <img decoding=\"async\" src=\"https:\/\/staging.taski.com\/wp-content\/uploads\/2020\/12\/asset-protection.svg\" \/>\n                      <\/div>\n                    <\/div>\n                <\/div>\n                <div class=\"text\">\n                    <div class=\"title\">Markan\u0131z\u0131 Koruyun<\/div>\n                    <p>Tesisinizle gurur duyuyorsunuz. G\u00f6r\u00fcn\u00fcm\u00fc iyile\u015ftirirken varl\u0131klar\u0131n\u0131z\u0131 koruyun. <strong>Swingo kombine yer y\u0131kama makineleri ve Procarpet hal\u0131 bak\u0131m ve temizlik makinelerimiz<\/strong> sayesinde tesisiniz etkileyici g\u00f6r\u00fcnecektir.<\/p>\n                                    <\/div>\n              <\/div>\n                          <\/div>\n            <div class=\"item taski-slide\">\n                            <div class=\"its-i\">\n                <div class=\"media-w\">\n                    <div class=\"image\">\n                      <div class=\"image-i\">\n                        <img decoding=\"async\" src=\"https:\/\/staging.taski.com\/wp-content\/uploads\/2020\/12\/operational-efficiency.svg\" \/>\n                      <\/div>\n                    <\/div>\n                <\/div>\n                <div class=\"text\">\n                    <div class=\"title\">\u0130\u015fletme Verimlili\u011fi<\/div>\n                    <p>Yenilikle \u015firketinizdeki i\u015fletme verimlili\u011fini art\u0131r\u0131n. Kablosuz, ak\u00fcl\u00fc vakum makinelerize ge\u00e7erek verimsiz s\u00fcreyi azalt\u0131n.<strong>AERO ak\u00fcl\u00fc vakum makinelerimize<\/strong> g\u00f6z at\u0131n.<\/p>\n                                    <\/div>\n              <\/div>\n                          <\/div>\n                    <\/div>\n\n        <div class=\"taski-carousel-navigation\">\n          <div class=\"nav-left\">\n            <a href=\"#\"><i class=\"fa fa-chevron-left\"><\/i><\/a>\n          <\/div>\n          <div class=\"nav-description\">\n\n          <\/div>\n          <div class=\"nav-right\">\n            <a href=\"#\"><i class=\"fa fa-chevron-right\"><\/i><\/a>\n          <\/div>\n        <\/div>\n       <\/div>\n      <\/div>\n   <\/div>\n  <\/div>\n  <div class=\"cl-fl\"><\/div>\n[\/vc_column][\/vc_row][vc_row css=&#8221;.vc_custom_1609953197470{padding-top: 80px !important;padding-bottom: 80px !important;background-color: #595959 !important;}&#8221;][vc_column][vc_row_inner][vc_column_inner]\n  <div class=\"testimonials-block\">\n    <div class=\"testimonials-block-i\">\n      <div class=\"row\">\n        <div class=\"title-block\">\n            <h2>M\u00fc\u015fterilerimiz neler s\u00f6yl\u00fcyor?<\/h2>\n        <\/div>\n\n        <div class=\"testimonials-grid\">\n           <div class=\"testimonial-item\">\n            <div class=\"ti-i\">\n             <img decoding=\"async\" src=\"https:\/\/staging.taski.com\/wp-content\/uploads\/2020\/11\/testimonial-1.jpg\" alt=\"Image\" \/>\n             <div class=\"test-item-content\">\n                <div class=\"test-item-title\">Fransa\u2019n\u0131n g\u00fcneyindeki rekabet\u00e7i bir sahil b\u00f6lgesinde bulunan bir otel, <strong> konaklayan ki\u015fi say\u0131s\u0131n\u0131 ve her misafirin harcad\u0131\u011f\u0131 miktar\u0131 art\u0131rmak i\u00e7in<\/strong> Diversey\u2019e dan\u0131\u015ft\u0131.<\/div>\n                <div class=\"test-item-text\"><p>\u201cMisafirlerimizin bar ve restoran tesislerimizden keyif almalar\u0131n\u0131 istiyoruz. TASKI\u2019nin yard\u0131m\u0131yla zemin, hal\u0131 ve d\u00f6\u015femelerimiz harika g\u00f6r\u00fcn\u00fcyor. Restoranda yemek yiyenlerin daha uzun s\u00fcre kald\u0131klar\u0131n\u0131 g\u00f6r\u00fcyorum ve restoran\u0131m\u0131zda daha \u00e7ok para harcad\u0131klar\u0131n\u0131 biliyorum. Bu harika bir haber\u201d.<\/p><\/div>\n             <\/div>\n            <\/div>\n           <\/div>\n           <div class=\"testimonial-item\">\n            <div class=\"ti-i\">\n             <img decoding=\"async\" src=\"https:\/\/staging.taski.com\/wp-content\/uploads\/2020\/11\/testimonial-2.jpg\" alt=\"Image\" \/>\n             <div class=\"test-item-content\">\n                <div class=\"test-item-title\">K\u00fcresel bir otel zincirinin s\u00fcrd\u00fcr\u00fclebilirlik politikalar\u0131na\/bask\u0131lar\u0131na yan\u0131t vermesi gerekti.<br \/>\nTASKI, kimyasal, enerji, su ve sarf malzemeleri t\u00fcketimini azaltan makinelere odaklanarak yard\u0131mc\u0131 olabildi.<\/div>\n                <div class=\"test-item-text\"><p>\u201cKat hizmetleri personeli yeni TASKI AERO vakum makinelerimizin ne kadar sessiz oldu\u011funu s\u00f6yl\u00fcyor ve enerji maliyeti a\u00e7\u0131s\u0131ndan ne kadar tasarruf yapt\u0131\u011f\u0131m\u0131 hat\u0131rlat\u0131yorlar.\u201d<\/p><\/div>\n             <\/div>\n            <\/div>\n           <\/div>\n           <div class=\"testimonial-item\">\n            <div class=\"ti-i\">\n             <img decoding=\"async\" src=\"https:\/\/staging.taski.com\/wp-content\/uploads\/2020\/11\/testimonial-3.jpg\" alt=\"Image\" \/>\n             <div class=\"test-item-content\">\n                <div class=\"test-item-title\">\u00c7in\u2019de k\u0131sa bir s\u00fcre \u00f6nce kurulan yeni, pahal\u0131 bir otelin \u00fclke m\u00fcd\u00fcr\u00fc Diversey\u2019i arayarak <strong>yapm\u0131\u015f olduklar\u0131 b\u00fcy\u00fck yat\u0131r\u0131m\u0131 korumak i\u00e7in yard\u0131m istedi<\/strong>.<\/div>\n                <div class=\"test-item-text\"><p>\u201cOtellerimde her zaman Diversey kimyasallar\u0131 kulland\u0131m, ama beni TASKI makineleriyle tan\u0131\u015ft\u0131rd\u0131klar\u0131ndan beri otellerim her zamankinden daha temiz g\u00f6r\u00fcn\u00fcyor. \u0130lk izlenimler \u00e7ok \u00f6nemlidir ve giri\u015fteki yeni mermer zeminlerimizle \u00f6zellikle gurur duyuyorum. Misafirler her zaman bu konuda olumlu yorum yap\u0131yor\u201d.<\/p><\/div>\n             <\/div>\n            <\/div>\n           <\/div>\n\n        <\/div>\n\n      <\/div>\n    <\/div>\n  <\/div>\n  <div class=\"cl-fl\"><\/div>\n[\/vc_column_inner][\/vc_row_inner][\/vc_column][\/vc_row][vc_row][vc_column][vc_column_text]<\/p>\n<h2 style=\"text-align: center;\">Sekt\u00f6r bro\u015f\u00fcrlerimizi ve \u00fcr\u00fcn k\u0131lavuzlar\u0131m\u0131z\u0131 indirin<\/h2>\n<p>[\/vc_column_text][\/vc_column][\/vc_row][vc_row][vc_column width=&#8221;1\/3&#8243;]  <div class=\"feature-icon-w\">\n    <div class=\"feature-icon-i\">\n     <a href=\"https:\/\/taski.com\/wp-content\/uploads\/2021\/01\/Hospitality-Sector-Brochure.pdf\" target=\"_blank\">       <div class=\"feature-tbl\">\n        <div class=\"feature-cell image-cell\">\n          <img decoding=\"async\" class=\"aligncenter size-full\" alt=\"\" src=\"https:\/\/staging.taski.com\/wp-content\/uploads\/2020\/12\/icon-document.png\"\/>\n        <\/div>\n        <div class=\"feature-cell description-cell\">\n          <p>Konaklama Sekt\u00f6r Bro\u015f\u00fcr\u00fc<\/p>\n        <\/div>\n       <\/div>\n        <\/a>       <div class=\"cl-fl\"><\/div>\n    <\/div>\n  <\/div>\n[\/vc_column][vc_column width=&#8221;1\/3&#8243;][\/vc_column][vc_column width=&#8221;1\/3&#8243;][\/vc_column][\/vc_row][vc_row][vc_column]\n  <div class=\"three-cta-block\">\n    <div class=\"three-cta-block-i\">\n      <div class=\"row\">\n        <div class=\"three-cta-block-grid\">\n           <div class=\"three-cta-item\">\n            <div class=\"tci-i\">\n             <div class=\"tci-item-content\">\n                <h5><strong>Daha <\/strong><br \/>fazlas\u0131 <br \/>-i\u00e7in             <\/h5>\n                <a href=\"\/products-innovations-solutions\/\"><p>\u00dcR\u00dcNLER, <br \/> \u00c7\u00d6Z\u00dcMLER & <br \/> YEN\u0130L\u0130KLER<\/p><\/a>\n             <\/div>\n            <\/div>\n           <\/div>\n           <div class=\"three-cta-item\">\n            <div class=\"tci-i\">\n             <div class=\"tci-item-content\">\n                <h5><strong>Sat\u0131n <\/strong><br \/>almak m\u0131 <br \/>istiyorsunuz?<\/h5>\n                <a href=\"\/shop\/\"><p>TASKI<br \/>MA\u011eAZAM<\/p><\/a>\n             <\/div>\n            <\/div>\n           <\/div>\n           <div class=\"three-cta-item\">\n            <div class=\"tci-i\">\n             <div class=\"tci-item-content\">\n                <h5><strong>Bizimle <\/strong><br \/>ileti\u015fime <br \/>ge\u00e7in<\/h5>\n                <a href=\"\/news-help-contacts\/\"><p>Ileti\u015fim<\/p><\/a>\n             <\/div>\n            <\/div>\n           <\/div>\n        <\/div>\n      <\/div>\n    <\/div>\n  <\/div>\n  <div class=\"cl-fl\"><\/div>\n[\/vc_column][\/vc_row]<\/p>\n<\/div>","protected":false},"excerpt":{"rendered":"<p>Daha iyi misafir deneyimi ve markan\u0131z\u0131n korunmas\u0131 i\u00e7in TASKI makine \u00e7\u00f6z\u00fcmleri.<\/p>\n","protected":false},"author":1,"featured_media":52961,"parent":14763,"menu_order":599,"comment_status":"closed","ping_status":"closed","template":"","meta":{"_acf_changed":false,"_seopress_robots_primary_cat":"","_seopress_titles_title":"","_seopress_titles_desc":"","_seopress_robots_index":"","inline_featured_image":false,"footnotes":""},"class_list":["post-14822","page","type-page","status-publish","has-post-thumbnail","hentry"],"acf":[],"_links":{"self":[{"href":"https:\/\/staging.taski.com\/tr\/wp-json\/wp\/v2\/pages\/14822","targetHints":{"allow":["GET"]}}],"collection":[{"href":"https:\/\/staging.taski.com\/tr\/wp-json\/wp\/v2\/pages"}],"about":[{"href":"https:\/\/staging.taski.com\/tr\/wp-json\/wp\/v2\/types\/page"}],"author":[{"embeddable":true,"href":"https:\/\/staging.taski.com\/tr\/wp-json\/wp\/v2\/users\/1"}],"replies":[{"embeddable":true,"href":"https:\/\/staging.taski.com\/tr\/wp-json\/wp\/v2\/comments?post=14822"}],"version-history":[{"count":0,"href":"https:\/\/staging.taski.com\/tr\/wp-json\/wp\/v2\/pages\/14822\/revisions"}],"up":[{"embeddable":true,"href":"https:\/\/staging.taski.com\/tr\/wp-json\/wp\/v2\/pages\/14763"}],"wp:featuredmedia":[{"embeddable":true,"href":"https:\/\/staging.taski.com\/tr\/wp-json\/wp\/v2\/media\/52961"}],"wp:attachment":[{"href":"https:\/\/staging.taski.com\/tr\/wp-json\/wp\/v2\/media?parent=14822"}],"curies":[{"name":"wp","href":"https:\/\/api.w.org\/{rel}","templated":true}]}}