{"id":14816,"date":"2020-11-30T15:59:44","date_gmt":"2020-11-30T15:59:44","guid":{"rendered":"https:\/\/taski.com\/neden-taski\/pazarlariniz-ve-sektorleriniz\/saglik-hizmetleri-uzun-sureli-bakim\/"},"modified":"2021-08-06T08:09:15","modified_gmt":"2021-08-06T08:09:15","slug":"uzun-sureli-saglik-bakim-hizmeti","status":"publish","type":"page","link":"https:\/\/staging.taski.com\/tr\/neden-taski\/pazarlariniz-ve-sektorleriniz\/uzun-sureli-saglik-bakim-hizmeti\/","title":{"rendered":"Bak\u0131m Evleri"},"content":{"rendered":"<div class=\"wpb-content-wrapper\"><p>[vc_row][vc_column]\n  <div class=\"page-intro-block size-fit-image style-dark font-large\">\n         <div class=\"page-intro-block-i\">\n      <div class=\"row\">\n        <div class=\"page-intro-content\">\n            <div class=\"title-block\">\n                                     <h2><span class=\"pt\">Bak\u0131m Evleri<\/span>Kurumunuzun sakinleri i\u00e7in <strong>hijyenik ve g\u00fcvenli<\/strong> olmas\u0131n\u0131 sa\u011flaman\u0131n yollar\u0131n\u0131 m\u0131 ar\u0131yorsunuz?<br \/>\nTASKI yard\u0131mc\u0131 olabilir.<\/h2>\n                                                 <\/div>\n            <div class=\"page-intro-image\">\n                                <div class=\"page-intro-image-alt\">\n                    \n                    <img decoding=\"async\" src=\"https:\/\/staging.taski.com\/wp-content\/uploads\/2021\/01\/HEALTHCARE_31_Vacuum_carpet-2-1.jpg\" alt=\"\" \/>\n\n                <\/div>\n            <\/div>\n        <\/div>\n      <\/div>\n\n\n    <\/div>\n  <\/div>\n  <div class=\"cl-fl\"><\/div>\n[\/vc_column][\/vc_row][vc_row css=&#8221;.vc_custom_1606587476742{padding-top: 80px !important;padding-bottom: 95px !important;}&#8221;][vc_column][vc_row_inner][vc_column_inner]\n  <div class=\"page-video-block\">\n    <div class=\"page-video-block-i\">\n      <div class=\"row\">\n        <div class=\"page-video-block-content\">\n            <div class=\"title-block\">\n                 <h2>Ya\u015fad\u0131\u011f\u0131n\u0131z en b\u00fcy\u00fck zorluklar neler?<\/h2>\n            <\/div>\n            <div class=\"page-video-image\">\n                \n              <a href=\"#\" class=\"video-player-link\" data-video-id=\"485944439\" data-src=\"https:\/\/player.vimeo.com\/video\/485944439\">\n                <img decoding=\"async\" src=\"https:\/\/staging.taski.com\/wp-content\/uploads\/2021\/01\/Healthcare-LTC-needs-image.jpg\" alt=\"Ya\u015fad\u0131\u011f\u0131n\u0131z en b\u00fcy\u00fck zorluklar neler? Image\" \/>\n\n     <div class=\"page-video-video-abs\"><div class=\"video-embed\"><iframe loading=\"lazy\" id=\"\" src=\"\" width=\"100%\" height=\"100%\" frameborder=\"0\" style=\"position:absolute;top:0;left:0;width:100%;height:100%;\"   allow=\"autoplay; fullscreen\" muted webkitallowfullscreen mozallowfullscreen allowfullscreen><\/iframe><\/div><\/div>              <\/a>\n            <\/div>\n        <\/div>\n      <\/div>\n\n\n    <\/div>\n  <\/div>\n  <div class=\"cl-fl\"><\/div>\n[\/vc_column_inner][\/vc_row_inner][\/vc_column][\/vc_row][vc_row css=&#8221;.vc_custom_1606587476742{padding-top: 80px !important;padding-bottom: 95px !important;}&#8221;][vc_column]\n  <div class=\"taski-carousel-block \" style=\"\">\n    <div class=\"taski-carousel-block-i\">\n\n      <div class=\"taski-carousel-title\"><p>Sekt\u00f6r\u00fcn\u00fcz\u00fcn ihtiya\u00e7lar\u0131n\u0131 anl\u0131yoruz<\/p><\/div>\n      <div class=\"row\">\n       <div class=\"taski-carousel-holder\">\n        <div class=\"taski-carousel owl-carousel owl-theme\" id=\"taski-carousel\">\n                                    <div class=\"item taski-slide\">\n                            <div class=\"its-i\">\n                <div class=\"media-w\">\n                    <div class=\"image\">\n                      <div class=\"image-i\">\n                        <img decoding=\"async\" src=\"https:\/\/staging.taski.com\/wp-content\/uploads\/2020\/12\/customer-experience.svg\" \/>\n                      <\/div>\n                    <\/div>\n                <\/div>\n                <div class=\"text\">\n                    <div class=\"title\">Kurum Sakinlerinin Deneyimi<\/div>\n                    <p>Kurum sakinleriniz i\u00e7in g\u00fcvenli ve hijyenik alanlar yarat\u0131n. Daha iyi i\u00e7 mekan hava kalitei ve g\u00fcvenli, hijyenik zeminler i\u00e7in HEPA filtrelerimize ve ak\u00fcl\u00fc mikro kombine yer y\u0131kama makinelerimize g\u00f6z at\u0131n.<\/p>\n                                    <\/div>\n              <\/div>\n                          <\/div>\n            <div class=\"item taski-slide\">\n                            <div class=\"its-i\">\n                <div class=\"media-w\">\n                    <div class=\"image\">\n                      <div class=\"image-i\">\n                        <img decoding=\"async\" src=\"https:\/\/staging.taski.com\/wp-content\/uploads\/2020\/12\/people-safety.svg\" \/>\n                      <\/div>\n                    <\/div>\n                <\/div>\n                <div class=\"text\">\n                    <div class=\"title\">\u0130nsanlar ve G\u00fcvenlik<\/div>\n                    <p>Daha iyi hava kalitesi ve hijyen ile hastalar\u0131n\u0131z\u0131 koruyun. <strong>HEPA filtreleri, <\/strong> daha iyi bir hava kalitesi i\u00e7in basit ve d\u00fc\u015f\u00fck maliyetli bir iyile\u015ftirmedir. Daha g\u00fcvenli, daha hijyenik zeminler i\u00e7in temizli\u011finizin daha b\u00fcy\u00fck bir k\u0131sm\u0131n\u0131 mekanikle\u015ftirin. <strong>Ak\u00fcl\u00fc mikro kombine yer y\u0131kama makinelerimize <\/strong> g\u00f6z at\u0131n.<\/p>\n                                    <\/div>\n              <\/div>\n                          <\/div>\n            <div class=\"item taski-slide\">\n                            <div class=\"its-i\">\n                <div class=\"media-w\">\n                    <div class=\"image\">\n                      <div class=\"image-i\">\n                        <img decoding=\"async\" src=\"https:\/\/staging.taski.com\/wp-content\/uploads\/2020\/12\/operational-efficiency.svg\" \/>\n                      <\/div>\n                    <\/div>\n                <\/div>\n                <div class=\"text\">\n                    <div class=\"title\">\u0130\u015fletme Verimlili\u011fi<\/div>\n                    <p>\u015eirketinizde i\u015fletme verimlili\u011fini art\u0131r\u0131n. Temizli\u011fe daha az, kurum sakinlerine daha fazla bak\u0131m sunmaya daha \u00e7ok zaman ay\u0131r\u0131n. <strong>Kablosuz AERO ak\u00fcl\u00fc vakum makinelerine ve Swingo mikro kombine yer y\u0131kama makinelerine ge\u00e7i\u015f yap\u0131n.<\/strong> De\u011ferli zamandan tasarruf etmenin iki basit yolu.<\/p>\n                                    <\/div>\n              <\/div>\n                          <\/div>\n            <div class=\"item taski-slide\">\n                            <div class=\"its-i\">\n                <div class=\"media-w\">\n                    <div class=\"image\">\n                      <div class=\"image-i\">\n                        <img decoding=\"async\" src=\"https:\/\/staging.taski.com\/wp-content\/uploads\/2020\/12\/infection-prevention.svg\" \/>\n                      <\/div>\n                    <\/div>\n                <\/div>\n                <div class=\"text\">\n                    <div class=\"title\">Enfeksiyon \u00d6nleme<\/div>\n                    <p>Kurumun sakinlerinin g\u00fcvenli\u011fini sa\u011flarken markan\u0131z\u0131 koruyun. <strong>TASKI vakum makineleri, buharl\u0131 temizlik makineleri ve kombine yer y\u0131kama makineleri <\/strong> ile zeminleri, yerleri, kuma\u015flar\u0131 ve d\u00f6\u015femeleri temiz tutun, kokudan ar\u0131nd\u0131r\u0131n.<\/p>\n                                    <\/div>\n              <\/div>\n                          <\/div>\n                    <\/div>\n\n        <div class=\"taski-carousel-navigation\">\n          <div class=\"nav-left\">\n            <a href=\"#\"><i class=\"fa fa-chevron-left\"><\/i><\/a>\n          <\/div>\n          <div class=\"nav-description\">\n\n          <\/div>\n          <div class=\"nav-right\">\n            <a href=\"#\"><i class=\"fa fa-chevron-right\"><\/i><\/a>\n          <\/div>\n        <\/div>\n       <\/div>\n      <\/div>\n   <\/div>\n  <\/div>\n  <div class=\"cl-fl\"><\/div>\n[\/vc_column][\/vc_row][vc_row css=&#8221;.vc_custom_1606653988515{padding-top: 80px !important;padding-bottom: 80px !important;background-color: #505050 !important;}&#8221;][vc_column][vc_row_inner][vc_column_inner]\n  <div class=\"testimonials-block\">\n    <div class=\"testimonials-block-i\">\n      <div class=\"row\">\n        <div class=\"title-block\">\n            <h2>M\u00fc\u015fterilerimiz neler s\u00f6yl\u00fcyor?<\/h2>\n        <\/div>\n\n        <div class=\"testimonials-grid\">\n           <div class=\"testimonial-item\">\n            <div class=\"ti-i\">\n             <img decoding=\"async\" src=\"https:\/\/staging.taski.com\/wp-content\/uploads\/2020\/11\/testimonial-1.jpg\" alt=\"Image\" \/>\n             <div class=\"test-item-content\">\n                <div class=\"test-item-title\">Birle\u015fik Krall\u0131k\u2019taki bir sa\u011fl\u0131k bak\u0131m\u0131 hizmetleri kurumu, <strong>doluluk oran\u0131n\u0131 art\u0131rmak ve kurum sakinleri i\u00e7in ortam\u0131 iyile\u015ftirmek<\/strong> istedi.<\/div>\n                <div class=\"test-item-text\"><p>\u201cKurulu\u015fumuz, sakinlerine bak\u0131m sunmakla g\u00f6revlidir ve hem aileler hem de sakinlerimizden geri bildirim almak istiyoruz. En y\u00fcksek standartlar\u0131 korumak i\u00e7in elimizden gelen her \u015feyi yap\u0131yoruz. T\u00fcm vakumlu temizleme makinesi filomuzda HEPA filtrelerine ge\u00e7mek sadece klinik alanlarda de\u011fil, her alanda hava kalitesini iyile\u015ftirmek i\u00e7in ald\u0131\u011f\u0131m\u0131z bir karard\u0131. Ayr\u0131ca hastalara verdi\u011fimiz rahats\u0131zl\u0131\u011f\u0131 azaltmak i\u00e7in son derece d\u00fc\u015f\u00fck g\u00fcr\u00fclt\u00fcl\u00fc TASKI AERO\u2019yu se\u00e7tik\u201d.<\/p><\/div>\n             <\/div>\n            <\/div>\n           <\/div>\n           <div class=\"testimonial-item\">\n            <div class=\"ti-i\">\n             <img decoding=\"async\" src=\"https:\/\/staging.taski.com\/wp-content\/uploads\/2020\/11\/testimonial-2.jpg\" alt=\"Image\" \/>\n             <div class=\"test-item-content\">\n                <div class=\"test-item-title\">Avrupa\u2019da bir sa\u011fl\u0131k bak\u0131m\u0131 hizmetleri grubunun <strong>sa\u011fl\u0131k bak\u0131m\u0131 hizmetleriyle ilgili enfeksiyonlar\u0131 olan kurum sakinlerinin say\u0131s\u0131ndaki art\u0131\u015f<\/strong> ile m\u00fccadele etmesi gerekti. Risk alt\u0131ndaki kurum sakinlerine bak\u0131m sa\u011flaman\u0131n yan\u0131 s\u0131ra, hijyen standartlar\u0131nda ekstra tedbirler al\u0131nd\u0131.<\/div>\n                <div class=\"test-item-text\"><p>\u201cSa\u011fl\u0131k bak\u0131m\u0131 hizmetleriyle ilgili enfeksiyonlar, tesisimizde kontrol alt\u0131nda. S\u0131k\u0131 bir e\u011fitim ve s\u0131k\u0131 kontrollerle birlikte temizlik ekipman\u0131m\u0131z ve makinelerimiz her temizlik vardiyas\u0131ndan sonra y\u0131kan\u0131yor veya bula\u015f\u0131c\u0131 maddelerden ar\u0131nd\u0131r\u0131l\u0131yor\u201d.<\/p><\/div>\n             <\/div>\n            <\/div>\n           <\/div>\n           <div class=\"testimonial-item\">\n            <div class=\"ti-i\">\n             <img decoding=\"async\" src=\"https:\/\/staging.taski.com\/wp-content\/uploads\/2020\/11\/testimonial-3.jpg\" alt=\"Image\" \/>\n             <div class=\"test-item-content\">\n                <div class=\"test-item-title\">Avrupa\u2019da \u00f6zel bir sa\u011fl\u0131k bak\u0131m\u0131 hizmetleri grubu, <strong>temizlik y\u00f6ntemleri ve s\u00fcre\u00e7lerini nas\u0131l iyile\u015ftirebilece\u011fini<\/strong> daha iyi anlamak i\u00e7in Diversey\u2019e dan\u0131\u015ft\u0131.<\/div>\n                <div class=\"test-item-text\"><p>\u201cKurum sakinlerimiz genellikle risk alt\u0131nda ve y\u00fcr\u00fcrken denge sa\u011flamakta zorlan\u0131yorlar. Zeminlerin sadece temiz de\u011fil, ayn\u0131 zamanda hijyenik ve her zaman kupkuru oldu\u011fundan emin olmak i\u00e7in her \u015feyi yap\u0131yoruz. Paspaslamaktan uzakla\u015fmak ve zemin temizleme i\u015flemini tamamen mekanikle\u015ftirmek, yerlerin kamu i\u00e7in kuru ve daha g\u00fcvenli olmas\u0131n\u0131 sa\u011flamak i\u00e7in bilin\u00e7li olarak ald\u0131\u011f\u0131m\u0131z bir karard\u0131. Eski \u00e7ekpaslar\u0131m\u0131z\u0131n yerine ge\u00e7en bir makinemiz bile var!\u201d<\/p><\/div>\n             <\/div>\n            <\/div>\n           <\/div>\n\n        <\/div>\n\n      <\/div>\n    <\/div>\n  <\/div>\n  <div class=\"cl-fl\"><\/div>\n[\/vc_column_inner][\/vc_row_inner][\/vc_column][\/vc_row][vc_row][vc_column][vc_column_text]<\/p>\n<h2 style=\"text-align: center;\">Sekt\u00f6r bro\u015f\u00fcrlerimizi ve \u00fcr\u00fcn klavuzlar\u0131m\u0131z\u0131 indirin<\/h2>\n<p>[\/vc_column_text][\/vc_column][\/vc_row][vc_row][vc_column width=&#8221;1\/3&#8243;]  <div class=\"feature-icon-w\">\n    <div class=\"feature-icon-i\">\n     <a href=\"https:\/\/taski.com\/wp-content\/uploads\/2021\/01\/Healthcare-LTC-Sector-Brochure.pdf\" target=\"_blank\">       <div class=\"feature-tbl\">\n        <div class=\"feature-cell image-cell\">\n          <img decoding=\"async\" class=\"aligncenter size-full\" alt=\"\" src=\"https:\/\/staging.taski.com\/wp-content\/uploads\/2020\/12\/icon-document.png\"\/>\n        <\/div>\n        <div class=\"feature-cell description-cell\">\n          <p>Bak\u0131m Evleri Sekt\u00f6r Bro\u015f\u00fcr\u00fc<\/p>\n        <\/div>\n       <\/div>\n        <\/a>       <div class=\"cl-fl\"><\/div>\n    <\/div>\n  <\/div>\n[\/vc_column][vc_column width=&#8221;1\/3&#8243;][\/vc_column][vc_column width=&#8221;1\/3&#8243;][\/vc_column][\/vc_row][vc_row][vc_column][vc_row_inner][vc_column_inner]\n  <div class=\"three-cta-block\">\n    <div class=\"three-cta-block-i\">\n      <div class=\"row\">\n        <div class=\"three-cta-block-grid\">\n           <div class=\"three-cta-item\">\n            <div class=\"tci-i\">\n             <div class=\"tci-item-content\">\n                <h5><strong>Daha <\/strong><br \/>fazlas\u0131 <br \/>-i\u00e7in             <\/h5>\n                <a href=\"\/products-innovations-solutions\/\"><p>\u00dcR\u00dcNLER, <br \/> \u00c7\u00d6Z\u00dcMLER & <br \/> YEN\u0130L\u0130KLER<\/p><\/a>\n             <\/div>\n            <\/div>\n           <\/div>\n           <div class=\"three-cta-item\">\n            <div class=\"tci-i\">\n             <div class=\"tci-item-content\">\n                <h5><strong>Sat\u0131n <\/strong><br \/>almak m\u0131 <br \/>istiyorsunuz?<\/h5>\n                <a href=\"\/shop\/\"><p>TASKI<br \/>MA\u011eAZAM<\/p><\/a>\n             <\/div>\n            <\/div>\n           <\/div>\n           <div class=\"three-cta-item\">\n            <div class=\"tci-i\">\n             <div class=\"tci-item-content\">\n                <h5><strong>Bizimle <\/strong><br \/>ileti\u015fime <br \/>ge\u00e7in<\/h5>\n                <a href=\"\/news-help-contacts\/\"><p>Ileti\u015fim<\/p><\/a>\n             <\/div>\n            <\/div>\n           <\/div>\n        <\/div>\n      <\/div>\n    <\/div>\n  <\/div>\n  <div class=\"cl-fl\"><\/div>\n[\/vc_column_inner][\/vc_row_inner][\/vc_column][\/vc_row]<\/p>\n<\/div>","protected":false},"excerpt":{"rendered":"<p>Uzun s\u00fcreli sa\u011fl\u0131k bak\u0131m kurumunuzun sakinleri d\u00fc\u015f\u00fcn\u00fclerek \u00fcst\u00fcn enfeksiyon kontrol\u00fc ve g\u00fcvenlik sunan TASKI makine \u00e7\u00f6z\u00fcmleri.<\/p>\n","protected":false},"author":1,"featured_media":15590,"parent":14763,"menu_order":591,"comment_status":"closed","ping_status":"closed","template":"","meta":{"_acf_changed":false,"_seopress_robots_primary_cat":"","_seopress_titles_title":"","_seopress_titles_desc":"","_seopress_robots_index":"","inline_featured_image":false,"footnotes":""},"class_list":["post-14816","page","type-page","status-publish","has-post-thumbnail","hentry"],"acf":[],"_links":{"self":[{"href":"https:\/\/staging.taski.com\/tr\/wp-json\/wp\/v2\/pages\/14816","targetHints":{"allow":["GET"]}}],"collection":[{"href":"https:\/\/staging.taski.com\/tr\/wp-json\/wp\/v2\/pages"}],"about":[{"href":"https:\/\/staging.taski.com\/tr\/wp-json\/wp\/v2\/types\/page"}],"author":[{"embeddable":true,"href":"https:\/\/staging.taski.com\/tr\/wp-json\/wp\/v2\/users\/1"}],"replies":[{"embeddable":true,"href":"https:\/\/staging.taski.com\/tr\/wp-json\/wp\/v2\/comments?post=14816"}],"version-history":[{"count":0,"href":"https:\/\/staging.taski.com\/tr\/wp-json\/wp\/v2\/pages\/14816\/revisions"}],"up":[{"embeddable":true,"href":"https:\/\/staging.taski.com\/tr\/wp-json\/wp\/v2\/pages\/14763"}],"wp:featuredmedia":[{"embeddable":true,"href":"https:\/\/staging.taski.com\/tr\/wp-json\/wp\/v2\/media\/15590"}],"wp:attachment":[{"href":"https:\/\/staging.taski.com\/tr\/wp-json\/wp\/v2\/media?parent=14816"}],"curies":[{"name":"wp","href":"https:\/\/api.w.org\/{rel}","templated":true}]}}