{"id":14814,"date":"2020-11-30T15:58:36","date_gmt":"2020-11-30T15:58:36","guid":{"rendered":"https:\/\/taski.com\/neden-taski\/pazarlariniz-ve-sektorleriniz\/saglik-akut\/"},"modified":"2021-08-06T08:00:37","modified_gmt":"2021-08-06T08:00:37","slug":"akut-saglik-bakimi","status":"publish","type":"page","link":"https:\/\/staging.taski.com\/tr\/neden-taski\/pazarlariniz-ve-sektorleriniz\/akut-saglik-bakimi\/","title":{"rendered":"Sa\u011fl\u0131k Hizmetleri"},"content":{"rendered":"<div class=\"wpb-content-wrapper\"><p>[vc_row][vc_column]\n  <div class=\"page-intro-block size-fit-image style-dark font-large\">\n         <div class=\"page-intro-block-i\">\n      <div class=\"row\">\n        <div class=\"page-intro-content\">\n            <div class=\"title-block\">\n                                     <h2><span class=\"pt\">Sa\u011fl\u0131k Hizmetleri<\/span><strong>Enfeksiyonlar\u0131n azalt\u0131lmas\u0131na yard\u0131mc\u0131 olmak<\/strong> i\u00e7in hastanelerinizin g\u00fcvenli ve hijyenik olmas\u0131n\u0131 sa\u011flaman\u0131z m\u0131 gerekiyor?<br \/>\nTASKI yard\u0131m edebilir.<\/h2>\n                                                 <\/div>\n            <div class=\"page-intro-image\">\n                                <div class=\"page-intro-image-alt\">\n                    \n                    <img decoding=\"async\" src=\"https:\/\/staging.taski.com\/wp-content\/uploads\/2021\/01\/HEALTHCARE_26_Cleaning_hallway-3-1.jpg\" alt=\"\" \/>\n\n                <\/div>\n            <\/div>\n        <\/div>\n      <\/div>\n\n\n    <\/div>\n  <\/div>\n  <div class=\"cl-fl\"><\/div>\n[\/vc_column][\/vc_row][vc_row css=&#8221;.vc_custom_1606587476742{padding-top: 80px !important;padding-bottom: 95px !important;}&#8221;][vc_column][vc_row_inner][vc_column_inner]\n  <div class=\"page-video-block\">\n    <div class=\"page-video-block-i\">\n      <div class=\"row\">\n        <div class=\"page-video-block-content\">\n            <div class=\"title-block\">\n                 <h2>Ya\u015fad\u0131\u011f\u0131n\u0131z en b\u00fcy\u00fck zorluklar neler?<\/h2>\n            <\/div>\n            <div class=\"page-video-image\">\n                \n              <a href=\"#\" class=\"video-player-link\" data-video-id=\"485944407\" data-src=\"https:\/\/player.vimeo.com\/video\/485944407\">\n                <img decoding=\"async\" src=\"https:\/\/staging.taski.com\/wp-content\/uploads\/2021\/01\/Healthcare-Acute-needs-image.jpg\" alt=\"Ya\u015fad\u0131\u011f\u0131n\u0131z en b\u00fcy\u00fck zorluklar neler? Image\" \/>\n\n     <div class=\"page-video-video-abs\"><div class=\"video-embed\"><iframe loading=\"lazy\" id=\"\" src=\"\" width=\"100%\" height=\"100%\" frameborder=\"0\" style=\"position:absolute;top:0;left:0;width:100%;height:100%;\"   allow=\"autoplay; fullscreen\" muted webkitallowfullscreen mozallowfullscreen allowfullscreen><\/iframe><\/div><\/div>              <\/a>\n            <\/div>\n        <\/div>\n      <\/div>\n\n\n    <\/div>\n  <\/div>\n  <div class=\"cl-fl\"><\/div>\n[\/vc_column_inner][\/vc_row_inner][\/vc_column][\/vc_row][vc_row css=&#8221;.vc_custom_1606587476742{padding-top: 80px !important;padding-bottom: 95px !important;}&#8221;][vc_column]\n  <div class=\"taski-carousel-block \" style=\"\">\n    <div class=\"taski-carousel-block-i\">\n\n      <div class=\"taski-carousel-title\"><p>Sekt\u00f6r\u00fcn\u00fcz\u00fcn ihtiya\u00e7lar\u0131n\u0131 anl\u0131yoruz<\/p><\/div>\n      <div class=\"row\">\n       <div class=\"taski-carousel-holder\">\n        <div class=\"taski-carousel owl-carousel owl-theme\" id=\"taski-carousel\">\n                                    <div class=\"item taski-slide\">\n                            <div class=\"its-i\">\n                <div class=\"media-w\">\n                    <div class=\"image\">\n                      <div class=\"image-i\">\n                        <img decoding=\"async\" src=\"https:\/\/staging.taski.com\/wp-content\/uploads\/2020\/12\/customer-experience.svg\" \/>\n                      <\/div>\n                    <\/div>\n                <\/div>\n                <div class=\"text\">\n                    <div class=\"title\">Hasta Deneyimi<\/div>\n                    <p>Hastalar\u0131n\u0131z i\u00e7in g\u00fcvenli ve hijyenik bir ortam yarat\u0131n. <strong>Swingo kombine yer y\u0131kama makinelerimizin ve HEPA filtrelerin <\/strong> riski nas\u0131l azaltt\u0131\u011f\u0131na g\u00f6z at\u0131n.<\/p>\n                                    <\/div>\n              <\/div>\n                          <\/div>\n            <div class=\"item taski-slide\">\n                            <div class=\"its-i\">\n                <div class=\"media-w\">\n                    <div class=\"image\">\n                      <div class=\"image-i\">\n                        <img decoding=\"async\" src=\"https:\/\/staging.taski.com\/wp-content\/uploads\/2020\/12\/people-safety.svg\" \/>\n                      <\/div>\n                    <\/div>\n                <\/div>\n                <div class=\"text\">\n                    <div class=\"title\">\u0130nsanlar ve G\u00fcvenlik<\/div>\n                    <p>Daha iyi hava kalitesi, hijyen ve kuru zeminler ile hastalar\u0131n\u0131z\u0131 ve personelinizi koruyun. <strong> Kablosuz AERO bataryal\u0131 vakum makineleri<\/strong> ile temizli\u011finizin daha b\u00fcy\u00fck bir k\u0131sm\u0131n\u0131 mekanikle\u015ftirin ve d\u00fc\u015fme riskini azalt\u0131n.<\/p>\n                                    <\/div>\n              <\/div>\n                          <\/div>\n            <div class=\"item taski-slide\">\n                            <div class=\"its-i\">\n                <div class=\"media-w\">\n                    <div class=\"image\">\n                      <div class=\"image-i\">\n                        <img decoding=\"async\" src=\"https:\/\/staging.taski.com\/wp-content\/uploads\/2020\/12\/brand-protection.svg\" \/>\n                      <\/div>\n                    <\/div>\n                <\/div>\n                <div class=\"text\">\n                    <div class=\"title\">Markan\u0131z\u0131 Koruyun<\/div>\n                    <p>Hastalar\u0131n\u0131z\u0131n g\u00fcvenli\u011fini sa\u011flarken markan\u0131z\u0131 koruyun. Daha iyi hava kalitesi ve daha g\u00fcvenli zeminler i\u00e7in <strong>HEPA filtrelerimize ve bataryal\u0131 mikro kombine yer y\u0131kama makinelerimize<\/strong> g\u00f6z at\u0131n.<\/p>\n                                    <\/div>\n              <\/div>\n                          <\/div>\n            <div class=\"item taski-slide\">\n                            <div class=\"its-i\">\n                <div class=\"media-w\">\n                    <div class=\"image\">\n                      <div class=\"image-i\">\n                        <img decoding=\"async\" src=\"https:\/\/staging.taski.com\/wp-content\/uploads\/2020\/12\/cost-control.svg\" \/>\n                      <\/div>\n                    <\/div>\n                <\/div>\n                <div class=\"text\">\n                    <div class=\"title\">Maliyet Kontrol\u00fc<\/div>\n                    <p>Esnek finans ve filo y\u00f6netimiyle sahip olma maliyetinizi ve temizlik maliyetinizi azalt\u0131n. <strong>Finans ve hizmet se\u00e7eneklerimize, <\/strong> ayr\u0131ca <strong>IntelliTrail filo y\u00f6netimi arac\u0131m\u0131za <\/strong> g\u00f6z at\u0131n.<\/p>\n                                    <\/div>\n              <\/div>\n                          <\/div>\n            <div class=\"item taski-slide\">\n                            <div class=\"its-i\">\n                <div class=\"media-w\">\n                    <div class=\"image\">\n                      <div class=\"image-i\">\n                        <img decoding=\"async\" src=\"https:\/\/staging.taski.com\/wp-content\/uploads\/2020\/12\/infection-prevention.svg\" \/>\n                      <\/div>\n                    <\/div>\n                <\/div>\n                <div class=\"text\">\n                    <div class=\"title\">Enfeksiyondan Koruma<\/div>\n                    <p>Hastalar\u0131n\u0131z\u0131 ve personelinizi koruyun. TASKI makineleri, <strong>ergonomik olmak, temizlik m\u00fckemmeliyeti sunmak, temizlemeyi ve riskleri azaltmay\u0131 kolayla\u015ft\u0131rmak<\/strong> i\u00e7in tasarlanm\u0131\u015ft\u0131r, temizlik ve hijyenlerinin sa\u011flanmas\u0131 kolayd\u0131r.<\/p>\n                                    <\/div>\n              <\/div>\n                          <\/div>\n                    <\/div>\n\n        <div class=\"taski-carousel-navigation\">\n          <div class=\"nav-left\">\n            <a href=\"#\"><i class=\"fa fa-chevron-left\"><\/i><\/a>\n          <\/div>\n          <div class=\"nav-description\">\n\n          <\/div>\n          <div class=\"nav-right\">\n            <a href=\"#\"><i class=\"fa fa-chevron-right\"><\/i><\/a>\n          <\/div>\n        <\/div>\n       <\/div>\n      <\/div>\n   <\/div>\n  <\/div>\n  <div class=\"cl-fl\"><\/div>\n[\/vc_column][\/vc_row][vc_row css=&#8221;.vc_custom_1606653988515{padding-top: 80px !important;padding-bottom: 80px !important;background-color: #505050 !important;}&#8221;][vc_column][vc_row_inner][vc_column_inner]\n  <div class=\"testimonials-block\">\n    <div class=\"testimonials-block-i\">\n      <div class=\"row\">\n        <div class=\"title-block\">\n            <h2>M\u00fc\u015fterilerimiz neler s\u00f6yl\u00fcyor?<\/h2>\n        <\/div>\n\n        <div class=\"testimonials-grid\">\n           <div class=\"testimonial-item\">\n            <div class=\"ti-i\">\n             <img decoding=\"async\" src=\"https:\/\/staging.taski.com\/wp-content\/uploads\/2020\/11\/testimonial-1.jpg\" alt=\"Image\" \/>\n             <div class=\"test-item-content\">\n                <div class=\"test-item-title\">\u0130\u00e7 mekan hava kalitesi, ABD\u2019deki bir hastane grubu taraf\u0131ndan <strong>iyile\u015ftirilecek bir alan<\/strong> olarak belirlendi.<\/div>\n                <div class=\"test-item-text\"><p>\u201cHastanemiz hastalar\u0131na bak\u0131m sunmakla g\u00f6revlidir ve onlardan geri bildirim almak istiyoruz. Hijyenin kendileri ve aileleri i\u00e7in en \u00f6nemli 3 fakt\u00f6rden biri oldu\u011funu s\u00f6yl\u00fcyorlar. En y\u00fcksek standartlar\u0131 korumak i\u00e7in elimizden gelen her \u015feyi yap\u0131yoruz.\u201d.<\/p><\/div>\n             <\/div>\n            <\/div>\n           <\/div>\n           <div class=\"testimonial-item\">\n            <div class=\"ti-i\">\n             <img decoding=\"async\" src=\"https:\/\/staging.taski.com\/wp-content\/uploads\/2020\/11\/testimonial-2.jpg\" alt=\"Image\" \/>\n             <div class=\"test-item-content\">\n                <div class=\"test-item-title\">Daha da <strong>d\u00fc\u015f\u00fck enfeksiyon oranlar\u0131<\/strong> elde etmek isteyen bir Alman hastanesi, temizlik ekipman\u0131n\u0131n bak\u0131m\u0131n\u0131n nas\u0131l sa\u011fland\u0131\u011f\u0131na daha ayr\u0131nt\u0131l\u0131 olarak bakt\u0131.<\/div>\n                <div class=\"test-item-text\"><p>\u201cBu hastanede sa\u011fl\u0131k bak\u0131m\u0131 hizmetleri ile ili\u015fkili enfeksiyonlar\u0131 kontrol alt\u0131na almak i\u00e7in s\u0131k\u0131 \u00e7al\u0131\u015ft\u0131k. Her vardiyadan sonra temizlik ekipman\u0131m\u0131z\u0131n temizlenmesi ve dezenfekte edilmesi art\u0131k standart bir i\u015fletim prosed\u00fcr\u00fc oldu. TASKI sar\u0131 temizlik noktalar\u0131 ve \u00e7\u0131kar\u0131lmas\u0131 kolay bak\u0131m par\u00e7alar\u0131, TASKI\u2019yi se\u00e7memizde \u00f6nemli bir fakt\u00f6r oldu\u201d.<\/p><\/div>\n             <\/div>\n            <\/div>\n           <\/div>\n           <div class=\"testimonial-item\">\n            <div class=\"ti-i\">\n             <img decoding=\"async\" src=\"https:\/\/staging.taski.com\/wp-content\/uploads\/2020\/11\/testimonial-3.jpg\" alt=\"Image\" \/>\n             <div class=\"test-item-content\">\n                <div class=\"test-item-title\">\u0130spanya\u2019daki b\u00fcy\u00fck bir \u015fehir hastanesi, kamunun kayarak d\u00fc\u015fme riskini de\u011ferlendirdikten sonra temizli\u011fini mekanikle\u015ftirme karar\u0131 ald\u0131.<\/div>\n                <div class=\"test-item-text\"><p>\u201cBu hastaneyi ziyaret edenler genellikle hassas ki\u015filer, bu y\u00fczden zeminlerimizin sadece temiz de\u011fil, ayn\u0131 zamanda hijyenik ve her zaman tamamen kuru olmas\u0131 i\u00e7in her \u015feyi yap\u0131yoruz. Zeminlerimizin kuru ve kamu i\u00e7in daha g\u00fcvenli olmas\u0131 i\u00e7in paspaslamadan uzakla\u015fmak ve zemin temizli\u011fimizi tamamen mekanikle\u015ftirmek, bilin\u00e7li olarak ald\u0131\u011f\u0131m\u0131z bir karard\u0131. TASKI, hastanenin her yerindeki t\u00fcm zeminler i\u00e7in bir \u00e7\u00f6z\u00fcm sunuyor\u201d.<\/p><\/div>\n             <\/div>\n            <\/div>\n           <\/div>\n\n        <\/div>\n\n      <\/div>\n    <\/div>\n  <\/div>\n  <div class=\"cl-fl\"><\/div>\n[\/vc_column_inner][\/vc_row_inner][\/vc_column][\/vc_row][vc_row][vc_column][vc_column_text]<\/p>\n<h2 style=\"text-align: center;\">Sekt\u00f6r bro\u015f\u00fcrlerimizi ve \u00fcr\u00fcn k\u0131lavuzlar\u0131m\u0131z\u0131 indirin<\/h2>\n<p>[\/vc_column_text][\/vc_column][\/vc_row][vc_row][vc_column width=&#8221;1\/3&#8243;]  <div class=\"feature-icon-w\">\n    <div class=\"feature-icon-i\">\n     <a href=\"https:\/\/taski.com\/wp-content\/uploads\/2021\/01\/Healthcare-Acute-Sector-Brochure.pdf\" target=\"_blank\">       <div class=\"feature-tbl\">\n        <div class=\"feature-cell image-cell\">\n          <img decoding=\"async\" class=\"aligncenter size-full\" alt=\"\" src=\"https:\/\/staging.taski.com\/wp-content\/uploads\/2020\/12\/icon-document.png\"\/>\n        <\/div>\n        <div class=\"feature-cell description-cell\">\n          <p>Sa\u011fl\u0131k Sekt\u00f6r\u00fc<br \/>\nBro\u015f\u00fcr\u00fc<\/p>\n        <\/div>\n       <\/div>\n        <\/a>       <div class=\"cl-fl\"><\/div>\n    <\/div>\n  <\/div>\n[\/vc_column][vc_column width=&#8221;1\/3&#8243;][\/vc_column][\/vc_row][vc_row][vc_column][vc_row_inner][vc_column_inner]\n  <div class=\"three-cta-block\">\n    <div class=\"three-cta-block-i\">\n      <div class=\"row\">\n        <div class=\"three-cta-block-grid\">\n           <div class=\"three-cta-item\">\n            <div class=\"tci-i\">\n             <div class=\"tci-item-content\">\n                <h5><strong>Daha <\/strong><br \/>fazlas\u0131 <br \/>-i\u00e7in             <\/h5>\n                <a href=\"\/products-innovations-solutions\/\"><p>\u00dcR\u00dcNLER, <br \/> \u00c7\u00d6Z\u00dcMLER & <br \/> YEN\u0130L\u0130KLER<\/p><\/a>\n             <\/div>\n            <\/div>\n           <\/div>\n           <div class=\"three-cta-item\">\n            <div class=\"tci-i\">\n             <div class=\"tci-item-content\">\n                <h5><strong>Sat\u0131n <\/strong><br \/>almak m\u0131 <br \/>istiyorsunuz?<\/h5>\n                <a href=\"\/shop\/\"><p>TASKI<br \/>MA\u011eAZAM<\/p><\/a>\n             <\/div>\n            <\/div>\n           <\/div>\n           <div class=\"three-cta-item\">\n            <div class=\"tci-i\">\n             <div class=\"tci-item-content\">\n                <h5><strong>Bizimle <\/strong><br \/>ileti\u015fime <br \/>ge\u00e7in<\/h5>\n                <a href=\"\/news-help-contacts\/\"><p>Ileti\u015fim<\/p><\/a>\n             <\/div>\n            <\/div>\n           <\/div>\n        <\/div>\n      <\/div>\n    <\/div>\n  <\/div>\n  <div class=\"cl-fl\"><\/div>\n[\/vc_column_inner][\/vc_row_inner][\/vc_column][\/vc_row]<\/p>\n<\/div>","protected":false},"excerpt":{"rendered":"<p>TASKI makine \u00e7\u00f6z\u00fcmleri, hastalar\u0131n\u0131z ve kamu i\u00e7in enfeksiyondan korunma ve g\u00fcvenlik sunar.<\/p>\n","protected":false},"author":1,"featured_media":4336,"parent":14763,"menu_order":583,"comment_status":"closed","ping_status":"closed","template":"","meta":{"_acf_changed":false,"_seopress_robots_primary_cat":"","_seopress_titles_title":"","_seopress_titles_desc":"","_seopress_robots_index":"","inline_featured_image":false,"footnotes":""},"class_list":["post-14814","page","type-page","status-publish","has-post-thumbnail","hentry"],"acf":[],"_links":{"self":[{"href":"https:\/\/staging.taski.com\/tr\/wp-json\/wp\/v2\/pages\/14814","targetHints":{"allow":["GET"]}}],"collection":[{"href":"https:\/\/staging.taski.com\/tr\/wp-json\/wp\/v2\/pages"}],"about":[{"href":"https:\/\/staging.taski.com\/tr\/wp-json\/wp\/v2\/types\/page"}],"author":[{"embeddable":true,"href":"https:\/\/staging.taski.com\/tr\/wp-json\/wp\/v2\/users\/1"}],"replies":[{"embeddable":true,"href":"https:\/\/staging.taski.com\/tr\/wp-json\/wp\/v2\/comments?post=14814"}],"version-history":[{"count":0,"href":"https:\/\/staging.taski.com\/tr\/wp-json\/wp\/v2\/pages\/14814\/revisions"}],"up":[{"embeddable":true,"href":"https:\/\/staging.taski.com\/tr\/wp-json\/wp\/v2\/pages\/14763"}],"wp:featuredmedia":[{"embeddable":true,"href":"https:\/\/staging.taski.com\/tr\/wp-json\/wp\/v2\/media\/4336"}],"wp:attachment":[{"href":"https:\/\/staging.taski.com\/tr\/wp-json\/wp\/v2\/media?parent=14814"}],"curies":[{"name":"wp","href":"https:\/\/api.w.org\/{rel}","templated":true}]}}