{"id":14787,"date":"2020-11-30T14:05:55","date_gmt":"2020-11-30T14:05:55","guid":{"rendered":"https:\/\/taski.com\/finans-cozumleri\/"},"modified":"2021-08-06T14:13:16","modified_gmt":"2021-08-06T14:13:16","slug":"finans-cozumleri","status":"publish","type":"page","link":"https:\/\/staging.taski.com\/tr\/finans-cozumleri\/","title":{"rendered":"Finans \u00c7\u00f6z\u00fcmleri"},"content":{"rendered":"<div class=\"wpb-content-wrapper\"><p>[vc_row][vc_column]\n  <div class=\"page-intro-block size-fit-image style-dark font-large\">\n         <div class=\"page-intro-block-i\">\n      <div class=\"row\">\n        <div class=\"page-intro-content\">\n            <div class=\"title-block\">\n                                     <h2><span class=\"pt\">Finans \u00c7\u00f6z\u00fcmleri<\/span>Kiralama, kullan\u0131m ba\u015f\u0131na \u00f6deme ve \u00f6n sahip olunan makineler dahil olmak \u00fczere bir dizi esnek finans se\u00e7ene\u011fi.<\/h2>\n                                                 <\/div>\n            <div class=\"page-intro-image\">\n                                <div class=\"page-intro-image-alt\">\n                    \n                    <img decoding=\"async\" src=\"https:\/\/staging.taski.com\/wp-content\/uploads\/2020\/12\/financial-solutions-intro.jpg\" alt=\"\" \/>\n\n                <\/div>\n            <\/div>\n        <\/div>\n      <\/div>\n\n\n    <\/div>\n  <\/div>\n  <div class=\"cl-fl\"><\/div>\n[\/vc_column][\/vc_row][vc_row][vc_column]\n  <div class=\"taski-column-block col-2\" style=\"\">\n                        <div class=\"single-block content-only yes-spacing light-grey\">\n              <div class=\"single-block-i\" style=\"background-image:url();\">\n                <div class=\"tbl\"><div class=\"cell\">\n                \n                <div class=\"content\"><h3><strong>Kiralama<\/strong><\/h3>\n<p><strong>TASKI Kiralama Se\u00e7enekleri, TASKI Hizmeti g\u00fcvencesiyle TASKI makinelerini sat\u0131n almak i\u00e7in esnek ve uygun maliyetli \u00e7\u00f6z\u00fcmler paketidir.<\/strong><\/p>\n<p>Mevcut se\u00e7enekler \u015funlard\u0131r: Sat\u0131n alma \/ S\u00f6zle\u015fme Kiralama \/ \u0130\u015fletme Kiralama.<\/p>\n<p>1 y\u0131ldan 5 y\u0131la kadar kolay ayl\u0131k veya \u00fc\u00e7 ayl\u0131k \u00f6demelerle servisli veya hizmetsiz.<\/p>\n<p>S\u00f6zle\u015fmenizin sonunda ayn\u0131 ekipman\u0131 kiralamaya devam etmeyi, yeni ekipman kiralamay\u0131 veya ekipman\u0131 iade etmeyi se\u00e7ebilirsiniz.<\/p>\n<p>T\u00fcm \u00fcr\u00fcnlerimizi kontrol\u00fcn sizde olmas\u0131 i\u00e7in yap\u0131land\u0131r\u0131yoruz.<\/p>\n<\/div>\n                                <\/div><\/div>\n              <\/div>\n            <\/div>\n            <div class=\"single-block image-background-cover no-spacing dark-grey\">\n              <div class=\"single-block-i\" style=\"background-image:url(https:\/\/staging.taski.com\/wp-content\/uploads\/2021\/01\/finance_banner-scaled.jpg);\">\n                <div class=\"tbl\"><div class=\"cell\">\n                \n                \n                                <\/div><\/div>\n              <\/div>\n            <\/div>\n  <\/div>\n  <div class=\"cl-fl\"><\/div>\n\n  <div class=\"taski-column-block col-2\" style=\"\">\n                        <div class=\"single-block cta yes-spacing light-grey\">\n              <div class=\"single-block-i\" style=\"background-image:url();\">\n                <div class=\"tbl\"><div class=\"cell\">\n                \n                \n                                  <div class=\"tbl\"><div class=\"cell\">\n                    <div class=\"single-cta-item\">\n                        <div class=\"sci-i\">\n                            <div class=\"sci-item-content\">\n                                <div class=\"t\"><strong>\u0130leti\u015fime ge\u00e7mek ister misiniz<\/strong> veya bir sorunuz mu var?<\/div>\n                                <div class=\"b\"><a href=\"\/news-help-contacts\/ask-paul-contact\/\">B\u0130ZE ULA\u015eIN<\/a><\/div>\n                            <\/div>\n                        <\/div>\n                    <\/div>\n                  <\/div><\/div>\n                                <\/div><\/div>\n              <\/div>\n            <\/div>\n            <div class=\"single-block content-only yes-spacing dark-grey\">\n              <div class=\"single-block-i\" style=\"background-image:url();\">\n                <div class=\"tbl\"><div class=\"cell\">\n                \n                <div class=\"content\"><p><strong>Bro\u015f\u00fcrler ve \u0130ndirmeler<\/strong><\/p>\n<ul>\n<li><a href=\"https:\/\/taski.com\/wp-content\/uploads\/2021\/01\/Leasing-Brochure.pdf\" target=\"_blank\" rel=\"noopener\">Kiralama Bro\u015f\u00fcr\u00fc<\/a><\/li>\n<\/ul>\n<\/div>\n                                <\/div><\/div>\n              <\/div>\n            <\/div>\n  <\/div>\n  <div class=\"cl-fl\"><\/div>\n[\/vc_column][\/vc_row][vc_row][vc_column]\n  <div class=\"taski-column-block col-2\" style=\"\">\n                        <div class=\"single-block all no-spacing white\">\n              <div class=\"single-block-i\" style=\"background-image:url(https:\/\/staging.taski.com\/wp-content\/uploads\/2020\/12\/Rental-scaled.jpg);\">\n                <div class=\"tbl\"><div class=\"cell\">\n                <div class=\"image\"><img decoding=\"async\" src=\"https:\/\/staging.taski.com\/wp-content\/uploads\/2020\/12\/Rental-scaled.jpg\"\/><\/div>\n                \n                                <\/div><\/div>\n              <\/div>\n            <\/div>\n            <div class=\"single-block content-only yes-spacing light-grey\">\n              <div class=\"single-block-i\" style=\"background-image:url();\">\n                <div class=\"tbl\"><div class=\"cell\">\n                \n                <div class=\"content\"><h3><strong>Kiralama<\/strong><\/h3>\n<p><strong>TASKI Rental (Rent &amp; Clean), bir varl\u0131\u011fa sahip olmadan veya kiralamadan makinelere daha k\u0131sa bir s\u00fcre i\u00e7in esnek eri\u015fim i\u00e7in b\u00fcy\u00fcyen bir trendin ihtiyac\u0131n\u0131 cevaplar.<\/strong><\/p>\n<p>\u0130htiyac\u0131n\u0131z ne kadar s\u00fcrerse sa, bir hafta veya birka\u00e7 ay, kiralaman\u0131z i\u00e7in \u00e7ok \u00e7e\u015fitli pille \u00e7al\u0131\u015fan y\u0131kay\u0131c\u0131 kurutucular\u0131m\u0131z var.<\/p>\n<p>K\u00fc\u00e7\u00fck bir y\u00fcr\u00fcy\u00fc\u015ften y\u0131kay\u0131c\u0131 makinelerde b\u00fcy\u00fck s\u00fcr\u00fc\u015fe kadar, ihtiya\u00e7lar\u0131n\u0131za uygun do\u011fru makineye sahibiz. T\u00fcm makineler verilen kullan\u0131c\u0131 e\u011fitimi ile yerinde teslim edilecektir.<\/p>\n<p>Kapsaml\u0131 IntelliTrail telemetrimiz 7\/24 varl\u0131k izleme sa\u011flar.<\/p>\n<p>\u00dclkenizdeki kullan\u0131labilirlik hakk\u0131nda daha fazla bilgi i\u00e7in l\u00fctfen <a href=\"https:\/\/taski.com\/news-help-contacts\/ask-paul-contact\/\">ileti\u015fim sayfam\u0131za<\/a>t\u0131klay\u0131n.<\/p>\n<\/div>\n                                <\/div><\/div>\n              <\/div>\n            <\/div>\n  <\/div>\n  <div class=\"cl-fl\"><\/div>\n\n  <div class=\"taski-column-block col-2\" style=\"\">\n                        <div class=\"single-block content-only yes-spacing white\">\n              <div class=\"single-block-i\" style=\"background-image:url();\">\n                <div class=\"tbl\"><div class=\"cell\">\n                \n                <div class=\"content\"><p><strong>Bro\u015f\u00fcrler ve \u0130ndirmeler<\/strong><\/p>\n<p><a href=\"https:\/\/taski.com\/wp-content\/uploads\/2020\/12\/Rental-Brochure.pdf\" target=\"_blank\" rel=\"noopener\">Kiralama Bro\u015f\u00fcr\u00fc<\/a><\/p>\n<\/div>\n                                <\/div><\/div>\n              <\/div>\n            <\/div>\n            <div class=\"single-block cta yes-spacing light-grey\">\n              <div class=\"single-block-i\" style=\"background-image:url();\">\n                <div class=\"tbl\"><div class=\"cell\">\n                \n                \n                                  <div class=\"tbl\"><div class=\"cell\">\n                    <div class=\"single-cta-item\">\n                        <div class=\"sci-i\">\n                            <div class=\"sci-item-content\">\n                                <div class=\"t\"><strong>\u0130leti\u015fime ge\u00e7mek ister misiniz<\/strong> veya bir sorunuz mu var?<\/div>\n                                <div class=\"b\"><a href=\"\/news-help-contacts\/ask-paul-contact\/\">B\u0130ZE ULA\u015eIN<\/a><\/div>\n                            <\/div>\n                        <\/div>\n                    <\/div>\n                  <\/div><\/div>\n                                <\/div><\/div>\n              <\/div>\n            <\/div>\n  <\/div>\n  <div class=\"cl-fl\"><\/div>\n[\/vc_column][\/vc_row][vc_row][vc_column]\n  <div class=\"taski-column-block col-2\" style=\"\">\n                        <div class=\"single-block content-only yes-spacing light-grey\">\n              <div class=\"single-block-i\" style=\"background-image:url();\">\n                <div class=\"tbl\"><div class=\"cell\">\n                \n                <div class=\"content\"><h3><strong>Kullan\u0131m ba\u015f\u0131na \u00f6deme<\/strong><\/h3>\n<p><strong>TASKI IntelliPay kullan\u0131m ba\u015f\u0131na, yaln\u0131zca bir makine kulland\u0131\u011f\u0131n\u0131z s\u00fcre i\u00e7in \u00f6deme yapt\u0131\u011f\u0131n\u0131z devrim niteli\u011finde yeni bir kavramd\u0131r.<\/strong><\/p>\n<p>Kapsaml\u0131 IntelliTrail telemetrimiz 7\/24 varl\u0131k izleme sa\u011flar. Makinenin sizin i\u00e7in optimum seviyede \u00e7al\u0131\u015fmas\u0131n\u0131 sa\u011flamak i\u00e7in co\u011frafi \u00e7it g\u00fcvenli\u011fi, \u00e7arp\u0131\u015fma veya hasar, pil \u015farj\u0131 ve servis m\u00fcdahalesi dahil olmak \u00fczere tam kullan\u0131m\u0131 kaydeder ve verileri besler.<\/p>\n<p>\u00dclkenizdeki kullan\u0131labilirlik hakk\u0131nda daha fazla bilgi i\u00e7in l\u00fctfen <a href=\"https:\/\/taski.com\/news-help-contacts\/ask-paul-contact\/\">ileti\u015fim sayfam\u0131za<\/a>t\u0131klay\u0131n.<\/p>\n<\/div>\n                                <\/div><\/div>\n              <\/div>\n            <\/div>\n            <div class=\"single-block all yes-spacing dark-grey\">\n              <div class=\"single-block-i\" style=\"background-image:url(https:\/\/staging.taski.com\/wp-content\/uploads\/2020\/12\/Pay-per-use-scaled.jpeg);\">\n                <div class=\"tbl\"><div class=\"cell\">\n                <div class=\"image\"><img decoding=\"async\" src=\"https:\/\/staging.taski.com\/wp-content\/uploads\/2020\/12\/Pay-per-use-scaled.jpeg\"\/><\/div>\n                \n                                <\/div><\/div>\n              <\/div>\n            <\/div>\n  <\/div>\n  <div class=\"cl-fl\"><\/div>\n\n  <div class=\"taski-column-block col-2\" style=\"\">\n                        <div class=\"single-block cta yes-spacing light-grey\">\n              <div class=\"single-block-i\" style=\"background-image:url();\">\n                <div class=\"tbl\"><div class=\"cell\">\n                \n                \n                                  <div class=\"tbl\"><div class=\"cell\">\n                    <div class=\"single-cta-item\">\n                        <div class=\"sci-i\">\n                            <div class=\"sci-item-content\">\n                                <div class=\"t\"><strong>\u0130leti\u015fime ge\u00e7mek ister misiniz<\/strong> veya bir sorunuz mu var?<\/div>\n                                <div class=\"b\"><a href=\"\/news-help-contacts\/ask-paul-contact\/\">B\u0130ZE ULA\u015eIN<\/a><\/div>\n                            <\/div>\n                        <\/div>\n                    <\/div>\n                  <\/div><\/div>\n                                <\/div><\/div>\n              <\/div>\n            <\/div>\n            <div class=\"single-block content-only yes-spacing dark-grey\">\n              <div class=\"single-block-i\" style=\"background-image:url();\">\n                <div class=\"tbl\"><div class=\"cell\">\n                \n                <div class=\"content\"><p><strong>Bro\u015f\u00fcrler ve \u0130ndirmeler<\/strong><\/p>\n<ul>\n<li>L\u00fctfen ileti\u015fim sayfas\u0131n\u0131 doldurun<\/li>\n<\/ul>\n<\/div>\n                                <\/div><\/div>\n              <\/div>\n            <\/div>\n  <\/div>\n  <div class=\"cl-fl\"><\/div>\n[\/vc_column][\/vc_row][vc_row][vc_column]\n  <div class=\"taski-column-block col-2\" style=\"\">\n                        <div class=\"single-block image-background-cover no-spacing white\">\n              <div class=\"single-block-i\" style=\"background-image:url(https:\/\/staging.taski.com\/wp-content\/uploads\/2020\/12\/machines.jpg);\">\n                <div class=\"tbl\"><div class=\"cell\">\n                \n                \n                                <\/div><\/div>\n              <\/div>\n            <\/div>\n            <div class=\"single-block content-only yes-spacing light-grey\">\n              <div class=\"single-block-i\" style=\"background-image:url();\">\n                <div class=\"tbl\"><div class=\"cell\">\n                \n                <div class=\"content\"><h3><strong>\u00d6nceden kullan\u0131lm\u0131\u015f makineler<\/strong><\/h3>\n<p><strong>TASKI \u0130kinci El Makine Program\u0131, TASKI kalitesini ve g\u00fcvenilirli\u011fini \u00f6zenle haz\u0131rlanm\u0131\u015f ve bak\u0131ml\u0131 \u00f6n sahip olunan makineler \u015feklinde \u00f6rnekleme f\u0131rsat\u0131 sunmaktad\u0131r.<\/strong><\/p>\n<p>Temizlik ve hijyen uzmanlar\u0131 TASKI&#8217;nin \u00fcst\u00fcn Toplam Sahip Olma Maliyeti (TCO) ve Toplam Kullan\u0131m Maliyeti&#8217;ni (TCU) anlar. TASKI&#8217;nin tasar\u0131m\u0131, kalitesi ve g\u00fcvenilirli\u011fi efsanevidir. TASKI taraf\u0131ndan yeniden sat\u0131\u015fa haz\u0131r hale getirilmi\u015f \u0130kinci El makineler, titiz kalite standartlar\u0131na g\u00f6re test edilir. En iyisini beklersiniz, en iyi ilk sahip olunan makineler yaln\u0131zca TASKI&#8217;dan edinilebilir.<\/p>\n<p>\u00dclkenizdeki kullan\u0131labilirlik hakk\u0131nda daha fazla bilgi i\u00e7in l\u00fctfen <a href=\"https:\/\/taski.com\/news-help-contacts\/ask-paul-contact\/\">ileti\u015fim sayfam\u0131za<\/a>t\u0131klay\u0131n.<\/p>\n<\/div>\n                                <\/div><\/div>\n              <\/div>\n            <\/div>\n  <\/div>\n  <div class=\"cl-fl\"><\/div>\n\n  <div class=\"taski-column-block col-2\" style=\"\">\n                        <div class=\"single-block content-only yes-spacing white\">\n              <div class=\"single-block-i\" style=\"background-image:url();\">\n                <div class=\"tbl\"><div class=\"cell\">\n                \n                <div class=\"content\"><p><strong>Bro\u015f\u00fcrler ve \u0130ndirmeler<\/strong><\/p>\n<ul>\n<li><a href=\"https:\/\/taski.com\/wp-content\/uploads\/2020\/12\/Pre-Owned-Brochure.pdf\" target=\"_blank\" rel=\"noopener\">\u00d6nceden Sahip Olunan Bro\u015f\u00fcr<\/a><\/li>\n<\/ul>\n<\/div>\n                                <\/div><\/div>\n              <\/div>\n            <\/div>\n            <div class=\"single-block cta yes-spacing light-grey\">\n              <div class=\"single-block-i\" style=\"background-image:url();\">\n                <div class=\"tbl\"><div class=\"cell\">\n                \n                \n                                  <div class=\"tbl\"><div class=\"cell\">\n                    <div class=\"single-cta-item\">\n                        <div class=\"sci-i\">\n                            <div class=\"sci-item-content\">\n                                <div class=\"t\"><strong>\u0130leti\u015fime ge\u00e7mek ister misiniz<\/strong> veya bir sorunuz mu var?<\/div>\n                                <div class=\"b\"><a href=\"\/news-help-contacts\/ask-paul-contact\/\">B\u0130ZE ULA\u015eIN<\/a><\/div>\n                            <\/div>\n                        <\/div>\n                    <\/div>\n                  <\/div><\/div>\n                                <\/div><\/div>\n              <\/div>\n            <\/div>\n  <\/div>\n  <div class=\"cl-fl\"><\/div>\n[\/vc_column][\/vc_row][vc_row][vc_column]\n  <div class=\"three-cta-block\">\n    <div class=\"three-cta-block-i\">\n      <div class=\"row\">\n        <div class=\"three-cta-block-grid\">\n           <div class=\"three-cta-item\">\n            <div class=\"tci-i\">\n             <div class=\"tci-item-content\">\n                <h5>&lt;strong&gt;Daha &lt;\/strong&gt;<br \/>\nfazlas\u0131 i\u00e7in<\/h5>\n                <a href=\"\/products-innovations-solutions\/\"><p>\u00c7\u00f6z\u00fcmleri<br \/>\nSIZIN I\u00c7IN<br \/>\nSanayi<\/p><\/a>\n             <\/div>\n            <\/div>\n           <\/div>\n           <div class=\"three-cta-item\">\n            <div class=\"tci-i\">\n             <div class=\"tci-item-content\">\n                <h5>&lt;strong&gt;Arama&lt;\/strong&gt;<br \/>\nTASKI'm\u0131z<br \/>\nSe\u00e7ici<\/h5>\n                <a href=\"\/taski-selector\/\"><p>Bul<br \/>\nSIZIN<br \/>\nTASKI<\/p><\/a>\n             <\/div>\n            <\/div>\n           <\/div>\n           <div class=\"three-cta-item\">\n            <div class=\"tci-i\">\n             <div class=\"tci-item-content\">\n                <h5>&lt;strong&gt;Yapmak isterim&lt;\/strong&gt;<br \/>\ngirmek<br \/>\nDokunmatik<\/h5>\n                <a href=\"\/news-help-contacts\/ask-paul-contact\/\"><p>Ileti\u015fim<br \/>\nBizi<\/p><\/a>\n             <\/div>\n            <\/div>\n           <\/div>\n        <\/div>\n      <\/div>\n    <\/div>\n  <\/div>\n  <div class=\"cl-fl\"><\/div>\n[\/vc_column][\/vc_row]<\/p>\n<\/div>","protected":false},"excerpt":{"rendered":"<p>[vc_row][vc_column][\/vc_column][\/vc_row][vc_row][vc_column][\/vc_column][\/vc_row][vc_row][vc_column][\/vc_column][\/vc_row][vc_row][vc_column][\/vc_column][\/vc_row][vc_row][vc_column][\/vc_column][\/vc_row][vc_row][vc_column][\/vc_column][\/vc_row]<\/p>\n","protected":false},"author":1,"featured_media":0,"parent":0,"menu_order":737,"comment_status":"closed","ping_status":"closed","template":"","meta":{"_acf_changed":false,"_seopress_robots_primary_cat":"","_seopress_titles_title":"","_seopress_titles_desc":"","_seopress_robots_index":"","inline_featured_image":false,"footnotes":""},"class_list":["post-14787","page","type-page","status-publish","hentry"],"acf":[],"_links":{"self":[{"href":"https:\/\/staging.taski.com\/tr\/wp-json\/wp\/v2\/pages\/14787","targetHints":{"allow":["GET"]}}],"collection":[{"href":"https:\/\/staging.taski.com\/tr\/wp-json\/wp\/v2\/pages"}],"about":[{"href":"https:\/\/staging.taski.com\/tr\/wp-json\/wp\/v2\/types\/page"}],"author":[{"embeddable":true,"href":"https:\/\/staging.taski.com\/tr\/wp-json\/wp\/v2\/users\/1"}],"replies":[{"embeddable":true,"href":"https:\/\/staging.taski.com\/tr\/wp-json\/wp\/v2\/comments?post=14787"}],"version-history":[{"count":0,"href":"https:\/\/staging.taski.com\/tr\/wp-json\/wp\/v2\/pages\/14787\/revisions"}],"wp:attachment":[{"href":"https:\/\/staging.taski.com\/tr\/wp-json\/wp\/v2\/media?parent=14787"}],"curies":[{"name":"wp","href":"https:\/\/api.w.org\/{rel}","templated":true}]}}