{"id":14786,"date":"2020-11-30T14:05:31","date_gmt":"2020-11-30T14:05:31","guid":{"rendered":"https:\/\/taski.com\/taski-secici\/"},"modified":"2021-07-26T20:19:49","modified_gmt":"2021-07-26T20:19:49","slug":"taski-selector","status":"publish","type":"page","link":"https:\/\/staging.taski.com\/tr\/taski-selector\/","title":{"rendered":"TASKI Makine Se\u00e7me Mod\u00fcl\u00fc"},"content":{"rendered":"<div class=\"wpb-content-wrapper\"><p>[vc_row][vc_column]\n  <div class=\"page-intro-block size-fit-image style-dark font-medium\">\n         <div class=\"page-intro-block-i\">\n      <div class=\"row\">\n        <div class=\"page-intro-content\">\n            <div class=\"title-block\">\n                                     <h2>Temizlik ihtiya\u00e7lar\u0131n\u0131z<br \/>\ni\u00e7in en iyi \u00e7\u00f6z\u00fcm\u00fc se\u00e7in ve yap\u0131land\u0131r\u0131n<\/h2>\n                    <p>TASKI Makine Se\u00e7me Mod\u00fcl\u00fc, <strong>m\u00fckemmel makineyi<\/strong> bulman\u0131za yard\u0131mc\u0131 olmak i\u00e7in yararl\u0131 bir modelleme arac\u0131d\u0131r.<br \/>\n<strong>Kendi \u00dcST\u00dcN yap\u0131land\u0131rman\u0131z\u0131 olu\u015fturabilirsiniz.<\/strong><br \/>\nBu ara\u00e7, se\u00e7imlerinize dayanarak listedeki en iyi 3 makine i\u00e7in <strong>Toplam Sahip Olma Maliyetini<\/strong> bile hesaplar.<\/p>\n                             <\/div>\n            <div class=\"page-intro-image\">\n                                <div class=\"page-intro-image-alt\">\n                    \n                    <img decoding=\"async\" src=\"https:\/\/staging.taski.com\/wp-content\/uploads\/2020\/12\/fleet-management.jpg\" alt=\"\" \/>\n\n                <\/div>\n            <\/div>\n        <\/div>\n      <\/div>\n\n\n    <\/div>\n  <\/div>\n  <div class=\"cl-fl\"><\/div>\n[\/vc_column][\/vc_row][vc_row][vc_column]\n    <div class=\"taski-selector-block\">\n        <div class=\"row\">\n            \n            <div class=\"taski-selector-title\">\u00dcst\u00fcn TASKI temizlik makinenizi se\u00e7menize yard\u0131mc\u0131 olmak i\u00e7in 3 yol belirledik<\/div>\n            \n            <div class=\"taski-selector-nav\">\n                <div class=\"taski-selector-nav-item\">        \n                    <a href=\"\/taski-selector\/machine-finder\/\">\n                        <div class=\"sq\">\n                            <div class=\"image\"><img decoding=\"async\" src=\"https:\/\/staging.taski.com\/wp-content\/uploads\/2020\/12\/85288_IntelliTrail.png\" \/><\/div>\n                            <h3>Makine <strong> Bulucu <\/strong><\/h3>       \n                        <\/div>\n                        <p>Sekt\u00f6r\u00fcn\u00fcz i\u00e7in en iyi makineyi <be> bulman\u0131za yard\u0131mc\u0131 olmak i\u00e7in <\/be><be> basit s\u00fcrecimizi izleyin<\/be><\/p>\n                    <\/a>    \n                <\/div>\n                <div class=\"taski-selector-nav-item\">        \n                    <a href=\"\/taski-selector\/machine-builder\/\">\n                        <div class=\"sq\">\n                            <div class=\"image\"><img decoding=\"async\" src=\"https:\/\/staging.taski.com\/wp-content\/uploads\/2020\/12\/85288-Tools-and-accessories.png\" \/><\/div>\n                            <h3>Makine<strong> Olu\u015fturucu<\/strong><\/h3>       \n                        <\/div>\n                        <p>Optimum <br \/> makinenizi olu\u015fturun ve yap\u0131land\u0131r\u0131n<\/p>\n                    <\/a>    \n                <\/div>\n                <div class=\"taski-selector-nav-item\">        \n                    <a href=\"\/taski-selector\/cost-calculator\/\">\n                        <div class=\"sq\">\n                            <div class=\"image\"><img decoding=\"async\" src=\"https:\/\/staging.taski.com\/wp-content\/uploads\/2020\/12\/85288_Cost.png\" \/><\/div>\n                            <h3>Maliyet<strong> Hesaplay\u0131c\u0131<\/strong><\/h3>       \n                        <\/div>\n                        <p>\u0130htiya\u00e7lar\u0131n\u0131z i\u00e7in en d\u00fc\u015f\u00fck <br \/> temizleme maliyetine sahip makineyi kar\u015f\u0131la\u015ft\u0131r\u0131n ve se\u00e7in.<\/p>\n                    <\/a>    \n                <\/div>                                \n            <\/div>\n        \n        <\/div>         \n    <\/div>                \n   \n[\/vc_column][\/vc_row][vc_row][vc_column]\n  <div class=\"page-description-block style-dark\">\n    <div class=\"page-description-block-i\">\n      <div class=\"row\">\n        <div class=\"page-description-content\">\n          <\/div><\/div><\/div><\/div><\/p>\n<h2>TASKI Makine Se\u00e7me Mod\u00fcl\u00fc, <strong>m\u00fckemmel makine<\/strong><br \/>\n<strong>se\u00e7imini <\/strong>modellemek i\u00e7in<br \/>\nson derece geli\u015fmi\u015f bir ara\u00e7t\u0131r ve \u00fcstelik Toplam<br \/>\nSahip Olma Maliyetinizi hesaplar.<\/h2>\n<p>Hangi model ve se\u00e7enekleri istedi\u011finize karar verin, size<br \/>\n\u00dcST\u00dcN yap\u0131land\u0131rmay\u0131 sunal\u0131m.<\/p>\n        <\/div>\n      \n    \n  \n  <div class=\"cl-fl\"><\/div>\n[\/vc_column][\/vc_row]\n","protected":false},"excerpt":{"rendered":"<p>[vc_row][vc_column][\/vc_column][\/vc_row][vc_row][vc_column][\/vc_column][\/vc_row][vc_row][vc_column][\/vc_column][\/vc_row]<\/p>\n","protected":false},"author":1,"featured_media":0,"parent":0,"menu_order":710,"comment_status":"closed","ping_status":"closed","template":"page-selector.php","meta":{"_acf_changed":false,"_seopress_robots_primary_cat":"","_seopress_titles_title":"","_seopress_titles_desc":"","_seopress_robots_index":"","inline_featured_image":false,"footnotes":""},"class_list":["post-14786","page","type-page","status-publish","hentry"],"acf":[],"_links":{"self":[{"href":"https:\/\/staging.taski.com\/tr\/wp-json\/wp\/v2\/pages\/14786","targetHints":{"allow":["GET"]}}],"collection":[{"href":"https:\/\/staging.taski.com\/tr\/wp-json\/wp\/v2\/pages"}],"about":[{"href":"https:\/\/staging.taski.com\/tr\/wp-json\/wp\/v2\/types\/page"}],"author":[{"embeddable":true,"href":"https:\/\/staging.taski.com\/tr\/wp-json\/wp\/v2\/users\/1"}],"replies":[{"embeddable":true,"href":"https:\/\/staging.taski.com\/tr\/wp-json\/wp\/v2\/comments?post=14786"}],"version-history":[{"count":0,"href":"https:\/\/staging.taski.com\/tr\/wp-json\/wp\/v2\/pages\/14786\/revisions"}],"wp:attachment":[{"href":"https:\/\/staging.taski.com\/tr\/wp-json\/wp\/v2\/media?parent=14786"}],"curies":[{"name":"wp","href":"https:\/\/api.w.org\/{rel}","templated":true}]}}