{"id":14785,"date":"2020-11-30T13:53:33","date_gmt":"2020-11-30T13:53:33","guid":{"rendered":"https:\/\/taski.com\/urunler-yenilikler-ve-cozumler\/urunler\/"},"modified":"2021-07-26T14:34:51","modified_gmt":"2021-07-26T14:34:51","slug":"urunler","status":"publish","type":"page","link":"https:\/\/staging.taski.com\/tr\/urunler-yenilikler-ve-cozumler\/urunler\/","title":{"rendered":"\u00dcr\u00fcnler"},"content":{"rendered":"<div class=\"wpb-content-wrapper\"><p>[vc_row el_id=&#8221;main-banner&#8221;][vc_column]\n  <div class=\"main-banner-block full-width content-video-no\" style=\"background-image:url(https:\/\/staging.taski.com\/wp-content\/uploads\/2020\/12\/Aero_8_plus_0036g-scaled.jpg);\">\n         <div class=\"main-banner-block-i\">\n      <div class=\"row\">\n       <div class=\"mbb-fl\">\n        <div class=\"main-banner-block-content\">\n            <h2>TASKI Portf\u00f6y\u00fcne g\u00f6z at\u0131n veya \u00dcST\u00dcN zemin temizlik<br \/>\nmakinenizi bulmak i\u00e7in TASKI<br \/>\nMakine Se\u00e7me mod\u00fcl\u00fcn\u00fc deneyin<\/h2>\n            <div class=\"button-wrapper\">\n                        <\/div>\n        <\/div>\n               <\/div>\n      <\/div>\n\n\n    <\/div>\n  <\/div>\n  <div class=\"cl-fl\"><\/div>\n[\/vc_column][\/vc_row][vc_row css=&#8221;.vc_custom_1606749717145{padding-top: 90px !important;padding-bottom: 190px !important;}&#8221; el_id=&#8221;full-width-categories&#8221;][vc_column][vc_row_inner el_class=&#8221;full-width-categories&#8221;][vc_column_inner]\n  <div class=\"cleaning-machines-grid-block full-width\" style=\"\">\n    <div class=\"cleaning-machines-grid-block-i\">\n      <div class=\"row\">\n       <div class=\"clman-grid-row\">\n        <div class=\"clman-intro-block\">\n          <p>Sizin i\u00e7in m\u00fckemmel zemin temizlik makinesini bulman\u0131za yard\u0131m edebiliriz.<\/p>\n          <div class=\"clman-contact\"><a href=\"\">B\u0130Z\u0130MLE <br \/>Ileti\u015fim<br \/>GE\u00c7\u0130N<\/a><\/div>\n\n\n        <\/div>\n        <div class=\"clman-grid-block\">\n            <div class=\"clman-grid\">\n\n                              <div class=\"clman-grid-item\">\n               <a href=\"https:\/\/staging.taski.com\/products-innovations-solutions\/products\/sprayers\/\">\n                <div class=\"front\"><img decoding=\"async\" src=\"https:\/\/staging.taski.com\/wp-content\/uploads\/2021\/02\/Sprayer15-image4-recut-final.png\" \/><div class=\"desc\"><h6>Sprey Makineleri<\/h6><p>TASKI sprey makineleri, k\u00fc\u00e7\u00fck ve orta b\u00fcy\u00fckl\u00fckteki alanlar\u0131n temizli\u011fi ve spreylenmesi i\u00e7in uygun, s\u0131rtta ta\u015f\u0131nabilir lityum ak\u00fcl\u00fc BP 15 sprey makinesini i\u00e7erir.<\/p><\/div><\/div>\n                <div class=\"back\"><\/div>\n               <\/a>\n              <\/div>\n                              <div class=\"clman-grid-item\">\n               <a href=\"https:\/\/staging.taski.com\/products-innovations-solutions\/products\/sweepers\/\">\n                <div class=\"front\"><img decoding=\"async\" src=\"https:\/\/staging.taski.com\/wp-content\/uploads\/2021\/01\/Balimat_1600_015_scale-300x300.png\" \/><div class=\"desc\"><h6>S\u00fcp\u00fcr\u00fcc\u00fcler<\/h6><p>TASKI Balimat arkadan itmeli  ve binicili s\u00fcp\u00fcr\u00fcc\u00fcler serisi, gev\u015fek kir ve tozlar\u0131n \u00fcst\u00fcn bir bi\u00e7imde toplanmas\u0131 i\u00e7in benzersiz TRS'yi (\u00e7ift silindir f\u0131r\u00e7a sistemi) i\u00e7erir.<\/p><\/div><\/div>\n                <div class=\"back\"><\/div>\n               <\/a>\n              <\/div>\n                              <div class=\"clman-grid-item\">\n               <a href=\"https:\/\/staging.taski.com\/products-innovations-solutions\/products\/vacuum-cleaners\/\">\n                <div class=\"front\"><img decoding=\"async\" src=\"https:\/\/staging.taski.com\/wp-content\/uploads\/2020\/12\/vacuums.png\" \/><div class=\"desc\"><h6>Vakum Makineleri<\/h6><p>TASKI AERO, Jet ve Vacumat serisi vakum makineleri, ola\u011fan\u00fcst\u00fc performans ve uzun kullan\u0131m s\u00fcresi i\u00e7in en yeni dijital motor ve lityum pil teknolojilerini kullanan modelleri i\u00e7erir. Whisper patentli motorlar \u00f6nemli \u00f6l\u00e7\u00fcde daha d\u00fc\u015f\u00fck enerji maliyetleri ve inan\u0131lmaz d\u00fc\u015f\u00fck ses seviyeleri sunar.<\/p><\/div><\/div>\n                <div class=\"back\"><\/div>\n               <\/a>\n              <\/div>\n                              <div class=\"clman-grid-item\">\n               <a href=\"https:\/\/staging.taski.com\/products-innovations-solutions\/products\/steam-cleaners\/\">\n                <div class=\"front\"><img decoding=\"async\" src=\"https:\/\/staging.taski.com\/wp-content\/uploads\/2021\/02\/Dampfgeraet_016-1.png\" \/><div class=\"desc\"><h6>Buhar Makineleri<\/h6><p>TASKI Steam Buhar Makineleri, a\u011f\u0131r ve inat\u00e7\u0131 kirler i\u00e7in, sadece buhar, buhar &amp; vakum ve buhar &amp; vakum &amp; deterjan \u00f6zellikli makineleri serisidir. T\u00fcm makineler, s\u00fcrekli kazanlar\u0131ndan gelen y\u00fcksek bas\u0131n\u00e7l\u0131, y\u00fcksek s\u0131cakl\u0131kta kuru buhar kullan\u0131r.<\/p><\/div><\/div>\n                <div class=\"back\"><\/div>\n               <\/a>\n              <\/div>\n                              <div class=\"clman-grid-item\">\n               <a href=\"https:\/\/staging.taski.com\/products-innovations-solutions\/products\/robotics\/\">\n                <div class=\"front\"><img decoding=\"async\" src=\"https:\/\/staging.taski.com\/wp-content\/uploads\/2023\/02\/robotics-category-image-l-300x300.png\" \/><div class=\"desc\"><h6>Robotik<\/h6><p>Ecobot 50 pro ve Ecobot 40 ile otomatik zemin ve hal\u0131 temizli\u011finin potansiyelini ortaya \u00e7\u0131kar\u0131n.<\/p><\/div><\/div>\n                <div class=\"back\"><\/div>\n               <\/a>\n              <\/div>\n                              <div class=\"clman-grid-item\">\n               <a href=\"https:\/\/staging.taski.com\/products-innovations-solutions\/products\/single-discs\/\">\n                <div class=\"front\"><img decoding=\"async\" src=\"https:\/\/staging.taski.com\/wp-content\/uploads\/2020\/12\/single-discs.png\" \/><div class=\"desc\"><h6>Tek Diskli Makineler<\/h6><p>Efsanevi TASKI Ergodisc, kalite ve g\u00fcvenilirli\u011fin di\u011fer ad\u0131d\u0131r. E\u015fsiz tasar\u0131m\u0131, yap\u0131s\u0131 ve hassasiyet \u00f6zelli\u011fi, ne kadar zorlu olursa olsun her t\u00fcrl\u00fc zemin temizli\u011finin \u00fcstesinden gelece\u011fi anlam\u0131na gelir.<\/p><\/div><\/div>\n                <div class=\"back\"><\/div>\n               <\/a>\n              <\/div>\n                              <div class=\"clman-grid-item\">\n               <a href=\"https:\/\/staging.taski.com\/products-innovations-solutions\/products\/carpet-care\/\">\n                <div class=\"front\"><img decoding=\"async\" src=\"https:\/\/staging.taski.com\/wp-content\/uploads\/2020\/12\/carpet-care.png\" \/><div class=\"desc\"><h6>Hal\u0131 Bak\u0131m Makineleri<\/h6><p>TASKI Aquamat &amp; Procarpet makineleri, hal\u0131lar\u0131n\u0131z i\u00e7in ola\u011fan\u00fcst\u00fc derin temizlik performans\u0131 sa\u011flar. F\u0131r\u00e7alar\u0131ndan gelen derin temizlik \u00f6zelli\u011fi ile birle\u015fen ola\u011fan\u00fcst\u00fc kurutma, Procarpet modelleri s\u0131n\u0131f\u0131n\u0131n en iyi temizlik sonu\u00e7lar\u0131n\u0131 sunar.<\/p><\/div><\/div>\n                <div class=\"back\"><\/div>\n               <\/a>\n              <\/div>\n                              <div class=\"clman-grid-item\">\n               <a href=\"https:\/\/staging.taski.com\/products-innovations-solutions\/products\/scrubber-driers\/\">\n                <div class=\"front\"><img decoding=\"async\" src=\"https:\/\/staging.taski.com\/wp-content\/uploads\/2020\/12\/scrubbers-driers.png\" \/><div class=\"desc\"><h6>Kombine Yer Y\u0131kama Makineleri<\/h6><p>TASKI kombine yer y\u0131kama makineleri, temizlikte m\u00fckemmelli\u011finin ve ola\u011fan\u00fcst\u00fc verimlili\u011fin zirvesidir.\r\n\r\n\r\n\r\n\r\n\r\n\r\n\r\n\r\n\r\n\r\n<\/p><\/div><\/div>\n                <div class=\"back\"><\/div>\n               <\/a>\n              <\/div>\n                \n            <\/div>\n\n        <\/div>\n       <\/div>\n\n\n      <\/div>\n\n   <\/div>\n  <\/div>\n  <div class=\"cl-fl\"><\/div>\n[\/vc_column_inner][\/vc_row_inner][\/vc_column][\/vc_row][vc_row css=&#8221;.vc_custom_1606750435278{padding-top: 90px !important;}&#8221;][vc_column]\n  <div class=\"page-description-block style-dark\">\n    <div class=\"page-description-block-i\">\n      <div class=\"row\">\n        <div class=\"page-description-content\">\n          <\/div><\/div><\/div><\/div><\/p>\n<h2>TASKI, \u00fcst\u00fcn sonu\u00e7lar sunan <strong>s\u0131n\u0131f\u0131n\u0131n en iyisi<\/strong> temizlik makineleri sunar.<\/h2>\n<p>Yenilik\u00e7i teknoloji ve ergonomik tasar\u0131m, daha iyi temizlik sa\u011flamay\u0131 kolayla\u015ft\u0131r\u0131r.<\/p>\n<p>\u0130htiya\u00e7lar\u0131n\u0131z\u0131 kar\u015f\u0131layan ideal makine.<\/p>\n        <\/div>\n      \n    \n  \n  <div class=\"cl-fl\"><\/div>\n[\/vc_column][\/vc_row][vc_row css=&#8221;.vc_custom_1606750505039{padding-top: 40px !important;padding-bottom: 40px !important;}&#8221;][vc_column]\n  <div class=\"three-cta-block\">\n    <div class=\"three-cta-block-i\">\n      <div class=\"row\">\n        <div class=\"three-cta-block-grid\">\n           <div class=\"three-cta-item\">\n            <div class=\"tci-i\">\n             <div class=\"tci-item-content\">\n                <h5>TASKI<br \/>\nMakine Se\u00e7me Mod\u00fcl\u00fcn\u00fc<br \/>\n<strong>kullan\u0131n<\/strong><\/h5>\n                <a href=\"\/products-innovations-solutions\/\"><p>\u00dcR\u00dcNLER, <br \/> \u00c7\u00d6Z\u00dcMLER & <br \/> YEN\u0130L\u0130KLER<\/p><\/a>\n             <\/div>\n            <\/div>\n           <\/div>\n           <div class=\"three-cta-item\">\n            <div class=\"tci-i\">\n             <div class=\"tci-item-content\">\n                <h5><strong>En son<\/strong><br \/>\nTASKI<br \/>\nyeniliklerini g\u00f6r\u00fcn<\/h5>\n                <a href=\"\/shop\/\"><p>TASKI<br \/>MA\u011eAZAM<\/p><\/a>\n             <\/div>\n            <\/div>\n           <\/div>\n           <div class=\"three-cta-item\">\n            <div class=\"tci-i\">\n             <div class=\"tci-item-content\">\n                <h5>Bizimle<br \/>\n<strong>ileti\u015fime<br \/>\nge\u00e7in<\/strong><\/h5>\n                <a href=\"\/news-help-contacts\/\"><p>Ileti\u015fim<\/p><\/a>\n             <\/div>\n            <\/div>\n           <\/div>\n        <\/div>\n      <\/div>\n    <\/div>\n  <\/div>\n  <div class=\"cl-fl\"><\/div>\n[\/vc_column][\/vc_row]\n","protected":false},"excerpt":{"rendered":"<p>[vc_row el_id=&#8221;main-banner&#8221;][vc_column][\/vc_column][\/vc_row][vc_row css=&#8221;.vc_custom_1606749717145{padding-top: 90px !important;padding-bottom: 190px !important;}&#8221; el_id=&#8221;full-width-categories&#8221;][vc_column][vc_row_inner el_class=&#8221;full-width-categories&#8221;][vc_column_inner][\/vc_column_inner][\/vc_row_inner][\/vc_column][\/vc_row][vc_row css=&#8221;.vc_custom_1606750435278{padding-top: 90px !important;}&#8221;][vc_column][\/vc_column][\/vc_row][vc_row css=&#8221;.vc_custom_1606750505039{padding-top: 40px !important;padding-bottom: 40px !important;}&#8221;][vc_column][\/vc_column][\/vc_row]<\/p>\n","protected":false},"author":1,"featured_media":0,"parent":14728,"menu_order":359,"comment_status":"closed","ping_status":"closed","template":"","meta":{"_acf_changed":false,"_seopress_robots_primary_cat":"","_seopress_titles_title":"","_seopress_titles_desc":"","_seopress_robots_index":"","inline_featured_image":false,"footnotes":""},"class_list":["post-14785","page","type-page","status-publish","hentry"],"acf":[],"_links":{"self":[{"href":"https:\/\/staging.taski.com\/tr\/wp-json\/wp\/v2\/pages\/14785","targetHints":{"allow":["GET"]}}],"collection":[{"href":"https:\/\/staging.taski.com\/tr\/wp-json\/wp\/v2\/pages"}],"about":[{"href":"https:\/\/staging.taski.com\/tr\/wp-json\/wp\/v2\/types\/page"}],"author":[{"embeddable":true,"href":"https:\/\/staging.taski.com\/tr\/wp-json\/wp\/v2\/users\/1"}],"replies":[{"embeddable":true,"href":"https:\/\/staging.taski.com\/tr\/wp-json\/wp\/v2\/comments?post=14785"}],"version-history":[{"count":0,"href":"https:\/\/staging.taski.com\/tr\/wp-json\/wp\/v2\/pages\/14785\/revisions"}],"up":[{"embeddable":true,"href":"https:\/\/staging.taski.com\/tr\/wp-json\/wp\/v2\/pages\/14728"}],"wp:attachment":[{"href":"https:\/\/staging.taski.com\/tr\/wp-json\/wp\/v2\/media?parent=14785"}],"curies":[{"name":"wp","href":"https:\/\/api.w.org\/{rel}","templated":true}]}}