{"id":14772,"date":"2020-11-30T09:08:08","date_gmt":"2020-11-30T09:08:08","guid":{"rendered":"https:\/\/taski.com\/neden-taski\/taski-hakkinda\/cesitli\/"},"modified":"2022-09-15T09:05:45","modified_gmt":"2022-09-15T09:05:45","slug":"diversey","status":"publish","type":"page","link":"https:\/\/staging.taski.com\/tr\/neden-taski\/taski-hakkinda\/diversey\/","title":{"rendered":"Diversey"},"content":{"rendered":"<div class=\"wpb-content-wrapper\"><p>[vc_row css=&#8221;.vc_custom_1607170931010{padding-top: 90px !important;padding-bottom: 90px !important;}&#8221;][vc_column][vc_row_inner][vc_column_inner][vc_raw_html]PGRpdiBjbGFzcz0icGFnZS10aXRsZS13aXRoLWltYWdlIj4KPGRpdiBjbGFzcz0icHR3aS1pIj4KPGRpdiBjbGFzcz0iaW1nIj48aW1nIHNyYz0iL3dwLWNvbnRlbnQvdXBsb2Fkcy8yMDIwLzEyL2RpdmVyc2V5LnBuZyI+PC9kaXY+CjxoMj5UQVNLSSwgRGl2ZXJzZXkgYWlsZXNpbmluIGJpciBwYXLDp2FzxLEgb2xtYWt0YW4gZ3VydXIgZHV5YXIuPC9oMj4KPC9kaXY+CjwvZGl2Pg==[\/vc_raw_html][\/vc_column_inner][\/vc_row_inner][\/vc_column][\/vc_row][vc_row][vc_column]\n  <div class=\"page-intro-block size-fit-image style-dark font-small\">\n         <div class=\"page-intro-block-i\">\n      <div class=\"row\">\n        <div class=\"page-intro-content\">\n            <div class=\"title-block\">\n                 <p>TASKI, d\u00f6rt Diversey i\u015f biriminden biridir. TASKI, Diversey ve uzman sekt\u00f6r organizasyonunun payla\u015ft\u0131\u011f\u0131 i\u00e7g\u00f6r\u00fclerden ve pazar istihbarat\u0131ndan her zaman yararland\u0131\u011f\u0131 i\u00e7in makine pazar\u0131nda benzersizdir.&lt;\/p&gt;<br \/>\n&lt;p&gt;Diversey'nin k\u00fcresel, b\u00f6lgesel ve yerel mega trendler ve kritik m\u00fc\u015fteri s\u0131k\u0131nt\u0131 noktalar\u0131 hakk\u0131ndaki derinlemesine bilgisi, TASKI'nin her zaman rekabette bir ad\u0131m \u00f6nde olmas\u0131na yard\u0131mc\u0131 olmu\u015ftur.<\/p>\n            <\/div>\n            <div class=\"page-intro-image\">\n                                <div class=\"page-intro-image-alt\">\n                    \n                    <img decoding=\"async\" src=\"https:\/\/staging.taski.com\/wp-content\/uploads\/2020\/11\/image-hover-1.jpg\" alt=\"\" \/>\n\n                <\/div>\n            <\/div>\n        <\/div>\n      <\/div>\n\n\n    <\/div>\n  <\/div>\n  <div class=\"cl-fl\"><\/div>\n[\/vc_column][\/vc_row][vc_row css=&#8221;.vc_custom_1612778658852{padding-top: 150px !important;padding-bottom: 150px !important;background-color: #fafafa !important;}&#8221;][vc_column][vc_raw_html]PGRpdiBjbGFzcz0iw7zDpy1jdGEtYmxvay3EsXpnYXJhIiBzdHlsZT0ianVzdGlmeS1jb250ZW50OiBjZW50ZXI7Ij4KICAgICAgICAgICA8ZGl2IGNsYXNzPSLDvMOnLWN0YS3DtsSfZXNpIj4KICAgICAgICAgICAgPGRpdiBjbGFzcz0idGNpLWkiPgogICAgICAgICAgICAgPGRpdiBjbGFzcz0idGNpLWl0ZW0tY29udGVudCI+CiAgICAgICAgICAgICAgICA8aDU+xLBsZXRpxZ9pbWUgZ2XDp21lazxicj5pc3RlbWVrPC9oNT4KICAgICAgICAgICAgICAgIDxhIGhyZWY9Imh0dHBzOi8vdGFza2kuY29tL2hhYmVybGVyLXlhcmRpbS12ZS1raXNpbGVyL2lsZXRpc2ltLz9sYW5nPXRyIj48cD5CxLBaRSBVTEHFnklOPC9wPjwvYT4KICAgICAgICAgICAgIDwvZGl2PgogICAgICAgICAgICA8L2Rpdj4KICAgICAgICAgICA8L2Rpdj4KICAgICAgICAgICA8ZGl2IGNsYXNzPSLDvMOnLWN0YS3DtsSfZXNpIj4KICAgICAgICAgICAgPGRpdiBjbGFzcz0idGNpLWkiPgogICAgICAgICAgICAgPGRpdiBjbGFzcz0idGNpLWl0ZW0tY29udGVudCI+CiAgICAgICAgICAgICAgICA8aDU+RGFoYSBmYXpsYXPEsW7EsSDDtsSfcmVubWVrIGlzdGVyIG1pc2luaXo8YnI+CkRpdmVyc2V5IGhha2vEsW5kYTwvaDU+CiAgICAgICAgICAgICAgICA8YSBocmVmPSJodHRwczovL2RpdmVyc2V5LmNvbS9lbiIgdGFyZ2V0PSJfYmxhbmsiIHN0eWxlPSIgZG9sZ3U6IDAgMTVweDsiPjxkaXYgY2xhc3M9InRibCI+PGRpdiBjbGFzcz0iY2VsbCI+PGltZyBzcmM9ICIvd3AtY29udGVudC91cGxvYWRzLzIwMjAvMTIvZGl2ZXJzZXkucG5nIj48L2Rpdj48L2Rpdj48L2E+CiAgICAgICAgICAgICA8L2Rpdj4KICAgICAgICAgICAgPC9kaXY+CiAgICAgICAgICAgPC9kaXY+CiAgICAgICAgPC9kaXY+[\/vc_raw_html][\/vc_column][\/vc_row]<\/p>\n<\/div>","protected":false},"excerpt":{"rendered":"<p>[vc_row css=&#8221;.vc_custom_1607170931010{padding-top: 90px !important;padding-bottom: 90px !important;}&#8221;][vc_column][vc_row_inner][vc_column_inner][vc_raw_html]PGRpdiBjbGFzcz0icGFnZS10aXRsZS13aXRoLWltYWdlIj4KPGRpdiBjbGFzcz0icHR3aS1pIj4KPGRpdiBjbGFzcz0iaW1nIj48aW1nIHNyYz0iL3dwLWNvbnRlbnQvdXBsb2Fkcy8yMDIwLzEyL2RpdmVyc2V5LnBuZyI+PC9kaXY+CjxoMj5UQVNLSSwgRGl2ZXJzZXkgYWlsZXNpbmluIGJpciBwYXLDp2FzxLEgb2xtYWt0YW4gZ3VydXIgZHV5YXIuPC9oMj4KPC9kaXY+CjwvZGl2Pg==[\/vc_raw_html][\/vc_column_inner][\/vc_row_inner][\/vc_column][\/vc_row][vc_row][vc_column][\/vc_column][\/vc_row][vc_row css=&#8221;.vc_custom_1612778658852{padding-top: 150px !important;padding-bottom: 150px !important;background-color: #fafafa !important;}&#8221;][vc_column][vc_raw_html]PGRpdiBjbGFzcz0iw7zDpy1jdGEtYmxvay3EsXpnYXJhIiBzdHlsZT0ianVzdGlmeS1jb250ZW50OiBjZW50ZXI7Ij4KICAgICAgICAgICA8ZGl2IGNsYXNzPSLDvMOnLWN0YS3DtsSfZXNpIj4KICAgICAgICAgICAgPGRpdiBjbGFzcz0idGNpLWkiPgogICAgICAgICAgICAgPGRpdiBjbGFzcz0idGNpLWl0ZW0tY29udGVudCI+CiAgICAgICAgICAgICAgICA8aDU+xLBsZXRpxZ9pbWUgZ2XDp21lazxicj5pc3RlbWVrPC9oNT4KICAgICAgICAgICAgICAgIDxhIGhyZWY9Imh0dHBzOi8vdGFza2kuY29tL2hhYmVybGVyLXlhcmRpbS12ZS1raXNpbGVyL2lsZXRpc2ltLz9sYW5nPXRyIj48cD5CxLBaRSBVTEHFnklOPC9wPjwvYT4KICAgICAgICAgICAgIDwvZGl2PgogICAgICAgICAgICA8L2Rpdj4KICAgICAgICAgICA8L2Rpdj4KICAgICAgICAgICA8ZGl2IGNsYXNzPSLDvMOnLWN0YS3DtsSfZXNpIj4KICAgICAgICAgICAgPGRpdiBjbGFzcz0idGNpLWkiPgogICAgICAgICAgICAgPGRpdiBjbGFzcz0idGNpLWl0ZW0tY29udGVudCI+CiAgICAgICAgICAgICAgICA8aDU+RGFoYSBmYXpsYXPEsW7EsSDDtsSfcmVubWVrIGlzdGVyIG1pc2luaXo8YnI+CkRpdmVyc2V5IGhha2vEsW5kYTwvaDU+CiAgICAgICAgICAgICAgICA8YSBocmVmPSJodHRwczovL2RpdmVyc2V5LmNvbS9lbiIgdGFyZ2V0PSJfYmxhbmsiIHN0eWxlPSIgZG9sZ3U6IDAgMTVweDsiPjxkaXYgY2xhc3M9InRibCI+PGRpdiBjbGFzcz0iY2VsbCI+PGltZyBzcmM9ICIvd3AtY29udGVudC91cGxvYWRzLzIwMjAvMTIvZGl2ZXJzZXkucG5nIj48L2Rpdj48L2Rpdj48L2E+CiAgICAgICAgICAgICA8L2Rpdj4KICAgICAgICAgICAgPC9kaXY+CiAgICAgICAgICAgPC9kaXY+CiAgICAgICAgPC9kaXY+[\/vc_raw_html][\/vc_column][\/vc_row]<\/p>\n","protected":false},"author":1,"featured_media":0,"parent":14755,"menu_order":390,"comment_status":"closed","ping_status":"closed","template":"","meta":{"_acf_changed":false,"_seopress_robots_primary_cat":"","_seopress_titles_title":"","_seopress_titles_desc":"","_seopress_robots_index":"","inline_featured_image":false,"footnotes":""},"class_list":["post-14772","page","type-page","status-publish","hentry"],"acf":[],"_links":{"self":[{"href":"https:\/\/staging.taski.com\/tr\/wp-json\/wp\/v2\/pages\/14772","targetHints":{"allow":["GET"]}}],"collection":[{"href":"https:\/\/staging.taski.com\/tr\/wp-json\/wp\/v2\/pages"}],"about":[{"href":"https:\/\/staging.taski.com\/tr\/wp-json\/wp\/v2\/types\/page"}],"author":[{"embeddable":true,"href":"https:\/\/staging.taski.com\/tr\/wp-json\/wp\/v2\/users\/1"}],"replies":[{"embeddable":true,"href":"https:\/\/staging.taski.com\/tr\/wp-json\/wp\/v2\/comments?post=14772"}],"version-history":[{"count":0,"href":"https:\/\/staging.taski.com\/tr\/wp-json\/wp\/v2\/pages\/14772\/revisions"}],"up":[{"embeddable":true,"href":"https:\/\/staging.taski.com\/tr\/wp-json\/wp\/v2\/pages\/14755"}],"wp:attachment":[{"href":"https:\/\/staging.taski.com\/tr\/wp-json\/wp\/v2\/media?parent=14772"}],"curies":[{"name":"wp","href":"https:\/\/api.w.org\/{rel}","templated":true}]}}